{"id":38731,"date":"2024-06-26T12:11:48","date_gmt":"2024-06-26T10:11:48","guid":{"rendered":"https:\/\/librairie7l.com\/?post_type=product&#038;p=38731"},"modified":"2026-04-17T12:52:57","modified_gmt":"2026-04-17T10:52:57","slug":"fashion-et-cinema","status":"publish","type":"product","link":"https:\/\/librairie7l.com\/en\/produit\/fashion-et-cinema\/","title":{"rendered":"FASHION ET CIN\u00c9MA"},"content":{"rendered":"<p>Voyage illustr\u00e9 au coeur de l&#8217;histoire du cin\u00e9ma conjugu\u00e9e \u00e0 celle de la mode au XXe si\u00e8cle. A travers de nombreuses photographies de films, de tournage, et des illustrations des cr\u00e9ations de grands couturiers, les stars, d&#8217;Audrey Hepburn \u00e0 Monica Belluci en passant par Brigitte Bardot, muses et ambassadrices de mode, les liens entre ces deux univers sont mis en lumi\u00e8re.<\/p>\n","protected":false},"excerpt":{"rendered":"<p>Voyage illustr\u00e9 au coeur de l&#8217;histoire du cin\u00e9ma conjugu\u00e9e \u00e0 celle de la mode au XXe si\u00e8cle. A travers de nombreuses photographies de films, de tournage, et des illustrations des cr\u00e9ations de grands couturiers, les stars, d&#8217;Audrey Hepburn \u00e0 Monica Belluci en passant par Brigitte Bardot, muses et ambassadrices de mode, les liens entre ces [&hellip;]<\/p>\n","protected":false},"featured_media":38729,"template":"","meta":[],"product_cat":[2948,2957],"product_tag":[],"acf":[],"yoast_head":"<!-- This site is optimized with the Yoast SEO plugin v20.11 - https:\/\/yoast.com\/wordpress\/plugins\/seo\/ -->\n<title>Fashion et cin\u00e9ma - Librairie 7L<\/title>\n<meta name=\"robots\" content=\"index, follow, max-snippet:-1, max-image-preview:large, max-video-preview:-1\" \/>\n<link rel=\"canonical\" href=\"https:\/\/librairie7l.com\/en\/produit\/fashion-et-cinema\/\" \/>\n<meta property=\"og:locale\" content=\"en_US\" \/>\n<meta property=\"og:type\" content=\"article\" \/>\n<meta property=\"og:title\" content=\"Fashion et cin\u00e9ma - Librairie 7L\" \/>\n<meta property=\"og:description\" content=\"Voyage illustr\u00e9 au coeur de l&#8217;histoire du cin\u00e9ma conjugu\u00e9e \u00e0 celle de la mode au XXe si\u00e8cle. A travers de nombreuses photographies de films, de tournage, et des illustrations des cr\u00e9ations de grands couturiers, les stars, d&#8217;Audrey Hepburn \u00e0 Monica Belluci en passant par Brigitte Bardot, muses et ambassadrices de mode, les liens entre ces [&hellip;]\" \/>\n<meta property=\"og:url\" content=\"https:\/\/librairie7l.com\/en\/produit\/fashion-et-cinema\/\" \/>\n<meta property=\"og:site_name\" content=\"Librairie 7L\" \/>\n<meta property=\"article:modified_time\" content=\"2026-04-17T10:52:57+00:00\" \/>\n<meta property=\"og:image\" content=\"https:\/\/librairie7l.com\/wp-content\/uploads\/2014\/05\/9782866429553_1_75.jpg\" \/>\n\t<meta property=\"og:image:width\" content=\"600\" \/>\n\t<meta property=\"og:image:height\" content=\"758\" \/>\n\t<meta property=\"og:image:type\" content=\"image\/jpeg\" \/>\n<meta name=\"twitter:card\" content=\"summary_large_image\" \/>\n<script type=\"application\/ld+json\" class=\"yoast-schema-graph\">{\"@context\":\"https:\/\/schema.org\",\"@graph\":[{\"@type\":\"WebPage\",\"@id\":\"https:\/\/librairie7l.com\/en\/produit\/fashion-et-cinema\/\",\"url\":\"https:\/\/librairie7l.com\/en\/produit\/fashion-et-cinema\/\",\"name\":\"Fashion et cin\u00e9ma - Librairie 7L\",\"isPartOf\":{\"@id\":\"https:\/\/librairie7l.com\/en\/#website\"},\"datePublished\":\"2024-06-26T10:11:48+00:00\",\"dateModified\":\"2026-04-17T10:52:57+00:00\",\"breadcrumb\":{\"@id\":\"https:\/\/librairie7l.com\/en\/produit\/fashion-et-cinema\/#breadcrumb\"},\"inLanguage\":\"en-US\",\"potentialAction\":[{\"@type\":\"ReadAction\",\"target\":[\"https:\/\/librairie7l.com\/en\/produit\/fashion-et-cinema\/\"]}]},{\"@type\":\"BreadcrumbList\",\"@id\":\"https:\/\/librairie7l.com\/en\/produit\/fashion-et-cinema\/#breadcrumb\",\"itemListElement\":[{\"@type\":\"ListItem\",\"position\":1,\"name\":\"Accueil\",\"item\":\"https:\/\/librairie7l.com\/en\/\"},{\"@type\":\"ListItem\",\"position\":2,\"name\":\"Shop\",\"item\":\"https:\/\/librairie7l.com\/en\/shop\/\"},{\"@type\":\"ListItem\",\"position\":3,\"name\":\"FASHION ET CIN\u00c9MA\"}]},{\"@type\":\"WebSite\",\"@id\":\"https:\/\/librairie7l.com\/en\/#website\",\"url\":\"https:\/\/librairie7l.com\/en\/\",\"name\":\"Librairie 7L\",\"description\":\"Librairie fond\u00e9e en 1999 par Karl Lagerfeld \u00e0 Paris\",\"publisher\":{\"@id\":\"https:\/\/librairie7l.com\/en\/#organization\"},\"potentialAction\":[{\"@type\":\"SearchAction\",\"target\":{\"@type\":\"EntryPoint\",\"urlTemplate\":\"https:\/\/librairie7l.com\/en\/?s={search_term_string}\"},\"query-input\":\"required name=search_term_string\"}],\"inLanguage\":\"en-US\"},{\"@type\":\"Organization\",\"@id\":\"https:\/\/librairie7l.com\/en\/#organization\",\"name\":\"Librairie 7L\",\"url\":\"https:\/\/librairie7l.com\/en\/\",\"logo\":{\"@type\":\"ImageObject\",\"inLanguage\":\"en-US\",\"@id\":\"https:\/\/librairie7l.com\/en\/#\/schema\/logo\/image\/\",\"url\":\"https:\/\/librairie7l.com\/wp-content\/uploads\/2022\/08\/logo-1.png\",\"contentUrl\":\"https:\/\/librairie7l.com\/wp-content\/uploads\/2022\/08\/logo-1.png\",\"width\":227,\"height\":301,\"caption\":\"Librairie 7L\"},\"image\":{\"@id\":\"https:\/\/librairie7l.com\/en\/#\/schema\/logo\/image\/\"}}]}<\/script>\n<!-- \/ Yoast SEO plugin. -->","yoast_head_json":{"title":"Fashion et cin\u00e9ma - Librairie 7L","robots":{"index":"index","follow":"follow","max-snippet":"max-snippet:-1","max-image-preview":"max-image-preview:large","max-video-preview":"max-video-preview:-1"},"canonical":"https:\/\/librairie7l.com\/en\/produit\/fashion-et-cinema\/","og_locale":"en_US","og_type":"article","og_title":"Fashion et cin\u00e9ma - Librairie 7L","og_description":"Voyage illustr\u00e9 au coeur de l&#8217;histoire du cin\u00e9ma conjugu\u00e9e \u00e0 celle de la mode au XXe si\u00e8cle. A travers de nombreuses photographies de films, de tournage, et des illustrations des cr\u00e9ations de grands couturiers, les stars, d&#8217;Audrey Hepburn \u00e0 Monica Belluci en passant par Brigitte Bardot, muses et ambassadrices de mode, les liens entre ces [&hellip;]","og_url":"https:\/\/librairie7l.com\/en\/produit\/fashion-et-cinema\/","og_site_name":"Librairie 7L","article_modified_time":"2026-04-17T10:52:57+00:00","og_image":[{"width":600,"height":758,"url":"https:\/\/librairie7l.com\/wp-content\/uploads\/2014\/05\/9782866429553_1_75.jpg","type":"image\/jpeg"}],"twitter_card":"summary_large_image","schema":{"@context":"https:\/\/schema.org","@graph":[{"@type":"WebPage","@id":"https:\/\/librairie7l.com\/en\/produit\/fashion-et-cinema\/","url":"https:\/\/librairie7l.com\/en\/produit\/fashion-et-cinema\/","name":"Fashion et cin\u00e9ma - Librairie 7L","isPartOf":{"@id":"https:\/\/librairie7l.com\/en\/#website"},"datePublished":"2024-06-26T10:11:48+00:00","dateModified":"2026-04-17T10:52:57+00:00","breadcrumb":{"@id":"https:\/\/librairie7l.com\/en\/produit\/fashion-et-cinema\/#breadcrumb"},"inLanguage":"en-US","potentialAction":[{"@type":"ReadAction","target":["https:\/\/librairie7l.com\/en\/produit\/fashion-et-cinema\/"]}]},{"@type":"BreadcrumbList","@id":"https:\/\/librairie7l.com\/en\/produit\/fashion-et-cinema\/#breadcrumb","itemListElement":[{"@type":"ListItem","position":1,"name":"Accueil","item":"https:\/\/librairie7l.com\/en\/"},{"@type":"ListItem","position":2,"name":"Shop","item":"https:\/\/librairie7l.com\/en\/shop\/"},{"@type":"ListItem","position":3,"name":"FASHION ET CIN\u00c9MA"}]},{"@type":"WebSite","@id":"https:\/\/librairie7l.com\/en\/#website","url":"https:\/\/librairie7l.com\/en\/","name":"Librairie 7L","description":"Librairie fond\u00e9e en 1999 par Karl Lagerfeld \u00e0 Paris","publisher":{"@id":"https:\/\/librairie7l.com\/en\/#organization"},"potentialAction":[{"@type":"SearchAction","target":{"@type":"EntryPoint","urlTemplate":"https:\/\/librairie7l.com\/en\/?s={search_term_string}"},"query-input":"required name=search_term_string"}],"inLanguage":"en-US"},{"@type":"Organization","@id":"https:\/\/librairie7l.com\/en\/#organization","name":"Librairie 7L","url":"https:\/\/librairie7l.com\/en\/","logo":{"@type":"ImageObject","inLanguage":"en-US","@id":"https:\/\/librairie7l.com\/en\/#\/schema\/logo\/image\/","url":"https:\/\/librairie7l.com\/wp-content\/uploads\/2022\/08\/logo-1.png","contentUrl":"https:\/\/librairie7l.com\/wp-content\/uploads\/2022\/08\/logo-1.png","width":227,"height":301,"caption":"Librairie 7L"},"image":{"@id":"https:\/\/librairie7l.com\/en\/#\/schema\/logo\/image\/"}}]}},"_links":{"self":[{"href":"https:\/\/librairie7l.com\/en\/wp-json\/wp\/v2\/product\/38731"}],"collection":[{"href":"https:\/\/librairie7l.com\/en\/wp-json\/wp\/v2\/product"}],"about":[{"href":"https:\/\/librairie7l.com\/en\/wp-json\/wp\/v2\/types\/product"}],"wp:featuredmedia":[{"embeddable":true,"href":"https:\/\/librairie7l.com\/en\/wp-json\/wp\/v2\/media\/38729"}],"wp:attachment":[{"href":"https:\/\/librairie7l.com\/en\/wp-json\/wp\/v2\/media?parent=38731"}],"wp:term":[{"taxonomy":"product_cat","embeddable":true,"href":"https:\/\/librairie7l.com\/en\/wp-json\/wp\/v2\/product_cat?post=38731"},{"taxonomy":"product_tag","embeddable":true,"href":"https:\/\/librairie7l.com\/en\/wp-json\/wp\/v2\/product_tag?post=38731"}],"curies":[{"name":"wp","href":"https:\/\/api.w.org\/{rel}","templated":true}]}}