{"id":38739,"date":"2024-06-26T10:36:03","date_gmt":"2024-06-26T08:36:03","guid":{"rendered":"https:\/\/librairie7l.com\/?post_type=product&#038;p=38739"},"modified":"2026-04-08T19:53:52","modified_gmt":"2026-04-08T17:53:52","slug":"cy-twombly-making-past-present","status":"publish","type":"product","link":"https:\/\/librairie7l.com\/en\/produit\/cy-twombly-making-past-present\/","title":{"rendered":"CY TWOMBLY: MAKING PAST PRESENT"},"content":{"rendered":"<p>Cette publication richement illustr\u00e9e reproduit une s\u00e9lection de plus de 50 des peintures, dessins et sculptures peu connus de l&#8217;artiste aux c\u00f4t\u00e9s d&#8217;oeuvres de l&#8217;Antiquit\u00e9 classique, dont un certain nombre provenant de sa collection personnelle. Des essais \u00e9clairants r\u00e9dig\u00e9s par des universitaires et \u00e9crivains, dont Anne Carson, Jennifer R. Gross, Brooke Holmes et Mary Jacobus, explorent l&#8217;engagement souvent \u00e9nigmatique de l&#8217;art de Twombly avec le monde du pass\u00e9.<\/p>\n","protected":false},"excerpt":{"rendered":"<p>Cette publication richement illustr\u00e9e reproduit une s\u00e9lection de plus de 50 des peintures, dessins et sculptures peu connus de l&#8217;artiste aux c\u00f4t\u00e9s d&#8217;oeuvres de l&#8217;Antiquit\u00e9 classique, dont un certain nombre provenant de sa collection personnelle. Des essais \u00e9clairants r\u00e9dig\u00e9s par des universitaires et \u00e9crivains, dont Anne Carson, Jennifer R. Gross, Brooke Holmes et Mary Jacobus, [&hellip;]<\/p>\n","protected":false},"featured_media":38737,"template":"","meta":[],"product_cat":[2948,2953],"product_tag":[],"acf":[],"yoast_head":"<!-- This site is optimized with the Yoast SEO plugin v20.11 - https:\/\/yoast.com\/wordpress\/plugins\/seo\/ -->\n<title>Cy twombly: making past present - Librairie 7L<\/title>\n<meta name=\"robots\" content=\"index, follow, max-snippet:-1, max-image-preview:large, max-video-preview:-1\" \/>\n<link rel=\"canonical\" href=\"https:\/\/librairie7l.com\/en\/produit\/cy-twombly-making-past-present\/\" \/>\n<meta property=\"og:locale\" content=\"en_US\" \/>\n<meta property=\"og:type\" content=\"article\" \/>\n<meta property=\"og:title\" content=\"Cy twombly: making past present - Librairie 7L\" \/>\n<meta property=\"og:description\" content=\"Cette publication richement illustr\u00e9e reproduit une s\u00e9lection de plus de 50 des peintures, dessins et sculptures peu connus de l&#8217;artiste aux c\u00f4t\u00e9s d&#8217;oeuvres de l&#8217;Antiquit\u00e9 classique, dont un certain nombre provenant de sa collection personnelle. Des essais \u00e9clairants r\u00e9dig\u00e9s par des universitaires et \u00e9crivains, dont Anne Carson, Jennifer R. Gross, Brooke Holmes et Mary Jacobus, [&hellip;]\" \/>\n<meta property=\"og:url\" content=\"https:\/\/librairie7l.com\/en\/produit\/cy-twombly-making-past-present\/\" \/>\n<meta property=\"og:site_name\" content=\"Librairie 7L\" \/>\n<meta property=\"article:modified_time\" content=\"2026-04-08T17:53:52+00:00\" \/>\n<meta property=\"og:image\" content=\"https:\/\/librairie7l.com\/wp-content\/uploads\/2020\/06\/9780878468744_1_75.jpg\" \/>\n\t<meta property=\"og:image:width\" content=\"191\" \/>\n\t<meta property=\"og:image:height\" content=\"220\" \/>\n\t<meta property=\"og:image:type\" content=\"image\/jpeg\" \/>\n<meta name=\"twitter:card\" content=\"summary_large_image\" \/>\n<script type=\"application\/ld+json\" class=\"yoast-schema-graph\">{\"@context\":\"https:\/\/schema.org\",\"@graph\":[{\"@type\":\"WebPage\",\"@id\":\"https:\/\/librairie7l.com\/en\/produit\/cy-twombly-making-past-present\/\",\"url\":\"https:\/\/librairie7l.com\/en\/produit\/cy-twombly-making-past-present\/\",\"name\":\"Cy twombly: making past present - Librairie 7L\",\"isPartOf\":{\"@id\":\"https:\/\/librairie7l.com\/en\/#website\"},\"datePublished\":\"2024-06-26T08:36:03+00:00\",\"dateModified\":\"2026-04-08T17:53:52+00:00\",\"breadcrumb\":{\"@id\":\"https:\/\/librairie7l.com\/en\/produit\/cy-twombly-making-past-present\/#breadcrumb\"},\"inLanguage\":\"en-US\",\"potentialAction\":[{\"@type\":\"ReadAction\",\"target\":[\"https:\/\/librairie7l.com\/en\/produit\/cy-twombly-making-past-present\/\"]}]},{\"@type\":\"BreadcrumbList\",\"@id\":\"https:\/\/librairie7l.com\/en\/produit\/cy-twombly-making-past-present\/#breadcrumb\",\"itemListElement\":[{\"@type\":\"ListItem\",\"position\":1,\"name\":\"Accueil\",\"item\":\"https:\/\/librairie7l.com\/en\/\"},{\"@type\":\"ListItem\",\"position\":2,\"name\":\"Shop\",\"item\":\"https:\/\/librairie7l.com\/en\/shop\/\"},{\"@type\":\"ListItem\",\"position\":3,\"name\":\"CY TWOMBLY: MAKING PAST PRESENT\"}]},{\"@type\":\"WebSite\",\"@id\":\"https:\/\/librairie7l.com\/en\/#website\",\"url\":\"https:\/\/librairie7l.com\/en\/\",\"name\":\"Librairie 7L\",\"description\":\"Librairie fond\u00e9e en 1999 par Karl Lagerfeld \u00e0 Paris\",\"publisher\":{\"@id\":\"https:\/\/librairie7l.com\/en\/#organization\"},\"potentialAction\":[{\"@type\":\"SearchAction\",\"target\":{\"@type\":\"EntryPoint\",\"urlTemplate\":\"https:\/\/librairie7l.com\/en\/?s={search_term_string}\"},\"query-input\":\"required name=search_term_string\"}],\"inLanguage\":\"en-US\"},{\"@type\":\"Organization\",\"@id\":\"https:\/\/librairie7l.com\/en\/#organization\",\"name\":\"Librairie 7L\",\"url\":\"https:\/\/librairie7l.com\/en\/\",\"logo\":{\"@type\":\"ImageObject\",\"inLanguage\":\"en-US\",\"@id\":\"https:\/\/librairie7l.com\/en\/#\/schema\/logo\/image\/\",\"url\":\"https:\/\/librairie7l.com\/wp-content\/uploads\/2022\/08\/logo-1.png\",\"contentUrl\":\"https:\/\/librairie7l.com\/wp-content\/uploads\/2022\/08\/logo-1.png\",\"width\":227,\"height\":301,\"caption\":\"Librairie 7L\"},\"image\":{\"@id\":\"https:\/\/librairie7l.com\/en\/#\/schema\/logo\/image\/\"}}]}<\/script>\n<!-- \/ Yoast SEO plugin. -->","yoast_head_json":{"title":"Cy twombly: making past present - Librairie 7L","robots":{"index":"index","follow":"follow","max-snippet":"max-snippet:-1","max-image-preview":"max-image-preview:large","max-video-preview":"max-video-preview:-1"},"canonical":"https:\/\/librairie7l.com\/en\/produit\/cy-twombly-making-past-present\/","og_locale":"en_US","og_type":"article","og_title":"Cy twombly: making past present - Librairie 7L","og_description":"Cette publication richement illustr\u00e9e reproduit une s\u00e9lection de plus de 50 des peintures, dessins et sculptures peu connus de l&#8217;artiste aux c\u00f4t\u00e9s d&#8217;oeuvres de l&#8217;Antiquit\u00e9 classique, dont un certain nombre provenant de sa collection personnelle. Des essais \u00e9clairants r\u00e9dig\u00e9s par des universitaires et \u00e9crivains, dont Anne Carson, Jennifer R. Gross, Brooke Holmes et Mary Jacobus, [&hellip;]","og_url":"https:\/\/librairie7l.com\/en\/produit\/cy-twombly-making-past-present\/","og_site_name":"Librairie 7L","article_modified_time":"2026-04-08T17:53:52+00:00","og_image":[{"width":191,"height":220,"url":"https:\/\/librairie7l.com\/wp-content\/uploads\/2020\/06\/9780878468744_1_75.jpg","type":"image\/jpeg"}],"twitter_card":"summary_large_image","schema":{"@context":"https:\/\/schema.org","@graph":[{"@type":"WebPage","@id":"https:\/\/librairie7l.com\/en\/produit\/cy-twombly-making-past-present\/","url":"https:\/\/librairie7l.com\/en\/produit\/cy-twombly-making-past-present\/","name":"Cy twombly: making past present - Librairie 7L","isPartOf":{"@id":"https:\/\/librairie7l.com\/en\/#website"},"datePublished":"2024-06-26T08:36:03+00:00","dateModified":"2026-04-08T17:53:52+00:00","breadcrumb":{"@id":"https:\/\/librairie7l.com\/en\/produit\/cy-twombly-making-past-present\/#breadcrumb"},"inLanguage":"en-US","potentialAction":[{"@type":"ReadAction","target":["https:\/\/librairie7l.com\/en\/produit\/cy-twombly-making-past-present\/"]}]},{"@type":"BreadcrumbList","@id":"https:\/\/librairie7l.com\/en\/produit\/cy-twombly-making-past-present\/#breadcrumb","itemListElement":[{"@type":"ListItem","position":1,"name":"Accueil","item":"https:\/\/librairie7l.com\/en\/"},{"@type":"ListItem","position":2,"name":"Shop","item":"https:\/\/librairie7l.com\/en\/shop\/"},{"@type":"ListItem","position":3,"name":"CY TWOMBLY: MAKING PAST PRESENT"}]},{"@type":"WebSite","@id":"https:\/\/librairie7l.com\/en\/#website","url":"https:\/\/librairie7l.com\/en\/","name":"Librairie 7L","description":"Librairie fond\u00e9e en 1999 par Karl Lagerfeld \u00e0 Paris","publisher":{"@id":"https:\/\/librairie7l.com\/en\/#organization"},"potentialAction":[{"@type":"SearchAction","target":{"@type":"EntryPoint","urlTemplate":"https:\/\/librairie7l.com\/en\/?s={search_term_string}"},"query-input":"required name=search_term_string"}],"inLanguage":"en-US"},{"@type":"Organization","@id":"https:\/\/librairie7l.com\/en\/#organization","name":"Librairie 7L","url":"https:\/\/librairie7l.com\/en\/","logo":{"@type":"ImageObject","inLanguage":"en-US","@id":"https:\/\/librairie7l.com\/en\/#\/schema\/logo\/image\/","url":"https:\/\/librairie7l.com\/wp-content\/uploads\/2022\/08\/logo-1.png","contentUrl":"https:\/\/librairie7l.com\/wp-content\/uploads\/2022\/08\/logo-1.png","width":227,"height":301,"caption":"Librairie 7L"},"image":{"@id":"https:\/\/librairie7l.com\/en\/#\/schema\/logo\/image\/"}}]}},"_links":{"self":[{"href":"https:\/\/librairie7l.com\/en\/wp-json\/wp\/v2\/product\/38739"}],"collection":[{"href":"https:\/\/librairie7l.com\/en\/wp-json\/wp\/v2\/product"}],"about":[{"href":"https:\/\/librairie7l.com\/en\/wp-json\/wp\/v2\/types\/product"}],"wp:featuredmedia":[{"embeddable":true,"href":"https:\/\/librairie7l.com\/en\/wp-json\/wp\/v2\/media\/38737"}],"wp:attachment":[{"href":"https:\/\/librairie7l.com\/en\/wp-json\/wp\/v2\/media?parent=38739"}],"wp:term":[{"taxonomy":"product_cat","embeddable":true,"href":"https:\/\/librairie7l.com\/en\/wp-json\/wp\/v2\/product_cat?post=38739"},{"taxonomy":"product_tag","embeddable":true,"href":"https:\/\/librairie7l.com\/en\/wp-json\/wp\/v2\/product_tag?post=38739"}],"curies":[{"name":"wp","href":"https:\/\/api.w.org\/{rel}","templated":true}]}}