{"id":38761,"date":"2024-05-23T20:06:08","date_gmt":"2024-05-23T18:06:08","guid":{"rendered":"https:\/\/librairie7l.com\/?post_type=product&#038;p=38761"},"modified":"2026-04-17T22:28:28","modified_gmt":"2026-04-17T20:28:28","slug":"cina-1974","status":"publish","type":"product","link":"https:\/\/librairie7l.com\/en\/produit\/cina-1974\/","title":{"rendered":"CINA 1974"},"content":{"rendered":"<p>\u00c0 l&#8217;automne 1974, Gae Aulenti a particip\u00e9 \u00e0 un voyage en Chine, visitant Hong Kong (encore une colonie \u00e0 l&#8217;\u00e9poque), P\u00e9kin, Shanghai, Nanjing et quelques localit\u00e9s plus petites. Apr\u00e8s les ann\u00e9es de la R\u00e9volution culturelle, la Chine s&#8217;ouvre au monde et la voyageuse curieuse et infatigable qu&#8217;elle est est frapp\u00e9e par la vie collective tr\u00e8s disciplin\u00e9e, l&#8217;ordre et la propret\u00e9, mais aussi par les grandes transformations du territoire et les nouvelles infrastructures telles que les universit\u00e9s et les h\u00f4pitaux. C&#8217;est un monde suspendu entre des traditions mill\u00e9naires et l&#8217;\u00e9lan de modernisation que l&#8217;id\u00e9ologie de Mao Zedong a impos\u00e9 au pays. Mais c&#8217;est encore la Chine des bicyclettes, des mille boutiques et de la Grande Muraille que l&#8217;on visite sans la pr\u00e9sence des touristes. Un lieu \u00e0 certains \u00e9gards lointain et exotique, mais Aulenti prend soin de saisir les pr\u00e9mices de la Chine \u00e0 venir. Un reportage \u00e9tonnant qui oscille entre les grands panoramas et les d\u00e9tails r\u00e9v\u00e9l\u00e9s par l&#8217;observation attentive.<\/p>\n","protected":false},"excerpt":{"rendered":"<p>\u00c0 l&#8217;automne 1974, Gae Aulenti a particip\u00e9 \u00e0 un voyage en Chine, visitant Hong Kong (encore une colonie \u00e0 l&#8217;\u00e9poque), P\u00e9kin, Shanghai, Nanjing et quelques localit\u00e9s plus petites. Apr\u00e8s les ann\u00e9es de la R\u00e9volution culturelle, la Chine s&#8217;ouvre au monde et la voyageuse curieuse et infatigable qu&#8217;elle est est frapp\u00e9e par la vie collective tr\u00e8s [&hellip;]<\/p>\n","protected":false},"featured_media":38759,"template":"","meta":[],"product_cat":[2948,2958],"product_tag":[],"acf":[],"yoast_head":"<!-- This site is optimized with the Yoast SEO plugin v20.11 - https:\/\/yoast.com\/wordpress\/plugins\/seo\/ -->\n<title>Cina 1974 - Librairie 7L<\/title>\n<meta name=\"robots\" content=\"index, follow, max-snippet:-1, max-image-preview:large, max-video-preview:-1\" \/>\n<link rel=\"canonical\" href=\"https:\/\/librairie7l.com\/en\/produit\/cina-1974\/\" \/>\n<meta property=\"og:locale\" content=\"en_US\" \/>\n<meta property=\"og:type\" content=\"article\" \/>\n<meta property=\"og:title\" content=\"Cina 1974 - Librairie 7L\" \/>\n<meta property=\"og:description\" content=\"\u00c0 l&#8217;automne 1974, Gae Aulenti a particip\u00e9 \u00e0 un voyage en Chine, visitant Hong Kong (encore une colonie \u00e0 l&#8217;\u00e9poque), P\u00e9kin, Shanghai, Nanjing et quelques localit\u00e9s plus petites. Apr\u00e8s les ann\u00e9es de la R\u00e9volution culturelle, la Chine s&#8217;ouvre au monde et la voyageuse curieuse et infatigable qu&#8217;elle est est frapp\u00e9e par la vie collective tr\u00e8s [&hellip;]\" \/>\n<meta property=\"og:url\" content=\"https:\/\/librairie7l.com\/en\/produit\/cina-1974\/\" \/>\n<meta property=\"og:site_name\" content=\"Librairie 7L\" \/>\n<meta property=\"article:modified_time\" content=\"2026-04-17T20:28:28+00:00\" \/>\n<meta property=\"og:image\" content=\"https:\/\/librairie7l.com\/wp-content\/uploads\/2023\/10\/9791280336149_1_75.jpg\" \/>\n\t<meta property=\"og:image:width\" content=\"600\" \/>\n\t<meta property=\"og:image:height\" content=\"728\" \/>\n\t<meta property=\"og:image:type\" content=\"image\/jpeg\" \/>\n<meta name=\"twitter:card\" content=\"summary_large_image\" \/>\n<meta name=\"twitter:label1\" content=\"Est. reading time\" \/>\n\t<meta name=\"twitter:data1\" content=\"1 minute\" \/>\n<script type=\"application\/ld+json\" class=\"yoast-schema-graph\">{\"@context\":\"https:\/\/schema.org\",\"@graph\":[{\"@type\":\"WebPage\",\"@id\":\"https:\/\/librairie7l.com\/en\/produit\/cina-1974\/\",\"url\":\"https:\/\/librairie7l.com\/en\/produit\/cina-1974\/\",\"name\":\"Cina 1974 - Librairie 7L\",\"isPartOf\":{\"@id\":\"https:\/\/librairie7l.com\/en\/#website\"},\"datePublished\":\"2024-05-23T18:06:08+00:00\",\"dateModified\":\"2026-04-17T20:28:28+00:00\",\"breadcrumb\":{\"@id\":\"https:\/\/librairie7l.com\/en\/produit\/cina-1974\/#breadcrumb\"},\"inLanguage\":\"en-US\",\"potentialAction\":[{\"@type\":\"ReadAction\",\"target\":[\"https:\/\/librairie7l.com\/en\/produit\/cina-1974\/\"]}]},{\"@type\":\"BreadcrumbList\",\"@id\":\"https:\/\/librairie7l.com\/en\/produit\/cina-1974\/#breadcrumb\",\"itemListElement\":[{\"@type\":\"ListItem\",\"position\":1,\"name\":\"Accueil\",\"item\":\"https:\/\/librairie7l.com\/en\/\"},{\"@type\":\"ListItem\",\"position\":2,\"name\":\"Shop\",\"item\":\"https:\/\/librairie7l.com\/en\/shop\/\"},{\"@type\":\"ListItem\",\"position\":3,\"name\":\"CINA 1974\"}]},{\"@type\":\"WebSite\",\"@id\":\"https:\/\/librairie7l.com\/en\/#website\",\"url\":\"https:\/\/librairie7l.com\/en\/\",\"name\":\"Librairie 7L\",\"description\":\"Librairie fond\u00e9e en 1999 par Karl Lagerfeld \u00e0 Paris\",\"publisher\":{\"@id\":\"https:\/\/librairie7l.com\/en\/#organization\"},\"potentialAction\":[{\"@type\":\"SearchAction\",\"target\":{\"@type\":\"EntryPoint\",\"urlTemplate\":\"https:\/\/librairie7l.com\/en\/?s={search_term_string}\"},\"query-input\":\"required name=search_term_string\"}],\"inLanguage\":\"en-US\"},{\"@type\":\"Organization\",\"@id\":\"https:\/\/librairie7l.com\/en\/#organization\",\"name\":\"Librairie 7L\",\"url\":\"https:\/\/librairie7l.com\/en\/\",\"logo\":{\"@type\":\"ImageObject\",\"inLanguage\":\"en-US\",\"@id\":\"https:\/\/librairie7l.com\/en\/#\/schema\/logo\/image\/\",\"url\":\"https:\/\/librairie7l.com\/wp-content\/uploads\/2022\/08\/logo-1.png\",\"contentUrl\":\"https:\/\/librairie7l.com\/wp-content\/uploads\/2022\/08\/logo-1.png\",\"width\":227,\"height\":301,\"caption\":\"Librairie 7L\"},\"image\":{\"@id\":\"https:\/\/librairie7l.com\/en\/#\/schema\/logo\/image\/\"}}]}<\/script>\n<!-- \/ Yoast SEO plugin. -->","yoast_head_json":{"title":"Cina 1974 - Librairie 7L","robots":{"index":"index","follow":"follow","max-snippet":"max-snippet:-1","max-image-preview":"max-image-preview:large","max-video-preview":"max-video-preview:-1"},"canonical":"https:\/\/librairie7l.com\/en\/produit\/cina-1974\/","og_locale":"en_US","og_type":"article","og_title":"Cina 1974 - Librairie 7L","og_description":"\u00c0 l&#8217;automne 1974, Gae Aulenti a particip\u00e9 \u00e0 un voyage en Chine, visitant Hong Kong (encore une colonie \u00e0 l&#8217;\u00e9poque), P\u00e9kin, Shanghai, Nanjing et quelques localit\u00e9s plus petites. Apr\u00e8s les ann\u00e9es de la R\u00e9volution culturelle, la Chine s&#8217;ouvre au monde et la voyageuse curieuse et infatigable qu&#8217;elle est est frapp\u00e9e par la vie collective tr\u00e8s [&hellip;]","og_url":"https:\/\/librairie7l.com\/en\/produit\/cina-1974\/","og_site_name":"Librairie 7L","article_modified_time":"2026-04-17T20:28:28+00:00","og_image":[{"width":600,"height":728,"url":"https:\/\/librairie7l.com\/wp-content\/uploads\/2023\/10\/9791280336149_1_75.jpg","type":"image\/jpeg"}],"twitter_card":"summary_large_image","twitter_misc":{"Est. reading time":"1 minute"},"schema":{"@context":"https:\/\/schema.org","@graph":[{"@type":"WebPage","@id":"https:\/\/librairie7l.com\/en\/produit\/cina-1974\/","url":"https:\/\/librairie7l.com\/en\/produit\/cina-1974\/","name":"Cina 1974 - Librairie 7L","isPartOf":{"@id":"https:\/\/librairie7l.com\/en\/#website"},"datePublished":"2024-05-23T18:06:08+00:00","dateModified":"2026-04-17T20:28:28+00:00","breadcrumb":{"@id":"https:\/\/librairie7l.com\/en\/produit\/cina-1974\/#breadcrumb"},"inLanguage":"en-US","potentialAction":[{"@type":"ReadAction","target":["https:\/\/librairie7l.com\/en\/produit\/cina-1974\/"]}]},{"@type":"BreadcrumbList","@id":"https:\/\/librairie7l.com\/en\/produit\/cina-1974\/#breadcrumb","itemListElement":[{"@type":"ListItem","position":1,"name":"Accueil","item":"https:\/\/librairie7l.com\/en\/"},{"@type":"ListItem","position":2,"name":"Shop","item":"https:\/\/librairie7l.com\/en\/shop\/"},{"@type":"ListItem","position":3,"name":"CINA 1974"}]},{"@type":"WebSite","@id":"https:\/\/librairie7l.com\/en\/#website","url":"https:\/\/librairie7l.com\/en\/","name":"Librairie 7L","description":"Librairie fond\u00e9e en 1999 par Karl Lagerfeld \u00e0 Paris","publisher":{"@id":"https:\/\/librairie7l.com\/en\/#organization"},"potentialAction":[{"@type":"SearchAction","target":{"@type":"EntryPoint","urlTemplate":"https:\/\/librairie7l.com\/en\/?s={search_term_string}"},"query-input":"required name=search_term_string"}],"inLanguage":"en-US"},{"@type":"Organization","@id":"https:\/\/librairie7l.com\/en\/#organization","name":"Librairie 7L","url":"https:\/\/librairie7l.com\/en\/","logo":{"@type":"ImageObject","inLanguage":"en-US","@id":"https:\/\/librairie7l.com\/en\/#\/schema\/logo\/image\/","url":"https:\/\/librairie7l.com\/wp-content\/uploads\/2022\/08\/logo-1.png","contentUrl":"https:\/\/librairie7l.com\/wp-content\/uploads\/2022\/08\/logo-1.png","width":227,"height":301,"caption":"Librairie 7L"},"image":{"@id":"https:\/\/librairie7l.com\/en\/#\/schema\/logo\/image\/"}}]}},"_links":{"self":[{"href":"https:\/\/librairie7l.com\/en\/wp-json\/wp\/v2\/product\/38761"}],"collection":[{"href":"https:\/\/librairie7l.com\/en\/wp-json\/wp\/v2\/product"}],"about":[{"href":"https:\/\/librairie7l.com\/en\/wp-json\/wp\/v2\/types\/product"}],"wp:featuredmedia":[{"embeddable":true,"href":"https:\/\/librairie7l.com\/en\/wp-json\/wp\/v2\/media\/38759"}],"wp:attachment":[{"href":"https:\/\/librairie7l.com\/en\/wp-json\/wp\/v2\/media?parent=38761"}],"wp:term":[{"taxonomy":"product_cat","embeddable":true,"href":"https:\/\/librairie7l.com\/en\/wp-json\/wp\/v2\/product_cat?post=38761"},{"taxonomy":"product_tag","embeddable":true,"href":"https:\/\/librairie7l.com\/en\/wp-json\/wp\/v2\/product_tag?post=38761"}],"curies":[{"name":"wp","href":"https:\/\/api.w.org\/{rel}","templated":true}]}}