{"id":38765,"date":"2024-12-06T09:17:43","date_gmt":"2024-12-06T08:17:43","guid":{"rendered":"https:\/\/librairie7l.com\/?post_type=product&#038;p=38765"},"modified":"2026-04-11T00:59:41","modified_gmt":"2026-04-10T22:59:41","slug":"les-annees-40","status":"publish","type":"product","link":"https:\/\/librairie7l.com\/en\/produit\/les-annees-40\/","title":{"rendered":"LES ANN\u00c9ES 40"},"content":{"rendered":"<p>Les atrocit\u00e9s du nazisme et le trouble provoqu\u00e9 par la collaboration ont longtemps occult\u00e9, dans la m\u00e9moire collective, la cr\u00e9ativit\u00e9 des ann\u00e9es 40.<br \/>\nLe but de cet ouvrage est, gr\u00e2ce \u00e0 la somme de documents rares et originaux que les auteurs ont pu retrouver et \u00e0 la juxtaposition des diff\u00e9rents domaines de la cr\u00e9ation, de d\u00e9velopper l&#8217;esprit et \u00ab l&#8217;atmosph\u00e8re \u00bb de cette p\u00e9riode, en France et dans le monde.<br \/>\nL&#8217;\u00e9vocation de cette d\u00e9cennie se doit de toute \u00e9vidence de d\u00e9buter par l&#8217;Exposition Universelle des Arts et Techniques de 1937 \u00e0 Paris, qui pr\u00e9sente toutes les tendances cr\u00e9atives qui auraient d\u00fb \u00eatre d\u00e9velopp\u00e9es au cours des ann\u00e9es suivantes. Les n\u00e9cessit\u00e9s de la guerre vont bouleverser ou figer ces tendances : l&#8217;image sera propagande, l&#8217;architecture blockhaus, et l&#8217;automobile char. Mais gr\u00e2ce \u00e0 de lourds investissements technologiques, une nouvelle forme de cr\u00e9ativit\u00e9, directement issue de l&#8217;industrie, prit alors toute son ampleur.<br \/>\nPour l&#8217;Europe, l&#8217;heure est \u00e0 la nostalgie. Dans le d\u00e9sarroi, les cr\u00e9ateurs se r\u00e9f\u00e8rent aux valeurs d&#8217;antan, aux styles pass\u00e9s pour le mobilier, \u00e0 la mythologie pour le cin\u00e9ma, r\u00e9f\u00e9rences \u00e9chappant \u00e0 la censure.<br \/>\nMalgr\u00e9 les restrictions, les productions sont de grande qualit\u00e9. Seuls seront \u00e9pargn\u00e9s ceux qui puisent en eux-m\u00eames leurs forces cr\u00e9atrices, traducteurs privil\u00e9gi\u00e9s de l&#8217;esprit, peintres et \u00e9crivains par exemple. Ceux-l\u00e0 s&#8217;expriment avec une puissance in\u00e9gal\u00e9e. Le contexte de la guerre a \u00e9galement d\u00e9velopp\u00e9 une r\u00e9alit\u00e9 nouvelle, la mutation, et en particulier celle d&#8217;artistes qui fuient le nazisme. Le choc des sensibilit\u00e9s, l&#8217;\u00e9panouissement de ces d\u00e9racin\u00e9s dans les terres d&#8217;accueil, a relanc\u00e9 et d\u00e9velopp\u00e9 la cr\u00e9ation. Les p\u00f4les attractifs changent, et la perception de ces changements ne se fera r\u00e9ellement sentir que dans les Ann\u00e9es 30. Mais ces donn\u00e9es ne suffisent pas \u00e0 \u00e9voquer pr\u00e9cis\u00e9ment la d\u00e9cennie : tumultueuse, impr\u00e9cise, elle ne saurait constituer un moment monolithique de l&#8217;histoire.<br \/>\nAussi tous les auteurs, qui ont apport\u00e9 leur extr\u00eame comp\u00e9tence, ont tent\u00e9 de pr\u00e9ciser le style 40, qui apr\u00e8s les Ann\u00e9es 50 et les Ann\u00e9es 60, constitue une nouvelle tranche de ce si\u00e8cle non moins complexe et en tout point diff\u00e9rente.<\/p>\n","protected":false},"excerpt":{"rendered":"<p>Les atrocit\u00e9s du nazisme et le trouble provoqu\u00e9 par la collaboration ont longtemps occult\u00e9, dans la m\u00e9moire collective, la cr\u00e9ativit\u00e9 des ann\u00e9es 40. Le but de cet ouvrage est, gr\u00e2ce \u00e0 la somme de documents rares et originaux que les auteurs ont pu retrouver et \u00e0 la juxtaposition des diff\u00e9rents domaines de la cr\u00e9ation, de [&hellip;]<\/p>\n","protected":false},"featured_media":38763,"template":"","meta":[],"product_cat":[2948,2953],"product_tag":[],"acf":[],"yoast_head":"<!-- This site is optimized with the Yoast SEO plugin v20.11 - https:\/\/yoast.com\/wordpress\/plugins\/seo\/ -->\n<title>Les ann\u00e9es 40 - Librairie 7L<\/title>\n<meta name=\"robots\" content=\"index, follow, max-snippet:-1, max-image-preview:large, max-video-preview:-1\" \/>\n<link rel=\"canonical\" href=\"https:\/\/librairie7l.com\/en\/produit\/les-annees-40\/\" \/>\n<meta property=\"og:locale\" content=\"en_US\" \/>\n<meta property=\"og:type\" content=\"article\" \/>\n<meta property=\"og:title\" content=\"Les ann\u00e9es 40 - Librairie 7L\" \/>\n<meta property=\"og:description\" content=\"Les atrocit\u00e9s du nazisme et le trouble provoqu\u00e9 par la collaboration ont longtemps occult\u00e9, dans la m\u00e9moire collective, la cr\u00e9ativit\u00e9 des ann\u00e9es 40. Le but de cet ouvrage est, gr\u00e2ce \u00e0 la somme de documents rares et originaux que les auteurs ont pu retrouver et \u00e0 la juxtaposition des diff\u00e9rents domaines de la cr\u00e9ation, de [&hellip;]\" \/>\n<meta property=\"og:url\" content=\"https:\/\/librairie7l.com\/en\/produit\/les-annees-40\/\" \/>\n<meta property=\"og:site_name\" content=\"Librairie 7L\" \/>\n<meta property=\"article:modified_time\" content=\"2026-04-10T22:59:41+00:00\" \/>\n<meta property=\"og:image\" content=\"https:\/\/librairie7l.com\/wp-content\/uploads\/1998\/02\/9782903370206_1_75.jpg\" \/>\n\t<meta property=\"og:image:width\" content=\"400\" \/>\n\t<meta property=\"og:image:height\" content=\"503\" \/>\n\t<meta property=\"og:image:type\" content=\"image\/jpeg\" \/>\n<meta name=\"twitter:card\" content=\"summary_large_image\" \/>\n<meta name=\"twitter:label1\" content=\"Est. reading time\" \/>\n\t<meta name=\"twitter:data1\" content=\"2 minutes\" \/>\n<script type=\"application\/ld+json\" class=\"yoast-schema-graph\">{\"@context\":\"https:\/\/schema.org\",\"@graph\":[{\"@type\":\"WebPage\",\"@id\":\"https:\/\/librairie7l.com\/en\/produit\/les-annees-40\/\",\"url\":\"https:\/\/librairie7l.com\/en\/produit\/les-annees-40\/\",\"name\":\"Les ann\u00e9es 40 - Librairie 7L\",\"isPartOf\":{\"@id\":\"https:\/\/librairie7l.com\/en\/#website\"},\"datePublished\":\"2024-12-06T08:17:43+00:00\",\"dateModified\":\"2026-04-10T22:59:41+00:00\",\"breadcrumb\":{\"@id\":\"https:\/\/librairie7l.com\/en\/produit\/les-annees-40\/#breadcrumb\"},\"inLanguage\":\"en-US\",\"potentialAction\":[{\"@type\":\"ReadAction\",\"target\":[\"https:\/\/librairie7l.com\/en\/produit\/les-annees-40\/\"]}]},{\"@type\":\"BreadcrumbList\",\"@id\":\"https:\/\/librairie7l.com\/en\/produit\/les-annees-40\/#breadcrumb\",\"itemListElement\":[{\"@type\":\"ListItem\",\"position\":1,\"name\":\"Accueil\",\"item\":\"https:\/\/librairie7l.com\/en\/\"},{\"@type\":\"ListItem\",\"position\":2,\"name\":\"Shop\",\"item\":\"https:\/\/librairie7l.com\/en\/shop\/\"},{\"@type\":\"ListItem\",\"position\":3,\"name\":\"LES ANN\u00c9ES 40\"}]},{\"@type\":\"WebSite\",\"@id\":\"https:\/\/librairie7l.com\/en\/#website\",\"url\":\"https:\/\/librairie7l.com\/en\/\",\"name\":\"Librairie 7L\",\"description\":\"Librairie fond\u00e9e en 1999 par Karl Lagerfeld \u00e0 Paris\",\"publisher\":{\"@id\":\"https:\/\/librairie7l.com\/en\/#organization\"},\"potentialAction\":[{\"@type\":\"SearchAction\",\"target\":{\"@type\":\"EntryPoint\",\"urlTemplate\":\"https:\/\/librairie7l.com\/en\/?s={search_term_string}\"},\"query-input\":\"required name=search_term_string\"}],\"inLanguage\":\"en-US\"},{\"@type\":\"Organization\",\"@id\":\"https:\/\/librairie7l.com\/en\/#organization\",\"name\":\"Librairie 7L\",\"url\":\"https:\/\/librairie7l.com\/en\/\",\"logo\":{\"@type\":\"ImageObject\",\"inLanguage\":\"en-US\",\"@id\":\"https:\/\/librairie7l.com\/en\/#\/schema\/logo\/image\/\",\"url\":\"https:\/\/librairie7l.com\/wp-content\/uploads\/2022\/08\/logo-1.png\",\"contentUrl\":\"https:\/\/librairie7l.com\/wp-content\/uploads\/2022\/08\/logo-1.png\",\"width\":227,\"height\":301,\"caption\":\"Librairie 7L\"},\"image\":{\"@id\":\"https:\/\/librairie7l.com\/en\/#\/schema\/logo\/image\/\"}}]}<\/script>\n<!-- \/ Yoast SEO plugin. -->","yoast_head_json":{"title":"Les ann\u00e9es 40 - Librairie 7L","robots":{"index":"index","follow":"follow","max-snippet":"max-snippet:-1","max-image-preview":"max-image-preview:large","max-video-preview":"max-video-preview:-1"},"canonical":"https:\/\/librairie7l.com\/en\/produit\/les-annees-40\/","og_locale":"en_US","og_type":"article","og_title":"Les ann\u00e9es 40 - Librairie 7L","og_description":"Les atrocit\u00e9s du nazisme et le trouble provoqu\u00e9 par la collaboration ont longtemps occult\u00e9, dans la m\u00e9moire collective, la cr\u00e9ativit\u00e9 des ann\u00e9es 40. Le but de cet ouvrage est, gr\u00e2ce \u00e0 la somme de documents rares et originaux que les auteurs ont pu retrouver et \u00e0 la juxtaposition des diff\u00e9rents domaines de la cr\u00e9ation, de [&hellip;]","og_url":"https:\/\/librairie7l.com\/en\/produit\/les-annees-40\/","og_site_name":"Librairie 7L","article_modified_time":"2026-04-10T22:59:41+00:00","og_image":[{"width":400,"height":503,"url":"https:\/\/librairie7l.com\/wp-content\/uploads\/1998\/02\/9782903370206_1_75.jpg","type":"image\/jpeg"}],"twitter_card":"summary_large_image","twitter_misc":{"Est. reading time":"2 minutes"},"schema":{"@context":"https:\/\/schema.org","@graph":[{"@type":"WebPage","@id":"https:\/\/librairie7l.com\/en\/produit\/les-annees-40\/","url":"https:\/\/librairie7l.com\/en\/produit\/les-annees-40\/","name":"Les ann\u00e9es 40 - Librairie 7L","isPartOf":{"@id":"https:\/\/librairie7l.com\/en\/#website"},"datePublished":"2024-12-06T08:17:43+00:00","dateModified":"2026-04-10T22:59:41+00:00","breadcrumb":{"@id":"https:\/\/librairie7l.com\/en\/produit\/les-annees-40\/#breadcrumb"},"inLanguage":"en-US","potentialAction":[{"@type":"ReadAction","target":["https:\/\/librairie7l.com\/en\/produit\/les-annees-40\/"]}]},{"@type":"BreadcrumbList","@id":"https:\/\/librairie7l.com\/en\/produit\/les-annees-40\/#breadcrumb","itemListElement":[{"@type":"ListItem","position":1,"name":"Accueil","item":"https:\/\/librairie7l.com\/en\/"},{"@type":"ListItem","position":2,"name":"Shop","item":"https:\/\/librairie7l.com\/en\/shop\/"},{"@type":"ListItem","position":3,"name":"LES ANN\u00c9ES 40"}]},{"@type":"WebSite","@id":"https:\/\/librairie7l.com\/en\/#website","url":"https:\/\/librairie7l.com\/en\/","name":"Librairie 7L","description":"Librairie fond\u00e9e en 1999 par Karl Lagerfeld \u00e0 Paris","publisher":{"@id":"https:\/\/librairie7l.com\/en\/#organization"},"potentialAction":[{"@type":"SearchAction","target":{"@type":"EntryPoint","urlTemplate":"https:\/\/librairie7l.com\/en\/?s={search_term_string}"},"query-input":"required name=search_term_string"}],"inLanguage":"en-US"},{"@type":"Organization","@id":"https:\/\/librairie7l.com\/en\/#organization","name":"Librairie 7L","url":"https:\/\/librairie7l.com\/en\/","logo":{"@type":"ImageObject","inLanguage":"en-US","@id":"https:\/\/librairie7l.com\/en\/#\/schema\/logo\/image\/","url":"https:\/\/librairie7l.com\/wp-content\/uploads\/2022\/08\/logo-1.png","contentUrl":"https:\/\/librairie7l.com\/wp-content\/uploads\/2022\/08\/logo-1.png","width":227,"height":301,"caption":"Librairie 7L"},"image":{"@id":"https:\/\/librairie7l.com\/en\/#\/schema\/logo\/image\/"}}]}},"_links":{"self":[{"href":"https:\/\/librairie7l.com\/en\/wp-json\/wp\/v2\/product\/38765"}],"collection":[{"href":"https:\/\/librairie7l.com\/en\/wp-json\/wp\/v2\/product"}],"about":[{"href":"https:\/\/librairie7l.com\/en\/wp-json\/wp\/v2\/types\/product"}],"wp:featuredmedia":[{"embeddable":true,"href":"https:\/\/librairie7l.com\/en\/wp-json\/wp\/v2\/media\/38763"}],"wp:attachment":[{"href":"https:\/\/librairie7l.com\/en\/wp-json\/wp\/v2\/media?parent=38765"}],"wp:term":[{"taxonomy":"product_cat","embeddable":true,"href":"https:\/\/librairie7l.com\/en\/wp-json\/wp\/v2\/product_cat?post=38765"},{"taxonomy":"product_tag","embeddable":true,"href":"https:\/\/librairie7l.com\/en\/wp-json\/wp\/v2\/product_tag?post=38765"}],"curies":[{"name":"wp","href":"https:\/\/api.w.org\/{rel}","templated":true}]}}