{"id":38769,"date":"2024-02-09T09:46:51","date_gmt":"2024-02-09T08:46:51","guid":{"rendered":"https:\/\/librairie7l.com\/?post_type=product&#038;p=38769"},"modified":"2026-04-10T19:33:43","modified_gmt":"2026-04-10T17:33:43","slug":"agnes-thurnauer","status":"publish","type":"product","link":"https:\/\/librairie7l.com\/en\/produit\/agnes-thurnauer\/","title":{"rendered":"AGN\u00c8S THURNAUER"},"content":{"rendered":"<p>Couvrant les vingt derni\u00e8res ann\u00e9es de la pratique d&#8217;Agn\u00e8s Thurnauer, cette publication entrecroise ses diff\u00e9rentes s\u00e9ries et expositions majeures, et montre comment la pertinence conceptuelle de son travail est obtenue par un rejet du style et une vision libre de la peinture con\u00e7ue non pas comme un dispositif figuratif \/ abstrait, mais comme un moyen de donner une repr\u00e9sentation aux questions li\u00e9es \u00e0 l&#8217;art, \u00e0 la politique, au corps et \u00e0 l&#8217;auto-investigation &#8211;  \u00ab la peinture dans le champ \u00e9largi \u00bb.<\/p>\n<p>Des essais in\u00e9dits du critique d&#8217;art et conservateur am\u00e9ricain Dean Daderko, de la pr\u00e9sidente du Mus\u00e9e Picasso C\u00e9cile Debray et de l&#8217;\u00e9crivaine Elisabeth Lebovici, ainsi qu&#8217;une introduction de l&#8217;\u00e9diteur Cl\u00e9ment Diri\u00e9, offrent de nouvelles perspectives sur l&#8217;oeuvre de l&#8217;artiste, tandis qu&#8217;une longue conversation avec le commissaire italien Lorenzo Benedetti refl\u00e8te l&#8217;\u00e9tendue de la r\u00e9flexion de Thurnauer sur sa propre pratique et sur l&#8217;art en g\u00e9n\u00e9ral.<\/p>\n<p>L&#8217;artiste franco-suisse Agn\u00e8s Thurnauer (n\u00e9e en 1962 \u00e0 Paris) est l&#8217;une des figures artistiques les plus reconnues de la sc\u00e8ne artistique contemporaine fran\u00e7aise. Depuis le milieu des ann\u00e9es 1990, elle a construit une oeuvre novatrice avec laquelle elle explore principalement le langage (mots, signification, r\u00e9ciprocit\u00e9) \u00e0 travers la peinture, la sculpture et l&#8217;installation. Dans sa pratique, l&#8217;\u00e9criture est souvent int\u00e9gr\u00e9e \u00e0 l&#8217;image, de diff\u00e9rentes mani\u00e8res expressives, et la puissance allusive d\u00e9gag\u00e9e par le sujet renvoie le spectateur \u00e0 l&#8217;histoire de l&#8217;art aussi bien qu&#8217;\u00e0 des pr\u00e9occupations contemporaines. La qualit\u00e9 visuelle du langage est \u00e9galement \u00e9prouv\u00e9e en trois dimensions \u00e0 travers ses sculptures constitu\u00e9es de moulages de lettres \u00e0 diff\u00e9rentes \u00e9chelles, permettant d&#8217;impliquer \u00e0 la fois le regard et le corps.<\/p>\n","protected":false},"excerpt":{"rendered":"<p>Couvrant les vingt derni\u00e8res ann\u00e9es de la pratique d&#8217;Agn\u00e8s Thurnauer, cette publication entrecroise ses diff\u00e9rentes s\u00e9ries et expositions majeures, et montre comment la pertinence conceptuelle de son travail est obtenue par un rejet du style et une vision libre de la peinture con\u00e7ue non pas comme un dispositif figuratif \/ abstrait, mais comme un moyen [&hellip;]<\/p>\n","protected":false},"featured_media":38767,"template":"","meta":[],"product_cat":[2948,2953],"product_tag":[],"acf":[],"yoast_head":"<!-- This site is optimized with the Yoast SEO plugin v20.11 - https:\/\/yoast.com\/wordpress\/plugins\/seo\/ -->\n<title>Agn\u00e8s Thurnauer - Librairie 7L<\/title>\n<meta name=\"robots\" content=\"index, follow, max-snippet:-1, max-image-preview:large, max-video-preview:-1\" \/>\n<link rel=\"canonical\" href=\"https:\/\/librairie7l.com\/en\/produit\/agnes-thurnauer\/\" \/>\n<meta property=\"og:locale\" content=\"en_US\" \/>\n<meta property=\"og:type\" content=\"article\" \/>\n<meta property=\"og:title\" content=\"Agn\u00e8s Thurnauer - Librairie 7L\" \/>\n<meta property=\"og:description\" content=\"Couvrant les vingt derni\u00e8res ann\u00e9es de la pratique d&#8217;Agn\u00e8s Thurnauer, cette publication entrecroise ses diff\u00e9rentes s\u00e9ries et expositions majeures, et montre comment la pertinence conceptuelle de son travail est obtenue par un rejet du style et une vision libre de la peinture con\u00e7ue non pas comme un dispositif figuratif \/ abstrait, mais comme un moyen [&hellip;]\" \/>\n<meta property=\"og:url\" content=\"https:\/\/librairie7l.com\/en\/produit\/agnes-thurnauer\/\" \/>\n<meta property=\"og:site_name\" content=\"Librairie 7L\" \/>\n<meta property=\"article:modified_time\" content=\"2026-04-10T17:33:43+00:00\" \/>\n<meta property=\"og:image\" content=\"https:\/\/librairie7l.com\/wp-content\/uploads\/2023\/11\/9783037646014_1_75.jpg\" \/>\n\t<meta property=\"og:image:width\" content=\"600\" \/>\n\t<meta property=\"og:image:height\" content=\"714\" \/>\n\t<meta property=\"og:image:type\" content=\"image\/jpeg\" \/>\n<meta name=\"twitter:card\" content=\"summary_large_image\" \/>\n<meta name=\"twitter:label1\" content=\"Est. reading time\" \/>\n\t<meta name=\"twitter:data1\" content=\"1 minute\" \/>\n<script type=\"application\/ld+json\" class=\"yoast-schema-graph\">{\"@context\":\"https:\/\/schema.org\",\"@graph\":[{\"@type\":\"WebPage\",\"@id\":\"https:\/\/librairie7l.com\/en\/produit\/agnes-thurnauer\/\",\"url\":\"https:\/\/librairie7l.com\/en\/produit\/agnes-thurnauer\/\",\"name\":\"Agn\u00e8s Thurnauer - Librairie 7L\",\"isPartOf\":{\"@id\":\"https:\/\/librairie7l.com\/en\/#website\"},\"datePublished\":\"2024-02-09T08:46:51+00:00\",\"dateModified\":\"2026-04-10T17:33:43+00:00\",\"breadcrumb\":{\"@id\":\"https:\/\/librairie7l.com\/en\/produit\/agnes-thurnauer\/#breadcrumb\"},\"inLanguage\":\"en-US\",\"potentialAction\":[{\"@type\":\"ReadAction\",\"target\":[\"https:\/\/librairie7l.com\/en\/produit\/agnes-thurnauer\/\"]}]},{\"@type\":\"BreadcrumbList\",\"@id\":\"https:\/\/librairie7l.com\/en\/produit\/agnes-thurnauer\/#breadcrumb\",\"itemListElement\":[{\"@type\":\"ListItem\",\"position\":1,\"name\":\"Accueil\",\"item\":\"https:\/\/librairie7l.com\/en\/\"},{\"@type\":\"ListItem\",\"position\":2,\"name\":\"Shop\",\"item\":\"https:\/\/librairie7l.com\/en\/shop\/\"},{\"@type\":\"ListItem\",\"position\":3,\"name\":\"AGN\u00c8S THURNAUER\"}]},{\"@type\":\"WebSite\",\"@id\":\"https:\/\/librairie7l.com\/en\/#website\",\"url\":\"https:\/\/librairie7l.com\/en\/\",\"name\":\"Librairie 7L\",\"description\":\"Librairie fond\u00e9e en 1999 par Karl Lagerfeld \u00e0 Paris\",\"publisher\":{\"@id\":\"https:\/\/librairie7l.com\/en\/#organization\"},\"potentialAction\":[{\"@type\":\"SearchAction\",\"target\":{\"@type\":\"EntryPoint\",\"urlTemplate\":\"https:\/\/librairie7l.com\/en\/?s={search_term_string}\"},\"query-input\":\"required name=search_term_string\"}],\"inLanguage\":\"en-US\"},{\"@type\":\"Organization\",\"@id\":\"https:\/\/librairie7l.com\/en\/#organization\",\"name\":\"Librairie 7L\",\"url\":\"https:\/\/librairie7l.com\/en\/\",\"logo\":{\"@type\":\"ImageObject\",\"inLanguage\":\"en-US\",\"@id\":\"https:\/\/librairie7l.com\/en\/#\/schema\/logo\/image\/\",\"url\":\"https:\/\/librairie7l.com\/wp-content\/uploads\/2022\/08\/logo-1.png\",\"contentUrl\":\"https:\/\/librairie7l.com\/wp-content\/uploads\/2022\/08\/logo-1.png\",\"width\":227,\"height\":301,\"caption\":\"Librairie 7L\"},\"image\":{\"@id\":\"https:\/\/librairie7l.com\/en\/#\/schema\/logo\/image\/\"}}]}<\/script>\n<!-- \/ Yoast SEO plugin. -->","yoast_head_json":{"title":"Agn\u00e8s Thurnauer - Librairie 7L","robots":{"index":"index","follow":"follow","max-snippet":"max-snippet:-1","max-image-preview":"max-image-preview:large","max-video-preview":"max-video-preview:-1"},"canonical":"https:\/\/librairie7l.com\/en\/produit\/agnes-thurnauer\/","og_locale":"en_US","og_type":"article","og_title":"Agn\u00e8s Thurnauer - Librairie 7L","og_description":"Couvrant les vingt derni\u00e8res ann\u00e9es de la pratique d&#8217;Agn\u00e8s Thurnauer, cette publication entrecroise ses diff\u00e9rentes s\u00e9ries et expositions majeures, et montre comment la pertinence conceptuelle de son travail est obtenue par un rejet du style et une vision libre de la peinture con\u00e7ue non pas comme un dispositif figuratif \/ abstrait, mais comme un moyen [&hellip;]","og_url":"https:\/\/librairie7l.com\/en\/produit\/agnes-thurnauer\/","og_site_name":"Librairie 7L","article_modified_time":"2026-04-10T17:33:43+00:00","og_image":[{"width":600,"height":714,"url":"https:\/\/librairie7l.com\/wp-content\/uploads\/2023\/11\/9783037646014_1_75.jpg","type":"image\/jpeg"}],"twitter_card":"summary_large_image","twitter_misc":{"Est. reading time":"1 minute"},"schema":{"@context":"https:\/\/schema.org","@graph":[{"@type":"WebPage","@id":"https:\/\/librairie7l.com\/en\/produit\/agnes-thurnauer\/","url":"https:\/\/librairie7l.com\/en\/produit\/agnes-thurnauer\/","name":"Agn\u00e8s Thurnauer - Librairie 7L","isPartOf":{"@id":"https:\/\/librairie7l.com\/en\/#website"},"datePublished":"2024-02-09T08:46:51+00:00","dateModified":"2026-04-10T17:33:43+00:00","breadcrumb":{"@id":"https:\/\/librairie7l.com\/en\/produit\/agnes-thurnauer\/#breadcrumb"},"inLanguage":"en-US","potentialAction":[{"@type":"ReadAction","target":["https:\/\/librairie7l.com\/en\/produit\/agnes-thurnauer\/"]}]},{"@type":"BreadcrumbList","@id":"https:\/\/librairie7l.com\/en\/produit\/agnes-thurnauer\/#breadcrumb","itemListElement":[{"@type":"ListItem","position":1,"name":"Accueil","item":"https:\/\/librairie7l.com\/en\/"},{"@type":"ListItem","position":2,"name":"Shop","item":"https:\/\/librairie7l.com\/en\/shop\/"},{"@type":"ListItem","position":3,"name":"AGN\u00c8S THURNAUER"}]},{"@type":"WebSite","@id":"https:\/\/librairie7l.com\/en\/#website","url":"https:\/\/librairie7l.com\/en\/","name":"Librairie 7L","description":"Librairie fond\u00e9e en 1999 par Karl Lagerfeld \u00e0 Paris","publisher":{"@id":"https:\/\/librairie7l.com\/en\/#organization"},"potentialAction":[{"@type":"SearchAction","target":{"@type":"EntryPoint","urlTemplate":"https:\/\/librairie7l.com\/en\/?s={search_term_string}"},"query-input":"required name=search_term_string"}],"inLanguage":"en-US"},{"@type":"Organization","@id":"https:\/\/librairie7l.com\/en\/#organization","name":"Librairie 7L","url":"https:\/\/librairie7l.com\/en\/","logo":{"@type":"ImageObject","inLanguage":"en-US","@id":"https:\/\/librairie7l.com\/en\/#\/schema\/logo\/image\/","url":"https:\/\/librairie7l.com\/wp-content\/uploads\/2022\/08\/logo-1.png","contentUrl":"https:\/\/librairie7l.com\/wp-content\/uploads\/2022\/08\/logo-1.png","width":227,"height":301,"caption":"Librairie 7L"},"image":{"@id":"https:\/\/librairie7l.com\/en\/#\/schema\/logo\/image\/"}}]}},"_links":{"self":[{"href":"https:\/\/librairie7l.com\/en\/wp-json\/wp\/v2\/product\/38769"}],"collection":[{"href":"https:\/\/librairie7l.com\/en\/wp-json\/wp\/v2\/product"}],"about":[{"href":"https:\/\/librairie7l.com\/en\/wp-json\/wp\/v2\/types\/product"}],"wp:featuredmedia":[{"embeddable":true,"href":"https:\/\/librairie7l.com\/en\/wp-json\/wp\/v2\/media\/38767"}],"wp:attachment":[{"href":"https:\/\/librairie7l.com\/en\/wp-json\/wp\/v2\/media?parent=38769"}],"wp:term":[{"taxonomy":"product_cat","embeddable":true,"href":"https:\/\/librairie7l.com\/en\/wp-json\/wp\/v2\/product_cat?post=38769"},{"taxonomy":"product_tag","embeddable":true,"href":"https:\/\/librairie7l.com\/en\/wp-json\/wp\/v2\/product_tag?post=38769"}],"curies":[{"name":"wp","href":"https:\/\/api.w.org\/{rel}","templated":true}]}}