{"id":38785,"date":"2024-12-04T09:18:02","date_gmt":"2024-12-04T08:18:02","guid":{"rendered":"https:\/\/librairie7l.com\/?post_type=product&#038;p=38785"},"modified":"2026-04-10T14:24:18","modified_gmt":"2026-04-10T12:24:18","slug":"les-mots-de-la-mode","status":"publish","type":"product","link":"https:\/\/librairie7l.com\/en\/produit\/les-mots-de-la-mode\/","title":{"rendered":"LES MOTS DE LA MODE"},"content":{"rendered":"<p>Le principe des mots est de choisir au sein des collections permanentes des mus\u00e9es de la ville de paris une soixantaine d&#8217;oeuvres d&#8217;art.<br \/>\n Les reproductions privil\u00e9gient les d\u00e9tails r\u00e9v\u00e9lateurs ; en regard de l&#8217;illustration, soixante d\u00e9finitions cr\u00e9ent un jeu de correspondances.  chaque texte offre ainsi la possibilit\u00e9 d&#8217;entrer plus avant dans l&#8217;intimit\u00e9 des oeuvres &#8211;  oeuvres qui sont &#8221; de la m\u00e9moire, de la pens\u00e9e et de l&#8217;\u00e9motion solidifi\u00e9es &#8220;.<br \/>\nInconstante mais fid\u00e8le, \u00e9ph\u00e9m\u00e8re mais perp\u00e9tuelle, la mode d\u00e9ploie sous nos yeux le tissu infini et changeant de l&#8217;histoire.<br \/>\n D\u00e9pouilles ou documents, les v\u00eatements et le cort\u00e8ge indispensable des accessoires sont toujours les t\u00e9moins d&#8217;un noble savoir-faire, mais aussi d&#8217;un art de vivre : pour tous ceux qui cultivent la distinction et s&#8217;efforcent de tenir \u00e9l\u00e9gamment leur r\u00f4le sur le th\u00e9\u00e2tre du monde, sans doute sont-ils une seconde peau.<br \/>\nReliques de mondes disparus, ces fragiles et brillants morceaux de civilisation ont trouv\u00e9 refuge dans les murs du palais galliera, mus\u00e9e de la mode de la ville de paris.<br \/>\n Avec une \u00e9rudition pleine de saveur, catherine join-di\u00e9terle, directeur du mus\u00e9e, a r\u00e9uni soixante pi\u00e8ces en un petit lexique po\u00e9tique &#8211; ravissant kal\u00e9idoscope d&#8217;images et de mots pour rappeler au lecteur l&#8217;histoire des objets de mode, l&#8217;initier \u00e0 ce jeu subtil des influences, des reniements et des r\u00e9miniscences qui fonde l&#8217;art de la &#8221; beaut\u00e9 qui passe &#8220;.  amadis ou amazone, canezou de fine batiste ou de mousseline, soie crissante du fourreau, gourdin r\u00e9actionnaire et r\u00e9volution l\u00e9g\u00e8re du &#8221; look &#8220;, point final de la mouche, salom\u00e9 que l&#8217;on chausse \u00e0 l&#8217;heure du charleston, culotte \u00e0 la zouave.<\/p>\n","protected":false},"excerpt":{"rendered":"<p>Le principe des mots est de choisir au sein des collections permanentes des mus\u00e9es de la ville de paris une soixantaine d&#8217;oeuvres d&#8217;art. Les reproductions privil\u00e9gient les d\u00e9tails r\u00e9v\u00e9lateurs ; en regard de l&#8217;illustration, soixante d\u00e9finitions cr\u00e9ent un jeu de correspondances. chaque texte offre ainsi la possibilit\u00e9 d&#8217;entrer plus avant dans l&#8217;intimit\u00e9 des oeuvres &#8211; [&hellip;]<\/p>\n","protected":false},"featured_media":38783,"template":"","meta":[],"product_cat":[2948,2957],"product_tag":[],"acf":[],"yoast_head":"<!-- This site is optimized with the Yoast SEO plugin v20.11 - https:\/\/yoast.com\/wordpress\/plugins\/seo\/ -->\n<title>Les mots de la mode - Librairie 7L<\/title>\n<meta name=\"robots\" content=\"index, follow, max-snippet:-1, max-image-preview:large, max-video-preview:-1\" \/>\n<link rel=\"canonical\" href=\"https:\/\/librairie7l.com\/en\/produit\/les-mots-de-la-mode\/\" \/>\n<meta property=\"og:locale\" content=\"en_US\" \/>\n<meta property=\"og:type\" content=\"article\" \/>\n<meta property=\"og:title\" content=\"Les mots de la mode - Librairie 7L\" \/>\n<meta property=\"og:description\" content=\"Le principe des mots est de choisir au sein des collections permanentes des mus\u00e9es de la ville de paris une soixantaine d&#8217;oeuvres d&#8217;art. Les reproductions privil\u00e9gient les d\u00e9tails r\u00e9v\u00e9lateurs ; en regard de l&#8217;illustration, soixante d\u00e9finitions cr\u00e9ent un jeu de correspondances. chaque texte offre ainsi la possibilit\u00e9 d&#8217;entrer plus avant dans l&#8217;intimit\u00e9 des oeuvres &#8211; [&hellip;]\" \/>\n<meta property=\"og:url\" content=\"https:\/\/librairie7l.com\/en\/produit\/les-mots-de-la-mode\/\" \/>\n<meta property=\"og:site_name\" content=\"Librairie 7L\" \/>\n<meta property=\"article:modified_time\" content=\"2026-04-10T12:24:18+00:00\" \/>\n<meta property=\"og:image\" content=\"https:\/\/librairie7l.com\/wp-content\/uploads\/1998\/09\/9782742720224_1_75.jpg\" \/>\n\t<meta property=\"og:image:width\" content=\"438\" \/>\n\t<meta property=\"og:image:height\" content=\"603\" \/>\n\t<meta property=\"og:image:type\" content=\"image\/jpeg\" \/>\n<meta name=\"twitter:card\" content=\"summary_large_image\" \/>\n<meta name=\"twitter:label1\" content=\"Est. reading time\" \/>\n\t<meta name=\"twitter:data1\" content=\"1 minute\" \/>\n<script type=\"application\/ld+json\" class=\"yoast-schema-graph\">{\"@context\":\"https:\/\/schema.org\",\"@graph\":[{\"@type\":\"WebPage\",\"@id\":\"https:\/\/librairie7l.com\/en\/produit\/les-mots-de-la-mode\/\",\"url\":\"https:\/\/librairie7l.com\/en\/produit\/les-mots-de-la-mode\/\",\"name\":\"Les mots de la mode - Librairie 7L\",\"isPartOf\":{\"@id\":\"https:\/\/librairie7l.com\/en\/#website\"},\"datePublished\":\"2024-12-04T08:18:02+00:00\",\"dateModified\":\"2026-04-10T12:24:18+00:00\",\"breadcrumb\":{\"@id\":\"https:\/\/librairie7l.com\/en\/produit\/les-mots-de-la-mode\/#breadcrumb\"},\"inLanguage\":\"en-US\",\"potentialAction\":[{\"@type\":\"ReadAction\",\"target\":[\"https:\/\/librairie7l.com\/en\/produit\/les-mots-de-la-mode\/\"]}]},{\"@type\":\"BreadcrumbList\",\"@id\":\"https:\/\/librairie7l.com\/en\/produit\/les-mots-de-la-mode\/#breadcrumb\",\"itemListElement\":[{\"@type\":\"ListItem\",\"position\":1,\"name\":\"Accueil\",\"item\":\"https:\/\/librairie7l.com\/en\/\"},{\"@type\":\"ListItem\",\"position\":2,\"name\":\"Shop\",\"item\":\"https:\/\/librairie7l.com\/en\/shop\/\"},{\"@type\":\"ListItem\",\"position\":3,\"name\":\"LES MOTS DE LA MODE\"}]},{\"@type\":\"WebSite\",\"@id\":\"https:\/\/librairie7l.com\/en\/#website\",\"url\":\"https:\/\/librairie7l.com\/en\/\",\"name\":\"Librairie 7L\",\"description\":\"Librairie fond\u00e9e en 1999 par Karl Lagerfeld \u00e0 Paris\",\"publisher\":{\"@id\":\"https:\/\/librairie7l.com\/en\/#organization\"},\"potentialAction\":[{\"@type\":\"SearchAction\",\"target\":{\"@type\":\"EntryPoint\",\"urlTemplate\":\"https:\/\/librairie7l.com\/en\/?s={search_term_string}\"},\"query-input\":\"required name=search_term_string\"}],\"inLanguage\":\"en-US\"},{\"@type\":\"Organization\",\"@id\":\"https:\/\/librairie7l.com\/en\/#organization\",\"name\":\"Librairie 7L\",\"url\":\"https:\/\/librairie7l.com\/en\/\",\"logo\":{\"@type\":\"ImageObject\",\"inLanguage\":\"en-US\",\"@id\":\"https:\/\/librairie7l.com\/en\/#\/schema\/logo\/image\/\",\"url\":\"https:\/\/librairie7l.com\/wp-content\/uploads\/2022\/08\/logo-1.png\",\"contentUrl\":\"https:\/\/librairie7l.com\/wp-content\/uploads\/2022\/08\/logo-1.png\",\"width\":227,\"height\":301,\"caption\":\"Librairie 7L\"},\"image\":{\"@id\":\"https:\/\/librairie7l.com\/en\/#\/schema\/logo\/image\/\"}}]}<\/script>\n<!-- \/ Yoast SEO plugin. -->","yoast_head_json":{"title":"Les mots de la mode - Librairie 7L","robots":{"index":"index","follow":"follow","max-snippet":"max-snippet:-1","max-image-preview":"max-image-preview:large","max-video-preview":"max-video-preview:-1"},"canonical":"https:\/\/librairie7l.com\/en\/produit\/les-mots-de-la-mode\/","og_locale":"en_US","og_type":"article","og_title":"Les mots de la mode - Librairie 7L","og_description":"Le principe des mots est de choisir au sein des collections permanentes des mus\u00e9es de la ville de paris une soixantaine d&#8217;oeuvres d&#8217;art. Les reproductions privil\u00e9gient les d\u00e9tails r\u00e9v\u00e9lateurs ; en regard de l&#8217;illustration, soixante d\u00e9finitions cr\u00e9ent un jeu de correspondances. chaque texte offre ainsi la possibilit\u00e9 d&#8217;entrer plus avant dans l&#8217;intimit\u00e9 des oeuvres &#8211; [&hellip;]","og_url":"https:\/\/librairie7l.com\/en\/produit\/les-mots-de-la-mode\/","og_site_name":"Librairie 7L","article_modified_time":"2026-04-10T12:24:18+00:00","og_image":[{"width":438,"height":603,"url":"https:\/\/librairie7l.com\/wp-content\/uploads\/1998\/09\/9782742720224_1_75.jpg","type":"image\/jpeg"}],"twitter_card":"summary_large_image","twitter_misc":{"Est. reading time":"1 minute"},"schema":{"@context":"https:\/\/schema.org","@graph":[{"@type":"WebPage","@id":"https:\/\/librairie7l.com\/en\/produit\/les-mots-de-la-mode\/","url":"https:\/\/librairie7l.com\/en\/produit\/les-mots-de-la-mode\/","name":"Les mots de la mode - Librairie 7L","isPartOf":{"@id":"https:\/\/librairie7l.com\/en\/#website"},"datePublished":"2024-12-04T08:18:02+00:00","dateModified":"2026-04-10T12:24:18+00:00","breadcrumb":{"@id":"https:\/\/librairie7l.com\/en\/produit\/les-mots-de-la-mode\/#breadcrumb"},"inLanguage":"en-US","potentialAction":[{"@type":"ReadAction","target":["https:\/\/librairie7l.com\/en\/produit\/les-mots-de-la-mode\/"]}]},{"@type":"BreadcrumbList","@id":"https:\/\/librairie7l.com\/en\/produit\/les-mots-de-la-mode\/#breadcrumb","itemListElement":[{"@type":"ListItem","position":1,"name":"Accueil","item":"https:\/\/librairie7l.com\/en\/"},{"@type":"ListItem","position":2,"name":"Shop","item":"https:\/\/librairie7l.com\/en\/shop\/"},{"@type":"ListItem","position":3,"name":"LES MOTS DE LA MODE"}]},{"@type":"WebSite","@id":"https:\/\/librairie7l.com\/en\/#website","url":"https:\/\/librairie7l.com\/en\/","name":"Librairie 7L","description":"Librairie fond\u00e9e en 1999 par Karl Lagerfeld \u00e0 Paris","publisher":{"@id":"https:\/\/librairie7l.com\/en\/#organization"},"potentialAction":[{"@type":"SearchAction","target":{"@type":"EntryPoint","urlTemplate":"https:\/\/librairie7l.com\/en\/?s={search_term_string}"},"query-input":"required name=search_term_string"}],"inLanguage":"en-US"},{"@type":"Organization","@id":"https:\/\/librairie7l.com\/en\/#organization","name":"Librairie 7L","url":"https:\/\/librairie7l.com\/en\/","logo":{"@type":"ImageObject","inLanguage":"en-US","@id":"https:\/\/librairie7l.com\/en\/#\/schema\/logo\/image\/","url":"https:\/\/librairie7l.com\/wp-content\/uploads\/2022\/08\/logo-1.png","contentUrl":"https:\/\/librairie7l.com\/wp-content\/uploads\/2022\/08\/logo-1.png","width":227,"height":301,"caption":"Librairie 7L"},"image":{"@id":"https:\/\/librairie7l.com\/en\/#\/schema\/logo\/image\/"}}]}},"_links":{"self":[{"href":"https:\/\/librairie7l.com\/en\/wp-json\/wp\/v2\/product\/38785"}],"collection":[{"href":"https:\/\/librairie7l.com\/en\/wp-json\/wp\/v2\/product"}],"about":[{"href":"https:\/\/librairie7l.com\/en\/wp-json\/wp\/v2\/types\/product"}],"wp:featuredmedia":[{"embeddable":true,"href":"https:\/\/librairie7l.com\/en\/wp-json\/wp\/v2\/media\/38783"}],"wp:attachment":[{"href":"https:\/\/librairie7l.com\/en\/wp-json\/wp\/v2\/media?parent=38785"}],"wp:term":[{"taxonomy":"product_cat","embeddable":true,"href":"https:\/\/librairie7l.com\/en\/wp-json\/wp\/v2\/product_cat?post=38785"},{"taxonomy":"product_tag","embeddable":true,"href":"https:\/\/librairie7l.com\/en\/wp-json\/wp\/v2\/product_tag?post=38785"}],"curies":[{"name":"wp","href":"https:\/\/api.w.org\/{rel}","templated":true}]}}