{"id":38797,"date":"2024-06-26T10:36:22","date_gmt":"2024-06-26T08:36:22","guid":{"rendered":"https:\/\/librairie7l.com\/?post_type=product&#038;p=38797"},"modified":"2026-04-22T03:06:12","modified_gmt":"2026-04-22T01:06:12","slug":"plages-et-calanques-de-marseille","status":"publish","type":"product","link":"https:\/\/librairie7l.com\/en\/produit\/plages-et-calanques-de-marseille\/","title":{"rendered":"PLAGES ET CALANQUES DE MARSEILLE"},"content":{"rendered":"<p>En tout Marseillais sommeille un plagiste tant le culte du corps est omnipr\u00e9sent dans la vieille cit\u00e9 m\u00e9diterran\u00e9enne. D\u00e8s les beaux jours, on bronze et on plonge ; ce n&#8217;est pas le moindre charme de la ville. Les baigneurs pr\u00e9f\u00e8rent souvent les calanques aux \u00e9tendues sablonneuses m\u00eame si ces derni\u00e8res ont augment\u00e9 en nombre et sont bien mieux tenues qu&#8217;elles n&#8217;\u00e9taient. Quoi qu&#8217;il en soit, ce livre s&#8217;int\u00e9resse aussi bien aux unes qu&#8217;aux autres.<br \/>\nLe panorama veut \u00eatre en effet le plus complet possible, quitte \u00e0 prendre quelques libert\u00e9s avec les fronti\u00e8res administratives. Sont ainsi successivement pass\u00e9es en revue les plages dans Marseille (du Vieux Port \u00e0 Callelongue), la c\u00f4te Bleue (de l&#8217;Estaque \u00e0 Ponteau, \u00e0 l&#8217;ouest de la ville) et les calanques (de Marseilleveyre \u00e0 Cassis, \u00e0 l&#8217;est).<br \/>\nChaque site est photographi\u00e9, d\u00e9crit de mani\u00e8re pratique (acc\u00e8s, fr\u00e9quentation, douches, restauration&#8230;) et vivante, l auteur \u00e9voquant les histoires, les anecdotes ou m\u00eame des souvenirs personnels donnant un aper\u00e7u de l esprit des lieux.<\/p>\n","protected":false},"excerpt":{"rendered":"<p>En tout Marseillais sommeille un plagiste tant le culte du corps est omnipr\u00e9sent dans la vieille cit\u00e9 m\u00e9diterran\u00e9enne. D\u00e8s les beaux jours, on bronze et on plonge ; ce n&#8217;est pas le moindre charme de la ville. Les baigneurs pr\u00e9f\u00e8rent souvent les calanques aux \u00e9tendues sablonneuses m\u00eame si ces derni\u00e8res ont augment\u00e9 en nombre et [&hellip;]<\/p>\n","protected":false},"featured_media":38795,"template":"","meta":[],"product_cat":[2948,2958],"product_tag":[],"acf":[],"yoast_head":"<!-- This site is optimized with the Yoast SEO plugin v20.11 - https:\/\/yoast.com\/wordpress\/plugins\/seo\/ -->\n<title>Plages et calanques de Marseille - Librairie 7L<\/title>\n<meta name=\"robots\" content=\"index, follow, max-snippet:-1, max-image-preview:large, max-video-preview:-1\" \/>\n<link rel=\"canonical\" href=\"https:\/\/librairie7l.com\/en\/produit\/plages-et-calanques-de-marseille\/\" \/>\n<meta property=\"og:locale\" content=\"en_US\" \/>\n<meta property=\"og:type\" content=\"article\" \/>\n<meta property=\"og:title\" content=\"Plages et calanques de Marseille - Librairie 7L\" \/>\n<meta property=\"og:description\" content=\"En tout Marseillais sommeille un plagiste tant le culte du corps est omnipr\u00e9sent dans la vieille cit\u00e9 m\u00e9diterran\u00e9enne. D\u00e8s les beaux jours, on bronze et on plonge ; ce n&#8217;est pas le moindre charme de la ville. Les baigneurs pr\u00e9f\u00e8rent souvent les calanques aux \u00e9tendues sablonneuses m\u00eame si ces derni\u00e8res ont augment\u00e9 en nombre et [&hellip;]\" \/>\n<meta property=\"og:url\" content=\"https:\/\/librairie7l.com\/en\/produit\/plages-et-calanques-de-marseille\/\" \/>\n<meta property=\"og:site_name\" content=\"Librairie 7L\" \/>\n<meta property=\"article:modified_time\" content=\"2026-04-22T01:06:12+00:00\" \/>\n<meta property=\"og:image\" content=\"https:\/\/librairie7l.com\/wp-content\/uploads\/2008\/02\/9782351790205_1_75.jpg\" \/>\n\t<meta property=\"og:image:width\" content=\"295\" \/>\n\t<meta property=\"og:image:height\" content=\"436\" \/>\n\t<meta property=\"og:image:type\" content=\"image\/jpeg\" \/>\n<meta name=\"twitter:card\" content=\"summary_large_image\" \/>\n<meta name=\"twitter:label1\" content=\"Est. reading time\" \/>\n\t<meta name=\"twitter:data1\" content=\"1 minute\" \/>\n<script type=\"application\/ld+json\" class=\"yoast-schema-graph\">{\"@context\":\"https:\/\/schema.org\",\"@graph\":[{\"@type\":\"WebPage\",\"@id\":\"https:\/\/librairie7l.com\/en\/produit\/plages-et-calanques-de-marseille\/\",\"url\":\"https:\/\/librairie7l.com\/en\/produit\/plages-et-calanques-de-marseille\/\",\"name\":\"Plages et calanques de Marseille - Librairie 7L\",\"isPartOf\":{\"@id\":\"https:\/\/librairie7l.com\/en\/#website\"},\"datePublished\":\"2024-06-26T08:36:22+00:00\",\"dateModified\":\"2026-04-22T01:06:12+00:00\",\"breadcrumb\":{\"@id\":\"https:\/\/librairie7l.com\/en\/produit\/plages-et-calanques-de-marseille\/#breadcrumb\"},\"inLanguage\":\"en-US\",\"potentialAction\":[{\"@type\":\"ReadAction\",\"target\":[\"https:\/\/librairie7l.com\/en\/produit\/plages-et-calanques-de-marseille\/\"]}]},{\"@type\":\"BreadcrumbList\",\"@id\":\"https:\/\/librairie7l.com\/en\/produit\/plages-et-calanques-de-marseille\/#breadcrumb\",\"itemListElement\":[{\"@type\":\"ListItem\",\"position\":1,\"name\":\"Accueil\",\"item\":\"https:\/\/librairie7l.com\/en\/\"},{\"@type\":\"ListItem\",\"position\":2,\"name\":\"Shop\",\"item\":\"https:\/\/librairie7l.com\/en\/shop\/\"},{\"@type\":\"ListItem\",\"position\":3,\"name\":\"PLAGES ET CALANQUES DE MARSEILLE\"}]},{\"@type\":\"WebSite\",\"@id\":\"https:\/\/librairie7l.com\/en\/#website\",\"url\":\"https:\/\/librairie7l.com\/en\/\",\"name\":\"Librairie 7L\",\"description\":\"Librairie fond\u00e9e en 1999 par Karl Lagerfeld \u00e0 Paris\",\"publisher\":{\"@id\":\"https:\/\/librairie7l.com\/en\/#organization\"},\"potentialAction\":[{\"@type\":\"SearchAction\",\"target\":{\"@type\":\"EntryPoint\",\"urlTemplate\":\"https:\/\/librairie7l.com\/en\/?s={search_term_string}\"},\"query-input\":\"required name=search_term_string\"}],\"inLanguage\":\"en-US\"},{\"@type\":\"Organization\",\"@id\":\"https:\/\/librairie7l.com\/en\/#organization\",\"name\":\"Librairie 7L\",\"url\":\"https:\/\/librairie7l.com\/en\/\",\"logo\":{\"@type\":\"ImageObject\",\"inLanguage\":\"en-US\",\"@id\":\"https:\/\/librairie7l.com\/en\/#\/schema\/logo\/image\/\",\"url\":\"https:\/\/librairie7l.com\/wp-content\/uploads\/2022\/08\/logo-1.png\",\"contentUrl\":\"https:\/\/librairie7l.com\/wp-content\/uploads\/2022\/08\/logo-1.png\",\"width\":227,\"height\":301,\"caption\":\"Librairie 7L\"},\"image\":{\"@id\":\"https:\/\/librairie7l.com\/en\/#\/schema\/logo\/image\/\"}}]}<\/script>\n<!-- \/ Yoast SEO plugin. -->","yoast_head_json":{"title":"Plages et calanques de Marseille - Librairie 7L","robots":{"index":"index","follow":"follow","max-snippet":"max-snippet:-1","max-image-preview":"max-image-preview:large","max-video-preview":"max-video-preview:-1"},"canonical":"https:\/\/librairie7l.com\/en\/produit\/plages-et-calanques-de-marseille\/","og_locale":"en_US","og_type":"article","og_title":"Plages et calanques de Marseille - Librairie 7L","og_description":"En tout Marseillais sommeille un plagiste tant le culte du corps est omnipr\u00e9sent dans la vieille cit\u00e9 m\u00e9diterran\u00e9enne. D\u00e8s les beaux jours, on bronze et on plonge ; ce n&#8217;est pas le moindre charme de la ville. Les baigneurs pr\u00e9f\u00e8rent souvent les calanques aux \u00e9tendues sablonneuses m\u00eame si ces derni\u00e8res ont augment\u00e9 en nombre et [&hellip;]","og_url":"https:\/\/librairie7l.com\/en\/produit\/plages-et-calanques-de-marseille\/","og_site_name":"Librairie 7L","article_modified_time":"2026-04-22T01:06:12+00:00","og_image":[{"width":295,"height":436,"url":"https:\/\/librairie7l.com\/wp-content\/uploads\/2008\/02\/9782351790205_1_75.jpg","type":"image\/jpeg"}],"twitter_card":"summary_large_image","twitter_misc":{"Est. reading time":"1 minute"},"schema":{"@context":"https:\/\/schema.org","@graph":[{"@type":"WebPage","@id":"https:\/\/librairie7l.com\/en\/produit\/plages-et-calanques-de-marseille\/","url":"https:\/\/librairie7l.com\/en\/produit\/plages-et-calanques-de-marseille\/","name":"Plages et calanques de Marseille - Librairie 7L","isPartOf":{"@id":"https:\/\/librairie7l.com\/en\/#website"},"datePublished":"2024-06-26T08:36:22+00:00","dateModified":"2026-04-22T01:06:12+00:00","breadcrumb":{"@id":"https:\/\/librairie7l.com\/en\/produit\/plages-et-calanques-de-marseille\/#breadcrumb"},"inLanguage":"en-US","potentialAction":[{"@type":"ReadAction","target":["https:\/\/librairie7l.com\/en\/produit\/plages-et-calanques-de-marseille\/"]}]},{"@type":"BreadcrumbList","@id":"https:\/\/librairie7l.com\/en\/produit\/plages-et-calanques-de-marseille\/#breadcrumb","itemListElement":[{"@type":"ListItem","position":1,"name":"Accueil","item":"https:\/\/librairie7l.com\/en\/"},{"@type":"ListItem","position":2,"name":"Shop","item":"https:\/\/librairie7l.com\/en\/shop\/"},{"@type":"ListItem","position":3,"name":"PLAGES ET CALANQUES DE MARSEILLE"}]},{"@type":"WebSite","@id":"https:\/\/librairie7l.com\/en\/#website","url":"https:\/\/librairie7l.com\/en\/","name":"Librairie 7L","description":"Librairie fond\u00e9e en 1999 par Karl Lagerfeld \u00e0 Paris","publisher":{"@id":"https:\/\/librairie7l.com\/en\/#organization"},"potentialAction":[{"@type":"SearchAction","target":{"@type":"EntryPoint","urlTemplate":"https:\/\/librairie7l.com\/en\/?s={search_term_string}"},"query-input":"required name=search_term_string"}],"inLanguage":"en-US"},{"@type":"Organization","@id":"https:\/\/librairie7l.com\/en\/#organization","name":"Librairie 7L","url":"https:\/\/librairie7l.com\/en\/","logo":{"@type":"ImageObject","inLanguage":"en-US","@id":"https:\/\/librairie7l.com\/en\/#\/schema\/logo\/image\/","url":"https:\/\/librairie7l.com\/wp-content\/uploads\/2022\/08\/logo-1.png","contentUrl":"https:\/\/librairie7l.com\/wp-content\/uploads\/2022\/08\/logo-1.png","width":227,"height":301,"caption":"Librairie 7L"},"image":{"@id":"https:\/\/librairie7l.com\/en\/#\/schema\/logo\/image\/"}}]}},"_links":{"self":[{"href":"https:\/\/librairie7l.com\/en\/wp-json\/wp\/v2\/product\/38797"}],"collection":[{"href":"https:\/\/librairie7l.com\/en\/wp-json\/wp\/v2\/product"}],"about":[{"href":"https:\/\/librairie7l.com\/en\/wp-json\/wp\/v2\/types\/product"}],"wp:featuredmedia":[{"embeddable":true,"href":"https:\/\/librairie7l.com\/en\/wp-json\/wp\/v2\/media\/38795"}],"wp:attachment":[{"href":"https:\/\/librairie7l.com\/en\/wp-json\/wp\/v2\/media?parent=38797"}],"wp:term":[{"taxonomy":"product_cat","embeddable":true,"href":"https:\/\/librairie7l.com\/en\/wp-json\/wp\/v2\/product_cat?post=38797"},{"taxonomy":"product_tag","embeddable":true,"href":"https:\/\/librairie7l.com\/en\/wp-json\/wp\/v2\/product_tag?post=38797"}],"curies":[{"name":"wp","href":"https:\/\/api.w.org\/{rel}","templated":true}]}}