{"id":38809,"date":"2024-12-11T09:18:07","date_gmt":"2024-12-11T08:18:07","guid":{"rendered":"https:\/\/librairie7l.com\/?post_type=product&#038;p=38809"},"modified":"2026-04-17T09:06:42","modified_gmt":"2026-04-17T07:06:42","slug":"19th-century-fashion-in-detail","status":"publish","type":"product","link":"https:\/\/librairie7l.com\/en\/produit\/19th-century-fashion-in-detail\/","title":{"rendered":"19TH CENTURY FASHION IN DETAIL"},"content":{"rendered":"<p>Le Victoria &amp; Albert Museum d\u00e9tient un ensemble unique de v\u00eatements du XIXe si\u00e8cle, souvent trop fragiles pour \u00eatre montr\u00e9s au public. Avec des photos de d\u00e9tails et des sch\u00e9mas techniques, cet ouvrage pr\u00e9sente cette importante collection de mani\u00e8re \u00e0 mettre en avant la confection des pi\u00e8ces en diff\u00e9rentes \u00e9tapes : assemblages, coupes, ajustages, impression textiles, broderies, innovations techniques, boutons et attaches, collets, manches et poches.<\/p>\n","protected":false},"excerpt":{"rendered":"<p>Le Victoria &amp; Albert Museum d\u00e9tient un ensemble unique de v\u00eatements du XIXe si\u00e8cle, souvent trop fragiles pour \u00eatre montr\u00e9s au public. Avec des photos de d\u00e9tails et des sch\u00e9mas techniques, cet ouvrage pr\u00e9sente cette importante collection de mani\u00e8re \u00e0 mettre en avant la confection des pi\u00e8ces en diff\u00e9rentes \u00e9tapes : assemblages, coupes, ajustages, impression [&hellip;]<\/p>\n","protected":false},"featured_media":38807,"template":"","meta":[],"product_cat":[2948,2957],"product_tag":[],"acf":[],"yoast_head":"<!-- This site is optimized with the Yoast SEO plugin v20.11 - https:\/\/yoast.com\/wordpress\/plugins\/seo\/ -->\n<title>19th century fashion in detail - Librairie 7L<\/title>\n<meta name=\"robots\" content=\"index, follow, max-snippet:-1, max-image-preview:large, max-video-preview:-1\" \/>\n<link rel=\"canonical\" href=\"https:\/\/librairie7l.com\/en\/produit\/19th-century-fashion-in-detail\/\" \/>\n<meta property=\"og:locale\" content=\"en_US\" \/>\n<meta property=\"og:type\" content=\"article\" \/>\n<meta property=\"og:title\" content=\"19th century fashion in detail - Librairie 7L\" \/>\n<meta property=\"og:description\" content=\"Le Victoria &amp; Albert Museum d\u00e9tient un ensemble unique de v\u00eatements du XIXe si\u00e8cle, souvent trop fragiles pour \u00eatre montr\u00e9s au public. Avec des photos de d\u00e9tails et des sch\u00e9mas techniques, cet ouvrage pr\u00e9sente cette importante collection de mani\u00e8re \u00e0 mettre en avant la confection des pi\u00e8ces en diff\u00e9rentes \u00e9tapes : assemblages, coupes, ajustages, impression [&hellip;]\" \/>\n<meta property=\"og:url\" content=\"https:\/\/librairie7l.com\/en\/produit\/19th-century-fashion-in-detail\/\" \/>\n<meta property=\"og:site_name\" content=\"Librairie 7L\" \/>\n<meta property=\"article:modified_time\" content=\"2026-04-17T07:06:42+00:00\" \/>\n<meta property=\"og:image\" content=\"https:\/\/librairie7l.com\/wp-content\/uploads\/2016\/07\/9780500292648_1_75.jpg\" \/>\n\t<meta property=\"og:image:width\" content=\"392\" \/>\n\t<meta property=\"og:image:height\" content=\"500\" \/>\n\t<meta property=\"og:image:type\" content=\"image\/jpeg\" \/>\n<meta name=\"twitter:card\" content=\"summary_large_image\" \/>\n<script type=\"application\/ld+json\" class=\"yoast-schema-graph\">{\"@context\":\"https:\/\/schema.org\",\"@graph\":[{\"@type\":\"WebPage\",\"@id\":\"https:\/\/librairie7l.com\/en\/produit\/19th-century-fashion-in-detail\/\",\"url\":\"https:\/\/librairie7l.com\/en\/produit\/19th-century-fashion-in-detail\/\",\"name\":\"19th century fashion in detail - Librairie 7L\",\"isPartOf\":{\"@id\":\"https:\/\/librairie7l.com\/en\/#website\"},\"datePublished\":\"2024-12-11T08:18:07+00:00\",\"dateModified\":\"2026-04-17T07:06:42+00:00\",\"breadcrumb\":{\"@id\":\"https:\/\/librairie7l.com\/en\/produit\/19th-century-fashion-in-detail\/#breadcrumb\"},\"inLanguage\":\"en-US\",\"potentialAction\":[{\"@type\":\"ReadAction\",\"target\":[\"https:\/\/librairie7l.com\/en\/produit\/19th-century-fashion-in-detail\/\"]}]},{\"@type\":\"BreadcrumbList\",\"@id\":\"https:\/\/librairie7l.com\/en\/produit\/19th-century-fashion-in-detail\/#breadcrumb\",\"itemListElement\":[{\"@type\":\"ListItem\",\"position\":1,\"name\":\"Accueil\",\"item\":\"https:\/\/librairie7l.com\/en\/\"},{\"@type\":\"ListItem\",\"position\":2,\"name\":\"Shop\",\"item\":\"https:\/\/librairie7l.com\/en\/shop\/\"},{\"@type\":\"ListItem\",\"position\":3,\"name\":\"19TH CENTURY FASHION IN DETAIL\"}]},{\"@type\":\"WebSite\",\"@id\":\"https:\/\/librairie7l.com\/en\/#website\",\"url\":\"https:\/\/librairie7l.com\/en\/\",\"name\":\"Librairie 7L\",\"description\":\"Librairie fond\u00e9e en 1999 par Karl Lagerfeld \u00e0 Paris\",\"publisher\":{\"@id\":\"https:\/\/librairie7l.com\/en\/#organization\"},\"potentialAction\":[{\"@type\":\"SearchAction\",\"target\":{\"@type\":\"EntryPoint\",\"urlTemplate\":\"https:\/\/librairie7l.com\/en\/?s={search_term_string}\"},\"query-input\":\"required name=search_term_string\"}],\"inLanguage\":\"en-US\"},{\"@type\":\"Organization\",\"@id\":\"https:\/\/librairie7l.com\/en\/#organization\",\"name\":\"Librairie 7L\",\"url\":\"https:\/\/librairie7l.com\/en\/\",\"logo\":{\"@type\":\"ImageObject\",\"inLanguage\":\"en-US\",\"@id\":\"https:\/\/librairie7l.com\/en\/#\/schema\/logo\/image\/\",\"url\":\"https:\/\/librairie7l.com\/wp-content\/uploads\/2022\/08\/logo-1.png\",\"contentUrl\":\"https:\/\/librairie7l.com\/wp-content\/uploads\/2022\/08\/logo-1.png\",\"width\":227,\"height\":301,\"caption\":\"Librairie 7L\"},\"image\":{\"@id\":\"https:\/\/librairie7l.com\/en\/#\/schema\/logo\/image\/\"}}]}<\/script>\n<!-- \/ Yoast SEO plugin. -->","yoast_head_json":{"title":"19th century fashion in detail - Librairie 7L","robots":{"index":"index","follow":"follow","max-snippet":"max-snippet:-1","max-image-preview":"max-image-preview:large","max-video-preview":"max-video-preview:-1"},"canonical":"https:\/\/librairie7l.com\/en\/produit\/19th-century-fashion-in-detail\/","og_locale":"en_US","og_type":"article","og_title":"19th century fashion in detail - Librairie 7L","og_description":"Le Victoria &amp; Albert Museum d\u00e9tient un ensemble unique de v\u00eatements du XIXe si\u00e8cle, souvent trop fragiles pour \u00eatre montr\u00e9s au public. Avec des photos de d\u00e9tails et des sch\u00e9mas techniques, cet ouvrage pr\u00e9sente cette importante collection de mani\u00e8re \u00e0 mettre en avant la confection des pi\u00e8ces en diff\u00e9rentes \u00e9tapes : assemblages, coupes, ajustages, impression [&hellip;]","og_url":"https:\/\/librairie7l.com\/en\/produit\/19th-century-fashion-in-detail\/","og_site_name":"Librairie 7L","article_modified_time":"2026-04-17T07:06:42+00:00","og_image":[{"width":392,"height":500,"url":"https:\/\/librairie7l.com\/wp-content\/uploads\/2016\/07\/9780500292648_1_75.jpg","type":"image\/jpeg"}],"twitter_card":"summary_large_image","schema":{"@context":"https:\/\/schema.org","@graph":[{"@type":"WebPage","@id":"https:\/\/librairie7l.com\/en\/produit\/19th-century-fashion-in-detail\/","url":"https:\/\/librairie7l.com\/en\/produit\/19th-century-fashion-in-detail\/","name":"19th century fashion in detail - Librairie 7L","isPartOf":{"@id":"https:\/\/librairie7l.com\/en\/#website"},"datePublished":"2024-12-11T08:18:07+00:00","dateModified":"2026-04-17T07:06:42+00:00","breadcrumb":{"@id":"https:\/\/librairie7l.com\/en\/produit\/19th-century-fashion-in-detail\/#breadcrumb"},"inLanguage":"en-US","potentialAction":[{"@type":"ReadAction","target":["https:\/\/librairie7l.com\/en\/produit\/19th-century-fashion-in-detail\/"]}]},{"@type":"BreadcrumbList","@id":"https:\/\/librairie7l.com\/en\/produit\/19th-century-fashion-in-detail\/#breadcrumb","itemListElement":[{"@type":"ListItem","position":1,"name":"Accueil","item":"https:\/\/librairie7l.com\/en\/"},{"@type":"ListItem","position":2,"name":"Shop","item":"https:\/\/librairie7l.com\/en\/shop\/"},{"@type":"ListItem","position":3,"name":"19TH CENTURY FASHION IN DETAIL"}]},{"@type":"WebSite","@id":"https:\/\/librairie7l.com\/en\/#website","url":"https:\/\/librairie7l.com\/en\/","name":"Librairie 7L","description":"Librairie fond\u00e9e en 1999 par Karl Lagerfeld \u00e0 Paris","publisher":{"@id":"https:\/\/librairie7l.com\/en\/#organization"},"potentialAction":[{"@type":"SearchAction","target":{"@type":"EntryPoint","urlTemplate":"https:\/\/librairie7l.com\/en\/?s={search_term_string}"},"query-input":"required name=search_term_string"}],"inLanguage":"en-US"},{"@type":"Organization","@id":"https:\/\/librairie7l.com\/en\/#organization","name":"Librairie 7L","url":"https:\/\/librairie7l.com\/en\/","logo":{"@type":"ImageObject","inLanguage":"en-US","@id":"https:\/\/librairie7l.com\/en\/#\/schema\/logo\/image\/","url":"https:\/\/librairie7l.com\/wp-content\/uploads\/2022\/08\/logo-1.png","contentUrl":"https:\/\/librairie7l.com\/wp-content\/uploads\/2022\/08\/logo-1.png","width":227,"height":301,"caption":"Librairie 7L"},"image":{"@id":"https:\/\/librairie7l.com\/en\/#\/schema\/logo\/image\/"}}]}},"_links":{"self":[{"href":"https:\/\/librairie7l.com\/en\/wp-json\/wp\/v2\/product\/38809"}],"collection":[{"href":"https:\/\/librairie7l.com\/en\/wp-json\/wp\/v2\/product"}],"about":[{"href":"https:\/\/librairie7l.com\/en\/wp-json\/wp\/v2\/types\/product"}],"wp:featuredmedia":[{"embeddable":true,"href":"https:\/\/librairie7l.com\/en\/wp-json\/wp\/v2\/media\/38807"}],"wp:attachment":[{"href":"https:\/\/librairie7l.com\/en\/wp-json\/wp\/v2\/media?parent=38809"}],"wp:term":[{"taxonomy":"product_cat","embeddable":true,"href":"https:\/\/librairie7l.com\/en\/wp-json\/wp\/v2\/product_cat?post=38809"},{"taxonomy":"product_tag","embeddable":true,"href":"https:\/\/librairie7l.com\/en\/wp-json\/wp\/v2\/product_tag?post=38809"}],"curies":[{"name":"wp","href":"https:\/\/api.w.org\/{rel}","templated":true}]}}