{"id":38813,"date":"2024-02-09T09:47:47","date_gmt":"2024-02-09T08:47:47","guid":{"rendered":"https:\/\/librairie7l.com\/?post_type=product&#038;p=38813"},"modified":"2026-04-23T20:07:10","modified_gmt":"2026-04-23T18:07:10","slug":"material-matters-wood-creative-applications-of-common-materials","status":"publish","type":"product","link":"https:\/\/librairie7l.com\/en\/produit\/material-matters-wood-creative-applications-of-common-materials\/","title":{"rendered":"MATERIAL MATTERS &#8211; WOOD: CREATIVE APPLICATIONS OF COMMON MATERIALS"},"content":{"rendered":"<p>La s\u00e9rie &#8220;Material Matters&#8221; pr\u00e9sente des applications \u00e9tonnantes de 4 types de mat\u00e9riaux diff\u00e9rents &#8211; le bois, le m\u00e9tal, la pierre et le papier &#8211; sur une vari\u00e9t\u00e9 de supports. Dans ce volume d\u00e9di\u00e9 au bois, l&#8217;auteur explore les mani\u00e8res avec lesquelles chacune des caract\u00e9ristiques uniques de ce mat\u00e9riel ont \u00e9t\u00e9 intelligemment manipul\u00e9es par des artistes ou des designers dans la conception et r\u00e9alisation de projets cr\u00e9atifs.<\/p>\n","protected":false},"excerpt":{"rendered":"<p>La s\u00e9rie &#8220;Material Matters&#8221; pr\u00e9sente des applications \u00e9tonnantes de 4 types de mat\u00e9riaux diff\u00e9rents &#8211; le bois, le m\u00e9tal, la pierre et le papier &#8211; sur une vari\u00e9t\u00e9 de supports. Dans ce volume d\u00e9di\u00e9 au bois, l&#8217;auteur explore les mani\u00e8res avec lesquelles chacune des caract\u00e9ristiques uniques de ce mat\u00e9riel ont \u00e9t\u00e9 intelligemment manipul\u00e9es par des [&hellip;]<\/p>\n","protected":false},"featured_media":38811,"template":"","meta":[],"product_cat":[2948,2952],"product_tag":[],"acf":[],"yoast_head":"<!-- This site is optimized with the Yoast SEO plugin v20.11 - https:\/\/yoast.com\/wordpress\/plugins\/seo\/ -->\n<title>Material matters - wood: creative applications of common materials - Librairie 7L<\/title>\n<meta name=\"robots\" content=\"index, follow, max-snippet:-1, max-image-preview:large, max-video-preview:-1\" \/>\n<link rel=\"canonical\" href=\"https:\/\/librairie7l.com\/en\/produit\/material-matters-wood-creative-applications-of-common-materials\/\" \/>\n<meta property=\"og:locale\" content=\"en_US\" \/>\n<meta property=\"og:type\" content=\"article\" \/>\n<meta property=\"og:title\" content=\"Material matters - wood: creative applications of common materials - Librairie 7L\" \/>\n<meta property=\"og:description\" content=\"La s\u00e9rie &#8220;Material Matters&#8221; pr\u00e9sente des applications \u00e9tonnantes de 4 types de mat\u00e9riaux diff\u00e9rents &#8211; le bois, le m\u00e9tal, la pierre et le papier &#8211; sur une vari\u00e9t\u00e9 de supports. Dans ce volume d\u00e9di\u00e9 au bois, l&#8217;auteur explore les mani\u00e8res avec lesquelles chacune des caract\u00e9ristiques uniques de ce mat\u00e9riel ont \u00e9t\u00e9 intelligemment manipul\u00e9es par des [&hellip;]\" \/>\n<meta property=\"og:url\" content=\"https:\/\/librairie7l.com\/en\/produit\/material-matters-wood-creative-applications-of-common-materials\/\" \/>\n<meta property=\"og:site_name\" content=\"Librairie 7L\" \/>\n<meta property=\"article:modified_time\" content=\"2026-04-23T18:07:10+00:00\" \/>\n<meta property=\"og:image\" content=\"https:\/\/librairie7l.com\/wp-content\/uploads\/2018\/12\/9789887903314_1_75.jpg\" \/>\n\t<meta property=\"og:image:width\" content=\"600\" \/>\n\t<meta property=\"og:image:height\" content=\"805\" \/>\n\t<meta property=\"og:image:type\" content=\"image\/jpeg\" \/>\n<meta name=\"twitter:card\" content=\"summary_large_image\" \/>\n<script type=\"application\/ld+json\" class=\"yoast-schema-graph\">{\"@context\":\"https:\/\/schema.org\",\"@graph\":[{\"@type\":\"WebPage\",\"@id\":\"https:\/\/librairie7l.com\/en\/produit\/material-matters-wood-creative-applications-of-common-materials\/\",\"url\":\"https:\/\/librairie7l.com\/en\/produit\/material-matters-wood-creative-applications-of-common-materials\/\",\"name\":\"Material matters - wood: creative applications of common materials - Librairie 7L\",\"isPartOf\":{\"@id\":\"https:\/\/librairie7l.com\/en\/#website\"},\"datePublished\":\"2024-02-09T08:47:47+00:00\",\"dateModified\":\"2026-04-23T18:07:10+00:00\",\"breadcrumb\":{\"@id\":\"https:\/\/librairie7l.com\/en\/produit\/material-matters-wood-creative-applications-of-common-materials\/#breadcrumb\"},\"inLanguage\":\"en-US\",\"potentialAction\":[{\"@type\":\"ReadAction\",\"target\":[\"https:\/\/librairie7l.com\/en\/produit\/material-matters-wood-creative-applications-of-common-materials\/\"]}]},{\"@type\":\"BreadcrumbList\",\"@id\":\"https:\/\/librairie7l.com\/en\/produit\/material-matters-wood-creative-applications-of-common-materials\/#breadcrumb\",\"itemListElement\":[{\"@type\":\"ListItem\",\"position\":1,\"name\":\"Accueil\",\"item\":\"https:\/\/librairie7l.com\/en\/\"},{\"@type\":\"ListItem\",\"position\":2,\"name\":\"Shop\",\"item\":\"https:\/\/librairie7l.com\/en\/shop\/\"},{\"@type\":\"ListItem\",\"position\":3,\"name\":\"MATERIAL MATTERS &#8211; WOOD: CREATIVE APPLICATIONS OF COMMON MATERIALS\"}]},{\"@type\":\"WebSite\",\"@id\":\"https:\/\/librairie7l.com\/en\/#website\",\"url\":\"https:\/\/librairie7l.com\/en\/\",\"name\":\"Librairie 7L\",\"description\":\"Librairie fond\u00e9e en 1999 par Karl Lagerfeld \u00e0 Paris\",\"publisher\":{\"@id\":\"https:\/\/librairie7l.com\/en\/#organization\"},\"potentialAction\":[{\"@type\":\"SearchAction\",\"target\":{\"@type\":\"EntryPoint\",\"urlTemplate\":\"https:\/\/librairie7l.com\/en\/?s={search_term_string}\"},\"query-input\":\"required name=search_term_string\"}],\"inLanguage\":\"en-US\"},{\"@type\":\"Organization\",\"@id\":\"https:\/\/librairie7l.com\/en\/#organization\",\"name\":\"Librairie 7L\",\"url\":\"https:\/\/librairie7l.com\/en\/\",\"logo\":{\"@type\":\"ImageObject\",\"inLanguage\":\"en-US\",\"@id\":\"https:\/\/librairie7l.com\/en\/#\/schema\/logo\/image\/\",\"url\":\"https:\/\/librairie7l.com\/wp-content\/uploads\/2022\/08\/logo-1.png\",\"contentUrl\":\"https:\/\/librairie7l.com\/wp-content\/uploads\/2022\/08\/logo-1.png\",\"width\":227,\"height\":301,\"caption\":\"Librairie 7L\"},\"image\":{\"@id\":\"https:\/\/librairie7l.com\/en\/#\/schema\/logo\/image\/\"}}]}<\/script>\n<!-- \/ Yoast SEO plugin. -->","yoast_head_json":{"title":"Material matters - wood: creative applications of common materials - Librairie 7L","robots":{"index":"index","follow":"follow","max-snippet":"max-snippet:-1","max-image-preview":"max-image-preview:large","max-video-preview":"max-video-preview:-1"},"canonical":"https:\/\/librairie7l.com\/en\/produit\/material-matters-wood-creative-applications-of-common-materials\/","og_locale":"en_US","og_type":"article","og_title":"Material matters - wood: creative applications of common materials - Librairie 7L","og_description":"La s\u00e9rie &#8220;Material Matters&#8221; pr\u00e9sente des applications \u00e9tonnantes de 4 types de mat\u00e9riaux diff\u00e9rents &#8211; le bois, le m\u00e9tal, la pierre et le papier &#8211; sur une vari\u00e9t\u00e9 de supports. Dans ce volume d\u00e9di\u00e9 au bois, l&#8217;auteur explore les mani\u00e8res avec lesquelles chacune des caract\u00e9ristiques uniques de ce mat\u00e9riel ont \u00e9t\u00e9 intelligemment manipul\u00e9es par des [&hellip;]","og_url":"https:\/\/librairie7l.com\/en\/produit\/material-matters-wood-creative-applications-of-common-materials\/","og_site_name":"Librairie 7L","article_modified_time":"2026-04-23T18:07:10+00:00","og_image":[{"width":600,"height":805,"url":"https:\/\/librairie7l.com\/wp-content\/uploads\/2018\/12\/9789887903314_1_75.jpg","type":"image\/jpeg"}],"twitter_card":"summary_large_image","schema":{"@context":"https:\/\/schema.org","@graph":[{"@type":"WebPage","@id":"https:\/\/librairie7l.com\/en\/produit\/material-matters-wood-creative-applications-of-common-materials\/","url":"https:\/\/librairie7l.com\/en\/produit\/material-matters-wood-creative-applications-of-common-materials\/","name":"Material matters - wood: creative applications of common materials - Librairie 7L","isPartOf":{"@id":"https:\/\/librairie7l.com\/en\/#website"},"datePublished":"2024-02-09T08:47:47+00:00","dateModified":"2026-04-23T18:07:10+00:00","breadcrumb":{"@id":"https:\/\/librairie7l.com\/en\/produit\/material-matters-wood-creative-applications-of-common-materials\/#breadcrumb"},"inLanguage":"en-US","potentialAction":[{"@type":"ReadAction","target":["https:\/\/librairie7l.com\/en\/produit\/material-matters-wood-creative-applications-of-common-materials\/"]}]},{"@type":"BreadcrumbList","@id":"https:\/\/librairie7l.com\/en\/produit\/material-matters-wood-creative-applications-of-common-materials\/#breadcrumb","itemListElement":[{"@type":"ListItem","position":1,"name":"Accueil","item":"https:\/\/librairie7l.com\/en\/"},{"@type":"ListItem","position":2,"name":"Shop","item":"https:\/\/librairie7l.com\/en\/shop\/"},{"@type":"ListItem","position":3,"name":"MATERIAL MATTERS &#8211; WOOD: CREATIVE APPLICATIONS OF COMMON MATERIALS"}]},{"@type":"WebSite","@id":"https:\/\/librairie7l.com\/en\/#website","url":"https:\/\/librairie7l.com\/en\/","name":"Librairie 7L","description":"Librairie fond\u00e9e en 1999 par Karl Lagerfeld \u00e0 Paris","publisher":{"@id":"https:\/\/librairie7l.com\/en\/#organization"},"potentialAction":[{"@type":"SearchAction","target":{"@type":"EntryPoint","urlTemplate":"https:\/\/librairie7l.com\/en\/?s={search_term_string}"},"query-input":"required name=search_term_string"}],"inLanguage":"en-US"},{"@type":"Organization","@id":"https:\/\/librairie7l.com\/en\/#organization","name":"Librairie 7L","url":"https:\/\/librairie7l.com\/en\/","logo":{"@type":"ImageObject","inLanguage":"en-US","@id":"https:\/\/librairie7l.com\/en\/#\/schema\/logo\/image\/","url":"https:\/\/librairie7l.com\/wp-content\/uploads\/2022\/08\/logo-1.png","contentUrl":"https:\/\/librairie7l.com\/wp-content\/uploads\/2022\/08\/logo-1.png","width":227,"height":301,"caption":"Librairie 7L"},"image":{"@id":"https:\/\/librairie7l.com\/en\/#\/schema\/logo\/image\/"}}]}},"_links":{"self":[{"href":"https:\/\/librairie7l.com\/en\/wp-json\/wp\/v2\/product\/38813"}],"collection":[{"href":"https:\/\/librairie7l.com\/en\/wp-json\/wp\/v2\/product"}],"about":[{"href":"https:\/\/librairie7l.com\/en\/wp-json\/wp\/v2\/types\/product"}],"wp:featuredmedia":[{"embeddable":true,"href":"https:\/\/librairie7l.com\/en\/wp-json\/wp\/v2\/media\/38811"}],"wp:attachment":[{"href":"https:\/\/librairie7l.com\/en\/wp-json\/wp\/v2\/media?parent=38813"}],"wp:term":[{"taxonomy":"product_cat","embeddable":true,"href":"https:\/\/librairie7l.com\/en\/wp-json\/wp\/v2\/product_cat?post=38813"},{"taxonomy":"product_tag","embeddable":true,"href":"https:\/\/librairie7l.com\/en\/wp-json\/wp\/v2\/product_tag?post=38813"}],"curies":[{"name":"wp","href":"https:\/\/api.w.org\/{rel}","templated":true}]}}