{"id":38817,"date":"2024-12-04T09:18:21","date_gmt":"2024-12-04T08:18:21","guid":{"rendered":"https:\/\/librairie7l.com\/?post_type=product&#038;p=38817"},"modified":"2026-04-16T21:19:42","modified_gmt":"2026-04-16T19:19:42","slug":"la-technique-du-moulage-sur-mannequin-manuel-de-creation-de-mode","status":"publish","type":"product","link":"https:\/\/librairie7l.com\/en\/produit\/la-technique-du-moulage-sur-mannequin-manuel-de-creation-de-mode\/","title":{"rendered":"LA TECHNIQUE DU MOULAGE SUR MANNEQUIN ; MANUEL DE CR\u00c9ATION DE MODE"},"content":{"rendered":"<p>Le moulage est une technique qui implique de travailler le tissu directement sur le mannequin. Cela permet au cr\u00e9ateur de d\u00e9buter avec une id\u00e9e qui peut changer au fur et \u00e0 mesure que le design de la pi\u00e8ce \u00e9volue. Dans ce processus, la libert\u00e9 de cr\u00e9ation joue un r\u00f4le plus important et moins rigide que les patrons et les dessins sur papier. Cet ouvrage est un guide essentiel pour les \u00e9tudiants et les professionnels de la mode souhaitant approfondir leurs connaissances de cette technique utilis\u00e9e par de grands noms de l&#8217;industrie, comme Issey Miyake, Margela, Therry Mugler, Iris van Herpen et bien d&#8217;autres. Abordant un \u00e9ventail de sujets, allant des outils n\u00e9cessaires et diff\u00e9rents exemples de designs aux \u00e9tapes \u00e0 suivre pour cr\u00e9er des vestes, jupes et robes, ainsi que des d\u00e9tails plus sp\u00e9cifiques, ce livre propose tout ce dont le lecteur a besoin pour apprendre les principes du drap\u00e9 pas \u00e0 pas et pour avoir des bases solides afin d&#8217;\u00e9laborer ses propres cr\u00e9ations sans limiter sa cr\u00e9ativit\u00e9.<\/p>\n","protected":false},"excerpt":{"rendered":"<p>Le moulage est une technique qui implique de travailler le tissu directement sur le mannequin. Cela permet au cr\u00e9ateur de d\u00e9buter avec une id\u00e9e qui peut changer au fur et \u00e0 mesure que le design de la pi\u00e8ce \u00e9volue. Dans ce processus, la libert\u00e9 de cr\u00e9ation joue un r\u00f4le plus important et moins rigide que [&hellip;]<\/p>\n","protected":false},"featured_media":38815,"template":"","meta":[],"product_cat":[2948,2957],"product_tag":[],"acf":[],"yoast_head":"<!-- This site is optimized with the Yoast SEO plugin v20.11 - https:\/\/yoast.com\/wordpress\/plugins\/seo\/ -->\n<title>La technique du moulage sur mannequin ; manuel de cr\u00e9ation de mode - Librairie 7L<\/title>\n<meta name=\"robots\" content=\"index, follow, max-snippet:-1, max-image-preview:large, max-video-preview:-1\" \/>\n<link rel=\"canonical\" href=\"https:\/\/librairie7l.com\/en\/produit\/la-technique-du-moulage-sur-mannequin-manuel-de-creation-de-mode\/\" \/>\n<meta property=\"og:locale\" content=\"en_US\" \/>\n<meta property=\"og:type\" content=\"article\" \/>\n<meta property=\"og:title\" content=\"La technique du moulage sur mannequin ; manuel de cr\u00e9ation de mode - Librairie 7L\" \/>\n<meta property=\"og:description\" content=\"Le moulage est une technique qui implique de travailler le tissu directement sur le mannequin. Cela permet au cr\u00e9ateur de d\u00e9buter avec une id\u00e9e qui peut changer au fur et \u00e0 mesure que le design de la pi\u00e8ce \u00e9volue. Dans ce processus, la libert\u00e9 de cr\u00e9ation joue un r\u00f4le plus important et moins rigide que [&hellip;]\" \/>\n<meta property=\"og:url\" content=\"https:\/\/librairie7l.com\/en\/produit\/la-technique-du-moulage-sur-mannequin-manuel-de-creation-de-mode\/\" \/>\n<meta property=\"og:site_name\" content=\"Librairie 7L\" \/>\n<meta property=\"article:modified_time\" content=\"2026-04-16T19:19:42+00:00\" \/>\n<meta property=\"og:image\" content=\"https:\/\/librairie7l.com\/wp-content\/uploads\/2018\/12\/9788417412258_1_75.jpg\" \/>\n\t<meta property=\"og:image:width\" content=\"400\" \/>\n\t<meta property=\"og:image:height\" content=\"586\" \/>\n\t<meta property=\"og:image:type\" content=\"image\/jpeg\" \/>\n<meta name=\"twitter:card\" content=\"summary_large_image\" \/>\n<meta name=\"twitter:label1\" content=\"Est. reading time\" \/>\n\t<meta name=\"twitter:data1\" content=\"1 minute\" \/>\n<script type=\"application\/ld+json\" class=\"yoast-schema-graph\">{\"@context\":\"https:\/\/schema.org\",\"@graph\":[{\"@type\":\"WebPage\",\"@id\":\"https:\/\/librairie7l.com\/en\/produit\/la-technique-du-moulage-sur-mannequin-manuel-de-creation-de-mode\/\",\"url\":\"https:\/\/librairie7l.com\/en\/produit\/la-technique-du-moulage-sur-mannequin-manuel-de-creation-de-mode\/\",\"name\":\"La technique du moulage sur mannequin ; manuel de cr\u00e9ation de mode - Librairie 7L\",\"isPartOf\":{\"@id\":\"https:\/\/librairie7l.com\/en\/#website\"},\"datePublished\":\"2024-12-04T08:18:21+00:00\",\"dateModified\":\"2026-04-16T19:19:42+00:00\",\"breadcrumb\":{\"@id\":\"https:\/\/librairie7l.com\/en\/produit\/la-technique-du-moulage-sur-mannequin-manuel-de-creation-de-mode\/#breadcrumb\"},\"inLanguage\":\"en-US\",\"potentialAction\":[{\"@type\":\"ReadAction\",\"target\":[\"https:\/\/librairie7l.com\/en\/produit\/la-technique-du-moulage-sur-mannequin-manuel-de-creation-de-mode\/\"]}]},{\"@type\":\"BreadcrumbList\",\"@id\":\"https:\/\/librairie7l.com\/en\/produit\/la-technique-du-moulage-sur-mannequin-manuel-de-creation-de-mode\/#breadcrumb\",\"itemListElement\":[{\"@type\":\"ListItem\",\"position\":1,\"name\":\"Accueil\",\"item\":\"https:\/\/librairie7l.com\/en\/\"},{\"@type\":\"ListItem\",\"position\":2,\"name\":\"Shop\",\"item\":\"https:\/\/librairie7l.com\/en\/shop\/\"},{\"@type\":\"ListItem\",\"position\":3,\"name\":\"LA TECHNIQUE DU MOULAGE SUR MANNEQUIN ; MANUEL DE CR\u00c9ATION DE MODE\"}]},{\"@type\":\"WebSite\",\"@id\":\"https:\/\/librairie7l.com\/en\/#website\",\"url\":\"https:\/\/librairie7l.com\/en\/\",\"name\":\"Librairie 7L\",\"description\":\"Librairie fond\u00e9e en 1999 par Karl Lagerfeld \u00e0 Paris\",\"publisher\":{\"@id\":\"https:\/\/librairie7l.com\/en\/#organization\"},\"potentialAction\":[{\"@type\":\"SearchAction\",\"target\":{\"@type\":\"EntryPoint\",\"urlTemplate\":\"https:\/\/librairie7l.com\/en\/?s={search_term_string}\"},\"query-input\":\"required name=search_term_string\"}],\"inLanguage\":\"en-US\"},{\"@type\":\"Organization\",\"@id\":\"https:\/\/librairie7l.com\/en\/#organization\",\"name\":\"Librairie 7L\",\"url\":\"https:\/\/librairie7l.com\/en\/\",\"logo\":{\"@type\":\"ImageObject\",\"inLanguage\":\"en-US\",\"@id\":\"https:\/\/librairie7l.com\/en\/#\/schema\/logo\/image\/\",\"url\":\"https:\/\/librairie7l.com\/wp-content\/uploads\/2022\/08\/logo-1.png\",\"contentUrl\":\"https:\/\/librairie7l.com\/wp-content\/uploads\/2022\/08\/logo-1.png\",\"width\":227,\"height\":301,\"caption\":\"Librairie 7L\"},\"image\":{\"@id\":\"https:\/\/librairie7l.com\/en\/#\/schema\/logo\/image\/\"}}]}<\/script>\n<!-- \/ Yoast SEO plugin. -->","yoast_head_json":{"title":"La technique du moulage sur mannequin ; manuel de cr\u00e9ation de mode - Librairie 7L","robots":{"index":"index","follow":"follow","max-snippet":"max-snippet:-1","max-image-preview":"max-image-preview:large","max-video-preview":"max-video-preview:-1"},"canonical":"https:\/\/librairie7l.com\/en\/produit\/la-technique-du-moulage-sur-mannequin-manuel-de-creation-de-mode\/","og_locale":"en_US","og_type":"article","og_title":"La technique du moulage sur mannequin ; manuel de cr\u00e9ation de mode - Librairie 7L","og_description":"Le moulage est une technique qui implique de travailler le tissu directement sur le mannequin. Cela permet au cr\u00e9ateur de d\u00e9buter avec une id\u00e9e qui peut changer au fur et \u00e0 mesure que le design de la pi\u00e8ce \u00e9volue. Dans ce processus, la libert\u00e9 de cr\u00e9ation joue un r\u00f4le plus important et moins rigide que [&hellip;]","og_url":"https:\/\/librairie7l.com\/en\/produit\/la-technique-du-moulage-sur-mannequin-manuel-de-creation-de-mode\/","og_site_name":"Librairie 7L","article_modified_time":"2026-04-16T19:19:42+00:00","og_image":[{"width":400,"height":586,"url":"https:\/\/librairie7l.com\/wp-content\/uploads\/2018\/12\/9788417412258_1_75.jpg","type":"image\/jpeg"}],"twitter_card":"summary_large_image","twitter_misc":{"Est. reading time":"1 minute"},"schema":{"@context":"https:\/\/schema.org","@graph":[{"@type":"WebPage","@id":"https:\/\/librairie7l.com\/en\/produit\/la-technique-du-moulage-sur-mannequin-manuel-de-creation-de-mode\/","url":"https:\/\/librairie7l.com\/en\/produit\/la-technique-du-moulage-sur-mannequin-manuel-de-creation-de-mode\/","name":"La technique du moulage sur mannequin ; manuel de cr\u00e9ation de mode - Librairie 7L","isPartOf":{"@id":"https:\/\/librairie7l.com\/en\/#website"},"datePublished":"2024-12-04T08:18:21+00:00","dateModified":"2026-04-16T19:19:42+00:00","breadcrumb":{"@id":"https:\/\/librairie7l.com\/en\/produit\/la-technique-du-moulage-sur-mannequin-manuel-de-creation-de-mode\/#breadcrumb"},"inLanguage":"en-US","potentialAction":[{"@type":"ReadAction","target":["https:\/\/librairie7l.com\/en\/produit\/la-technique-du-moulage-sur-mannequin-manuel-de-creation-de-mode\/"]}]},{"@type":"BreadcrumbList","@id":"https:\/\/librairie7l.com\/en\/produit\/la-technique-du-moulage-sur-mannequin-manuel-de-creation-de-mode\/#breadcrumb","itemListElement":[{"@type":"ListItem","position":1,"name":"Accueil","item":"https:\/\/librairie7l.com\/en\/"},{"@type":"ListItem","position":2,"name":"Shop","item":"https:\/\/librairie7l.com\/en\/shop\/"},{"@type":"ListItem","position":3,"name":"LA TECHNIQUE DU MOULAGE SUR MANNEQUIN ; MANUEL DE CR\u00c9ATION DE MODE"}]},{"@type":"WebSite","@id":"https:\/\/librairie7l.com\/en\/#website","url":"https:\/\/librairie7l.com\/en\/","name":"Librairie 7L","description":"Librairie fond\u00e9e en 1999 par Karl Lagerfeld \u00e0 Paris","publisher":{"@id":"https:\/\/librairie7l.com\/en\/#organization"},"potentialAction":[{"@type":"SearchAction","target":{"@type":"EntryPoint","urlTemplate":"https:\/\/librairie7l.com\/en\/?s={search_term_string}"},"query-input":"required name=search_term_string"}],"inLanguage":"en-US"},{"@type":"Organization","@id":"https:\/\/librairie7l.com\/en\/#organization","name":"Librairie 7L","url":"https:\/\/librairie7l.com\/en\/","logo":{"@type":"ImageObject","inLanguage":"en-US","@id":"https:\/\/librairie7l.com\/en\/#\/schema\/logo\/image\/","url":"https:\/\/librairie7l.com\/wp-content\/uploads\/2022\/08\/logo-1.png","contentUrl":"https:\/\/librairie7l.com\/wp-content\/uploads\/2022\/08\/logo-1.png","width":227,"height":301,"caption":"Librairie 7L"},"image":{"@id":"https:\/\/librairie7l.com\/en\/#\/schema\/logo\/image\/"}}]}},"_links":{"self":[{"href":"https:\/\/librairie7l.com\/en\/wp-json\/wp\/v2\/product\/38817"}],"collection":[{"href":"https:\/\/librairie7l.com\/en\/wp-json\/wp\/v2\/product"}],"about":[{"href":"https:\/\/librairie7l.com\/en\/wp-json\/wp\/v2\/types\/product"}],"wp:featuredmedia":[{"embeddable":true,"href":"https:\/\/librairie7l.com\/en\/wp-json\/wp\/v2\/media\/38815"}],"wp:attachment":[{"href":"https:\/\/librairie7l.com\/en\/wp-json\/wp\/v2\/media?parent=38817"}],"wp:term":[{"taxonomy":"product_cat","embeddable":true,"href":"https:\/\/librairie7l.com\/en\/wp-json\/wp\/v2\/product_cat?post=38817"},{"taxonomy":"product_tag","embeddable":true,"href":"https:\/\/librairie7l.com\/en\/wp-json\/wp\/v2\/product_tag?post=38817"}],"curies":[{"name":"wp","href":"https:\/\/api.w.org\/{rel}","templated":true}]}}