{"id":38825,"date":"2024-02-09T09:48:03","date_gmt":"2024-02-09T08:48:03","guid":{"rendered":"https:\/\/librairie7l.com\/?post_type=product&#038;p=38825"},"modified":"2026-04-29T20:06:30","modified_gmt":"2026-04-29T18:06:30","slug":"pablo-reinoso-debordements","status":"publish","type":"product","link":"https:\/\/librairie7l.com\/en\/produit\/pablo-reinoso-debordements\/","title":{"rendered":"PABLO REINOSO : D\u00c9BORDEMENTS"},"content":{"rendered":"<p>N\u00e9 \u00e0 Buenos Aires en 1955 et install\u00e9 en France depuis 1978, Pablo Reinoso est un artiste mondialement reconnu pour ses d\u00e9tournements d&#8217;objets et ses cr\u00e9ations \u00e0 la fronti\u00e8re de la sculpture, de l&#8217;installation, du design, de l&#8217;architecture et de la peinture.<br \/>\nSes oeuvres, souvent remplies d&#8217;humour, s&#8217;inscrivent dans une logique d&#8217;\u00e9mancipation de l&#8217;objet, \u00e0 l&#8217;instar de ses fameux Bancs Spaghetti, qui sont un v\u00e9ritable hommage \u00e0 l&#8217;intelligence v\u00e9g\u00e9tale. Sensible aux enjeux marquants de notre \u00e9poque, et notamment \u00e0 la crise climatique, Reinoso explore ces questions dans ses travaux r\u00e9cents, interrogeant les \u00e9quilibres qui r\u00e9gissent les \u00e9cosyst\u00e8mes. \u00c0 Chambord, o\u00f9 nature et culture communiquent de mani\u00e8re particuli\u00e8rement pr\u00e9gnante, l&#8217;artiste a choisi de mener une r\u00e9flexion autour de l&#8217;harmonie possible entre l&#8217;humain et le naturel, en saisissant l&#8217;architecture elle-m\u00eame comme un \u00e9l\u00e9ment du vivant. \u00c0 travers des textes richement illustr\u00e9s, ce catalogue \u00e9claire cet hymne \u00e0 l&#8217;hybridation, \u00e0 la beaut\u00e9 et \u00e0 la force du flux, ainsi qu&#8217;\u00e0 tous ses d\u00e9bordements, \u00e0 la faveur d&#8217;une exposition qui est la plus importante jamais consacr\u00e9e \u00e0 l&#8217;artiste.<\/p>\n<p>Born in Buenos Aires in 1955 and based in France since 1978, Pablo Reinoso is a world-renowned artist, known for his subversions of objects and his creations at the frontier between sculpture, installation, design, architecture and painting. His often humorous works seek to emancipate the object: his famous Spaghetti Benches are a tribute to plant intelligence. Sensitive to the challenges that mark our era, the climate crisis in particular, Reinoso explores these questions in his recent works, considering the delicate balances that govern ecosystems.<br \/>\nAt Chambord, where nature and culture communicate in a particularly vibrant way, he has chosen to reflect on the possible harmony between the human and the natural, by understanding the architecture itself as a living element. Through richly illustrated texts, this catalogue brings to life this hymn to hybridisation, beauty and flux, for an exhibition which represents the largest yet devoted to Reinoso&#8217;s work.<\/p>\n","protected":false},"excerpt":{"rendered":"<p>N\u00e9 \u00e0 Buenos Aires en 1955 et install\u00e9 en France depuis 1978, Pablo Reinoso est un artiste mondialement reconnu pour ses d\u00e9tournements d&#8217;objets et ses cr\u00e9ations \u00e0 la fronti\u00e8re de la sculpture, de l&#8217;installation, du design, de l&#8217;architecture et de la peinture. Ses oeuvres, souvent remplies d&#8217;humour, s&#8217;inscrivent dans une logique d&#8217;\u00e9mancipation de l&#8217;objet, \u00e0 [&hellip;]<\/p>\n","protected":false},"featured_media":38823,"template":"","meta":[],"product_cat":[2948,2953],"product_tag":[],"acf":[],"yoast_head":"<!-- This site is optimized with the Yoast SEO plugin v20.11 - https:\/\/yoast.com\/wordpress\/plugins\/seo\/ -->\n<title>Pablo Reinoso : d\u00e9bordements - Librairie 7L<\/title>\n<meta name=\"robots\" content=\"index, follow, max-snippet:-1, max-image-preview:large, max-video-preview:-1\" \/>\n<link rel=\"canonical\" href=\"https:\/\/librairie7l.com\/en\/produit\/pablo-reinoso-debordements\/\" \/>\n<meta property=\"og:locale\" content=\"en_US\" \/>\n<meta property=\"og:type\" content=\"article\" \/>\n<meta property=\"og:title\" content=\"Pablo Reinoso : d\u00e9bordements - Librairie 7L\" \/>\n<meta property=\"og:description\" content=\"N\u00e9 \u00e0 Buenos Aires en 1955 et install\u00e9 en France depuis 1978, Pablo Reinoso est un artiste mondialement reconnu pour ses d\u00e9tournements d&#8217;objets et ses cr\u00e9ations \u00e0 la fronti\u00e8re de la sculpture, de l&#8217;installation, du design, de l&#8217;architecture et de la peinture. Ses oeuvres, souvent remplies d&#8217;humour, s&#8217;inscrivent dans une logique d&#8217;\u00e9mancipation de l&#8217;objet, \u00e0 [&hellip;]\" \/>\n<meta property=\"og:url\" content=\"https:\/\/librairie7l.com\/en\/produit\/pablo-reinoso-debordements\/\" \/>\n<meta property=\"og:site_name\" content=\"Librairie 7L\" \/>\n<meta property=\"article:modified_time\" content=\"2026-04-29T18:06:30+00:00\" \/>\n<meta property=\"og:image\" content=\"https:\/\/librairie7l.com\/wp-content\/uploads\/2022\/03\/9782382030646_1_75.jpg\" \/>\n\t<meta property=\"og:image:width\" content=\"600\" \/>\n\t<meta property=\"og:image:height\" content=\"681\" \/>\n\t<meta property=\"og:image:type\" content=\"image\/jpeg\" \/>\n<meta name=\"twitter:card\" content=\"summary_large_image\" \/>\n<meta name=\"twitter:label1\" content=\"Est. reading time\" \/>\n\t<meta name=\"twitter:data1\" content=\"2 minutes\" \/>\n<script type=\"application\/ld+json\" class=\"yoast-schema-graph\">{\"@context\":\"https:\/\/schema.org\",\"@graph\":[{\"@type\":\"WebPage\",\"@id\":\"https:\/\/librairie7l.com\/en\/produit\/pablo-reinoso-debordements\/\",\"url\":\"https:\/\/librairie7l.com\/en\/produit\/pablo-reinoso-debordements\/\",\"name\":\"Pablo Reinoso : d\u00e9bordements - Librairie 7L\",\"isPartOf\":{\"@id\":\"https:\/\/librairie7l.com\/en\/#website\"},\"datePublished\":\"2024-02-09T08:48:03+00:00\",\"dateModified\":\"2026-04-29T18:06:30+00:00\",\"breadcrumb\":{\"@id\":\"https:\/\/librairie7l.com\/en\/produit\/pablo-reinoso-debordements\/#breadcrumb\"},\"inLanguage\":\"en-US\",\"potentialAction\":[{\"@type\":\"ReadAction\",\"target\":[\"https:\/\/librairie7l.com\/en\/produit\/pablo-reinoso-debordements\/\"]}]},{\"@type\":\"BreadcrumbList\",\"@id\":\"https:\/\/librairie7l.com\/en\/produit\/pablo-reinoso-debordements\/#breadcrumb\",\"itemListElement\":[{\"@type\":\"ListItem\",\"position\":1,\"name\":\"Accueil\",\"item\":\"https:\/\/librairie7l.com\/en\/\"},{\"@type\":\"ListItem\",\"position\":2,\"name\":\"Shop\",\"item\":\"https:\/\/librairie7l.com\/en\/shop\/\"},{\"@type\":\"ListItem\",\"position\":3,\"name\":\"PABLO REINOSO : D\u00c9BORDEMENTS\"}]},{\"@type\":\"WebSite\",\"@id\":\"https:\/\/librairie7l.com\/en\/#website\",\"url\":\"https:\/\/librairie7l.com\/en\/\",\"name\":\"Librairie 7L\",\"description\":\"Librairie fond\u00e9e en 1999 par Karl Lagerfeld \u00e0 Paris\",\"publisher\":{\"@id\":\"https:\/\/librairie7l.com\/en\/#organization\"},\"potentialAction\":[{\"@type\":\"SearchAction\",\"target\":{\"@type\":\"EntryPoint\",\"urlTemplate\":\"https:\/\/librairie7l.com\/en\/?s={search_term_string}\"},\"query-input\":\"required name=search_term_string\"}],\"inLanguage\":\"en-US\"},{\"@type\":\"Organization\",\"@id\":\"https:\/\/librairie7l.com\/en\/#organization\",\"name\":\"Librairie 7L\",\"url\":\"https:\/\/librairie7l.com\/en\/\",\"logo\":{\"@type\":\"ImageObject\",\"inLanguage\":\"en-US\",\"@id\":\"https:\/\/librairie7l.com\/en\/#\/schema\/logo\/image\/\",\"url\":\"https:\/\/librairie7l.com\/wp-content\/uploads\/2022\/08\/logo-1.png\",\"contentUrl\":\"https:\/\/librairie7l.com\/wp-content\/uploads\/2022\/08\/logo-1.png\",\"width\":227,\"height\":301,\"caption\":\"Librairie 7L\"},\"image\":{\"@id\":\"https:\/\/librairie7l.com\/en\/#\/schema\/logo\/image\/\"}}]}<\/script>\n<!-- \/ Yoast SEO plugin. -->","yoast_head_json":{"title":"Pablo Reinoso : d\u00e9bordements - Librairie 7L","robots":{"index":"index","follow":"follow","max-snippet":"max-snippet:-1","max-image-preview":"max-image-preview:large","max-video-preview":"max-video-preview:-1"},"canonical":"https:\/\/librairie7l.com\/en\/produit\/pablo-reinoso-debordements\/","og_locale":"en_US","og_type":"article","og_title":"Pablo Reinoso : d\u00e9bordements - Librairie 7L","og_description":"N\u00e9 \u00e0 Buenos Aires en 1955 et install\u00e9 en France depuis 1978, Pablo Reinoso est un artiste mondialement reconnu pour ses d\u00e9tournements d&#8217;objets et ses cr\u00e9ations \u00e0 la fronti\u00e8re de la sculpture, de l&#8217;installation, du design, de l&#8217;architecture et de la peinture. Ses oeuvres, souvent remplies d&#8217;humour, s&#8217;inscrivent dans une logique d&#8217;\u00e9mancipation de l&#8217;objet, \u00e0 [&hellip;]","og_url":"https:\/\/librairie7l.com\/en\/produit\/pablo-reinoso-debordements\/","og_site_name":"Librairie 7L","article_modified_time":"2026-04-29T18:06:30+00:00","og_image":[{"width":600,"height":681,"url":"https:\/\/librairie7l.com\/wp-content\/uploads\/2022\/03\/9782382030646_1_75.jpg","type":"image\/jpeg"}],"twitter_card":"summary_large_image","twitter_misc":{"Est. reading time":"2 minutes"},"schema":{"@context":"https:\/\/schema.org","@graph":[{"@type":"WebPage","@id":"https:\/\/librairie7l.com\/en\/produit\/pablo-reinoso-debordements\/","url":"https:\/\/librairie7l.com\/en\/produit\/pablo-reinoso-debordements\/","name":"Pablo Reinoso : d\u00e9bordements - Librairie 7L","isPartOf":{"@id":"https:\/\/librairie7l.com\/en\/#website"},"datePublished":"2024-02-09T08:48:03+00:00","dateModified":"2026-04-29T18:06:30+00:00","breadcrumb":{"@id":"https:\/\/librairie7l.com\/en\/produit\/pablo-reinoso-debordements\/#breadcrumb"},"inLanguage":"en-US","potentialAction":[{"@type":"ReadAction","target":["https:\/\/librairie7l.com\/en\/produit\/pablo-reinoso-debordements\/"]}]},{"@type":"BreadcrumbList","@id":"https:\/\/librairie7l.com\/en\/produit\/pablo-reinoso-debordements\/#breadcrumb","itemListElement":[{"@type":"ListItem","position":1,"name":"Accueil","item":"https:\/\/librairie7l.com\/en\/"},{"@type":"ListItem","position":2,"name":"Shop","item":"https:\/\/librairie7l.com\/en\/shop\/"},{"@type":"ListItem","position":3,"name":"PABLO REINOSO : D\u00c9BORDEMENTS"}]},{"@type":"WebSite","@id":"https:\/\/librairie7l.com\/en\/#website","url":"https:\/\/librairie7l.com\/en\/","name":"Librairie 7L","description":"Librairie fond\u00e9e en 1999 par Karl Lagerfeld \u00e0 Paris","publisher":{"@id":"https:\/\/librairie7l.com\/en\/#organization"},"potentialAction":[{"@type":"SearchAction","target":{"@type":"EntryPoint","urlTemplate":"https:\/\/librairie7l.com\/en\/?s={search_term_string}"},"query-input":"required name=search_term_string"}],"inLanguage":"en-US"},{"@type":"Organization","@id":"https:\/\/librairie7l.com\/en\/#organization","name":"Librairie 7L","url":"https:\/\/librairie7l.com\/en\/","logo":{"@type":"ImageObject","inLanguage":"en-US","@id":"https:\/\/librairie7l.com\/en\/#\/schema\/logo\/image\/","url":"https:\/\/librairie7l.com\/wp-content\/uploads\/2022\/08\/logo-1.png","contentUrl":"https:\/\/librairie7l.com\/wp-content\/uploads\/2022\/08\/logo-1.png","width":227,"height":301,"caption":"Librairie 7L"},"image":{"@id":"https:\/\/librairie7l.com\/en\/#\/schema\/logo\/image\/"}}]}},"_links":{"self":[{"href":"https:\/\/librairie7l.com\/en\/wp-json\/wp\/v2\/product\/38825"}],"collection":[{"href":"https:\/\/librairie7l.com\/en\/wp-json\/wp\/v2\/product"}],"about":[{"href":"https:\/\/librairie7l.com\/en\/wp-json\/wp\/v2\/types\/product"}],"wp:featuredmedia":[{"embeddable":true,"href":"https:\/\/librairie7l.com\/en\/wp-json\/wp\/v2\/media\/38823"}],"wp:attachment":[{"href":"https:\/\/librairie7l.com\/en\/wp-json\/wp\/v2\/media?parent=38825"}],"wp:term":[{"taxonomy":"product_cat","embeddable":true,"href":"https:\/\/librairie7l.com\/en\/wp-json\/wp\/v2\/product_cat?post=38825"},{"taxonomy":"product_tag","embeddable":true,"href":"https:\/\/librairie7l.com\/en\/wp-json\/wp\/v2\/product_tag?post=38825"}],"curies":[{"name":"wp","href":"https:\/\/api.w.org\/{rel}","templated":true}]}}