{"id":38843,"date":"2024-02-09T09:48:34","date_gmt":"2024-02-09T08:48:34","guid":{"rendered":"https:\/\/librairie7l.com\/?post_type=product&#038;p=38843"},"modified":"2026-04-07T02:31:43","modified_gmt":"2026-04-07T00:31:43","slug":"architecture-simple-la-villa-baizeau-a-carthage-de-le-corbusier-et-jeanneret","status":"publish","type":"product","link":"https:\/\/librairie7l.com\/en\/produit\/architecture-simple-la-villa-baizeau-a-carthage-de-le-corbusier-et-jeanneret\/","title":{"rendered":"ARCHITECTURE SIMPLE : LA VILLA BAIZEAU \u00c0 CARTHAGE DE LE CORBUSIER ET JEANNERET"},"content":{"rendered":"<p>Un dialogue entre histoire et projet d&#8217;architecture, en hommage \u00e0 la vision th\u00e9orique de Le Corbusier derri\u00e8re la conception et la construction de la Villa Baizeau \u00e0 Carthage.<br \/>\nLes questions sociales, \u00e9conomiques, constructives, environnementales et climatiques qui, au d\u00e9but du XXIe si\u00e8cle, ont remis en question les fondements du projet d&#8217;architecture, constituent l&#8217;arri\u00e8re-plan th\u00e9orique des \u00e9v\u00e9nements consacr\u00e9s \u00e0 la villa que Le Corbusier et Pierre Jeanneret ont construite \u00e0 Carthage pour le compte de Lucien Baizeau, de Blanche Thi\u00e9blin et de leur famille.<br \/>\nLe livre est organis\u00e9 selon deux perspectives d&#8217;analyse compl\u00e9mentaires. La premi\u00e8re est consacr\u00e9e \u00e0 l&#8217;histoire de la villa et permet d&#8217;en comprendre pleinement les raisons et les significations, la gen\u00e8se, l&#8217;importance th\u00e9orique, le r\u00f4le du commanditaire et les joies familiales procur\u00e9es par ses espaces, dans le but \u00e9galement de rassembler les connaissances n\u00e9cessaires \u00e0 sa restauration en tant qu&#8217;architecture fondamentale du XXe si\u00e8cle. La deuxi\u00e8me est ouverte \u00e0 certains des plus grands protagonistes de l&#8217;architecture d&#8217;aujourd&#8217;hui et s&#8217;inscrit dans la strat\u00e9gie culturelle de Le Corbusier, qui a toujours \u00e9t\u00e9 capable de reconsid\u00e9rer ses oeuvres \u00e0 la lumi\u00e8re des ph\u00e9nom\u00e8nes contemporains, m\u00eame \u00e0 travers des manipulations graphiques, des inversions de plans et des renversements de photographies, afin d&#8217;en d\u00e9couvrir les potentialit\u00e9s inattendues. Gr\u00e2ce \u00e0 ces deux axes, histoire et projet d&#8217;architecture dialoguent en hommage \u00e0 la vision th\u00e9orique de Le Corbusier.<\/p>\n","protected":false},"excerpt":{"rendered":"<p>Un dialogue entre histoire et projet d&#8217;architecture, en hommage \u00e0 la vision th\u00e9orique de Le Corbusier derri\u00e8re la conception et la construction de la Villa Baizeau \u00e0 Carthage. Les questions sociales, \u00e9conomiques, constructives, environnementales et climatiques qui, au d\u00e9but du XXIe si\u00e8cle, ont remis en question les fondements du projet d&#8217;architecture, constituent l&#8217;arri\u00e8re-plan th\u00e9orique des [&hellip;]<\/p>\n","protected":false},"featured_media":38841,"template":"","meta":[],"product_cat":[2948,2950],"product_tag":[],"acf":[],"yoast_head":"<!-- This site is optimized with the Yoast SEO plugin v20.11 - https:\/\/yoast.com\/wordpress\/plugins\/seo\/ -->\n<title>Architecture Simple : La Villa Baizeau \u00e0 Carthage de Le Corbusier et Jeanneret - Librairie 7L<\/title>\n<meta name=\"robots\" content=\"index, follow, max-snippet:-1, max-image-preview:large, max-video-preview:-1\" \/>\n<link rel=\"canonical\" href=\"https:\/\/librairie7l.com\/en\/produit\/architecture-simple-la-villa-baizeau-a-carthage-de-le-corbusier-et-jeanneret\/\" \/>\n<meta property=\"og:locale\" content=\"en_US\" \/>\n<meta property=\"og:type\" content=\"article\" \/>\n<meta property=\"og:title\" content=\"Architecture Simple : La Villa Baizeau \u00e0 Carthage de Le Corbusier et Jeanneret - Librairie 7L\" \/>\n<meta property=\"og:description\" content=\"Un dialogue entre histoire et projet d&#8217;architecture, en hommage \u00e0 la vision th\u00e9orique de Le Corbusier derri\u00e8re la conception et la construction de la Villa Baizeau \u00e0 Carthage. Les questions sociales, \u00e9conomiques, constructives, environnementales et climatiques qui, au d\u00e9but du XXIe si\u00e8cle, ont remis en question les fondements du projet d&#8217;architecture, constituent l&#8217;arri\u00e8re-plan th\u00e9orique des [&hellip;]\" \/>\n<meta property=\"og:url\" content=\"https:\/\/librairie7l.com\/en\/produit\/architecture-simple-la-villa-baizeau-a-carthage-de-le-corbusier-et-jeanneret\/\" \/>\n<meta property=\"og:site_name\" content=\"Librairie 7L\" \/>\n<meta property=\"article:modified_time\" content=\"2026-04-07T00:31:43+00:00\" \/>\n<meta property=\"og:image\" content=\"https:\/\/librairie7l.com\/wp-content\/uploads\/2024\/01\/9782960253078_1_75.jpg\" \/>\n\t<meta property=\"og:image:width\" content=\"600\" \/>\n\t<meta property=\"og:image:height\" content=\"782\" \/>\n\t<meta property=\"og:image:type\" content=\"image\/jpeg\" \/>\n<meta name=\"twitter:card\" content=\"summary_large_image\" \/>\n<meta name=\"twitter:label1\" content=\"Est. reading time\" \/>\n\t<meta name=\"twitter:data1\" content=\"1 minute\" \/>\n<script type=\"application\/ld+json\" class=\"yoast-schema-graph\">{\"@context\":\"https:\/\/schema.org\",\"@graph\":[{\"@type\":\"WebPage\",\"@id\":\"https:\/\/librairie7l.com\/en\/produit\/architecture-simple-la-villa-baizeau-a-carthage-de-le-corbusier-et-jeanneret\/\",\"url\":\"https:\/\/librairie7l.com\/en\/produit\/architecture-simple-la-villa-baizeau-a-carthage-de-le-corbusier-et-jeanneret\/\",\"name\":\"Architecture Simple : La Villa Baizeau \u00e0 Carthage de Le Corbusier et Jeanneret - Librairie 7L\",\"isPartOf\":{\"@id\":\"https:\/\/librairie7l.com\/en\/#website\"},\"datePublished\":\"2024-02-09T08:48:34+00:00\",\"dateModified\":\"2026-04-07T00:31:43+00:00\",\"breadcrumb\":{\"@id\":\"https:\/\/librairie7l.com\/en\/produit\/architecture-simple-la-villa-baizeau-a-carthage-de-le-corbusier-et-jeanneret\/#breadcrumb\"},\"inLanguage\":\"en-US\",\"potentialAction\":[{\"@type\":\"ReadAction\",\"target\":[\"https:\/\/librairie7l.com\/en\/produit\/architecture-simple-la-villa-baizeau-a-carthage-de-le-corbusier-et-jeanneret\/\"]}]},{\"@type\":\"BreadcrumbList\",\"@id\":\"https:\/\/librairie7l.com\/en\/produit\/architecture-simple-la-villa-baizeau-a-carthage-de-le-corbusier-et-jeanneret\/#breadcrumb\",\"itemListElement\":[{\"@type\":\"ListItem\",\"position\":1,\"name\":\"Accueil\",\"item\":\"https:\/\/librairie7l.com\/en\/\"},{\"@type\":\"ListItem\",\"position\":2,\"name\":\"Shop\",\"item\":\"https:\/\/librairie7l.com\/en\/shop\/\"},{\"@type\":\"ListItem\",\"position\":3,\"name\":\"ARCHITECTURE SIMPLE : LA VILLA BAIZEAU \u00c0 CARTHAGE DE LE CORBUSIER ET JEANNERET\"}]},{\"@type\":\"WebSite\",\"@id\":\"https:\/\/librairie7l.com\/en\/#website\",\"url\":\"https:\/\/librairie7l.com\/en\/\",\"name\":\"Librairie 7L\",\"description\":\"Librairie fond\u00e9e en 1999 par Karl Lagerfeld \u00e0 Paris\",\"publisher\":{\"@id\":\"https:\/\/librairie7l.com\/en\/#organization\"},\"potentialAction\":[{\"@type\":\"SearchAction\",\"target\":{\"@type\":\"EntryPoint\",\"urlTemplate\":\"https:\/\/librairie7l.com\/en\/?s={search_term_string}\"},\"query-input\":\"required name=search_term_string\"}],\"inLanguage\":\"en-US\"},{\"@type\":\"Organization\",\"@id\":\"https:\/\/librairie7l.com\/en\/#organization\",\"name\":\"Librairie 7L\",\"url\":\"https:\/\/librairie7l.com\/en\/\",\"logo\":{\"@type\":\"ImageObject\",\"inLanguage\":\"en-US\",\"@id\":\"https:\/\/librairie7l.com\/en\/#\/schema\/logo\/image\/\",\"url\":\"https:\/\/librairie7l.com\/wp-content\/uploads\/2022\/08\/logo-1.png\",\"contentUrl\":\"https:\/\/librairie7l.com\/wp-content\/uploads\/2022\/08\/logo-1.png\",\"width\":227,\"height\":301,\"caption\":\"Librairie 7L\"},\"image\":{\"@id\":\"https:\/\/librairie7l.com\/en\/#\/schema\/logo\/image\/\"}}]}<\/script>\n<!-- \/ Yoast SEO plugin. -->","yoast_head_json":{"title":"Architecture Simple : La Villa Baizeau \u00e0 Carthage de Le Corbusier et Jeanneret - Librairie 7L","robots":{"index":"index","follow":"follow","max-snippet":"max-snippet:-1","max-image-preview":"max-image-preview:large","max-video-preview":"max-video-preview:-1"},"canonical":"https:\/\/librairie7l.com\/en\/produit\/architecture-simple-la-villa-baizeau-a-carthage-de-le-corbusier-et-jeanneret\/","og_locale":"en_US","og_type":"article","og_title":"Architecture Simple : La Villa Baizeau \u00e0 Carthage de Le Corbusier et Jeanneret - Librairie 7L","og_description":"Un dialogue entre histoire et projet d&#8217;architecture, en hommage \u00e0 la vision th\u00e9orique de Le Corbusier derri\u00e8re la conception et la construction de la Villa Baizeau \u00e0 Carthage. Les questions sociales, \u00e9conomiques, constructives, environnementales et climatiques qui, au d\u00e9but du XXIe si\u00e8cle, ont remis en question les fondements du projet d&#8217;architecture, constituent l&#8217;arri\u00e8re-plan th\u00e9orique des [&hellip;]","og_url":"https:\/\/librairie7l.com\/en\/produit\/architecture-simple-la-villa-baizeau-a-carthage-de-le-corbusier-et-jeanneret\/","og_site_name":"Librairie 7L","article_modified_time":"2026-04-07T00:31:43+00:00","og_image":[{"width":600,"height":782,"url":"https:\/\/librairie7l.com\/wp-content\/uploads\/2024\/01\/9782960253078_1_75.jpg","type":"image\/jpeg"}],"twitter_card":"summary_large_image","twitter_misc":{"Est. reading time":"1 minute"},"schema":{"@context":"https:\/\/schema.org","@graph":[{"@type":"WebPage","@id":"https:\/\/librairie7l.com\/en\/produit\/architecture-simple-la-villa-baizeau-a-carthage-de-le-corbusier-et-jeanneret\/","url":"https:\/\/librairie7l.com\/en\/produit\/architecture-simple-la-villa-baizeau-a-carthage-de-le-corbusier-et-jeanneret\/","name":"Architecture Simple : La Villa Baizeau \u00e0 Carthage de Le Corbusier et Jeanneret - Librairie 7L","isPartOf":{"@id":"https:\/\/librairie7l.com\/en\/#website"},"datePublished":"2024-02-09T08:48:34+00:00","dateModified":"2026-04-07T00:31:43+00:00","breadcrumb":{"@id":"https:\/\/librairie7l.com\/en\/produit\/architecture-simple-la-villa-baizeau-a-carthage-de-le-corbusier-et-jeanneret\/#breadcrumb"},"inLanguage":"en-US","potentialAction":[{"@type":"ReadAction","target":["https:\/\/librairie7l.com\/en\/produit\/architecture-simple-la-villa-baizeau-a-carthage-de-le-corbusier-et-jeanneret\/"]}]},{"@type":"BreadcrumbList","@id":"https:\/\/librairie7l.com\/en\/produit\/architecture-simple-la-villa-baizeau-a-carthage-de-le-corbusier-et-jeanneret\/#breadcrumb","itemListElement":[{"@type":"ListItem","position":1,"name":"Accueil","item":"https:\/\/librairie7l.com\/en\/"},{"@type":"ListItem","position":2,"name":"Shop","item":"https:\/\/librairie7l.com\/en\/shop\/"},{"@type":"ListItem","position":3,"name":"ARCHITECTURE SIMPLE : LA VILLA BAIZEAU \u00c0 CARTHAGE DE LE CORBUSIER ET JEANNERET"}]},{"@type":"WebSite","@id":"https:\/\/librairie7l.com\/en\/#website","url":"https:\/\/librairie7l.com\/en\/","name":"Librairie 7L","description":"Librairie fond\u00e9e en 1999 par Karl Lagerfeld \u00e0 Paris","publisher":{"@id":"https:\/\/librairie7l.com\/en\/#organization"},"potentialAction":[{"@type":"SearchAction","target":{"@type":"EntryPoint","urlTemplate":"https:\/\/librairie7l.com\/en\/?s={search_term_string}"},"query-input":"required name=search_term_string"}],"inLanguage":"en-US"},{"@type":"Organization","@id":"https:\/\/librairie7l.com\/en\/#organization","name":"Librairie 7L","url":"https:\/\/librairie7l.com\/en\/","logo":{"@type":"ImageObject","inLanguage":"en-US","@id":"https:\/\/librairie7l.com\/en\/#\/schema\/logo\/image\/","url":"https:\/\/librairie7l.com\/wp-content\/uploads\/2022\/08\/logo-1.png","contentUrl":"https:\/\/librairie7l.com\/wp-content\/uploads\/2022\/08\/logo-1.png","width":227,"height":301,"caption":"Librairie 7L"},"image":{"@id":"https:\/\/librairie7l.com\/en\/#\/schema\/logo\/image\/"}}]}},"_links":{"self":[{"href":"https:\/\/librairie7l.com\/en\/wp-json\/wp\/v2\/product\/38843"}],"collection":[{"href":"https:\/\/librairie7l.com\/en\/wp-json\/wp\/v2\/product"}],"about":[{"href":"https:\/\/librairie7l.com\/en\/wp-json\/wp\/v2\/types\/product"}],"wp:featuredmedia":[{"embeddable":true,"href":"https:\/\/librairie7l.com\/en\/wp-json\/wp\/v2\/media\/38841"}],"wp:attachment":[{"href":"https:\/\/librairie7l.com\/en\/wp-json\/wp\/v2\/media?parent=38843"}],"wp:term":[{"taxonomy":"product_cat","embeddable":true,"href":"https:\/\/librairie7l.com\/en\/wp-json\/wp\/v2\/product_cat?post=38843"},{"taxonomy":"product_tag","embeddable":true,"href":"https:\/\/librairie7l.com\/en\/wp-json\/wp\/v2\/product_tag?post=38843"}],"curies":[{"name":"wp","href":"https:\/\/api.w.org\/{rel}","templated":true}]}}