{"id":38895,"date":"2024-02-09T09:49:49","date_gmt":"2024-02-09T08:49:49","guid":{"rendered":"https:\/\/librairie7l.com\/?post_type=product&#038;p=38895"},"modified":"2026-04-11T22:06:14","modified_gmt":"2026-04-11T20:06:14","slug":"la-cagette-en-peuplier","status":"publish","type":"product","link":"https:\/\/librairie7l.com\/en\/produit\/la-cagette-en-peuplier\/","title":{"rendered":"LA CAGETTE EN PEUPLIER"},"content":{"rendered":"<p>Le quatri\u00e8me num\u00e9ro de Typologie, collection de livres de design sur les objets ordinaires, est d\u00e9di\u00e9 \u00e0 la cagette en bois, objet familier et fugace questionn\u00e9 ici sous toutes ses facettes.<br \/>\nOn rencontre la cagette sur les march\u00e9s de plein vent. Echafaud\u00e9e en pile et arrang\u00e9e en \u00e9tals, elle achemine puis expose les fruits et l\u00e9gumes. Submerg\u00e9e par ces denr\u00e9es, on en distingue \u00e0 peine la tranche. Ainsi l&#8217;oeil vadrouille du poireau au navet et ne s&#8217;en soucie gu\u00e8re.<br \/>\nPourtant ce maillon de la cha\u00eene alimentaire m\u00e9rite qu&#8217;on s&#8217;y attarde. Depuis 60 ans, sa forme est intacte : quelques fines lattes de peuplier agraf\u00e9es en claire-voie r\u00e9gulent l&#8217;humidit\u00e9 des l\u00e9gumes en m\u00eame temps qu&#8217;elle les ventile. Malgr\u00e9 cette apparente pauvret\u00e9 et son assemblage rudimentaire, elle incarne l&#8217;\u00e9quilibre entre l\u00e9g\u00e8ret\u00e9, r\u00e9sistance et \u00e9conomie de mati\u00e8re. Elle fige ainsi l&#8217;\u00e9volution des contenants alimentaires depuis les vanneries rurales jusqu&#8217;aux cageots r\u00e9-utilisables. De ces mod\u00e8les anciens, son industrie conserve aussi une fabrication organis\u00e9e selon des sch\u00e9mas vertueux. Une \u00e9chelle humaine, locale, \u00e0 proximit\u00e9 des champs et des for\u00eats. Une production saisonni\u00e8re, \u00e0 l&#8217;image des denr\u00e9es qu&#8217;elle transporte.<br \/>\nElle est questionn\u00e9e ici sous toutes ses facettes \u00e0 travers le regard de trois professionnels sensibles et renseign\u00e9s \u00e0 son sujet : un industriel, un historien et un illustrateur.<br \/>\nCe num\u00e9ro a \u00e9t\u00e9 d\u00e9velopp\u00e9 en collaboration avec le Vitra Design Museum. La premi\u00e8re partie est consacr\u00e9e aux photos de collections, 45 reproductions de cagettes anciennes et contemporaines sont imprim\u00e9es en bichromie. La seconde partie est consacr\u00e9e au textes. Elle comprend une introduction par Alexandre D&#8217;Orsetti et une interview crois\u00e9e entre l&#8217;artiste fran\u00e7ais Philippe Weisbecker, l&#8217;historien Pierre Cornu et Jean-Luc Baley, directeur des Emballages Bois Martin. Elle est richement illustr\u00e9e par des images d&#8217;archives en couleur et un reportage dans l&#8217;usine de cagettes la Cam Nouvelle de Nueil les Aubiers.<\/p>\n","protected":false},"excerpt":{"rendered":"<p>Le quatri\u00e8me num\u00e9ro de Typologie, collection de livres de design sur les objets ordinaires, est d\u00e9di\u00e9 \u00e0 la cagette en bois, objet familier et fugace questionn\u00e9 ici sous toutes ses facettes. On rencontre la cagette sur les march\u00e9s de plein vent. Echafaud\u00e9e en pile et arrang\u00e9e en \u00e9tals, elle achemine puis expose les fruits et [&hellip;]<\/p>\n","protected":false},"featured_media":38893,"template":"","meta":[],"product_cat":[2948,2952],"product_tag":[],"acf":[],"yoast_head":"<!-- This site is optimized with the Yoast SEO plugin v20.11 - https:\/\/yoast.com\/wordpress\/plugins\/seo\/ -->\n<title>La cagette en peuplier - Librairie 7L<\/title>\n<meta name=\"robots\" content=\"index, follow, max-snippet:-1, max-image-preview:large, max-video-preview:-1\" \/>\n<link rel=\"canonical\" href=\"https:\/\/librairie7l.com\/en\/produit\/la-cagette-en-peuplier\/\" \/>\n<meta property=\"og:locale\" content=\"en_US\" \/>\n<meta property=\"og:type\" content=\"article\" \/>\n<meta property=\"og:title\" content=\"La cagette en peuplier - Librairie 7L\" \/>\n<meta property=\"og:description\" content=\"Le quatri\u00e8me num\u00e9ro de Typologie, collection de livres de design sur les objets ordinaires, est d\u00e9di\u00e9 \u00e0 la cagette en bois, objet familier et fugace questionn\u00e9 ici sous toutes ses facettes. On rencontre la cagette sur les march\u00e9s de plein vent. Echafaud\u00e9e en pile et arrang\u00e9e en \u00e9tals, elle achemine puis expose les fruits et [&hellip;]\" \/>\n<meta property=\"og:url\" content=\"https:\/\/librairie7l.com\/en\/produit\/la-cagette-en-peuplier\/\" \/>\n<meta property=\"og:site_name\" content=\"Librairie 7L\" \/>\n<meta property=\"article:modified_time\" content=\"2026-04-11T20:06:14+00:00\" \/>\n<meta property=\"og:image\" content=\"https:\/\/librairie7l.com\/wp-content\/uploads\/2019\/12\/9782490958047_1_75.jpg\" \/>\n\t<meta property=\"og:image:width\" content=\"600\" \/>\n\t<meta property=\"og:image:height\" content=\"765\" \/>\n\t<meta property=\"og:image:type\" content=\"image\/jpeg\" \/>\n<meta name=\"twitter:card\" content=\"summary_large_image\" \/>\n<meta name=\"twitter:label1\" content=\"Est. reading time\" \/>\n\t<meta name=\"twitter:data1\" content=\"2 minutes\" \/>\n<script type=\"application\/ld+json\" class=\"yoast-schema-graph\">{\"@context\":\"https:\/\/schema.org\",\"@graph\":[{\"@type\":\"WebPage\",\"@id\":\"https:\/\/librairie7l.com\/en\/produit\/la-cagette-en-peuplier\/\",\"url\":\"https:\/\/librairie7l.com\/en\/produit\/la-cagette-en-peuplier\/\",\"name\":\"La cagette en peuplier - Librairie 7L\",\"isPartOf\":{\"@id\":\"https:\/\/librairie7l.com\/en\/#website\"},\"datePublished\":\"2024-02-09T08:49:49+00:00\",\"dateModified\":\"2026-04-11T20:06:14+00:00\",\"breadcrumb\":{\"@id\":\"https:\/\/librairie7l.com\/en\/produit\/la-cagette-en-peuplier\/#breadcrumb\"},\"inLanguage\":\"en-US\",\"potentialAction\":[{\"@type\":\"ReadAction\",\"target\":[\"https:\/\/librairie7l.com\/en\/produit\/la-cagette-en-peuplier\/\"]}]},{\"@type\":\"BreadcrumbList\",\"@id\":\"https:\/\/librairie7l.com\/en\/produit\/la-cagette-en-peuplier\/#breadcrumb\",\"itemListElement\":[{\"@type\":\"ListItem\",\"position\":1,\"name\":\"Accueil\",\"item\":\"https:\/\/librairie7l.com\/en\/\"},{\"@type\":\"ListItem\",\"position\":2,\"name\":\"Shop\",\"item\":\"https:\/\/librairie7l.com\/en\/shop\/\"},{\"@type\":\"ListItem\",\"position\":3,\"name\":\"LA CAGETTE EN PEUPLIER\"}]},{\"@type\":\"WebSite\",\"@id\":\"https:\/\/librairie7l.com\/en\/#website\",\"url\":\"https:\/\/librairie7l.com\/en\/\",\"name\":\"Librairie 7L\",\"description\":\"Librairie fond\u00e9e en 1999 par Karl Lagerfeld \u00e0 Paris\",\"publisher\":{\"@id\":\"https:\/\/librairie7l.com\/en\/#organization\"},\"potentialAction\":[{\"@type\":\"SearchAction\",\"target\":{\"@type\":\"EntryPoint\",\"urlTemplate\":\"https:\/\/librairie7l.com\/en\/?s={search_term_string}\"},\"query-input\":\"required name=search_term_string\"}],\"inLanguage\":\"en-US\"},{\"@type\":\"Organization\",\"@id\":\"https:\/\/librairie7l.com\/en\/#organization\",\"name\":\"Librairie 7L\",\"url\":\"https:\/\/librairie7l.com\/en\/\",\"logo\":{\"@type\":\"ImageObject\",\"inLanguage\":\"en-US\",\"@id\":\"https:\/\/librairie7l.com\/en\/#\/schema\/logo\/image\/\",\"url\":\"https:\/\/librairie7l.com\/wp-content\/uploads\/2022\/08\/logo-1.png\",\"contentUrl\":\"https:\/\/librairie7l.com\/wp-content\/uploads\/2022\/08\/logo-1.png\",\"width\":227,\"height\":301,\"caption\":\"Librairie 7L\"},\"image\":{\"@id\":\"https:\/\/librairie7l.com\/en\/#\/schema\/logo\/image\/\"}}]}<\/script>\n<!-- \/ Yoast SEO plugin. -->","yoast_head_json":{"title":"La cagette en peuplier - Librairie 7L","robots":{"index":"index","follow":"follow","max-snippet":"max-snippet:-1","max-image-preview":"max-image-preview:large","max-video-preview":"max-video-preview:-1"},"canonical":"https:\/\/librairie7l.com\/en\/produit\/la-cagette-en-peuplier\/","og_locale":"en_US","og_type":"article","og_title":"La cagette en peuplier - Librairie 7L","og_description":"Le quatri\u00e8me num\u00e9ro de Typologie, collection de livres de design sur les objets ordinaires, est d\u00e9di\u00e9 \u00e0 la cagette en bois, objet familier et fugace questionn\u00e9 ici sous toutes ses facettes. On rencontre la cagette sur les march\u00e9s de plein vent. Echafaud\u00e9e en pile et arrang\u00e9e en \u00e9tals, elle achemine puis expose les fruits et [&hellip;]","og_url":"https:\/\/librairie7l.com\/en\/produit\/la-cagette-en-peuplier\/","og_site_name":"Librairie 7L","article_modified_time":"2026-04-11T20:06:14+00:00","og_image":[{"width":600,"height":765,"url":"https:\/\/librairie7l.com\/wp-content\/uploads\/2019\/12\/9782490958047_1_75.jpg","type":"image\/jpeg"}],"twitter_card":"summary_large_image","twitter_misc":{"Est. reading time":"2 minutes"},"schema":{"@context":"https:\/\/schema.org","@graph":[{"@type":"WebPage","@id":"https:\/\/librairie7l.com\/en\/produit\/la-cagette-en-peuplier\/","url":"https:\/\/librairie7l.com\/en\/produit\/la-cagette-en-peuplier\/","name":"La cagette en peuplier - Librairie 7L","isPartOf":{"@id":"https:\/\/librairie7l.com\/en\/#website"},"datePublished":"2024-02-09T08:49:49+00:00","dateModified":"2026-04-11T20:06:14+00:00","breadcrumb":{"@id":"https:\/\/librairie7l.com\/en\/produit\/la-cagette-en-peuplier\/#breadcrumb"},"inLanguage":"en-US","potentialAction":[{"@type":"ReadAction","target":["https:\/\/librairie7l.com\/en\/produit\/la-cagette-en-peuplier\/"]}]},{"@type":"BreadcrumbList","@id":"https:\/\/librairie7l.com\/en\/produit\/la-cagette-en-peuplier\/#breadcrumb","itemListElement":[{"@type":"ListItem","position":1,"name":"Accueil","item":"https:\/\/librairie7l.com\/en\/"},{"@type":"ListItem","position":2,"name":"Shop","item":"https:\/\/librairie7l.com\/en\/shop\/"},{"@type":"ListItem","position":3,"name":"LA CAGETTE EN PEUPLIER"}]},{"@type":"WebSite","@id":"https:\/\/librairie7l.com\/en\/#website","url":"https:\/\/librairie7l.com\/en\/","name":"Librairie 7L","description":"Librairie fond\u00e9e en 1999 par Karl Lagerfeld \u00e0 Paris","publisher":{"@id":"https:\/\/librairie7l.com\/en\/#organization"},"potentialAction":[{"@type":"SearchAction","target":{"@type":"EntryPoint","urlTemplate":"https:\/\/librairie7l.com\/en\/?s={search_term_string}"},"query-input":"required name=search_term_string"}],"inLanguage":"en-US"},{"@type":"Organization","@id":"https:\/\/librairie7l.com\/en\/#organization","name":"Librairie 7L","url":"https:\/\/librairie7l.com\/en\/","logo":{"@type":"ImageObject","inLanguage":"en-US","@id":"https:\/\/librairie7l.com\/en\/#\/schema\/logo\/image\/","url":"https:\/\/librairie7l.com\/wp-content\/uploads\/2022\/08\/logo-1.png","contentUrl":"https:\/\/librairie7l.com\/wp-content\/uploads\/2022\/08\/logo-1.png","width":227,"height":301,"caption":"Librairie 7L"},"image":{"@id":"https:\/\/librairie7l.com\/en\/#\/schema\/logo\/image\/"}}]}},"_links":{"self":[{"href":"https:\/\/librairie7l.com\/en\/wp-json\/wp\/v2\/product\/38895"}],"collection":[{"href":"https:\/\/librairie7l.com\/en\/wp-json\/wp\/v2\/product"}],"about":[{"href":"https:\/\/librairie7l.com\/en\/wp-json\/wp\/v2\/types\/product"}],"wp:featuredmedia":[{"embeddable":true,"href":"https:\/\/librairie7l.com\/en\/wp-json\/wp\/v2\/media\/38893"}],"wp:attachment":[{"href":"https:\/\/librairie7l.com\/en\/wp-json\/wp\/v2\/media?parent=38895"}],"wp:term":[{"taxonomy":"product_cat","embeddable":true,"href":"https:\/\/librairie7l.com\/en\/wp-json\/wp\/v2\/product_cat?post=38895"},{"taxonomy":"product_tag","embeddable":true,"href":"https:\/\/librairie7l.com\/en\/wp-json\/wp\/v2\/product_tag?post=38895"}],"curies":[{"name":"wp","href":"https:\/\/api.w.org\/{rel}","templated":true}]}}