{"id":38931,"date":"2024-02-09T09:50:40","date_gmt":"2024-02-09T08:50:40","guid":{"rendered":"https:\/\/librairie7l.com\/?post_type=product&#038;p=38931"},"modified":"2026-04-30T10:06:31","modified_gmt":"2026-04-30T08:06:31","slug":"alexei-jawlensky","status":"publish","type":"product","link":"https:\/\/librairie7l.com\/en\/produit\/alexei-jawlensky\/","title":{"rendered":"ALEXEI JAWLENSKY"},"content":{"rendered":"<p>Ce catalogue accompagne une r\u00e9trospective du c\u00e9l\u00e8bre artiste russe propos\u00e9e par la Neue Galerie \u00e0 New York (16\/02\/2017-29\/06\/2017). Elle illustre les influences sur son art de l&#8217;Expressionisme allemand, mais aussi d&#8217;artistes comme Van Gogh, Gauguin, C\u00e9zanne, Matisse et les Fauves, ou encore Ferdinand Hodler. De mani\u00e8re chronologique, on y d\u00e9couvre le d\u00e9veloppement de sa peinture, de ses portraits figuratifs, ses paysages et ses natures mortes au basculement dans l&#8217;abstraction.<\/p>\n","protected":false},"excerpt":{"rendered":"<p>Ce catalogue accompagne une r\u00e9trospective du c\u00e9l\u00e8bre artiste russe propos\u00e9e par la Neue Galerie \u00e0 New York (16\/02\/2017-29\/06\/2017). Elle illustre les influences sur son art de l&#8217;Expressionisme allemand, mais aussi d&#8217;artistes comme Van Gogh, Gauguin, C\u00e9zanne, Matisse et les Fauves, ou encore Ferdinand Hodler. De mani\u00e8re chronologique, on y d\u00e9couvre le d\u00e9veloppement de sa peinture, [&hellip;]<\/p>\n","protected":false},"featured_media":38929,"template":"","meta":[],"product_cat":[2948,2953],"product_tag":[],"acf":[],"yoast_head":"<!-- This site is optimized with the Yoast SEO plugin v20.11 - https:\/\/yoast.com\/wordpress\/plugins\/seo\/ -->\n<title>Alexei Jawlensky - Librairie 7L<\/title>\n<meta name=\"robots\" content=\"index, follow, max-snippet:-1, max-image-preview:large, max-video-preview:-1\" \/>\n<link rel=\"canonical\" href=\"https:\/\/librairie7l.com\/en\/produit\/alexei-jawlensky\/\" \/>\n<meta property=\"og:locale\" content=\"en_US\" \/>\n<meta property=\"og:type\" content=\"article\" \/>\n<meta property=\"og:title\" content=\"Alexei Jawlensky - Librairie 7L\" \/>\n<meta property=\"og:description\" content=\"Ce catalogue accompagne une r\u00e9trospective du c\u00e9l\u00e8bre artiste russe propos\u00e9e par la Neue Galerie \u00e0 New York (16\/02\/2017-29\/06\/2017). Elle illustre les influences sur son art de l&#8217;Expressionisme allemand, mais aussi d&#8217;artistes comme Van Gogh, Gauguin, C\u00e9zanne, Matisse et les Fauves, ou encore Ferdinand Hodler. De mani\u00e8re chronologique, on y d\u00e9couvre le d\u00e9veloppement de sa peinture, [&hellip;]\" \/>\n<meta property=\"og:url\" content=\"https:\/\/librairie7l.com\/en\/produit\/alexei-jawlensky\/\" \/>\n<meta property=\"og:site_name\" content=\"Librairie 7L\" \/>\n<meta property=\"article:modified_time\" content=\"2026-04-30T08:06:31+00:00\" \/>\n<meta property=\"og:image\" content=\"https:\/\/librairie7l.com\/wp-content\/uploads\/2016\/11\/9783791356389_1_75.jpg\" \/>\n\t<meta property=\"og:image:width\" content=\"260\" \/>\n\t<meta property=\"og:image:height\" content=\"315\" \/>\n\t<meta property=\"og:image:type\" content=\"image\/jpeg\" \/>\n<meta name=\"twitter:card\" content=\"summary_large_image\" \/>\n<script type=\"application\/ld+json\" class=\"yoast-schema-graph\">{\"@context\":\"https:\/\/schema.org\",\"@graph\":[{\"@type\":\"WebPage\",\"@id\":\"https:\/\/librairie7l.com\/en\/produit\/alexei-jawlensky\/\",\"url\":\"https:\/\/librairie7l.com\/en\/produit\/alexei-jawlensky\/\",\"name\":\"Alexei Jawlensky - Librairie 7L\",\"isPartOf\":{\"@id\":\"https:\/\/librairie7l.com\/en\/#website\"},\"datePublished\":\"2024-02-09T08:50:40+00:00\",\"dateModified\":\"2026-04-30T08:06:31+00:00\",\"breadcrumb\":{\"@id\":\"https:\/\/librairie7l.com\/en\/produit\/alexei-jawlensky\/#breadcrumb\"},\"inLanguage\":\"en-US\",\"potentialAction\":[{\"@type\":\"ReadAction\",\"target\":[\"https:\/\/librairie7l.com\/en\/produit\/alexei-jawlensky\/\"]}]},{\"@type\":\"BreadcrumbList\",\"@id\":\"https:\/\/librairie7l.com\/en\/produit\/alexei-jawlensky\/#breadcrumb\",\"itemListElement\":[{\"@type\":\"ListItem\",\"position\":1,\"name\":\"Accueil\",\"item\":\"https:\/\/librairie7l.com\/en\/\"},{\"@type\":\"ListItem\",\"position\":2,\"name\":\"Shop\",\"item\":\"https:\/\/librairie7l.com\/en\/shop\/\"},{\"@type\":\"ListItem\",\"position\":3,\"name\":\"ALEXEI JAWLENSKY\"}]},{\"@type\":\"WebSite\",\"@id\":\"https:\/\/librairie7l.com\/en\/#website\",\"url\":\"https:\/\/librairie7l.com\/en\/\",\"name\":\"Librairie 7L\",\"description\":\"Librairie fond\u00e9e en 1999 par Karl Lagerfeld \u00e0 Paris\",\"publisher\":{\"@id\":\"https:\/\/librairie7l.com\/en\/#organization\"},\"potentialAction\":[{\"@type\":\"SearchAction\",\"target\":{\"@type\":\"EntryPoint\",\"urlTemplate\":\"https:\/\/librairie7l.com\/en\/?s={search_term_string}\"},\"query-input\":\"required name=search_term_string\"}],\"inLanguage\":\"en-US\"},{\"@type\":\"Organization\",\"@id\":\"https:\/\/librairie7l.com\/en\/#organization\",\"name\":\"Librairie 7L\",\"url\":\"https:\/\/librairie7l.com\/en\/\",\"logo\":{\"@type\":\"ImageObject\",\"inLanguage\":\"en-US\",\"@id\":\"https:\/\/librairie7l.com\/en\/#\/schema\/logo\/image\/\",\"url\":\"https:\/\/librairie7l.com\/wp-content\/uploads\/2022\/08\/logo-1.png\",\"contentUrl\":\"https:\/\/librairie7l.com\/wp-content\/uploads\/2022\/08\/logo-1.png\",\"width\":227,\"height\":301,\"caption\":\"Librairie 7L\"},\"image\":{\"@id\":\"https:\/\/librairie7l.com\/en\/#\/schema\/logo\/image\/\"}}]}<\/script>\n<!-- \/ Yoast SEO plugin. -->","yoast_head_json":{"title":"Alexei Jawlensky - Librairie 7L","robots":{"index":"index","follow":"follow","max-snippet":"max-snippet:-1","max-image-preview":"max-image-preview:large","max-video-preview":"max-video-preview:-1"},"canonical":"https:\/\/librairie7l.com\/en\/produit\/alexei-jawlensky\/","og_locale":"en_US","og_type":"article","og_title":"Alexei Jawlensky - Librairie 7L","og_description":"Ce catalogue accompagne une r\u00e9trospective du c\u00e9l\u00e8bre artiste russe propos\u00e9e par la Neue Galerie \u00e0 New York (16\/02\/2017-29\/06\/2017). Elle illustre les influences sur son art de l&#8217;Expressionisme allemand, mais aussi d&#8217;artistes comme Van Gogh, Gauguin, C\u00e9zanne, Matisse et les Fauves, ou encore Ferdinand Hodler. De mani\u00e8re chronologique, on y d\u00e9couvre le d\u00e9veloppement de sa peinture, [&hellip;]","og_url":"https:\/\/librairie7l.com\/en\/produit\/alexei-jawlensky\/","og_site_name":"Librairie 7L","article_modified_time":"2026-04-30T08:06:31+00:00","og_image":[{"width":260,"height":315,"url":"https:\/\/librairie7l.com\/wp-content\/uploads\/2016\/11\/9783791356389_1_75.jpg","type":"image\/jpeg"}],"twitter_card":"summary_large_image","schema":{"@context":"https:\/\/schema.org","@graph":[{"@type":"WebPage","@id":"https:\/\/librairie7l.com\/en\/produit\/alexei-jawlensky\/","url":"https:\/\/librairie7l.com\/en\/produit\/alexei-jawlensky\/","name":"Alexei Jawlensky - Librairie 7L","isPartOf":{"@id":"https:\/\/librairie7l.com\/en\/#website"},"datePublished":"2024-02-09T08:50:40+00:00","dateModified":"2026-04-30T08:06:31+00:00","breadcrumb":{"@id":"https:\/\/librairie7l.com\/en\/produit\/alexei-jawlensky\/#breadcrumb"},"inLanguage":"en-US","potentialAction":[{"@type":"ReadAction","target":["https:\/\/librairie7l.com\/en\/produit\/alexei-jawlensky\/"]}]},{"@type":"BreadcrumbList","@id":"https:\/\/librairie7l.com\/en\/produit\/alexei-jawlensky\/#breadcrumb","itemListElement":[{"@type":"ListItem","position":1,"name":"Accueil","item":"https:\/\/librairie7l.com\/en\/"},{"@type":"ListItem","position":2,"name":"Shop","item":"https:\/\/librairie7l.com\/en\/shop\/"},{"@type":"ListItem","position":3,"name":"ALEXEI JAWLENSKY"}]},{"@type":"WebSite","@id":"https:\/\/librairie7l.com\/en\/#website","url":"https:\/\/librairie7l.com\/en\/","name":"Librairie 7L","description":"Librairie fond\u00e9e en 1999 par Karl Lagerfeld \u00e0 Paris","publisher":{"@id":"https:\/\/librairie7l.com\/en\/#organization"},"potentialAction":[{"@type":"SearchAction","target":{"@type":"EntryPoint","urlTemplate":"https:\/\/librairie7l.com\/en\/?s={search_term_string}"},"query-input":"required name=search_term_string"}],"inLanguage":"en-US"},{"@type":"Organization","@id":"https:\/\/librairie7l.com\/en\/#organization","name":"Librairie 7L","url":"https:\/\/librairie7l.com\/en\/","logo":{"@type":"ImageObject","inLanguage":"en-US","@id":"https:\/\/librairie7l.com\/en\/#\/schema\/logo\/image\/","url":"https:\/\/librairie7l.com\/wp-content\/uploads\/2022\/08\/logo-1.png","contentUrl":"https:\/\/librairie7l.com\/wp-content\/uploads\/2022\/08\/logo-1.png","width":227,"height":301,"caption":"Librairie 7L"},"image":{"@id":"https:\/\/librairie7l.com\/en\/#\/schema\/logo\/image\/"}}]}},"_links":{"self":[{"href":"https:\/\/librairie7l.com\/en\/wp-json\/wp\/v2\/product\/38931"}],"collection":[{"href":"https:\/\/librairie7l.com\/en\/wp-json\/wp\/v2\/product"}],"about":[{"href":"https:\/\/librairie7l.com\/en\/wp-json\/wp\/v2\/types\/product"}],"wp:featuredmedia":[{"embeddable":true,"href":"https:\/\/librairie7l.com\/en\/wp-json\/wp\/v2\/media\/38929"}],"wp:attachment":[{"href":"https:\/\/librairie7l.com\/en\/wp-json\/wp\/v2\/media?parent=38931"}],"wp:term":[{"taxonomy":"product_cat","embeddable":true,"href":"https:\/\/librairie7l.com\/en\/wp-json\/wp\/v2\/product_cat?post=38931"},{"taxonomy":"product_tag","embeddable":true,"href":"https:\/\/librairie7l.com\/en\/wp-json\/wp\/v2\/product_tag?post=38931"}],"curies":[{"name":"wp","href":"https:\/\/api.w.org\/{rel}","templated":true}]}}