{"id":38935,"date":"2024-02-09T09:50:45","date_gmt":"2024-02-09T08:50:45","guid":{"rendered":"https:\/\/librairie7l.com\/?post_type=product&#038;p=38935"},"modified":"2026-04-08T23:48:37","modified_gmt":"2026-04-08T21:48:37","slug":"les-grands-magasins","status":"publish","type":"product","link":"https:\/\/librairie7l.com\/en\/produit\/les-grands-magasins\/","title":{"rendered":"LES GRANDS MAGASINS"},"content":{"rendered":"<p>Epuis\u00e9 depuis de longues ann\u00e9es, cet ouvrage de Bernard MARREY est richement illustr\u00e9 de gravures et de photographies d&#8217;\u00e9poque. Il pr\u00e9sente l&#8217;histoire des grands magasins parisiens (et quelques autres comme Toulouse ou Rennes). A l&#8217;heure des grandes surfaces, et des ventes d\u00e9mat\u00e9rialis\u00e9es, il permet de se plonger dans l&#8217;histoire des grands magasins et de penser le rapport entre la consommation et l&#8217;architecture.<\/p>\n","protected":false},"excerpt":{"rendered":"<p>Epuis\u00e9 depuis de longues ann\u00e9es, cet ouvrage de Bernard MARREY est richement illustr\u00e9 de gravures et de photographies d&#8217;\u00e9poque. Il pr\u00e9sente l&#8217;histoire des grands magasins parisiens (et quelques autres comme Toulouse ou Rennes). A l&#8217;heure des grandes surfaces, et des ventes d\u00e9mat\u00e9rialis\u00e9es, il permet de se plonger dans l&#8217;histoire des grands magasins et de penser [&hellip;]<\/p>\n","protected":false},"featured_media":38933,"template":"","meta":[],"product_cat":[2948,2952],"product_tag":[],"acf":[],"yoast_head":"<!-- This site is optimized with the Yoast SEO plugin v20.11 - https:\/\/yoast.com\/wordpress\/plugins\/seo\/ -->\n<title>Les grands magasins - Librairie 7L<\/title>\n<meta name=\"robots\" content=\"index, follow, max-snippet:-1, max-image-preview:large, max-video-preview:-1\" \/>\n<link rel=\"canonical\" href=\"https:\/\/librairie7l.com\/en\/produit\/les-grands-magasins\/\" \/>\n<meta property=\"og:locale\" content=\"en_US\" \/>\n<meta property=\"og:type\" content=\"article\" \/>\n<meta property=\"og:title\" content=\"Les grands magasins - Librairie 7L\" \/>\n<meta property=\"og:description\" content=\"Epuis\u00e9 depuis de longues ann\u00e9es, cet ouvrage de Bernard MARREY est richement illustr\u00e9 de gravures et de photographies d&#8217;\u00e9poque. Il pr\u00e9sente l&#8217;histoire des grands magasins parisiens (et quelques autres comme Toulouse ou Rennes). A l&#8217;heure des grandes surfaces, et des ventes d\u00e9mat\u00e9rialis\u00e9es, il permet de se plonger dans l&#8217;histoire des grands magasins et de penser [&hellip;]\" \/>\n<meta property=\"og:url\" content=\"https:\/\/librairie7l.com\/en\/produit\/les-grands-magasins\/\" \/>\n<meta property=\"og:site_name\" content=\"Librairie 7L\" \/>\n<meta property=\"article:modified_time\" content=\"2026-04-08T21:48:37+00:00\" \/>\n<meta property=\"og:image\" content=\"https:\/\/librairie7l.com\/wp-content\/uploads\/2017\/09\/9782374970059_1_75.jpg\" \/>\n\t<meta property=\"og:image:width\" content=\"600\" \/>\n\t<meta property=\"og:image:height\" content=\"845\" \/>\n\t<meta property=\"og:image:type\" content=\"image\/jpeg\" \/>\n<meta name=\"twitter:card\" content=\"summary_large_image\" \/>\n<script type=\"application\/ld+json\" class=\"yoast-schema-graph\">{\"@context\":\"https:\/\/schema.org\",\"@graph\":[{\"@type\":\"WebPage\",\"@id\":\"https:\/\/librairie7l.com\/en\/produit\/les-grands-magasins\/\",\"url\":\"https:\/\/librairie7l.com\/en\/produit\/les-grands-magasins\/\",\"name\":\"Les grands magasins - Librairie 7L\",\"isPartOf\":{\"@id\":\"https:\/\/librairie7l.com\/en\/#website\"},\"datePublished\":\"2024-02-09T08:50:45+00:00\",\"dateModified\":\"2026-04-08T21:48:37+00:00\",\"breadcrumb\":{\"@id\":\"https:\/\/librairie7l.com\/en\/produit\/les-grands-magasins\/#breadcrumb\"},\"inLanguage\":\"en-US\",\"potentialAction\":[{\"@type\":\"ReadAction\",\"target\":[\"https:\/\/librairie7l.com\/en\/produit\/les-grands-magasins\/\"]}]},{\"@type\":\"BreadcrumbList\",\"@id\":\"https:\/\/librairie7l.com\/en\/produit\/les-grands-magasins\/#breadcrumb\",\"itemListElement\":[{\"@type\":\"ListItem\",\"position\":1,\"name\":\"Accueil\",\"item\":\"https:\/\/librairie7l.com\/en\/\"},{\"@type\":\"ListItem\",\"position\":2,\"name\":\"Shop\",\"item\":\"https:\/\/librairie7l.com\/en\/shop\/\"},{\"@type\":\"ListItem\",\"position\":3,\"name\":\"LES GRANDS MAGASINS\"}]},{\"@type\":\"WebSite\",\"@id\":\"https:\/\/librairie7l.com\/en\/#website\",\"url\":\"https:\/\/librairie7l.com\/en\/\",\"name\":\"Librairie 7L\",\"description\":\"Librairie fond\u00e9e en 1999 par Karl Lagerfeld \u00e0 Paris\",\"publisher\":{\"@id\":\"https:\/\/librairie7l.com\/en\/#organization\"},\"potentialAction\":[{\"@type\":\"SearchAction\",\"target\":{\"@type\":\"EntryPoint\",\"urlTemplate\":\"https:\/\/librairie7l.com\/en\/?s={search_term_string}\"},\"query-input\":\"required name=search_term_string\"}],\"inLanguage\":\"en-US\"},{\"@type\":\"Organization\",\"@id\":\"https:\/\/librairie7l.com\/en\/#organization\",\"name\":\"Librairie 7L\",\"url\":\"https:\/\/librairie7l.com\/en\/\",\"logo\":{\"@type\":\"ImageObject\",\"inLanguage\":\"en-US\",\"@id\":\"https:\/\/librairie7l.com\/en\/#\/schema\/logo\/image\/\",\"url\":\"https:\/\/librairie7l.com\/wp-content\/uploads\/2022\/08\/logo-1.png\",\"contentUrl\":\"https:\/\/librairie7l.com\/wp-content\/uploads\/2022\/08\/logo-1.png\",\"width\":227,\"height\":301,\"caption\":\"Librairie 7L\"},\"image\":{\"@id\":\"https:\/\/librairie7l.com\/en\/#\/schema\/logo\/image\/\"}}]}<\/script>\n<!-- \/ Yoast SEO plugin. -->","yoast_head_json":{"title":"Les grands magasins - Librairie 7L","robots":{"index":"index","follow":"follow","max-snippet":"max-snippet:-1","max-image-preview":"max-image-preview:large","max-video-preview":"max-video-preview:-1"},"canonical":"https:\/\/librairie7l.com\/en\/produit\/les-grands-magasins\/","og_locale":"en_US","og_type":"article","og_title":"Les grands magasins - Librairie 7L","og_description":"Epuis\u00e9 depuis de longues ann\u00e9es, cet ouvrage de Bernard MARREY est richement illustr\u00e9 de gravures et de photographies d&#8217;\u00e9poque. Il pr\u00e9sente l&#8217;histoire des grands magasins parisiens (et quelques autres comme Toulouse ou Rennes). A l&#8217;heure des grandes surfaces, et des ventes d\u00e9mat\u00e9rialis\u00e9es, il permet de se plonger dans l&#8217;histoire des grands magasins et de penser [&hellip;]","og_url":"https:\/\/librairie7l.com\/en\/produit\/les-grands-magasins\/","og_site_name":"Librairie 7L","article_modified_time":"2026-04-08T21:48:37+00:00","og_image":[{"width":600,"height":845,"url":"https:\/\/librairie7l.com\/wp-content\/uploads\/2017\/09\/9782374970059_1_75.jpg","type":"image\/jpeg"}],"twitter_card":"summary_large_image","schema":{"@context":"https:\/\/schema.org","@graph":[{"@type":"WebPage","@id":"https:\/\/librairie7l.com\/en\/produit\/les-grands-magasins\/","url":"https:\/\/librairie7l.com\/en\/produit\/les-grands-magasins\/","name":"Les grands magasins - Librairie 7L","isPartOf":{"@id":"https:\/\/librairie7l.com\/en\/#website"},"datePublished":"2024-02-09T08:50:45+00:00","dateModified":"2026-04-08T21:48:37+00:00","breadcrumb":{"@id":"https:\/\/librairie7l.com\/en\/produit\/les-grands-magasins\/#breadcrumb"},"inLanguage":"en-US","potentialAction":[{"@type":"ReadAction","target":["https:\/\/librairie7l.com\/en\/produit\/les-grands-magasins\/"]}]},{"@type":"BreadcrumbList","@id":"https:\/\/librairie7l.com\/en\/produit\/les-grands-magasins\/#breadcrumb","itemListElement":[{"@type":"ListItem","position":1,"name":"Accueil","item":"https:\/\/librairie7l.com\/en\/"},{"@type":"ListItem","position":2,"name":"Shop","item":"https:\/\/librairie7l.com\/en\/shop\/"},{"@type":"ListItem","position":3,"name":"LES GRANDS MAGASINS"}]},{"@type":"WebSite","@id":"https:\/\/librairie7l.com\/en\/#website","url":"https:\/\/librairie7l.com\/en\/","name":"Librairie 7L","description":"Librairie fond\u00e9e en 1999 par Karl Lagerfeld \u00e0 Paris","publisher":{"@id":"https:\/\/librairie7l.com\/en\/#organization"},"potentialAction":[{"@type":"SearchAction","target":{"@type":"EntryPoint","urlTemplate":"https:\/\/librairie7l.com\/en\/?s={search_term_string}"},"query-input":"required name=search_term_string"}],"inLanguage":"en-US"},{"@type":"Organization","@id":"https:\/\/librairie7l.com\/en\/#organization","name":"Librairie 7L","url":"https:\/\/librairie7l.com\/en\/","logo":{"@type":"ImageObject","inLanguage":"en-US","@id":"https:\/\/librairie7l.com\/en\/#\/schema\/logo\/image\/","url":"https:\/\/librairie7l.com\/wp-content\/uploads\/2022\/08\/logo-1.png","contentUrl":"https:\/\/librairie7l.com\/wp-content\/uploads\/2022\/08\/logo-1.png","width":227,"height":301,"caption":"Librairie 7L"},"image":{"@id":"https:\/\/librairie7l.com\/en\/#\/schema\/logo\/image\/"}}]}},"_links":{"self":[{"href":"https:\/\/librairie7l.com\/en\/wp-json\/wp\/v2\/product\/38935"}],"collection":[{"href":"https:\/\/librairie7l.com\/en\/wp-json\/wp\/v2\/product"}],"about":[{"href":"https:\/\/librairie7l.com\/en\/wp-json\/wp\/v2\/types\/product"}],"wp:featuredmedia":[{"embeddable":true,"href":"https:\/\/librairie7l.com\/en\/wp-json\/wp\/v2\/media\/38933"}],"wp:attachment":[{"href":"https:\/\/librairie7l.com\/en\/wp-json\/wp\/v2\/media?parent=38935"}],"wp:term":[{"taxonomy":"product_cat","embeddable":true,"href":"https:\/\/librairie7l.com\/en\/wp-json\/wp\/v2\/product_cat?post=38935"},{"taxonomy":"product_tag","embeddable":true,"href":"https:\/\/librairie7l.com\/en\/wp-json\/wp\/v2\/product_tag?post=38935"}],"curies":[{"name":"wp","href":"https:\/\/api.w.org\/{rel}","templated":true}]}}