{"id":38945,"date":"2024-05-23T20:06:50","date_gmt":"2024-05-23T18:06:50","guid":{"rendered":"https:\/\/librairie7l.com\/?post_type=product&#038;p=38945"},"modified":"2026-04-09T17:13:08","modified_gmt":"2026-04-09T15:13:08","slug":"gerhard-richter-engadin","status":"publish","type":"product","link":"https:\/\/librairie7l.com\/en\/produit\/gerhard-richter-engadin\/","title":{"rendered":"GERHARD RICHTER ENGADIN"},"content":{"rendered":"<p>Co\u00efncidant avec l&#8217;exposition \u00e9ponyme qui se d\u00e9roule simultan\u00e9ment \u00e0 la Nietzsche-Haus, au Mus\u00e9e Segantini et \u00e0 la galerie Hauser &amp; Wirth de St. Moritz, Gerhard Richter : Engadin explore la relation profonde de l&#8217;artiste avec la r\u00e9gion de l&#8217;Engadine, dans les Alpes suisses, qu&#8217;il a visit\u00e9e pour la premi\u00e8re fois \u00e0 la fin ann\u00e9es 1980. Dans un essai de Dieter Schwarz, commissaire de l&#8217;exposition, les oeuvres de l&#8217;exposition sont analys\u00e9es afin d&#8217;explorer l&#8217;impact des paysages alpins sur l&#8217;oeuvre de l&#8217;artiste. Avec quatre-vingts illustrations en couleur, le livre pr\u00e9sente des peintures, des photographies repeintes et des images d&#8217;archives, avec certains documents in\u00e9dits.<\/p>\n","protected":false},"excerpt":{"rendered":"<p>Co\u00efncidant avec l&#8217;exposition \u00e9ponyme qui se d\u00e9roule simultan\u00e9ment \u00e0 la Nietzsche-Haus, au Mus\u00e9e Segantini et \u00e0 la galerie Hauser &amp; Wirth de St. Moritz, Gerhard Richter : Engadin explore la relation profonde de l&#8217;artiste avec la r\u00e9gion de l&#8217;Engadine, dans les Alpes suisses, qu&#8217;il a visit\u00e9e pour la premi\u00e8re fois \u00e0 la fin ann\u00e9es 1980. [&hellip;]<\/p>\n","protected":false},"featured_media":38943,"template":"","meta":[],"product_cat":[2948,2953],"product_tag":[],"acf":[],"yoast_head":"<!-- This site is optimized with the Yoast SEO plugin v20.11 - https:\/\/yoast.com\/wordpress\/plugins\/seo\/ -->\n<title>Gerhard richter engadin - Librairie 7L<\/title>\n<meta name=\"robots\" content=\"index, follow, max-snippet:-1, max-image-preview:large, max-video-preview:-1\" \/>\n<link rel=\"canonical\" href=\"https:\/\/librairie7l.com\/en\/produit\/gerhard-richter-engadin\/\" \/>\n<meta property=\"og:locale\" content=\"en_US\" \/>\n<meta property=\"og:type\" content=\"article\" \/>\n<meta property=\"og:title\" content=\"Gerhard richter engadin - Librairie 7L\" \/>\n<meta property=\"og:description\" content=\"Co\u00efncidant avec l&#8217;exposition \u00e9ponyme qui se d\u00e9roule simultan\u00e9ment \u00e0 la Nietzsche-Haus, au Mus\u00e9e Segantini et \u00e0 la galerie Hauser &amp; Wirth de St. Moritz, Gerhard Richter : Engadin explore la relation profonde de l&#8217;artiste avec la r\u00e9gion de l&#8217;Engadine, dans les Alpes suisses, qu&#8217;il a visit\u00e9e pour la premi\u00e8re fois \u00e0 la fin ann\u00e9es 1980. [&hellip;]\" \/>\n<meta property=\"og:url\" content=\"https:\/\/librairie7l.com\/en\/produit\/gerhard-richter-engadin\/\" \/>\n<meta property=\"og:site_name\" content=\"Librairie 7L\" \/>\n<meta property=\"article:modified_time\" content=\"2026-04-09T15:13:08+00:00\" \/>\n<meta property=\"og:image\" content=\"https:\/\/librairie7l.com\/wp-content\/uploads\/2023\/12\/9783906915906_1_75.jpg\" \/>\n\t<meta property=\"og:image:width\" content=\"362\" \/>\n\t<meta property=\"og:image:height\" content=\"500\" \/>\n\t<meta property=\"og:image:type\" content=\"image\/jpeg\" \/>\n<meta name=\"twitter:card\" content=\"summary_large_image\" \/>\n<meta name=\"twitter:label1\" content=\"Est. reading time\" \/>\n\t<meta name=\"twitter:data1\" content=\"1 minute\" \/>\n<script type=\"application\/ld+json\" class=\"yoast-schema-graph\">{\"@context\":\"https:\/\/schema.org\",\"@graph\":[{\"@type\":\"WebPage\",\"@id\":\"https:\/\/librairie7l.com\/en\/produit\/gerhard-richter-engadin\/\",\"url\":\"https:\/\/librairie7l.com\/en\/produit\/gerhard-richter-engadin\/\",\"name\":\"Gerhard richter engadin - Librairie 7L\",\"isPartOf\":{\"@id\":\"https:\/\/librairie7l.com\/en\/#website\"},\"datePublished\":\"2024-05-23T18:06:50+00:00\",\"dateModified\":\"2026-04-09T15:13:08+00:00\",\"breadcrumb\":{\"@id\":\"https:\/\/librairie7l.com\/en\/produit\/gerhard-richter-engadin\/#breadcrumb\"},\"inLanguage\":\"en-US\",\"potentialAction\":[{\"@type\":\"ReadAction\",\"target\":[\"https:\/\/librairie7l.com\/en\/produit\/gerhard-richter-engadin\/\"]}]},{\"@type\":\"BreadcrumbList\",\"@id\":\"https:\/\/librairie7l.com\/en\/produit\/gerhard-richter-engadin\/#breadcrumb\",\"itemListElement\":[{\"@type\":\"ListItem\",\"position\":1,\"name\":\"Accueil\",\"item\":\"https:\/\/librairie7l.com\/en\/\"},{\"@type\":\"ListItem\",\"position\":2,\"name\":\"Shop\",\"item\":\"https:\/\/librairie7l.com\/en\/shop\/\"},{\"@type\":\"ListItem\",\"position\":3,\"name\":\"GERHARD RICHTER ENGADIN\"}]},{\"@type\":\"WebSite\",\"@id\":\"https:\/\/librairie7l.com\/en\/#website\",\"url\":\"https:\/\/librairie7l.com\/en\/\",\"name\":\"Librairie 7L\",\"description\":\"Librairie fond\u00e9e en 1999 par Karl Lagerfeld \u00e0 Paris\",\"publisher\":{\"@id\":\"https:\/\/librairie7l.com\/en\/#organization\"},\"potentialAction\":[{\"@type\":\"SearchAction\",\"target\":{\"@type\":\"EntryPoint\",\"urlTemplate\":\"https:\/\/librairie7l.com\/en\/?s={search_term_string}\"},\"query-input\":\"required name=search_term_string\"}],\"inLanguage\":\"en-US\"},{\"@type\":\"Organization\",\"@id\":\"https:\/\/librairie7l.com\/en\/#organization\",\"name\":\"Librairie 7L\",\"url\":\"https:\/\/librairie7l.com\/en\/\",\"logo\":{\"@type\":\"ImageObject\",\"inLanguage\":\"en-US\",\"@id\":\"https:\/\/librairie7l.com\/en\/#\/schema\/logo\/image\/\",\"url\":\"https:\/\/librairie7l.com\/wp-content\/uploads\/2022\/08\/logo-1.png\",\"contentUrl\":\"https:\/\/librairie7l.com\/wp-content\/uploads\/2022\/08\/logo-1.png\",\"width\":227,\"height\":301,\"caption\":\"Librairie 7L\"},\"image\":{\"@id\":\"https:\/\/librairie7l.com\/en\/#\/schema\/logo\/image\/\"}}]}<\/script>\n<!-- \/ Yoast SEO plugin. -->","yoast_head_json":{"title":"Gerhard richter engadin - Librairie 7L","robots":{"index":"index","follow":"follow","max-snippet":"max-snippet:-1","max-image-preview":"max-image-preview:large","max-video-preview":"max-video-preview:-1"},"canonical":"https:\/\/librairie7l.com\/en\/produit\/gerhard-richter-engadin\/","og_locale":"en_US","og_type":"article","og_title":"Gerhard richter engadin - Librairie 7L","og_description":"Co\u00efncidant avec l&#8217;exposition \u00e9ponyme qui se d\u00e9roule simultan\u00e9ment \u00e0 la Nietzsche-Haus, au Mus\u00e9e Segantini et \u00e0 la galerie Hauser &amp; Wirth de St. Moritz, Gerhard Richter : Engadin explore la relation profonde de l&#8217;artiste avec la r\u00e9gion de l&#8217;Engadine, dans les Alpes suisses, qu&#8217;il a visit\u00e9e pour la premi\u00e8re fois \u00e0 la fin ann\u00e9es 1980. [&hellip;]","og_url":"https:\/\/librairie7l.com\/en\/produit\/gerhard-richter-engadin\/","og_site_name":"Librairie 7L","article_modified_time":"2026-04-09T15:13:08+00:00","og_image":[{"width":362,"height":500,"url":"https:\/\/librairie7l.com\/wp-content\/uploads\/2023\/12\/9783906915906_1_75.jpg","type":"image\/jpeg"}],"twitter_card":"summary_large_image","twitter_misc":{"Est. reading time":"1 minute"},"schema":{"@context":"https:\/\/schema.org","@graph":[{"@type":"WebPage","@id":"https:\/\/librairie7l.com\/en\/produit\/gerhard-richter-engadin\/","url":"https:\/\/librairie7l.com\/en\/produit\/gerhard-richter-engadin\/","name":"Gerhard richter engadin - Librairie 7L","isPartOf":{"@id":"https:\/\/librairie7l.com\/en\/#website"},"datePublished":"2024-05-23T18:06:50+00:00","dateModified":"2026-04-09T15:13:08+00:00","breadcrumb":{"@id":"https:\/\/librairie7l.com\/en\/produit\/gerhard-richter-engadin\/#breadcrumb"},"inLanguage":"en-US","potentialAction":[{"@type":"ReadAction","target":["https:\/\/librairie7l.com\/en\/produit\/gerhard-richter-engadin\/"]}]},{"@type":"BreadcrumbList","@id":"https:\/\/librairie7l.com\/en\/produit\/gerhard-richter-engadin\/#breadcrumb","itemListElement":[{"@type":"ListItem","position":1,"name":"Accueil","item":"https:\/\/librairie7l.com\/en\/"},{"@type":"ListItem","position":2,"name":"Shop","item":"https:\/\/librairie7l.com\/en\/shop\/"},{"@type":"ListItem","position":3,"name":"GERHARD RICHTER ENGADIN"}]},{"@type":"WebSite","@id":"https:\/\/librairie7l.com\/en\/#website","url":"https:\/\/librairie7l.com\/en\/","name":"Librairie 7L","description":"Librairie fond\u00e9e en 1999 par Karl Lagerfeld \u00e0 Paris","publisher":{"@id":"https:\/\/librairie7l.com\/en\/#organization"},"potentialAction":[{"@type":"SearchAction","target":{"@type":"EntryPoint","urlTemplate":"https:\/\/librairie7l.com\/en\/?s={search_term_string}"},"query-input":"required name=search_term_string"}],"inLanguage":"en-US"},{"@type":"Organization","@id":"https:\/\/librairie7l.com\/en\/#organization","name":"Librairie 7L","url":"https:\/\/librairie7l.com\/en\/","logo":{"@type":"ImageObject","inLanguage":"en-US","@id":"https:\/\/librairie7l.com\/en\/#\/schema\/logo\/image\/","url":"https:\/\/librairie7l.com\/wp-content\/uploads\/2022\/08\/logo-1.png","contentUrl":"https:\/\/librairie7l.com\/wp-content\/uploads\/2022\/08\/logo-1.png","width":227,"height":301,"caption":"Librairie 7L"},"image":{"@id":"https:\/\/librairie7l.com\/en\/#\/schema\/logo\/image\/"}}]}},"_links":{"self":[{"href":"https:\/\/librairie7l.com\/en\/wp-json\/wp\/v2\/product\/38945"}],"collection":[{"href":"https:\/\/librairie7l.com\/en\/wp-json\/wp\/v2\/product"}],"about":[{"href":"https:\/\/librairie7l.com\/en\/wp-json\/wp\/v2\/types\/product"}],"wp:featuredmedia":[{"embeddable":true,"href":"https:\/\/librairie7l.com\/en\/wp-json\/wp\/v2\/media\/38943"}],"wp:attachment":[{"href":"https:\/\/librairie7l.com\/en\/wp-json\/wp\/v2\/media?parent=38945"}],"wp:term":[{"taxonomy":"product_cat","embeddable":true,"href":"https:\/\/librairie7l.com\/en\/wp-json\/wp\/v2\/product_cat?post=38945"},{"taxonomy":"product_tag","embeddable":true,"href":"https:\/\/librairie7l.com\/en\/wp-json\/wp\/v2\/product_tag?post=38945"}],"curies":[{"name":"wp","href":"https:\/\/api.w.org\/{rel}","templated":true}]}}