{"id":38969,"date":"2024-12-04T09:18:22","date_gmt":"2024-12-04T08:18:22","guid":{"rendered":"https:\/\/librairie7l.com\/?post_type=product&#038;p=38969"},"modified":"2026-04-05T19:18:49","modified_gmt":"2026-04-05T17:18:49","slug":"sustainable-fashion-responsible-consumption-design-fabrics-and-materials","status":"publish","type":"product","link":"https:\/\/librairie7l.com\/en\/produit\/sustainable-fashion-responsible-consumption-design-fabrics-and-materials\/","title":{"rendered":"SUSTAINABLE FASHION. RESPONSIBLE CONSUMPTION, DESIGN, FABRICS, AND MATERIALS"},"content":{"rendered":"<p>Un aper\u00e7u du monde de la mode \u00e9thique et durable : les modes de production alternatifs, les mat\u00e9riaux \u00e9cologiques et r\u00e9utilis\u00e9s ainsi que des conseils pratiques pour l?entretien des v\u00eatements. Il comprend un panorama complet des actions entreprises actuellement par certains cr\u00e9ateurs et marques d&#8217;avant-garde et la mani\u00e8re dont ceux-ci int\u00e8grent les principes de base de la durabilit\u00e9 et les mat\u00e9riaux respectueux de l&#8217;environnement et r\u00e9utilis\u00e9s, pour cr\u00e9er une nouvelle g\u00e9n\u00e9ration de produits de mode, sans oublier des informations sur les diff\u00e9rents types de tissus, les types de production alternatifs, la r\u00e9utilisation et des conseils pratiques sur l&#8217;entretien des v\u00eatements.<\/p>\n","protected":false},"excerpt":{"rendered":"<p>Un aper\u00e7u du monde de la mode \u00e9thique et durable : les modes de production alternatifs, les mat\u00e9riaux \u00e9cologiques et r\u00e9utilis\u00e9s ainsi que des conseils pratiques pour l?entretien des v\u00eatements. Il comprend un panorama complet des actions entreprises actuellement par certains cr\u00e9ateurs et marques d&#8217;avant-garde et la mani\u00e8re dont ceux-ci int\u00e8grent les principes de base [&hellip;]<\/p>\n","protected":false},"featured_media":38967,"template":"","meta":[],"product_cat":[2948,2957],"product_tag":[],"acf":[],"yoast_head":"<!-- This site is optimized with the Yoast SEO plugin v20.11 - https:\/\/yoast.com\/wordpress\/plugins\/seo\/ -->\n<title>Sustainable fashion. responsible consumption, design, fabrics, and materials - Librairie 7L<\/title>\n<meta name=\"robots\" content=\"index, follow, max-snippet:-1, max-image-preview:large, max-video-preview:-1\" \/>\n<link rel=\"canonical\" href=\"https:\/\/librairie7l.com\/en\/produit\/sustainable-fashion-responsible-consumption-design-fabrics-and-materials\/\" \/>\n<meta property=\"og:locale\" content=\"en_US\" \/>\n<meta property=\"og:type\" content=\"article\" \/>\n<meta property=\"og:title\" content=\"Sustainable fashion. responsible consumption, design, fabrics, and materials - Librairie 7L\" \/>\n<meta property=\"og:description\" content=\"Un aper\u00e7u du monde de la mode \u00e9thique et durable : les modes de production alternatifs, les mat\u00e9riaux \u00e9cologiques et r\u00e9utilis\u00e9s ainsi que des conseils pratiques pour l?entretien des v\u00eatements. Il comprend un panorama complet des actions entreprises actuellement par certains cr\u00e9ateurs et marques d&#8217;avant-garde et la mani\u00e8re dont ceux-ci int\u00e8grent les principes de base [&hellip;]\" \/>\n<meta property=\"og:url\" content=\"https:\/\/librairie7l.com\/en\/produit\/sustainable-fashion-responsible-consumption-design-fabrics-and-materials\/\" \/>\n<meta property=\"og:site_name\" content=\"Librairie 7L\" \/>\n<meta property=\"article:modified_time\" content=\"2026-04-05T17:18:49+00:00\" \/>\n<meta property=\"og:image\" content=\"https:\/\/librairie7l.com\/wp-content\/uploads\/2021\/05\/9788417412791_1_75.jpg\" \/>\n\t<meta property=\"og:image:width\" content=\"400\" \/>\n\t<meta property=\"og:image:height\" content=\"526\" \/>\n\t<meta property=\"og:image:type\" content=\"image\/jpeg\" \/>\n<meta name=\"twitter:card\" content=\"summary_large_image\" \/>\n<meta name=\"twitter:label1\" content=\"Est. reading time\" \/>\n\t<meta name=\"twitter:data1\" content=\"1 minute\" \/>\n<script type=\"application\/ld+json\" class=\"yoast-schema-graph\">{\"@context\":\"https:\/\/schema.org\",\"@graph\":[{\"@type\":\"WebPage\",\"@id\":\"https:\/\/librairie7l.com\/en\/produit\/sustainable-fashion-responsible-consumption-design-fabrics-and-materials\/\",\"url\":\"https:\/\/librairie7l.com\/en\/produit\/sustainable-fashion-responsible-consumption-design-fabrics-and-materials\/\",\"name\":\"Sustainable fashion. responsible consumption, design, fabrics, and materials - Librairie 7L\",\"isPartOf\":{\"@id\":\"https:\/\/librairie7l.com\/en\/#website\"},\"datePublished\":\"2024-12-04T08:18:22+00:00\",\"dateModified\":\"2026-04-05T17:18:49+00:00\",\"breadcrumb\":{\"@id\":\"https:\/\/librairie7l.com\/en\/produit\/sustainable-fashion-responsible-consumption-design-fabrics-and-materials\/#breadcrumb\"},\"inLanguage\":\"en-US\",\"potentialAction\":[{\"@type\":\"ReadAction\",\"target\":[\"https:\/\/librairie7l.com\/en\/produit\/sustainable-fashion-responsible-consumption-design-fabrics-and-materials\/\"]}]},{\"@type\":\"BreadcrumbList\",\"@id\":\"https:\/\/librairie7l.com\/en\/produit\/sustainable-fashion-responsible-consumption-design-fabrics-and-materials\/#breadcrumb\",\"itemListElement\":[{\"@type\":\"ListItem\",\"position\":1,\"name\":\"Accueil\",\"item\":\"https:\/\/librairie7l.com\/en\/\"},{\"@type\":\"ListItem\",\"position\":2,\"name\":\"Shop\",\"item\":\"https:\/\/librairie7l.com\/en\/shop\/\"},{\"@type\":\"ListItem\",\"position\":3,\"name\":\"SUSTAINABLE FASHION. RESPONSIBLE CONSUMPTION, DESIGN, FABRICS, AND MATERIALS\"}]},{\"@type\":\"WebSite\",\"@id\":\"https:\/\/librairie7l.com\/en\/#website\",\"url\":\"https:\/\/librairie7l.com\/en\/\",\"name\":\"Librairie 7L\",\"description\":\"Librairie fond\u00e9e en 1999 par Karl Lagerfeld \u00e0 Paris\",\"publisher\":{\"@id\":\"https:\/\/librairie7l.com\/en\/#organization\"},\"potentialAction\":[{\"@type\":\"SearchAction\",\"target\":{\"@type\":\"EntryPoint\",\"urlTemplate\":\"https:\/\/librairie7l.com\/en\/?s={search_term_string}\"},\"query-input\":\"required name=search_term_string\"}],\"inLanguage\":\"en-US\"},{\"@type\":\"Organization\",\"@id\":\"https:\/\/librairie7l.com\/en\/#organization\",\"name\":\"Librairie 7L\",\"url\":\"https:\/\/librairie7l.com\/en\/\",\"logo\":{\"@type\":\"ImageObject\",\"inLanguage\":\"en-US\",\"@id\":\"https:\/\/librairie7l.com\/en\/#\/schema\/logo\/image\/\",\"url\":\"https:\/\/librairie7l.com\/wp-content\/uploads\/2022\/08\/logo-1.png\",\"contentUrl\":\"https:\/\/librairie7l.com\/wp-content\/uploads\/2022\/08\/logo-1.png\",\"width\":227,\"height\":301,\"caption\":\"Librairie 7L\"},\"image\":{\"@id\":\"https:\/\/librairie7l.com\/en\/#\/schema\/logo\/image\/\"}}]}<\/script>\n<!-- \/ Yoast SEO plugin. -->","yoast_head_json":{"title":"Sustainable fashion. responsible consumption, design, fabrics, and materials - Librairie 7L","robots":{"index":"index","follow":"follow","max-snippet":"max-snippet:-1","max-image-preview":"max-image-preview:large","max-video-preview":"max-video-preview:-1"},"canonical":"https:\/\/librairie7l.com\/en\/produit\/sustainable-fashion-responsible-consumption-design-fabrics-and-materials\/","og_locale":"en_US","og_type":"article","og_title":"Sustainable fashion. responsible consumption, design, fabrics, and materials - Librairie 7L","og_description":"Un aper\u00e7u du monde de la mode \u00e9thique et durable : les modes de production alternatifs, les mat\u00e9riaux \u00e9cologiques et r\u00e9utilis\u00e9s ainsi que des conseils pratiques pour l?entretien des v\u00eatements. Il comprend un panorama complet des actions entreprises actuellement par certains cr\u00e9ateurs et marques d&#8217;avant-garde et la mani\u00e8re dont ceux-ci int\u00e8grent les principes de base [&hellip;]","og_url":"https:\/\/librairie7l.com\/en\/produit\/sustainable-fashion-responsible-consumption-design-fabrics-and-materials\/","og_site_name":"Librairie 7L","article_modified_time":"2026-04-05T17:18:49+00:00","og_image":[{"width":400,"height":526,"url":"https:\/\/librairie7l.com\/wp-content\/uploads\/2021\/05\/9788417412791_1_75.jpg","type":"image\/jpeg"}],"twitter_card":"summary_large_image","twitter_misc":{"Est. reading time":"1 minute"},"schema":{"@context":"https:\/\/schema.org","@graph":[{"@type":"WebPage","@id":"https:\/\/librairie7l.com\/en\/produit\/sustainable-fashion-responsible-consumption-design-fabrics-and-materials\/","url":"https:\/\/librairie7l.com\/en\/produit\/sustainable-fashion-responsible-consumption-design-fabrics-and-materials\/","name":"Sustainable fashion. responsible consumption, design, fabrics, and materials - Librairie 7L","isPartOf":{"@id":"https:\/\/librairie7l.com\/en\/#website"},"datePublished":"2024-12-04T08:18:22+00:00","dateModified":"2026-04-05T17:18:49+00:00","breadcrumb":{"@id":"https:\/\/librairie7l.com\/en\/produit\/sustainable-fashion-responsible-consumption-design-fabrics-and-materials\/#breadcrumb"},"inLanguage":"en-US","potentialAction":[{"@type":"ReadAction","target":["https:\/\/librairie7l.com\/en\/produit\/sustainable-fashion-responsible-consumption-design-fabrics-and-materials\/"]}]},{"@type":"BreadcrumbList","@id":"https:\/\/librairie7l.com\/en\/produit\/sustainable-fashion-responsible-consumption-design-fabrics-and-materials\/#breadcrumb","itemListElement":[{"@type":"ListItem","position":1,"name":"Accueil","item":"https:\/\/librairie7l.com\/en\/"},{"@type":"ListItem","position":2,"name":"Shop","item":"https:\/\/librairie7l.com\/en\/shop\/"},{"@type":"ListItem","position":3,"name":"SUSTAINABLE FASHION. RESPONSIBLE CONSUMPTION, DESIGN, FABRICS, AND MATERIALS"}]},{"@type":"WebSite","@id":"https:\/\/librairie7l.com\/en\/#website","url":"https:\/\/librairie7l.com\/en\/","name":"Librairie 7L","description":"Librairie fond\u00e9e en 1999 par Karl Lagerfeld \u00e0 Paris","publisher":{"@id":"https:\/\/librairie7l.com\/en\/#organization"},"potentialAction":[{"@type":"SearchAction","target":{"@type":"EntryPoint","urlTemplate":"https:\/\/librairie7l.com\/en\/?s={search_term_string}"},"query-input":"required name=search_term_string"}],"inLanguage":"en-US"},{"@type":"Organization","@id":"https:\/\/librairie7l.com\/en\/#organization","name":"Librairie 7L","url":"https:\/\/librairie7l.com\/en\/","logo":{"@type":"ImageObject","inLanguage":"en-US","@id":"https:\/\/librairie7l.com\/en\/#\/schema\/logo\/image\/","url":"https:\/\/librairie7l.com\/wp-content\/uploads\/2022\/08\/logo-1.png","contentUrl":"https:\/\/librairie7l.com\/wp-content\/uploads\/2022\/08\/logo-1.png","width":227,"height":301,"caption":"Librairie 7L"},"image":{"@id":"https:\/\/librairie7l.com\/en\/#\/schema\/logo\/image\/"}}]}},"_links":{"self":[{"href":"https:\/\/librairie7l.com\/en\/wp-json\/wp\/v2\/product\/38969"}],"collection":[{"href":"https:\/\/librairie7l.com\/en\/wp-json\/wp\/v2\/product"}],"about":[{"href":"https:\/\/librairie7l.com\/en\/wp-json\/wp\/v2\/types\/product"}],"wp:featuredmedia":[{"embeddable":true,"href":"https:\/\/librairie7l.com\/en\/wp-json\/wp\/v2\/media\/38967"}],"wp:attachment":[{"href":"https:\/\/librairie7l.com\/en\/wp-json\/wp\/v2\/media?parent=38969"}],"wp:term":[{"taxonomy":"product_cat","embeddable":true,"href":"https:\/\/librairie7l.com\/en\/wp-json\/wp\/v2\/product_cat?post=38969"},{"taxonomy":"product_tag","embeddable":true,"href":"https:\/\/librairie7l.com\/en\/wp-json\/wp\/v2\/product_tag?post=38969"}],"curies":[{"name":"wp","href":"https:\/\/api.w.org\/{rel}","templated":true}]}}