{"id":38973,"date":"2024-06-26T10:36:38","date_gmt":"2024-06-26T08:36:38","guid":{"rendered":"https:\/\/librairie7l.com\/?post_type=product&#038;p=38973"},"modified":"2026-04-13T04:38:18","modified_gmt":"2026-04-13T02:38:18","slug":"regards-sur-lobjet-du-xx-siecle","status":"publish","type":"product","link":"https:\/\/librairie7l.com\/en\/produit\/regards-sur-lobjet-du-xx-siecle\/","title":{"rendered":"REGARDS SUR L&#8217;OBJET DU XX SI\u00c8CLE"},"content":{"rendered":"<p>la protection au titre des monuments historiques de l&#8217;oeuvre architecturale de le corbusier, l&#8217;\u00e9largissement de cette protection au patrimoine scientifique et technique t\u00e9moignent d&#8217;une volont\u00e9 de patrimonialisation des oeuvres du xxe si\u00e8cle, volont\u00e9 qui se heurte tr\u00e8s souvent \u00e0 leur fragilit\u00e9 particuli\u00e8re.<br \/>\n t\u00e9moins d&#8217;une \u00e9conomie en voie de restructuration, le mat\u00e9riel de production, les machines et l&#8217;outillage sont les premiers \u00e9l\u00e9ments qui disparaissent quand les usines ferment. m\u00eames transformations, renouvellement et disparitions pour le patrimoine religieux qui \u00e9volue au fil de la liturgie. a l&#8217;inverse, l&#8217;art du xxe si\u00e8cle est \u00e0 la mode chez les marchands, dans les salons et galeries. de ce fait le mobilier des grands cr\u00e9ateurs est quasiment absent du patrimoine prot\u00e9g\u00e9.<br \/>\n les antiquaires sp\u00e9cialis\u00e9s ont su sp\u00e9culer depuis longtemps sur le mobilier r\u00e9form\u00e9 des administrations (grands h\u00f4pitaux, \u00e9tablissements universitaires, etc.). etudes artistiques et historiques participent \u00e0 la reconnaissance et \u00e0 la conservation des objets du xxe si\u00e8cle, qui, par leur monumentalit\u00e9 et leur diversit\u00e9, suscitent des d\u00e9bats passionn\u00e9s dont cet ouvrage, centr\u00e9 sur le patrimoine lyonnais, se fait l&#8217;\u00e9cho.<\/p>\n","protected":false},"excerpt":{"rendered":"<p>la protection au titre des monuments historiques de l&#8217;oeuvre architecturale de le corbusier, l&#8217;\u00e9largissement de cette protection au patrimoine scientifique et technique t\u00e9moignent d&#8217;une volont\u00e9 de patrimonialisation des oeuvres du xxe si\u00e8cle, volont\u00e9 qui se heurte tr\u00e8s souvent \u00e0 leur fragilit\u00e9 particuli\u00e8re. t\u00e9moins d&#8217;une \u00e9conomie en voie de restructuration, le mat\u00e9riel de production, les machines [&hellip;]<\/p>\n","protected":false},"featured_media":38971,"template":"","meta":[],"product_cat":[2948,2952],"product_tag":[],"acf":[],"yoast_head":"<!-- This site is optimized with the Yoast SEO plugin v20.11 - https:\/\/yoast.com\/wordpress\/plugins\/seo\/ -->\n<title>Regards sur l&#039;objet du xx si\u00e8cle - Librairie 7L<\/title>\n<meta name=\"robots\" content=\"index, follow, max-snippet:-1, max-image-preview:large, max-video-preview:-1\" \/>\n<link rel=\"canonical\" href=\"https:\/\/librairie7l.com\/en\/produit\/regards-sur-lobjet-du-xx-siecle\/\" \/>\n<meta property=\"og:locale\" content=\"en_US\" \/>\n<meta property=\"og:type\" content=\"article\" \/>\n<meta property=\"og:title\" content=\"Regards sur l&#039;objet du xx si\u00e8cle - Librairie 7L\" \/>\n<meta property=\"og:description\" content=\"la protection au titre des monuments historiques de l&#8217;oeuvre architecturale de le corbusier, l&#8217;\u00e9largissement de cette protection au patrimoine scientifique et technique t\u00e9moignent d&#8217;une volont\u00e9 de patrimonialisation des oeuvres du xxe si\u00e8cle, volont\u00e9 qui se heurte tr\u00e8s souvent \u00e0 leur fragilit\u00e9 particuli\u00e8re. t\u00e9moins d&#8217;une \u00e9conomie en voie de restructuration, le mat\u00e9riel de production, les machines [&hellip;]\" \/>\n<meta property=\"og:url\" content=\"https:\/\/librairie7l.com\/en\/produit\/regards-sur-lobjet-du-xx-siecle\/\" \/>\n<meta property=\"og:site_name\" content=\"Librairie 7L\" \/>\n<meta property=\"article:modified_time\" content=\"2026-04-13T02:38:18+00:00\" \/>\n<meta property=\"og:image\" content=\"https:\/\/librairie7l.com\/wp-content\/uploads\/2007\/02\/9782742768592_1_75.jpg\" \/>\n\t<meta property=\"og:image:width\" content=\"500\" \/>\n\t<meta property=\"og:image:height\" content=\"905\" \/>\n\t<meta property=\"og:image:type\" content=\"image\/jpeg\" \/>\n<meta name=\"twitter:card\" content=\"summary_large_image\" \/>\n<meta name=\"twitter:label1\" content=\"Est. reading time\" \/>\n\t<meta name=\"twitter:data1\" content=\"1 minute\" \/>\n<script type=\"application\/ld+json\" class=\"yoast-schema-graph\">{\"@context\":\"https:\/\/schema.org\",\"@graph\":[{\"@type\":\"WebPage\",\"@id\":\"https:\/\/librairie7l.com\/en\/produit\/regards-sur-lobjet-du-xx-siecle\/\",\"url\":\"https:\/\/librairie7l.com\/en\/produit\/regards-sur-lobjet-du-xx-siecle\/\",\"name\":\"Regards sur l'objet du xx si\u00e8cle - Librairie 7L\",\"isPartOf\":{\"@id\":\"https:\/\/librairie7l.com\/en\/#website\"},\"datePublished\":\"2024-06-26T08:36:38+00:00\",\"dateModified\":\"2026-04-13T02:38:18+00:00\",\"breadcrumb\":{\"@id\":\"https:\/\/librairie7l.com\/en\/produit\/regards-sur-lobjet-du-xx-siecle\/#breadcrumb\"},\"inLanguage\":\"en-US\",\"potentialAction\":[{\"@type\":\"ReadAction\",\"target\":[\"https:\/\/librairie7l.com\/en\/produit\/regards-sur-lobjet-du-xx-siecle\/\"]}]},{\"@type\":\"BreadcrumbList\",\"@id\":\"https:\/\/librairie7l.com\/en\/produit\/regards-sur-lobjet-du-xx-siecle\/#breadcrumb\",\"itemListElement\":[{\"@type\":\"ListItem\",\"position\":1,\"name\":\"Accueil\",\"item\":\"https:\/\/librairie7l.com\/en\/\"},{\"@type\":\"ListItem\",\"position\":2,\"name\":\"Shop\",\"item\":\"https:\/\/librairie7l.com\/en\/shop\/\"},{\"@type\":\"ListItem\",\"position\":3,\"name\":\"REGARDS SUR L&#8217;OBJET DU XX SI\u00c8CLE\"}]},{\"@type\":\"WebSite\",\"@id\":\"https:\/\/librairie7l.com\/en\/#website\",\"url\":\"https:\/\/librairie7l.com\/en\/\",\"name\":\"Librairie 7L\",\"description\":\"Librairie fond\u00e9e en 1999 par Karl Lagerfeld \u00e0 Paris\",\"publisher\":{\"@id\":\"https:\/\/librairie7l.com\/en\/#organization\"},\"potentialAction\":[{\"@type\":\"SearchAction\",\"target\":{\"@type\":\"EntryPoint\",\"urlTemplate\":\"https:\/\/librairie7l.com\/en\/?s={search_term_string}\"},\"query-input\":\"required name=search_term_string\"}],\"inLanguage\":\"en-US\"},{\"@type\":\"Organization\",\"@id\":\"https:\/\/librairie7l.com\/en\/#organization\",\"name\":\"Librairie 7L\",\"url\":\"https:\/\/librairie7l.com\/en\/\",\"logo\":{\"@type\":\"ImageObject\",\"inLanguage\":\"en-US\",\"@id\":\"https:\/\/librairie7l.com\/en\/#\/schema\/logo\/image\/\",\"url\":\"https:\/\/librairie7l.com\/wp-content\/uploads\/2022\/08\/logo-1.png\",\"contentUrl\":\"https:\/\/librairie7l.com\/wp-content\/uploads\/2022\/08\/logo-1.png\",\"width\":227,\"height\":301,\"caption\":\"Librairie 7L\"},\"image\":{\"@id\":\"https:\/\/librairie7l.com\/en\/#\/schema\/logo\/image\/\"}}]}<\/script>\n<!-- \/ Yoast SEO plugin. -->","yoast_head_json":{"title":"Regards sur l'objet du xx si\u00e8cle - Librairie 7L","robots":{"index":"index","follow":"follow","max-snippet":"max-snippet:-1","max-image-preview":"max-image-preview:large","max-video-preview":"max-video-preview:-1"},"canonical":"https:\/\/librairie7l.com\/en\/produit\/regards-sur-lobjet-du-xx-siecle\/","og_locale":"en_US","og_type":"article","og_title":"Regards sur l'objet du xx si\u00e8cle - Librairie 7L","og_description":"la protection au titre des monuments historiques de l&#8217;oeuvre architecturale de le corbusier, l&#8217;\u00e9largissement de cette protection au patrimoine scientifique et technique t\u00e9moignent d&#8217;une volont\u00e9 de patrimonialisation des oeuvres du xxe si\u00e8cle, volont\u00e9 qui se heurte tr\u00e8s souvent \u00e0 leur fragilit\u00e9 particuli\u00e8re. t\u00e9moins d&#8217;une \u00e9conomie en voie de restructuration, le mat\u00e9riel de production, les machines [&hellip;]","og_url":"https:\/\/librairie7l.com\/en\/produit\/regards-sur-lobjet-du-xx-siecle\/","og_site_name":"Librairie 7L","article_modified_time":"2026-04-13T02:38:18+00:00","og_image":[{"width":500,"height":905,"url":"https:\/\/librairie7l.com\/wp-content\/uploads\/2007\/02\/9782742768592_1_75.jpg","type":"image\/jpeg"}],"twitter_card":"summary_large_image","twitter_misc":{"Est. reading time":"1 minute"},"schema":{"@context":"https:\/\/schema.org","@graph":[{"@type":"WebPage","@id":"https:\/\/librairie7l.com\/en\/produit\/regards-sur-lobjet-du-xx-siecle\/","url":"https:\/\/librairie7l.com\/en\/produit\/regards-sur-lobjet-du-xx-siecle\/","name":"Regards sur l'objet du xx si\u00e8cle - Librairie 7L","isPartOf":{"@id":"https:\/\/librairie7l.com\/en\/#website"},"datePublished":"2024-06-26T08:36:38+00:00","dateModified":"2026-04-13T02:38:18+00:00","breadcrumb":{"@id":"https:\/\/librairie7l.com\/en\/produit\/regards-sur-lobjet-du-xx-siecle\/#breadcrumb"},"inLanguage":"en-US","potentialAction":[{"@type":"ReadAction","target":["https:\/\/librairie7l.com\/en\/produit\/regards-sur-lobjet-du-xx-siecle\/"]}]},{"@type":"BreadcrumbList","@id":"https:\/\/librairie7l.com\/en\/produit\/regards-sur-lobjet-du-xx-siecle\/#breadcrumb","itemListElement":[{"@type":"ListItem","position":1,"name":"Accueil","item":"https:\/\/librairie7l.com\/en\/"},{"@type":"ListItem","position":2,"name":"Shop","item":"https:\/\/librairie7l.com\/en\/shop\/"},{"@type":"ListItem","position":3,"name":"REGARDS SUR L&#8217;OBJET DU XX SI\u00c8CLE"}]},{"@type":"WebSite","@id":"https:\/\/librairie7l.com\/en\/#website","url":"https:\/\/librairie7l.com\/en\/","name":"Librairie 7L","description":"Librairie fond\u00e9e en 1999 par Karl Lagerfeld \u00e0 Paris","publisher":{"@id":"https:\/\/librairie7l.com\/en\/#organization"},"potentialAction":[{"@type":"SearchAction","target":{"@type":"EntryPoint","urlTemplate":"https:\/\/librairie7l.com\/en\/?s={search_term_string}"},"query-input":"required name=search_term_string"}],"inLanguage":"en-US"},{"@type":"Organization","@id":"https:\/\/librairie7l.com\/en\/#organization","name":"Librairie 7L","url":"https:\/\/librairie7l.com\/en\/","logo":{"@type":"ImageObject","inLanguage":"en-US","@id":"https:\/\/librairie7l.com\/en\/#\/schema\/logo\/image\/","url":"https:\/\/librairie7l.com\/wp-content\/uploads\/2022\/08\/logo-1.png","contentUrl":"https:\/\/librairie7l.com\/wp-content\/uploads\/2022\/08\/logo-1.png","width":227,"height":301,"caption":"Librairie 7L"},"image":{"@id":"https:\/\/librairie7l.com\/en\/#\/schema\/logo\/image\/"}}]}},"_links":{"self":[{"href":"https:\/\/librairie7l.com\/en\/wp-json\/wp\/v2\/product\/38973"}],"collection":[{"href":"https:\/\/librairie7l.com\/en\/wp-json\/wp\/v2\/product"}],"about":[{"href":"https:\/\/librairie7l.com\/en\/wp-json\/wp\/v2\/types\/product"}],"wp:featuredmedia":[{"embeddable":true,"href":"https:\/\/librairie7l.com\/en\/wp-json\/wp\/v2\/media\/38971"}],"wp:attachment":[{"href":"https:\/\/librairie7l.com\/en\/wp-json\/wp\/v2\/media?parent=38973"}],"wp:term":[{"taxonomy":"product_cat","embeddable":true,"href":"https:\/\/librairie7l.com\/en\/wp-json\/wp\/v2\/product_cat?post=38973"},{"taxonomy":"product_tag","embeddable":true,"href":"https:\/\/librairie7l.com\/en\/wp-json\/wp\/v2\/product_tag?post=38973"}],"curies":[{"name":"wp","href":"https:\/\/api.w.org\/{rel}","templated":true}]}}