{"id":38985,"date":"2024-12-04T09:18:15","date_gmt":"2024-12-04T08:18:15","guid":{"rendered":"https:\/\/librairie7l.com\/?post_type=product&#038;p=38985"},"modified":"2026-04-05T21:13:23","modified_gmt":"2026-04-05T19:13:23","slug":"fashion-patternmaking-techniques-t-3-how-to-make-jackets-coats-and-cloaks-for","status":"publish","type":"product","link":"https:\/\/librairie7l.com\/en\/produit\/fashion-patternmaking-techniques-t-3-how-to-make-jackets-coats-and-cloaks-for\/","title":{"rendered":"FASHION PATTERNMAKING TECHNIQUES TOME 3 ; HOW TO MAKE JACKETS, COATS AND CLOAKS FOR WOMEN AND MEN"},"content":{"rendered":"<p>Ce troisi\u00e8me volume compl\u00e8te l&#8217;examen men\u00e9 \u00e0 bien par cette collection des mod\u00e8les de toutes sortes pour hommes et femmes. Il se concentre sur la mise en forme des manteaux pour hommes et femmes. Les huit chapitres de ce volume suivent l&#8217;approche technique et p\u00e9dagogique des deux premiers et combinent des images et du texte afin d&#8217;expliquer de mani\u00e8re claire et approfondie comment \u00e9laborer et produire des patrons. Le large \u00e9ventail de mod\u00e8les examin\u00e9s comprend des formes basiques de vestes, manteaux et capes ainsi que les derni\u00e8res tendances et nouvelles coupes propos\u00e9es par les cr\u00e9ateurs, au-del\u00e0 des mod\u00e8les intemporels et fondamentaux. Cet ouvrage propose \u00e9galement des descriptions d\u00e9taill\u00e9es des techniques de pr\u00e9paration essentielles pour le patronnier industriel, sans oublier des techniques de modification et raccord de vestes, manteaux et capes.<\/p>\n","protected":false},"excerpt":{"rendered":"<p>Ce troisi\u00e8me volume compl\u00e8te l&#8217;examen men\u00e9 \u00e0 bien par cette collection des mod\u00e8les de toutes sortes pour hommes et femmes. Il se concentre sur la mise en forme des manteaux pour hommes et femmes. Les huit chapitres de ce volume suivent l&#8217;approche technique et p\u00e9dagogique des deux premiers et combinent des images et du texte [&hellip;]<\/p>\n","protected":false},"featured_media":38983,"template":"","meta":[],"product_cat":[2948,2957],"product_tag":[],"acf":[],"yoast_head":"<!-- This site is optimized with the Yoast SEO plugin v20.11 - https:\/\/yoast.com\/wordpress\/plugins\/seo\/ -->\n<title>Fashion patternmaking techniques Tome 3 ; how to make jackets, coats and cloaks for women and men - Librairie 7L<\/title>\n<meta name=\"robots\" content=\"index, follow, max-snippet:-1, max-image-preview:large, max-video-preview:-1\" \/>\n<link rel=\"canonical\" href=\"https:\/\/librairie7l.com\/en\/produit\/fashion-patternmaking-techniques-t-3-how-to-make-jackets-coats-and-cloaks-for\/\" \/>\n<meta property=\"og:locale\" content=\"en_US\" \/>\n<meta property=\"og:type\" content=\"article\" \/>\n<meta property=\"og:title\" content=\"Fashion patternmaking techniques Tome 3 ; how to make jackets, coats and cloaks for women and men - Librairie 7L\" \/>\n<meta property=\"og:description\" content=\"Ce troisi\u00e8me volume compl\u00e8te l&#8217;examen men\u00e9 \u00e0 bien par cette collection des mod\u00e8les de toutes sortes pour hommes et femmes. Il se concentre sur la mise en forme des manteaux pour hommes et femmes. Les huit chapitres de ce volume suivent l&#8217;approche technique et p\u00e9dagogique des deux premiers et combinent des images et du texte [&hellip;]\" \/>\n<meta property=\"og:url\" content=\"https:\/\/librairie7l.com\/en\/produit\/fashion-patternmaking-techniques-t-3-how-to-make-jackets-coats-and-cloaks-for\/\" \/>\n<meta property=\"og:site_name\" content=\"Librairie 7L\" \/>\n<meta property=\"article:modified_time\" content=\"2026-04-05T19:13:23+00:00\" \/>\n<meta property=\"og:image\" content=\"https:\/\/librairie7l.com\/wp-content\/uploads\/2016\/03\/9788416504183_1_75.jpg\" \/>\n\t<meta property=\"og:image:width\" content=\"353\" \/>\n\t<meta property=\"og:image:height\" content=\"500\" \/>\n\t<meta property=\"og:image:type\" content=\"image\/jpeg\" \/>\n<meta name=\"twitter:card\" content=\"summary_large_image\" \/>\n<meta name=\"twitter:label1\" content=\"Est. reading time\" \/>\n\t<meta name=\"twitter:data1\" content=\"1 minute\" \/>\n<script type=\"application\/ld+json\" class=\"yoast-schema-graph\">{\"@context\":\"https:\/\/schema.org\",\"@graph\":[{\"@type\":\"WebPage\",\"@id\":\"https:\/\/librairie7l.com\/en\/produit\/fashion-patternmaking-techniques-t-3-how-to-make-jackets-coats-and-cloaks-for\/\",\"url\":\"https:\/\/librairie7l.com\/en\/produit\/fashion-patternmaking-techniques-t-3-how-to-make-jackets-coats-and-cloaks-for\/\",\"name\":\"Fashion patternmaking techniques Tome 3 ; how to make jackets, coats and cloaks for women and men - Librairie 7L\",\"isPartOf\":{\"@id\":\"https:\/\/librairie7l.com\/en\/#website\"},\"datePublished\":\"2024-12-04T08:18:15+00:00\",\"dateModified\":\"2026-04-05T19:13:23+00:00\",\"breadcrumb\":{\"@id\":\"https:\/\/librairie7l.com\/en\/produit\/fashion-patternmaking-techniques-t-3-how-to-make-jackets-coats-and-cloaks-for\/#breadcrumb\"},\"inLanguage\":\"en-US\",\"potentialAction\":[{\"@type\":\"ReadAction\",\"target\":[\"https:\/\/librairie7l.com\/en\/produit\/fashion-patternmaking-techniques-t-3-how-to-make-jackets-coats-and-cloaks-for\/\"]}]},{\"@type\":\"BreadcrumbList\",\"@id\":\"https:\/\/librairie7l.com\/en\/produit\/fashion-patternmaking-techniques-t-3-how-to-make-jackets-coats-and-cloaks-for\/#breadcrumb\",\"itemListElement\":[{\"@type\":\"ListItem\",\"position\":1,\"name\":\"Accueil\",\"item\":\"https:\/\/librairie7l.com\/en\/\"},{\"@type\":\"ListItem\",\"position\":2,\"name\":\"Shop\",\"item\":\"https:\/\/librairie7l.com\/en\/shop\/\"},{\"@type\":\"ListItem\",\"position\":3,\"name\":\"FASHION PATTERNMAKING TECHNIQUES TOME 3 ; HOW TO MAKE JACKETS, COATS AND CLOAKS FOR WOMEN AND MEN\"}]},{\"@type\":\"WebSite\",\"@id\":\"https:\/\/librairie7l.com\/en\/#website\",\"url\":\"https:\/\/librairie7l.com\/en\/\",\"name\":\"Librairie 7L\",\"description\":\"Librairie fond\u00e9e en 1999 par Karl Lagerfeld \u00e0 Paris\",\"publisher\":{\"@id\":\"https:\/\/librairie7l.com\/en\/#organization\"},\"potentialAction\":[{\"@type\":\"SearchAction\",\"target\":{\"@type\":\"EntryPoint\",\"urlTemplate\":\"https:\/\/librairie7l.com\/en\/?s={search_term_string}\"},\"query-input\":\"required name=search_term_string\"}],\"inLanguage\":\"en-US\"},{\"@type\":\"Organization\",\"@id\":\"https:\/\/librairie7l.com\/en\/#organization\",\"name\":\"Librairie 7L\",\"url\":\"https:\/\/librairie7l.com\/en\/\",\"logo\":{\"@type\":\"ImageObject\",\"inLanguage\":\"en-US\",\"@id\":\"https:\/\/librairie7l.com\/en\/#\/schema\/logo\/image\/\",\"url\":\"https:\/\/librairie7l.com\/wp-content\/uploads\/2022\/08\/logo-1.png\",\"contentUrl\":\"https:\/\/librairie7l.com\/wp-content\/uploads\/2022\/08\/logo-1.png\",\"width\":227,\"height\":301,\"caption\":\"Librairie 7L\"},\"image\":{\"@id\":\"https:\/\/librairie7l.com\/en\/#\/schema\/logo\/image\/\"}}]}<\/script>\n<!-- \/ Yoast SEO plugin. -->","yoast_head_json":{"title":"Fashion patternmaking techniques Tome 3 ; how to make jackets, coats and cloaks for women and men - Librairie 7L","robots":{"index":"index","follow":"follow","max-snippet":"max-snippet:-1","max-image-preview":"max-image-preview:large","max-video-preview":"max-video-preview:-1"},"canonical":"https:\/\/librairie7l.com\/en\/produit\/fashion-patternmaking-techniques-t-3-how-to-make-jackets-coats-and-cloaks-for\/","og_locale":"en_US","og_type":"article","og_title":"Fashion patternmaking techniques Tome 3 ; how to make jackets, coats and cloaks for women and men - Librairie 7L","og_description":"Ce troisi\u00e8me volume compl\u00e8te l&#8217;examen men\u00e9 \u00e0 bien par cette collection des mod\u00e8les de toutes sortes pour hommes et femmes. Il se concentre sur la mise en forme des manteaux pour hommes et femmes. Les huit chapitres de ce volume suivent l&#8217;approche technique et p\u00e9dagogique des deux premiers et combinent des images et du texte [&hellip;]","og_url":"https:\/\/librairie7l.com\/en\/produit\/fashion-patternmaking-techniques-t-3-how-to-make-jackets-coats-and-cloaks-for\/","og_site_name":"Librairie 7L","article_modified_time":"2026-04-05T19:13:23+00:00","og_image":[{"width":353,"height":500,"url":"https:\/\/librairie7l.com\/wp-content\/uploads\/2016\/03\/9788416504183_1_75.jpg","type":"image\/jpeg"}],"twitter_card":"summary_large_image","twitter_misc":{"Est. reading time":"1 minute"},"schema":{"@context":"https:\/\/schema.org","@graph":[{"@type":"WebPage","@id":"https:\/\/librairie7l.com\/en\/produit\/fashion-patternmaking-techniques-t-3-how-to-make-jackets-coats-and-cloaks-for\/","url":"https:\/\/librairie7l.com\/en\/produit\/fashion-patternmaking-techniques-t-3-how-to-make-jackets-coats-and-cloaks-for\/","name":"Fashion patternmaking techniques Tome 3 ; how to make jackets, coats and cloaks for women and men - Librairie 7L","isPartOf":{"@id":"https:\/\/librairie7l.com\/en\/#website"},"datePublished":"2024-12-04T08:18:15+00:00","dateModified":"2026-04-05T19:13:23+00:00","breadcrumb":{"@id":"https:\/\/librairie7l.com\/en\/produit\/fashion-patternmaking-techniques-t-3-how-to-make-jackets-coats-and-cloaks-for\/#breadcrumb"},"inLanguage":"en-US","potentialAction":[{"@type":"ReadAction","target":["https:\/\/librairie7l.com\/en\/produit\/fashion-patternmaking-techniques-t-3-how-to-make-jackets-coats-and-cloaks-for\/"]}]},{"@type":"BreadcrumbList","@id":"https:\/\/librairie7l.com\/en\/produit\/fashion-patternmaking-techniques-t-3-how-to-make-jackets-coats-and-cloaks-for\/#breadcrumb","itemListElement":[{"@type":"ListItem","position":1,"name":"Accueil","item":"https:\/\/librairie7l.com\/en\/"},{"@type":"ListItem","position":2,"name":"Shop","item":"https:\/\/librairie7l.com\/en\/shop\/"},{"@type":"ListItem","position":3,"name":"FASHION PATTERNMAKING TECHNIQUES TOME 3 ; HOW TO MAKE JACKETS, COATS AND CLOAKS FOR WOMEN AND MEN"}]},{"@type":"WebSite","@id":"https:\/\/librairie7l.com\/en\/#website","url":"https:\/\/librairie7l.com\/en\/","name":"Librairie 7L","description":"Librairie fond\u00e9e en 1999 par Karl Lagerfeld \u00e0 Paris","publisher":{"@id":"https:\/\/librairie7l.com\/en\/#organization"},"potentialAction":[{"@type":"SearchAction","target":{"@type":"EntryPoint","urlTemplate":"https:\/\/librairie7l.com\/en\/?s={search_term_string}"},"query-input":"required name=search_term_string"}],"inLanguage":"en-US"},{"@type":"Organization","@id":"https:\/\/librairie7l.com\/en\/#organization","name":"Librairie 7L","url":"https:\/\/librairie7l.com\/en\/","logo":{"@type":"ImageObject","inLanguage":"en-US","@id":"https:\/\/librairie7l.com\/en\/#\/schema\/logo\/image\/","url":"https:\/\/librairie7l.com\/wp-content\/uploads\/2022\/08\/logo-1.png","contentUrl":"https:\/\/librairie7l.com\/wp-content\/uploads\/2022\/08\/logo-1.png","width":227,"height":301,"caption":"Librairie 7L"},"image":{"@id":"https:\/\/librairie7l.com\/en\/#\/schema\/logo\/image\/"}}]}},"_links":{"self":[{"href":"https:\/\/librairie7l.com\/en\/wp-json\/wp\/v2\/product\/38985"}],"collection":[{"href":"https:\/\/librairie7l.com\/en\/wp-json\/wp\/v2\/product"}],"about":[{"href":"https:\/\/librairie7l.com\/en\/wp-json\/wp\/v2\/types\/product"}],"wp:featuredmedia":[{"embeddable":true,"href":"https:\/\/librairie7l.com\/en\/wp-json\/wp\/v2\/media\/38983"}],"wp:attachment":[{"href":"https:\/\/librairie7l.com\/en\/wp-json\/wp\/v2\/media?parent=38985"}],"wp:term":[{"taxonomy":"product_cat","embeddable":true,"href":"https:\/\/librairie7l.com\/en\/wp-json\/wp\/v2\/product_cat?post=38985"},{"taxonomy":"product_tag","embeddable":true,"href":"https:\/\/librairie7l.com\/en\/wp-json\/wp\/v2\/product_tag?post=38985"}],"curies":[{"name":"wp","href":"https:\/\/api.w.org\/{rel}","templated":true}]}}