{"id":38989,"date":"2024-12-04T09:18:18","date_gmt":"2024-12-04T08:18:18","guid":{"rendered":"https:\/\/librairie7l.com\/?post_type=product&#038;p=38989"},"modified":"2026-04-14T20:46:08","modified_gmt":"2026-04-14T18:46:08","slug":"patternmaking-haute-couture-1","status":"publish","type":"product","link":"https:\/\/librairie7l.com\/en\/produit\/patternmaking-haute-couture-1\/","title":{"rendered":"PATTERNMAKING HAUTE COUTURE 1"},"content":{"rendered":"<p>La haute couture va incontestablement de pair avec la perfection stylistique et vestimentaire. Elle \u00e9voque l&#8217;enchantement, les contes de f\u00e9es et les r\u00eaves devenus r\u00e9alit\u00e9s. C&#8217;est la libert\u00e9 de cr\u00e9ation et d&#8217;expression artistique, loin des r\u00e8gles habituelles du march\u00e9. La haute couture est la force motrice de l&#8217;industrie de la mode et du v\u00eatement toute enti\u00e8re. Elle consiste en la recherche et en l&#8217;\u00e9tude des solutions impliqu\u00e9es, qu&#8217;il s&#8217;agisse des tissus, des styles ou des patrons. Ainsi, le patronnier est une figure essentielle qui fait des id\u00e9es du styliste une r\u00e9alit\u00e9 et qui donne une forme sp\u00e9cifique au v\u00eatement dans les mesures et les proportions adapt\u00e9es, assurant la coupe et le contour et \u00e9tudiant les plus petits points, sans jamais perdre le budget de vue. Techniques de Patronage dans la Mode &#8211; Haute Couture d\u00e9crit en d\u00e9tail les m\u00e9thodes et techniques utilis\u00e9es dans ce processus.<\/p>\n","protected":false},"excerpt":{"rendered":"<p>La haute couture va incontestablement de pair avec la perfection stylistique et vestimentaire. Elle \u00e9voque l&#8217;enchantement, les contes de f\u00e9es et les r\u00eaves devenus r\u00e9alit\u00e9s. C&#8217;est la libert\u00e9 de cr\u00e9ation et d&#8217;expression artistique, loin des r\u00e8gles habituelles du march\u00e9. La haute couture est la force motrice de l&#8217;industrie de la mode et du v\u00eatement toute [&hellip;]<\/p>\n","protected":false},"featured_media":38987,"template":"","meta":[],"product_cat":[2948,2957],"product_tag":[],"acf":[],"yoast_head":"<!-- This site is optimized with the Yoast SEO plugin v20.11 - https:\/\/yoast.com\/wordpress\/plugins\/seo\/ -->\n<title>Patternmaking haute couture 1 - Librairie 7L<\/title>\n<meta name=\"robots\" content=\"index, follow, max-snippet:-1, max-image-preview:large, max-video-preview:-1\" \/>\n<link rel=\"canonical\" href=\"https:\/\/librairie7l.com\/en\/produit\/patternmaking-haute-couture-1\/\" \/>\n<meta property=\"og:locale\" content=\"en_US\" \/>\n<meta property=\"og:type\" content=\"article\" \/>\n<meta property=\"og:title\" content=\"Patternmaking haute couture 1 - Librairie 7L\" \/>\n<meta property=\"og:description\" content=\"La haute couture va incontestablement de pair avec la perfection stylistique et vestimentaire. Elle \u00e9voque l&#8217;enchantement, les contes de f\u00e9es et les r\u00eaves devenus r\u00e9alit\u00e9s. C&#8217;est la libert\u00e9 de cr\u00e9ation et d&#8217;expression artistique, loin des r\u00e8gles habituelles du march\u00e9. La haute couture est la force motrice de l&#8217;industrie de la mode et du v\u00eatement toute [&hellip;]\" \/>\n<meta property=\"og:url\" content=\"https:\/\/librairie7l.com\/en\/produit\/patternmaking-haute-couture-1\/\" \/>\n<meta property=\"og:site_name\" content=\"Librairie 7L\" \/>\n<meta property=\"article:modified_time\" content=\"2026-04-14T18:46:08+00:00\" \/>\n<meta property=\"og:image\" content=\"https:\/\/librairie7l.com\/wp-content\/uploads\/2016\/08\/9788416504664_1_75.jpg\" \/>\n\t<meta property=\"og:image:width\" content=\"500\" \/>\n\t<meta property=\"og:image:height\" content=\"706\" \/>\n\t<meta property=\"og:image:type\" content=\"image\/jpeg\" \/>\n<meta name=\"twitter:card\" content=\"summary_large_image\" \/>\n<meta name=\"twitter:label1\" content=\"Est. reading time\" \/>\n\t<meta name=\"twitter:data1\" content=\"1 minute\" \/>\n<script type=\"application\/ld+json\" class=\"yoast-schema-graph\">{\"@context\":\"https:\/\/schema.org\",\"@graph\":[{\"@type\":\"WebPage\",\"@id\":\"https:\/\/librairie7l.com\/en\/produit\/patternmaking-haute-couture-1\/\",\"url\":\"https:\/\/librairie7l.com\/en\/produit\/patternmaking-haute-couture-1\/\",\"name\":\"Patternmaking haute couture 1 - Librairie 7L\",\"isPartOf\":{\"@id\":\"https:\/\/librairie7l.com\/en\/#website\"},\"datePublished\":\"2024-12-04T08:18:18+00:00\",\"dateModified\":\"2026-04-14T18:46:08+00:00\",\"breadcrumb\":{\"@id\":\"https:\/\/librairie7l.com\/en\/produit\/patternmaking-haute-couture-1\/#breadcrumb\"},\"inLanguage\":\"en-US\",\"potentialAction\":[{\"@type\":\"ReadAction\",\"target\":[\"https:\/\/librairie7l.com\/en\/produit\/patternmaking-haute-couture-1\/\"]}]},{\"@type\":\"BreadcrumbList\",\"@id\":\"https:\/\/librairie7l.com\/en\/produit\/patternmaking-haute-couture-1\/#breadcrumb\",\"itemListElement\":[{\"@type\":\"ListItem\",\"position\":1,\"name\":\"Accueil\",\"item\":\"https:\/\/librairie7l.com\/en\/\"},{\"@type\":\"ListItem\",\"position\":2,\"name\":\"Shop\",\"item\":\"https:\/\/librairie7l.com\/en\/shop\/\"},{\"@type\":\"ListItem\",\"position\":3,\"name\":\"PATTERNMAKING HAUTE COUTURE 1\"}]},{\"@type\":\"WebSite\",\"@id\":\"https:\/\/librairie7l.com\/en\/#website\",\"url\":\"https:\/\/librairie7l.com\/en\/\",\"name\":\"Librairie 7L\",\"description\":\"Librairie fond\u00e9e en 1999 par Karl Lagerfeld \u00e0 Paris\",\"publisher\":{\"@id\":\"https:\/\/librairie7l.com\/en\/#organization\"},\"potentialAction\":[{\"@type\":\"SearchAction\",\"target\":{\"@type\":\"EntryPoint\",\"urlTemplate\":\"https:\/\/librairie7l.com\/en\/?s={search_term_string}\"},\"query-input\":\"required name=search_term_string\"}],\"inLanguage\":\"en-US\"},{\"@type\":\"Organization\",\"@id\":\"https:\/\/librairie7l.com\/en\/#organization\",\"name\":\"Librairie 7L\",\"url\":\"https:\/\/librairie7l.com\/en\/\",\"logo\":{\"@type\":\"ImageObject\",\"inLanguage\":\"en-US\",\"@id\":\"https:\/\/librairie7l.com\/en\/#\/schema\/logo\/image\/\",\"url\":\"https:\/\/librairie7l.com\/wp-content\/uploads\/2022\/08\/logo-1.png\",\"contentUrl\":\"https:\/\/librairie7l.com\/wp-content\/uploads\/2022\/08\/logo-1.png\",\"width\":227,\"height\":301,\"caption\":\"Librairie 7L\"},\"image\":{\"@id\":\"https:\/\/librairie7l.com\/en\/#\/schema\/logo\/image\/\"}}]}<\/script>\n<!-- \/ Yoast SEO plugin. -->","yoast_head_json":{"title":"Patternmaking haute couture 1 - Librairie 7L","robots":{"index":"index","follow":"follow","max-snippet":"max-snippet:-1","max-image-preview":"max-image-preview:large","max-video-preview":"max-video-preview:-1"},"canonical":"https:\/\/librairie7l.com\/en\/produit\/patternmaking-haute-couture-1\/","og_locale":"en_US","og_type":"article","og_title":"Patternmaking haute couture 1 - Librairie 7L","og_description":"La haute couture va incontestablement de pair avec la perfection stylistique et vestimentaire. Elle \u00e9voque l&#8217;enchantement, les contes de f\u00e9es et les r\u00eaves devenus r\u00e9alit\u00e9s. C&#8217;est la libert\u00e9 de cr\u00e9ation et d&#8217;expression artistique, loin des r\u00e8gles habituelles du march\u00e9. La haute couture est la force motrice de l&#8217;industrie de la mode et du v\u00eatement toute [&hellip;]","og_url":"https:\/\/librairie7l.com\/en\/produit\/patternmaking-haute-couture-1\/","og_site_name":"Librairie 7L","article_modified_time":"2026-04-14T18:46:08+00:00","og_image":[{"width":500,"height":706,"url":"https:\/\/librairie7l.com\/wp-content\/uploads\/2016\/08\/9788416504664_1_75.jpg","type":"image\/jpeg"}],"twitter_card":"summary_large_image","twitter_misc":{"Est. reading time":"1 minute"},"schema":{"@context":"https:\/\/schema.org","@graph":[{"@type":"WebPage","@id":"https:\/\/librairie7l.com\/en\/produit\/patternmaking-haute-couture-1\/","url":"https:\/\/librairie7l.com\/en\/produit\/patternmaking-haute-couture-1\/","name":"Patternmaking haute couture 1 - Librairie 7L","isPartOf":{"@id":"https:\/\/librairie7l.com\/en\/#website"},"datePublished":"2024-12-04T08:18:18+00:00","dateModified":"2026-04-14T18:46:08+00:00","breadcrumb":{"@id":"https:\/\/librairie7l.com\/en\/produit\/patternmaking-haute-couture-1\/#breadcrumb"},"inLanguage":"en-US","potentialAction":[{"@type":"ReadAction","target":["https:\/\/librairie7l.com\/en\/produit\/patternmaking-haute-couture-1\/"]}]},{"@type":"BreadcrumbList","@id":"https:\/\/librairie7l.com\/en\/produit\/patternmaking-haute-couture-1\/#breadcrumb","itemListElement":[{"@type":"ListItem","position":1,"name":"Accueil","item":"https:\/\/librairie7l.com\/en\/"},{"@type":"ListItem","position":2,"name":"Shop","item":"https:\/\/librairie7l.com\/en\/shop\/"},{"@type":"ListItem","position":3,"name":"PATTERNMAKING HAUTE COUTURE 1"}]},{"@type":"WebSite","@id":"https:\/\/librairie7l.com\/en\/#website","url":"https:\/\/librairie7l.com\/en\/","name":"Librairie 7L","description":"Librairie fond\u00e9e en 1999 par Karl Lagerfeld \u00e0 Paris","publisher":{"@id":"https:\/\/librairie7l.com\/en\/#organization"},"potentialAction":[{"@type":"SearchAction","target":{"@type":"EntryPoint","urlTemplate":"https:\/\/librairie7l.com\/en\/?s={search_term_string}"},"query-input":"required name=search_term_string"}],"inLanguage":"en-US"},{"@type":"Organization","@id":"https:\/\/librairie7l.com\/en\/#organization","name":"Librairie 7L","url":"https:\/\/librairie7l.com\/en\/","logo":{"@type":"ImageObject","inLanguage":"en-US","@id":"https:\/\/librairie7l.com\/en\/#\/schema\/logo\/image\/","url":"https:\/\/librairie7l.com\/wp-content\/uploads\/2022\/08\/logo-1.png","contentUrl":"https:\/\/librairie7l.com\/wp-content\/uploads\/2022\/08\/logo-1.png","width":227,"height":301,"caption":"Librairie 7L"},"image":{"@id":"https:\/\/librairie7l.com\/en\/#\/schema\/logo\/image\/"}}]}},"_links":{"self":[{"href":"https:\/\/librairie7l.com\/en\/wp-json\/wp\/v2\/product\/38989"}],"collection":[{"href":"https:\/\/librairie7l.com\/en\/wp-json\/wp\/v2\/product"}],"about":[{"href":"https:\/\/librairie7l.com\/en\/wp-json\/wp\/v2\/types\/product"}],"wp:featuredmedia":[{"embeddable":true,"href":"https:\/\/librairie7l.com\/en\/wp-json\/wp\/v2\/media\/38987"}],"wp:attachment":[{"href":"https:\/\/librairie7l.com\/en\/wp-json\/wp\/v2\/media?parent=38989"}],"wp:term":[{"taxonomy":"product_cat","embeddable":true,"href":"https:\/\/librairie7l.com\/en\/wp-json\/wp\/v2\/product_cat?post=38989"},{"taxonomy":"product_tag","embeddable":true,"href":"https:\/\/librairie7l.com\/en\/wp-json\/wp\/v2\/product_tag?post=38989"}],"curies":[{"name":"wp","href":"https:\/\/api.w.org\/{rel}","templated":true}]}}