{"id":38999,"date":"2024-06-26T10:36:08","date_gmt":"2024-06-26T08:36:08","guid":{"rendered":"https:\/\/librairie7l.com\/?post_type=product&#038;p=38999"},"modified":"2026-04-18T04:43:40","modified_gmt":"2026-04-18T02:43:40","slug":"geants-et-nains-les-livres-de-lextreme-a-la-fondation-martin-bodmer","status":"publish","type":"product","link":"https:\/\/librairie7l.com\/en\/produit\/geants-et-nains-les-livres-de-lextreme-a-la-fondation-martin-bodmer\/","title":{"rendered":"G\u00c9ANTS ET NAINS ; LES LIVRES DE L&#8217;EXTR\u00caME \u00c0 LA FONDATION MARTIN BODMER"},"content":{"rendered":"<p>Pour une nouvelle exposition th\u00e9matique, la Fondation Martin Bodmer a eu envie de sortir de ses r\u00e9serves des ouvrages rarement montr\u00e9s, car leur taille, soit beaucoup trop grande, soit bien trop petite, les rend peu propice \u00e0 une exposition classique. Le plus petit livre se compose de deux tomes de 4,5 mm pesant environ 2 grammes. Quant au plus grand livre, il mesure 92 x 61 x 6.5 cm et p\u00e8se pr\u00e8s de 30 kilos. Si les tailles varient, les contenus sont eux aussi tr\u00e8s \u00e9clectiques : religion, litt\u00e9rature, voyages, sciences, politique et art sont abord\u00e9s dans ces formats \u00e9tonnants appel\u00e9s in-plano, in-folio, \u00abminuscule\u00bb, \u00ab nain \u00bb ou \u00ab microbe \u00bb. Les ouvrages de grand format pr\u00e9sentent souvent des illustrations, et c&#8217;est m\u00eame l&#8217;illustration m\u00eame qui souvent commande le choix de cette taille. En effet, qu&#8217;il s&#8217;agisse d&#8217;ouvrages de voyage, de sciences naturelles ou de politique de prestige, les planches grav\u00e9es sont un \u00e9l\u00e9ment essentiel : plus elles sont grandes, plus le d\u00e9tail et la pr\u00e9cision sont permis. Les petits formats, \u00e0 l&#8217;inverse, sont souvent purement textuels. Il s&#8217;agit de condenser une oeuvre dans un volume r\u00e9duit, en se contentant de l&#8217;essentiel pour l&#8217;emporter en voyage dans une poche ou pour imprimer de minces \u00e9ditions clandestines destin\u00e9es \u00e0 \u00e9chapper aux polices politiques ou aux douaniers !<\/p>\n","protected":false},"excerpt":{"rendered":"<p>Pour une nouvelle exposition th\u00e9matique, la Fondation Martin Bodmer a eu envie de sortir de ses r\u00e9serves des ouvrages rarement montr\u00e9s, car leur taille, soit beaucoup trop grande, soit bien trop petite, les rend peu propice \u00e0 une exposition classique. Le plus petit livre se compose de deux tomes de 4,5 mm pesant environ 2 [&hellip;]<\/p>\n","protected":false},"featured_media":38997,"template":"","meta":[],"product_cat":[2948,2953],"product_tag":[],"acf":[],"yoast_head":"<!-- This site is optimized with the Yoast SEO plugin v20.11 - https:\/\/yoast.com\/wordpress\/plugins\/seo\/ -->\n<title>G\u00e9ants et nains ; les livres de l&#039;extr\u00eame \u00e0 la fondation Martin Bodmer - Librairie 7L<\/title>\n<meta name=\"robots\" content=\"index, follow, max-snippet:-1, max-image-preview:large, max-video-preview:-1\" \/>\n<link rel=\"canonical\" href=\"https:\/\/librairie7l.com\/en\/produit\/geants-et-nains-les-livres-de-lextreme-a-la-fondation-martin-bodmer\/\" \/>\n<meta property=\"og:locale\" content=\"en_US\" \/>\n<meta property=\"og:type\" content=\"article\" \/>\n<meta property=\"og:title\" content=\"G\u00e9ants et nains ; les livres de l&#039;extr\u00eame \u00e0 la fondation Martin Bodmer - Librairie 7L\" \/>\n<meta property=\"og:description\" content=\"Pour une nouvelle exposition th\u00e9matique, la Fondation Martin Bodmer a eu envie de sortir de ses r\u00e9serves des ouvrages rarement montr\u00e9s, car leur taille, soit beaucoup trop grande, soit bien trop petite, les rend peu propice \u00e0 une exposition classique. Le plus petit livre se compose de deux tomes de 4,5 mm pesant environ 2 [&hellip;]\" \/>\n<meta property=\"og:url\" content=\"https:\/\/librairie7l.com\/en\/produit\/geants-et-nains-les-livres-de-lextreme-a-la-fondation-martin-bodmer\/\" \/>\n<meta property=\"og:site_name\" content=\"Librairie 7L\" \/>\n<meta property=\"article:modified_time\" content=\"2026-04-18T02:43:40+00:00\" \/>\n<meta property=\"og:image\" content=\"https:\/\/librairie7l.com\/wp-content\/uploads\/2019\/06\/9782940617296_1_75.jpg\" \/>\n\t<meta property=\"og:image:width\" content=\"320\" \/>\n\t<meta property=\"og:image:height\" content=\"412\" \/>\n\t<meta property=\"og:image:type\" content=\"image\/jpeg\" \/>\n<meta name=\"twitter:card\" content=\"summary_large_image\" \/>\n<meta name=\"twitter:label1\" content=\"Est. reading time\" \/>\n\t<meta name=\"twitter:data1\" content=\"1 minute\" \/>\n<script type=\"application\/ld+json\" class=\"yoast-schema-graph\">{\"@context\":\"https:\/\/schema.org\",\"@graph\":[{\"@type\":\"WebPage\",\"@id\":\"https:\/\/librairie7l.com\/en\/produit\/geants-et-nains-les-livres-de-lextreme-a-la-fondation-martin-bodmer\/\",\"url\":\"https:\/\/librairie7l.com\/en\/produit\/geants-et-nains-les-livres-de-lextreme-a-la-fondation-martin-bodmer\/\",\"name\":\"G\u00e9ants et nains ; les livres de l'extr\u00eame \u00e0 la fondation Martin Bodmer - Librairie 7L\",\"isPartOf\":{\"@id\":\"https:\/\/librairie7l.com\/en\/#website\"},\"datePublished\":\"2024-06-26T08:36:08+00:00\",\"dateModified\":\"2026-04-18T02:43:40+00:00\",\"breadcrumb\":{\"@id\":\"https:\/\/librairie7l.com\/en\/produit\/geants-et-nains-les-livres-de-lextreme-a-la-fondation-martin-bodmer\/#breadcrumb\"},\"inLanguage\":\"en-US\",\"potentialAction\":[{\"@type\":\"ReadAction\",\"target\":[\"https:\/\/librairie7l.com\/en\/produit\/geants-et-nains-les-livres-de-lextreme-a-la-fondation-martin-bodmer\/\"]}]},{\"@type\":\"BreadcrumbList\",\"@id\":\"https:\/\/librairie7l.com\/en\/produit\/geants-et-nains-les-livres-de-lextreme-a-la-fondation-martin-bodmer\/#breadcrumb\",\"itemListElement\":[{\"@type\":\"ListItem\",\"position\":1,\"name\":\"Accueil\",\"item\":\"https:\/\/librairie7l.com\/en\/\"},{\"@type\":\"ListItem\",\"position\":2,\"name\":\"Shop\",\"item\":\"https:\/\/librairie7l.com\/en\/shop\/\"},{\"@type\":\"ListItem\",\"position\":3,\"name\":\"G\u00c9ANTS ET NAINS ; LES LIVRES DE L&#8217;EXTR\u00caME \u00c0 LA FONDATION MARTIN BODMER\"}]},{\"@type\":\"WebSite\",\"@id\":\"https:\/\/librairie7l.com\/en\/#website\",\"url\":\"https:\/\/librairie7l.com\/en\/\",\"name\":\"Librairie 7L\",\"description\":\"Librairie fond\u00e9e en 1999 par Karl Lagerfeld \u00e0 Paris\",\"publisher\":{\"@id\":\"https:\/\/librairie7l.com\/en\/#organization\"},\"potentialAction\":[{\"@type\":\"SearchAction\",\"target\":{\"@type\":\"EntryPoint\",\"urlTemplate\":\"https:\/\/librairie7l.com\/en\/?s={search_term_string}\"},\"query-input\":\"required name=search_term_string\"}],\"inLanguage\":\"en-US\"},{\"@type\":\"Organization\",\"@id\":\"https:\/\/librairie7l.com\/en\/#organization\",\"name\":\"Librairie 7L\",\"url\":\"https:\/\/librairie7l.com\/en\/\",\"logo\":{\"@type\":\"ImageObject\",\"inLanguage\":\"en-US\",\"@id\":\"https:\/\/librairie7l.com\/en\/#\/schema\/logo\/image\/\",\"url\":\"https:\/\/librairie7l.com\/wp-content\/uploads\/2022\/08\/logo-1.png\",\"contentUrl\":\"https:\/\/librairie7l.com\/wp-content\/uploads\/2022\/08\/logo-1.png\",\"width\":227,\"height\":301,\"caption\":\"Librairie 7L\"},\"image\":{\"@id\":\"https:\/\/librairie7l.com\/en\/#\/schema\/logo\/image\/\"}}]}<\/script>\n<!-- \/ Yoast SEO plugin. -->","yoast_head_json":{"title":"G\u00e9ants et nains ; les livres de l'extr\u00eame \u00e0 la fondation Martin Bodmer - Librairie 7L","robots":{"index":"index","follow":"follow","max-snippet":"max-snippet:-1","max-image-preview":"max-image-preview:large","max-video-preview":"max-video-preview:-1"},"canonical":"https:\/\/librairie7l.com\/en\/produit\/geants-et-nains-les-livres-de-lextreme-a-la-fondation-martin-bodmer\/","og_locale":"en_US","og_type":"article","og_title":"G\u00e9ants et nains ; les livres de l'extr\u00eame \u00e0 la fondation Martin Bodmer - Librairie 7L","og_description":"Pour une nouvelle exposition th\u00e9matique, la Fondation Martin Bodmer a eu envie de sortir de ses r\u00e9serves des ouvrages rarement montr\u00e9s, car leur taille, soit beaucoup trop grande, soit bien trop petite, les rend peu propice \u00e0 une exposition classique. Le plus petit livre se compose de deux tomes de 4,5 mm pesant environ 2 [&hellip;]","og_url":"https:\/\/librairie7l.com\/en\/produit\/geants-et-nains-les-livres-de-lextreme-a-la-fondation-martin-bodmer\/","og_site_name":"Librairie 7L","article_modified_time":"2026-04-18T02:43:40+00:00","og_image":[{"width":320,"height":412,"url":"https:\/\/librairie7l.com\/wp-content\/uploads\/2019\/06\/9782940617296_1_75.jpg","type":"image\/jpeg"}],"twitter_card":"summary_large_image","twitter_misc":{"Est. reading time":"1 minute"},"schema":{"@context":"https:\/\/schema.org","@graph":[{"@type":"WebPage","@id":"https:\/\/librairie7l.com\/en\/produit\/geants-et-nains-les-livres-de-lextreme-a-la-fondation-martin-bodmer\/","url":"https:\/\/librairie7l.com\/en\/produit\/geants-et-nains-les-livres-de-lextreme-a-la-fondation-martin-bodmer\/","name":"G\u00e9ants et nains ; les livres de l'extr\u00eame \u00e0 la fondation Martin Bodmer - Librairie 7L","isPartOf":{"@id":"https:\/\/librairie7l.com\/en\/#website"},"datePublished":"2024-06-26T08:36:08+00:00","dateModified":"2026-04-18T02:43:40+00:00","breadcrumb":{"@id":"https:\/\/librairie7l.com\/en\/produit\/geants-et-nains-les-livres-de-lextreme-a-la-fondation-martin-bodmer\/#breadcrumb"},"inLanguage":"en-US","potentialAction":[{"@type":"ReadAction","target":["https:\/\/librairie7l.com\/en\/produit\/geants-et-nains-les-livres-de-lextreme-a-la-fondation-martin-bodmer\/"]}]},{"@type":"BreadcrumbList","@id":"https:\/\/librairie7l.com\/en\/produit\/geants-et-nains-les-livres-de-lextreme-a-la-fondation-martin-bodmer\/#breadcrumb","itemListElement":[{"@type":"ListItem","position":1,"name":"Accueil","item":"https:\/\/librairie7l.com\/en\/"},{"@type":"ListItem","position":2,"name":"Shop","item":"https:\/\/librairie7l.com\/en\/shop\/"},{"@type":"ListItem","position":3,"name":"G\u00c9ANTS ET NAINS ; LES LIVRES DE L&#8217;EXTR\u00caME \u00c0 LA FONDATION MARTIN BODMER"}]},{"@type":"WebSite","@id":"https:\/\/librairie7l.com\/en\/#website","url":"https:\/\/librairie7l.com\/en\/","name":"Librairie 7L","description":"Librairie fond\u00e9e en 1999 par Karl Lagerfeld \u00e0 Paris","publisher":{"@id":"https:\/\/librairie7l.com\/en\/#organization"},"potentialAction":[{"@type":"SearchAction","target":{"@type":"EntryPoint","urlTemplate":"https:\/\/librairie7l.com\/en\/?s={search_term_string}"},"query-input":"required name=search_term_string"}],"inLanguage":"en-US"},{"@type":"Organization","@id":"https:\/\/librairie7l.com\/en\/#organization","name":"Librairie 7L","url":"https:\/\/librairie7l.com\/en\/","logo":{"@type":"ImageObject","inLanguage":"en-US","@id":"https:\/\/librairie7l.com\/en\/#\/schema\/logo\/image\/","url":"https:\/\/librairie7l.com\/wp-content\/uploads\/2022\/08\/logo-1.png","contentUrl":"https:\/\/librairie7l.com\/wp-content\/uploads\/2022\/08\/logo-1.png","width":227,"height":301,"caption":"Librairie 7L"},"image":{"@id":"https:\/\/librairie7l.com\/en\/#\/schema\/logo\/image\/"}}]}},"_links":{"self":[{"href":"https:\/\/librairie7l.com\/en\/wp-json\/wp\/v2\/product\/38999"}],"collection":[{"href":"https:\/\/librairie7l.com\/en\/wp-json\/wp\/v2\/product"}],"about":[{"href":"https:\/\/librairie7l.com\/en\/wp-json\/wp\/v2\/types\/product"}],"wp:featuredmedia":[{"embeddable":true,"href":"https:\/\/librairie7l.com\/en\/wp-json\/wp\/v2\/media\/38997"}],"wp:attachment":[{"href":"https:\/\/librairie7l.com\/en\/wp-json\/wp\/v2\/media?parent=38999"}],"wp:term":[{"taxonomy":"product_cat","embeddable":true,"href":"https:\/\/librairie7l.com\/en\/wp-json\/wp\/v2\/product_cat?post=38999"},{"taxonomy":"product_tag","embeddable":true,"href":"https:\/\/librairie7l.com\/en\/wp-json\/wp\/v2\/product_tag?post=38999"}],"curies":[{"name":"wp","href":"https:\/\/api.w.org\/{rel}","templated":true}]}}