{"id":39005,"date":"2024-12-18T09:17:51","date_gmt":"2024-12-18T08:17:51","guid":{"rendered":"https:\/\/librairie7l.com\/?post_type=product&#038;p=39005"},"modified":"2026-04-14T21:06:54","modified_gmt":"2026-04-14T19:06:54","slug":"tim-walker-story-teller-paperback","status":"publish","type":"product","link":"https:\/\/librairie7l.com\/en\/produit\/tim-walker-story-teller-paperback\/","title":{"rendered":"TIM WALKER STORY TELLER (PAPERBACK)"},"content":{"rendered":"<p>Tim Walker: Story Teller, pour la premi\u00e8re fois r\u00e9\u00e9dit\u00e9 en broch\u00e9, propose une s\u00e9lection de certaines parmi ses images les plus c\u00e9l\u00e8bres et \u00e9tonnantes issues de ses collaborations avec les plus grands noms de la mode et de la culture contemporaine comme Alexander McQueen, Alber Elbaz, Agyness Deyn, Helena Bonham Carter ou encore Stella Tennant. La chanteuse et musicienne Kate Bush contribue avec une pr\u00e9face et tandis que la postface est assur\u00e9e par Walker lui-m\u00eame.<\/p>\n","protected":false},"excerpt":{"rendered":"<p>Tim Walker: Story Teller, pour la premi\u00e8re fois r\u00e9\u00e9dit\u00e9 en broch\u00e9, propose une s\u00e9lection de certaines parmi ses images les plus c\u00e9l\u00e8bres et \u00e9tonnantes issues de ses collaborations avec les plus grands noms de la mode et de la culture contemporaine comme Alexander McQueen, Alber Elbaz, Agyness Deyn, Helena Bonham Carter ou encore Stella Tennant. [&hellip;]<\/p>\n","protected":false},"featured_media":39003,"template":"","meta":[],"product_cat":[2948,2958],"product_tag":[],"acf":[],"yoast_head":"<!-- This site is optimized with the Yoast SEO plugin v20.11 - https:\/\/yoast.com\/wordpress\/plugins\/seo\/ -->\n<title>Tim walker story teller (paperback) - Librairie 7L<\/title>\n<meta name=\"robots\" content=\"index, follow, max-snippet:-1, max-image-preview:large, max-video-preview:-1\" \/>\n<link rel=\"canonical\" href=\"https:\/\/librairie7l.com\/en\/produit\/tim-walker-story-teller-paperback\/\" \/>\n<meta property=\"og:locale\" content=\"en_US\" \/>\n<meta property=\"og:type\" content=\"article\" \/>\n<meta property=\"og:title\" content=\"Tim walker story teller (paperback) - Librairie 7L\" \/>\n<meta property=\"og:description\" content=\"Tim Walker: Story Teller, pour la premi\u00e8re fois r\u00e9\u00e9dit\u00e9 en broch\u00e9, propose une s\u00e9lection de certaines parmi ses images les plus c\u00e9l\u00e8bres et \u00e9tonnantes issues de ses collaborations avec les plus grands noms de la mode et de la culture contemporaine comme Alexander McQueen, Alber Elbaz, Agyness Deyn, Helena Bonham Carter ou encore Stella Tennant. [&hellip;]\" \/>\n<meta property=\"og:url\" content=\"https:\/\/librairie7l.com\/en\/produit\/tim-walker-story-teller-paperback\/\" \/>\n<meta property=\"og:site_name\" content=\"Librairie 7L\" \/>\n<meta property=\"article:modified_time\" content=\"2026-04-14T19:06:54+00:00\" \/>\n<meta property=\"og:image\" content=\"https:\/\/librairie7l.com\/wp-content\/uploads\/2021\/07\/9780500293911_1_75.jpg\" \/>\n\t<meta property=\"og:image:width\" content=\"398\" \/>\n\t<meta property=\"og:image:height\" content=\"500\" \/>\n\t<meta property=\"og:image:type\" content=\"image\/jpeg\" \/>\n<meta name=\"twitter:card\" content=\"summary_large_image\" \/>\n<script type=\"application\/ld+json\" class=\"yoast-schema-graph\">{\"@context\":\"https:\/\/schema.org\",\"@graph\":[{\"@type\":\"WebPage\",\"@id\":\"https:\/\/librairie7l.com\/en\/produit\/tim-walker-story-teller-paperback\/\",\"url\":\"https:\/\/librairie7l.com\/en\/produit\/tim-walker-story-teller-paperback\/\",\"name\":\"Tim walker story teller (paperback) - Librairie 7L\",\"isPartOf\":{\"@id\":\"https:\/\/librairie7l.com\/en\/#website\"},\"datePublished\":\"2024-12-18T08:17:51+00:00\",\"dateModified\":\"2026-04-14T19:06:54+00:00\",\"breadcrumb\":{\"@id\":\"https:\/\/librairie7l.com\/en\/produit\/tim-walker-story-teller-paperback\/#breadcrumb\"},\"inLanguage\":\"en-US\",\"potentialAction\":[{\"@type\":\"ReadAction\",\"target\":[\"https:\/\/librairie7l.com\/en\/produit\/tim-walker-story-teller-paperback\/\"]}]},{\"@type\":\"BreadcrumbList\",\"@id\":\"https:\/\/librairie7l.com\/en\/produit\/tim-walker-story-teller-paperback\/#breadcrumb\",\"itemListElement\":[{\"@type\":\"ListItem\",\"position\":1,\"name\":\"Accueil\",\"item\":\"https:\/\/librairie7l.com\/en\/\"},{\"@type\":\"ListItem\",\"position\":2,\"name\":\"Shop\",\"item\":\"https:\/\/librairie7l.com\/en\/shop\/\"},{\"@type\":\"ListItem\",\"position\":3,\"name\":\"TIM WALKER STORY TELLER (PAPERBACK)\"}]},{\"@type\":\"WebSite\",\"@id\":\"https:\/\/librairie7l.com\/en\/#website\",\"url\":\"https:\/\/librairie7l.com\/en\/\",\"name\":\"Librairie 7L\",\"description\":\"Librairie fond\u00e9e en 1999 par Karl Lagerfeld \u00e0 Paris\",\"publisher\":{\"@id\":\"https:\/\/librairie7l.com\/en\/#organization\"},\"potentialAction\":[{\"@type\":\"SearchAction\",\"target\":{\"@type\":\"EntryPoint\",\"urlTemplate\":\"https:\/\/librairie7l.com\/en\/?s={search_term_string}\"},\"query-input\":\"required name=search_term_string\"}],\"inLanguage\":\"en-US\"},{\"@type\":\"Organization\",\"@id\":\"https:\/\/librairie7l.com\/en\/#organization\",\"name\":\"Librairie 7L\",\"url\":\"https:\/\/librairie7l.com\/en\/\",\"logo\":{\"@type\":\"ImageObject\",\"inLanguage\":\"en-US\",\"@id\":\"https:\/\/librairie7l.com\/en\/#\/schema\/logo\/image\/\",\"url\":\"https:\/\/librairie7l.com\/wp-content\/uploads\/2022\/08\/logo-1.png\",\"contentUrl\":\"https:\/\/librairie7l.com\/wp-content\/uploads\/2022\/08\/logo-1.png\",\"width\":227,\"height\":301,\"caption\":\"Librairie 7L\"},\"image\":{\"@id\":\"https:\/\/librairie7l.com\/en\/#\/schema\/logo\/image\/\"}}]}<\/script>\n<!-- \/ Yoast SEO plugin. -->","yoast_head_json":{"title":"Tim walker story teller (paperback) - Librairie 7L","robots":{"index":"index","follow":"follow","max-snippet":"max-snippet:-1","max-image-preview":"max-image-preview:large","max-video-preview":"max-video-preview:-1"},"canonical":"https:\/\/librairie7l.com\/en\/produit\/tim-walker-story-teller-paperback\/","og_locale":"en_US","og_type":"article","og_title":"Tim walker story teller (paperback) - Librairie 7L","og_description":"Tim Walker: Story Teller, pour la premi\u00e8re fois r\u00e9\u00e9dit\u00e9 en broch\u00e9, propose une s\u00e9lection de certaines parmi ses images les plus c\u00e9l\u00e8bres et \u00e9tonnantes issues de ses collaborations avec les plus grands noms de la mode et de la culture contemporaine comme Alexander McQueen, Alber Elbaz, Agyness Deyn, Helena Bonham Carter ou encore Stella Tennant. [&hellip;]","og_url":"https:\/\/librairie7l.com\/en\/produit\/tim-walker-story-teller-paperback\/","og_site_name":"Librairie 7L","article_modified_time":"2026-04-14T19:06:54+00:00","og_image":[{"width":398,"height":500,"url":"https:\/\/librairie7l.com\/wp-content\/uploads\/2021\/07\/9780500293911_1_75.jpg","type":"image\/jpeg"}],"twitter_card":"summary_large_image","schema":{"@context":"https:\/\/schema.org","@graph":[{"@type":"WebPage","@id":"https:\/\/librairie7l.com\/en\/produit\/tim-walker-story-teller-paperback\/","url":"https:\/\/librairie7l.com\/en\/produit\/tim-walker-story-teller-paperback\/","name":"Tim walker story teller (paperback) - Librairie 7L","isPartOf":{"@id":"https:\/\/librairie7l.com\/en\/#website"},"datePublished":"2024-12-18T08:17:51+00:00","dateModified":"2026-04-14T19:06:54+00:00","breadcrumb":{"@id":"https:\/\/librairie7l.com\/en\/produit\/tim-walker-story-teller-paperback\/#breadcrumb"},"inLanguage":"en-US","potentialAction":[{"@type":"ReadAction","target":["https:\/\/librairie7l.com\/en\/produit\/tim-walker-story-teller-paperback\/"]}]},{"@type":"BreadcrumbList","@id":"https:\/\/librairie7l.com\/en\/produit\/tim-walker-story-teller-paperback\/#breadcrumb","itemListElement":[{"@type":"ListItem","position":1,"name":"Accueil","item":"https:\/\/librairie7l.com\/en\/"},{"@type":"ListItem","position":2,"name":"Shop","item":"https:\/\/librairie7l.com\/en\/shop\/"},{"@type":"ListItem","position":3,"name":"TIM WALKER STORY TELLER (PAPERBACK)"}]},{"@type":"WebSite","@id":"https:\/\/librairie7l.com\/en\/#website","url":"https:\/\/librairie7l.com\/en\/","name":"Librairie 7L","description":"Librairie fond\u00e9e en 1999 par Karl Lagerfeld \u00e0 Paris","publisher":{"@id":"https:\/\/librairie7l.com\/en\/#organization"},"potentialAction":[{"@type":"SearchAction","target":{"@type":"EntryPoint","urlTemplate":"https:\/\/librairie7l.com\/en\/?s={search_term_string}"},"query-input":"required name=search_term_string"}],"inLanguage":"en-US"},{"@type":"Organization","@id":"https:\/\/librairie7l.com\/en\/#organization","name":"Librairie 7L","url":"https:\/\/librairie7l.com\/en\/","logo":{"@type":"ImageObject","inLanguage":"en-US","@id":"https:\/\/librairie7l.com\/en\/#\/schema\/logo\/image\/","url":"https:\/\/librairie7l.com\/wp-content\/uploads\/2022\/08\/logo-1.png","contentUrl":"https:\/\/librairie7l.com\/wp-content\/uploads\/2022\/08\/logo-1.png","width":227,"height":301,"caption":"Librairie 7L"},"image":{"@id":"https:\/\/librairie7l.com\/en\/#\/schema\/logo\/image\/"}}]}},"_links":{"self":[{"href":"https:\/\/librairie7l.com\/en\/wp-json\/wp\/v2\/product\/39005"}],"collection":[{"href":"https:\/\/librairie7l.com\/en\/wp-json\/wp\/v2\/product"}],"about":[{"href":"https:\/\/librairie7l.com\/en\/wp-json\/wp\/v2\/types\/product"}],"wp:featuredmedia":[{"embeddable":true,"href":"https:\/\/librairie7l.com\/en\/wp-json\/wp\/v2\/media\/39003"}],"wp:attachment":[{"href":"https:\/\/librairie7l.com\/en\/wp-json\/wp\/v2\/media?parent=39005"}],"wp:term":[{"taxonomy":"product_cat","embeddable":true,"href":"https:\/\/librairie7l.com\/en\/wp-json\/wp\/v2\/product_cat?post=39005"},{"taxonomy":"product_tag","embeddable":true,"href":"https:\/\/librairie7l.com\/en\/wp-json\/wp\/v2\/product_tag?post=39005"}],"curies":[{"name":"wp","href":"https:\/\/api.w.org\/{rel}","templated":true}]}}