{"id":39053,"date":"2024-06-26T10:36:25","date_gmt":"2024-06-26T08:36:25","guid":{"rendered":"https:\/\/librairie7l.com\/?post_type=product&#038;p=39053"},"modified":"2026-04-13T04:37:57","modified_gmt":"2026-04-13T02:37:57","slug":"trailblazing-women-printmakers","status":"publish","type":"product","link":"https:\/\/librairie7l.com\/en\/produit\/trailblazing-women-printmakers\/","title":{"rendered":"TRAILBLAZING WOMEN PRINTMAKERS"},"content":{"rendered":"<p>The Folly Cove Designers (officiellement 1941-1969) \u00e9tait un collectif compos\u00e9 de cr\u00e9atrices d&#8217;imprim\u00e9s blockprint fond\u00e9 par Virginia Lee Burton Demetrios. Ce groupe de Gloucester, dans le Massachusetts, a produit plus de trois cents dessins imprim\u00e9s sur tissu. Le groupe a acquis une renomm\u00e9e internationale gr\u00e2ce \u00e0 des contrats commerciaux avec de grands d\u00e9taillants (F. Schumacher, Lord &amp; Taylor, etc.), des articles dans la presse de premier plan et des expositions. Leur travail continue d&#8217;inspirer les imprimeurs contemporains du monde entier, en particulier les femmes. Ce livre \u00e9tablit la premi\u00e8re histoire compl\u00e8te des designers de Folly Cove avec plus de 250 photographies en noir et blanc et en couleur.<\/p>\n","protected":false},"excerpt":{"rendered":"<p>The Folly Cove Designers (officiellement 1941-1969) \u00e9tait un collectif compos\u00e9 de cr\u00e9atrices d&#8217;imprim\u00e9s blockprint fond\u00e9 par Virginia Lee Burton Demetrios. Ce groupe de Gloucester, dans le Massachusetts, a produit plus de trois cents dessins imprim\u00e9s sur tissu. Le groupe a acquis une renomm\u00e9e internationale gr\u00e2ce \u00e0 des contrats commerciaux avec de grands d\u00e9taillants (F. Schumacher, [&hellip;]<\/p>\n","protected":false},"featured_media":39051,"template":"","meta":[],"product_cat":[2948,2953],"product_tag":[],"acf":[],"yoast_head":"<!-- This site is optimized with the Yoast SEO plugin v20.11 - https:\/\/yoast.com\/wordpress\/plugins\/seo\/ -->\n<title>Trailblazing women printmakers - Librairie 7L<\/title>\n<meta name=\"robots\" content=\"index, follow, max-snippet:-1, max-image-preview:large, max-video-preview:-1\" \/>\n<link rel=\"canonical\" href=\"https:\/\/librairie7l.com\/en\/produit\/trailblazing-women-printmakers\/\" \/>\n<meta property=\"og:locale\" content=\"en_US\" \/>\n<meta property=\"og:type\" content=\"article\" \/>\n<meta property=\"og:title\" content=\"Trailblazing women printmakers - Librairie 7L\" \/>\n<meta property=\"og:description\" content=\"The Folly Cove Designers (officiellement 1941-1969) \u00e9tait un collectif compos\u00e9 de cr\u00e9atrices d&#8217;imprim\u00e9s blockprint fond\u00e9 par Virginia Lee Burton Demetrios. Ce groupe de Gloucester, dans le Massachusetts, a produit plus de trois cents dessins imprim\u00e9s sur tissu. Le groupe a acquis une renomm\u00e9e internationale gr\u00e2ce \u00e0 des contrats commerciaux avec de grands d\u00e9taillants (F. Schumacher, [&hellip;]\" \/>\n<meta property=\"og:url\" content=\"https:\/\/librairie7l.com\/en\/produit\/trailblazing-women-printmakers\/\" \/>\n<meta property=\"og:site_name\" content=\"Librairie 7L\" \/>\n<meta property=\"article:modified_time\" content=\"2026-04-13T02:37:57+00:00\" \/>\n<meta property=\"og:image\" content=\"https:\/\/librairie7l.com\/wp-content\/uploads\/2023\/06\/9781797224282_1_75.jpg\" \/>\n\t<meta property=\"og:image:width\" content=\"398\" \/>\n\t<meta property=\"og:image:height\" content=\"500\" \/>\n\t<meta property=\"og:image:type\" content=\"image\/jpeg\" \/>\n<meta name=\"twitter:card\" content=\"summary_large_image\" \/>\n<meta name=\"twitter:label1\" content=\"Est. reading time\" \/>\n\t<meta name=\"twitter:data1\" content=\"1 minute\" \/>\n<script type=\"application\/ld+json\" class=\"yoast-schema-graph\">{\"@context\":\"https:\/\/schema.org\",\"@graph\":[{\"@type\":\"WebPage\",\"@id\":\"https:\/\/librairie7l.com\/en\/produit\/trailblazing-women-printmakers\/\",\"url\":\"https:\/\/librairie7l.com\/en\/produit\/trailblazing-women-printmakers\/\",\"name\":\"Trailblazing women printmakers - Librairie 7L\",\"isPartOf\":{\"@id\":\"https:\/\/librairie7l.com\/en\/#website\"},\"datePublished\":\"2024-06-26T08:36:25+00:00\",\"dateModified\":\"2026-04-13T02:37:57+00:00\",\"breadcrumb\":{\"@id\":\"https:\/\/librairie7l.com\/en\/produit\/trailblazing-women-printmakers\/#breadcrumb\"},\"inLanguage\":\"en-US\",\"potentialAction\":[{\"@type\":\"ReadAction\",\"target\":[\"https:\/\/librairie7l.com\/en\/produit\/trailblazing-women-printmakers\/\"]}]},{\"@type\":\"BreadcrumbList\",\"@id\":\"https:\/\/librairie7l.com\/en\/produit\/trailblazing-women-printmakers\/#breadcrumb\",\"itemListElement\":[{\"@type\":\"ListItem\",\"position\":1,\"name\":\"Accueil\",\"item\":\"https:\/\/librairie7l.com\/en\/\"},{\"@type\":\"ListItem\",\"position\":2,\"name\":\"Shop\",\"item\":\"https:\/\/librairie7l.com\/en\/shop\/\"},{\"@type\":\"ListItem\",\"position\":3,\"name\":\"TRAILBLAZING WOMEN PRINTMAKERS\"}]},{\"@type\":\"WebSite\",\"@id\":\"https:\/\/librairie7l.com\/en\/#website\",\"url\":\"https:\/\/librairie7l.com\/en\/\",\"name\":\"Librairie 7L\",\"description\":\"Librairie fond\u00e9e en 1999 par Karl Lagerfeld \u00e0 Paris\",\"publisher\":{\"@id\":\"https:\/\/librairie7l.com\/en\/#organization\"},\"potentialAction\":[{\"@type\":\"SearchAction\",\"target\":{\"@type\":\"EntryPoint\",\"urlTemplate\":\"https:\/\/librairie7l.com\/en\/?s={search_term_string}\"},\"query-input\":\"required name=search_term_string\"}],\"inLanguage\":\"en-US\"},{\"@type\":\"Organization\",\"@id\":\"https:\/\/librairie7l.com\/en\/#organization\",\"name\":\"Librairie 7L\",\"url\":\"https:\/\/librairie7l.com\/en\/\",\"logo\":{\"@type\":\"ImageObject\",\"inLanguage\":\"en-US\",\"@id\":\"https:\/\/librairie7l.com\/en\/#\/schema\/logo\/image\/\",\"url\":\"https:\/\/librairie7l.com\/wp-content\/uploads\/2022\/08\/logo-1.png\",\"contentUrl\":\"https:\/\/librairie7l.com\/wp-content\/uploads\/2022\/08\/logo-1.png\",\"width\":227,\"height\":301,\"caption\":\"Librairie 7L\"},\"image\":{\"@id\":\"https:\/\/librairie7l.com\/en\/#\/schema\/logo\/image\/\"}}]}<\/script>\n<!-- \/ Yoast SEO plugin. -->","yoast_head_json":{"title":"Trailblazing women printmakers - Librairie 7L","robots":{"index":"index","follow":"follow","max-snippet":"max-snippet:-1","max-image-preview":"max-image-preview:large","max-video-preview":"max-video-preview:-1"},"canonical":"https:\/\/librairie7l.com\/en\/produit\/trailblazing-women-printmakers\/","og_locale":"en_US","og_type":"article","og_title":"Trailblazing women printmakers - Librairie 7L","og_description":"The Folly Cove Designers (officiellement 1941-1969) \u00e9tait un collectif compos\u00e9 de cr\u00e9atrices d&#8217;imprim\u00e9s blockprint fond\u00e9 par Virginia Lee Burton Demetrios. Ce groupe de Gloucester, dans le Massachusetts, a produit plus de trois cents dessins imprim\u00e9s sur tissu. Le groupe a acquis une renomm\u00e9e internationale gr\u00e2ce \u00e0 des contrats commerciaux avec de grands d\u00e9taillants (F. Schumacher, [&hellip;]","og_url":"https:\/\/librairie7l.com\/en\/produit\/trailblazing-women-printmakers\/","og_site_name":"Librairie 7L","article_modified_time":"2026-04-13T02:37:57+00:00","og_image":[{"width":398,"height":500,"url":"https:\/\/librairie7l.com\/wp-content\/uploads\/2023\/06\/9781797224282_1_75.jpg","type":"image\/jpeg"}],"twitter_card":"summary_large_image","twitter_misc":{"Est. reading time":"1 minute"},"schema":{"@context":"https:\/\/schema.org","@graph":[{"@type":"WebPage","@id":"https:\/\/librairie7l.com\/en\/produit\/trailblazing-women-printmakers\/","url":"https:\/\/librairie7l.com\/en\/produit\/trailblazing-women-printmakers\/","name":"Trailblazing women printmakers - Librairie 7L","isPartOf":{"@id":"https:\/\/librairie7l.com\/en\/#website"},"datePublished":"2024-06-26T08:36:25+00:00","dateModified":"2026-04-13T02:37:57+00:00","breadcrumb":{"@id":"https:\/\/librairie7l.com\/en\/produit\/trailblazing-women-printmakers\/#breadcrumb"},"inLanguage":"en-US","potentialAction":[{"@type":"ReadAction","target":["https:\/\/librairie7l.com\/en\/produit\/trailblazing-women-printmakers\/"]}]},{"@type":"BreadcrumbList","@id":"https:\/\/librairie7l.com\/en\/produit\/trailblazing-women-printmakers\/#breadcrumb","itemListElement":[{"@type":"ListItem","position":1,"name":"Accueil","item":"https:\/\/librairie7l.com\/en\/"},{"@type":"ListItem","position":2,"name":"Shop","item":"https:\/\/librairie7l.com\/en\/shop\/"},{"@type":"ListItem","position":3,"name":"TRAILBLAZING WOMEN PRINTMAKERS"}]},{"@type":"WebSite","@id":"https:\/\/librairie7l.com\/en\/#website","url":"https:\/\/librairie7l.com\/en\/","name":"Librairie 7L","description":"Librairie fond\u00e9e en 1999 par Karl Lagerfeld \u00e0 Paris","publisher":{"@id":"https:\/\/librairie7l.com\/en\/#organization"},"potentialAction":[{"@type":"SearchAction","target":{"@type":"EntryPoint","urlTemplate":"https:\/\/librairie7l.com\/en\/?s={search_term_string}"},"query-input":"required name=search_term_string"}],"inLanguage":"en-US"},{"@type":"Organization","@id":"https:\/\/librairie7l.com\/en\/#organization","name":"Librairie 7L","url":"https:\/\/librairie7l.com\/en\/","logo":{"@type":"ImageObject","inLanguage":"en-US","@id":"https:\/\/librairie7l.com\/en\/#\/schema\/logo\/image\/","url":"https:\/\/librairie7l.com\/wp-content\/uploads\/2022\/08\/logo-1.png","contentUrl":"https:\/\/librairie7l.com\/wp-content\/uploads\/2022\/08\/logo-1.png","width":227,"height":301,"caption":"Librairie 7L"},"image":{"@id":"https:\/\/librairie7l.com\/en\/#\/schema\/logo\/image\/"}}]}},"_links":{"self":[{"href":"https:\/\/librairie7l.com\/en\/wp-json\/wp\/v2\/product\/39053"}],"collection":[{"href":"https:\/\/librairie7l.com\/en\/wp-json\/wp\/v2\/product"}],"about":[{"href":"https:\/\/librairie7l.com\/en\/wp-json\/wp\/v2\/types\/product"}],"wp:featuredmedia":[{"embeddable":true,"href":"https:\/\/librairie7l.com\/en\/wp-json\/wp\/v2\/media\/39051"}],"wp:attachment":[{"href":"https:\/\/librairie7l.com\/en\/wp-json\/wp\/v2\/media?parent=39053"}],"wp:term":[{"taxonomy":"product_cat","embeddable":true,"href":"https:\/\/librairie7l.com\/en\/wp-json\/wp\/v2\/product_cat?post=39053"},{"taxonomy":"product_tag","embeddable":true,"href":"https:\/\/librairie7l.com\/en\/wp-json\/wp\/v2\/product_tag?post=39053"}],"curies":[{"name":"wp","href":"https:\/\/api.w.org\/{rel}","templated":true}]}}