{"id":39087,"date":"2024-12-18T09:17:51","date_gmt":"2024-12-18T08:17:51","guid":{"rendered":"https:\/\/librairie7l.com\/?post_type=product&#038;p=39087"},"modified":"2026-04-06T00:31:27","modified_gmt":"2026-04-05T22:31:27","slug":"art-fashion-in-the-21st-century","status":"publish","type":"product","link":"https:\/\/librairie7l.com\/en\/produit\/art-fashion-in-the-21st-century\/","title":{"rendered":"ART FASHION IN THE 21ST CENTURY"},"content":{"rendered":"<p>Une exploration d\u00e9taill\u00e9e des relations qu&#8217;entretiennent la mode et l&#8217;art contemporain. Cet ouvrage examine notamment les collaborations entre cr\u00e9ateurs et artistes ou photographes (Herm\u00e8s\/ Erwin Wurm, Jurgen Teller\/Marc Jacobs), la mode expos\u00e9e comme Christian Louboutin au Design Museum de Londres, ou la cr\u00e9ation de boutiques exceptionnelles et de fondations comme celle de Cartier \u00e0 Paris et celle de Louis Vuitton qui devrait ouvrir ses portes en 2014 au Bois de Boulogne.<\/p>\n","protected":false},"excerpt":{"rendered":"<p>Une exploration d\u00e9taill\u00e9e des relations qu&#8217;entretiennent la mode et l&#8217;art contemporain. Cet ouvrage examine notamment les collaborations entre cr\u00e9ateurs et artistes ou photographes (Herm\u00e8s\/ Erwin Wurm, Jurgen Teller\/Marc Jacobs), la mode expos\u00e9e comme Christian Louboutin au Design Museum de Londres, ou la cr\u00e9ation de boutiques exceptionnelles et de fondations comme celle de Cartier \u00e0 Paris [&hellip;]<\/p>\n","protected":false},"featured_media":39085,"template":"","meta":[],"product_cat":[2948,2957],"product_tag":[],"acf":[],"yoast_head":"<!-- This site is optimized with the Yoast SEO plugin v20.11 - https:\/\/yoast.com\/wordpress\/plugins\/seo\/ -->\n<title>Art fashion in the 21st century - Librairie 7L<\/title>\n<meta name=\"robots\" content=\"index, follow, max-snippet:-1, max-image-preview:large, max-video-preview:-1\" \/>\n<link rel=\"canonical\" href=\"https:\/\/librairie7l.com\/en\/produit\/art-fashion-in-the-21st-century\/\" \/>\n<meta property=\"og:locale\" content=\"en_US\" \/>\n<meta property=\"og:type\" content=\"article\" \/>\n<meta property=\"og:title\" content=\"Art fashion in the 21st century - Librairie 7L\" \/>\n<meta property=\"og:description\" content=\"Une exploration d\u00e9taill\u00e9e des relations qu&#8217;entretiennent la mode et l&#8217;art contemporain. Cet ouvrage examine notamment les collaborations entre cr\u00e9ateurs et artistes ou photographes (Herm\u00e8s\/ Erwin Wurm, Jurgen Teller\/Marc Jacobs), la mode expos\u00e9e comme Christian Louboutin au Design Museum de Londres, ou la cr\u00e9ation de boutiques exceptionnelles et de fondations comme celle de Cartier \u00e0 Paris [&hellip;]\" \/>\n<meta property=\"og:url\" content=\"https:\/\/librairie7l.com\/en\/produit\/art-fashion-in-the-21st-century\/\" \/>\n<meta property=\"og:site_name\" content=\"Librairie 7L\" \/>\n<meta property=\"article:modified_time\" content=\"2026-04-05T22:31:27+00:00\" \/>\n<meta property=\"og:image\" content=\"https:\/\/librairie7l.com\/wp-content\/uploads\/2013\/06\/9780500239094_1_75.jpg\" \/>\n\t<meta property=\"og:image:width\" content=\"404\" \/>\n\t<meta property=\"og:image:height\" content=\"500\" \/>\n\t<meta property=\"og:image:type\" content=\"image\/jpeg\" \/>\n<meta name=\"twitter:card\" content=\"summary_large_image\" \/>\n<script type=\"application\/ld+json\" class=\"yoast-schema-graph\">{\"@context\":\"https:\/\/schema.org\",\"@graph\":[{\"@type\":\"WebPage\",\"@id\":\"https:\/\/librairie7l.com\/en\/produit\/art-fashion-in-the-21st-century\/\",\"url\":\"https:\/\/librairie7l.com\/en\/produit\/art-fashion-in-the-21st-century\/\",\"name\":\"Art fashion in the 21st century - Librairie 7L\",\"isPartOf\":{\"@id\":\"https:\/\/librairie7l.com\/en\/#website\"},\"datePublished\":\"2024-12-18T08:17:51+00:00\",\"dateModified\":\"2026-04-05T22:31:27+00:00\",\"breadcrumb\":{\"@id\":\"https:\/\/librairie7l.com\/en\/produit\/art-fashion-in-the-21st-century\/#breadcrumb\"},\"inLanguage\":\"en-US\",\"potentialAction\":[{\"@type\":\"ReadAction\",\"target\":[\"https:\/\/librairie7l.com\/en\/produit\/art-fashion-in-the-21st-century\/\"]}]},{\"@type\":\"BreadcrumbList\",\"@id\":\"https:\/\/librairie7l.com\/en\/produit\/art-fashion-in-the-21st-century\/#breadcrumb\",\"itemListElement\":[{\"@type\":\"ListItem\",\"position\":1,\"name\":\"Accueil\",\"item\":\"https:\/\/librairie7l.com\/en\/\"},{\"@type\":\"ListItem\",\"position\":2,\"name\":\"Shop\",\"item\":\"https:\/\/librairie7l.com\/en\/shop\/\"},{\"@type\":\"ListItem\",\"position\":3,\"name\":\"ART FASHION IN THE 21ST CENTURY\"}]},{\"@type\":\"WebSite\",\"@id\":\"https:\/\/librairie7l.com\/en\/#website\",\"url\":\"https:\/\/librairie7l.com\/en\/\",\"name\":\"Librairie 7L\",\"description\":\"Librairie fond\u00e9e en 1999 par Karl Lagerfeld \u00e0 Paris\",\"publisher\":{\"@id\":\"https:\/\/librairie7l.com\/en\/#organization\"},\"potentialAction\":[{\"@type\":\"SearchAction\",\"target\":{\"@type\":\"EntryPoint\",\"urlTemplate\":\"https:\/\/librairie7l.com\/en\/?s={search_term_string}\"},\"query-input\":\"required name=search_term_string\"}],\"inLanguage\":\"en-US\"},{\"@type\":\"Organization\",\"@id\":\"https:\/\/librairie7l.com\/en\/#organization\",\"name\":\"Librairie 7L\",\"url\":\"https:\/\/librairie7l.com\/en\/\",\"logo\":{\"@type\":\"ImageObject\",\"inLanguage\":\"en-US\",\"@id\":\"https:\/\/librairie7l.com\/en\/#\/schema\/logo\/image\/\",\"url\":\"https:\/\/librairie7l.com\/wp-content\/uploads\/2022\/08\/logo-1.png\",\"contentUrl\":\"https:\/\/librairie7l.com\/wp-content\/uploads\/2022\/08\/logo-1.png\",\"width\":227,\"height\":301,\"caption\":\"Librairie 7L\"},\"image\":{\"@id\":\"https:\/\/librairie7l.com\/en\/#\/schema\/logo\/image\/\"}}]}<\/script>\n<!-- \/ Yoast SEO plugin. -->","yoast_head_json":{"title":"Art fashion in the 21st century - Librairie 7L","robots":{"index":"index","follow":"follow","max-snippet":"max-snippet:-1","max-image-preview":"max-image-preview:large","max-video-preview":"max-video-preview:-1"},"canonical":"https:\/\/librairie7l.com\/en\/produit\/art-fashion-in-the-21st-century\/","og_locale":"en_US","og_type":"article","og_title":"Art fashion in the 21st century - Librairie 7L","og_description":"Une exploration d\u00e9taill\u00e9e des relations qu&#8217;entretiennent la mode et l&#8217;art contemporain. Cet ouvrage examine notamment les collaborations entre cr\u00e9ateurs et artistes ou photographes (Herm\u00e8s\/ Erwin Wurm, Jurgen Teller\/Marc Jacobs), la mode expos\u00e9e comme Christian Louboutin au Design Museum de Londres, ou la cr\u00e9ation de boutiques exceptionnelles et de fondations comme celle de Cartier \u00e0 Paris [&hellip;]","og_url":"https:\/\/librairie7l.com\/en\/produit\/art-fashion-in-the-21st-century\/","og_site_name":"Librairie 7L","article_modified_time":"2026-04-05T22:31:27+00:00","og_image":[{"width":404,"height":500,"url":"https:\/\/librairie7l.com\/wp-content\/uploads\/2013\/06\/9780500239094_1_75.jpg","type":"image\/jpeg"}],"twitter_card":"summary_large_image","schema":{"@context":"https:\/\/schema.org","@graph":[{"@type":"WebPage","@id":"https:\/\/librairie7l.com\/en\/produit\/art-fashion-in-the-21st-century\/","url":"https:\/\/librairie7l.com\/en\/produit\/art-fashion-in-the-21st-century\/","name":"Art fashion in the 21st century - Librairie 7L","isPartOf":{"@id":"https:\/\/librairie7l.com\/en\/#website"},"datePublished":"2024-12-18T08:17:51+00:00","dateModified":"2026-04-05T22:31:27+00:00","breadcrumb":{"@id":"https:\/\/librairie7l.com\/en\/produit\/art-fashion-in-the-21st-century\/#breadcrumb"},"inLanguage":"en-US","potentialAction":[{"@type":"ReadAction","target":["https:\/\/librairie7l.com\/en\/produit\/art-fashion-in-the-21st-century\/"]}]},{"@type":"BreadcrumbList","@id":"https:\/\/librairie7l.com\/en\/produit\/art-fashion-in-the-21st-century\/#breadcrumb","itemListElement":[{"@type":"ListItem","position":1,"name":"Accueil","item":"https:\/\/librairie7l.com\/en\/"},{"@type":"ListItem","position":2,"name":"Shop","item":"https:\/\/librairie7l.com\/en\/shop\/"},{"@type":"ListItem","position":3,"name":"ART FASHION IN THE 21ST CENTURY"}]},{"@type":"WebSite","@id":"https:\/\/librairie7l.com\/en\/#website","url":"https:\/\/librairie7l.com\/en\/","name":"Librairie 7L","description":"Librairie fond\u00e9e en 1999 par Karl Lagerfeld \u00e0 Paris","publisher":{"@id":"https:\/\/librairie7l.com\/en\/#organization"},"potentialAction":[{"@type":"SearchAction","target":{"@type":"EntryPoint","urlTemplate":"https:\/\/librairie7l.com\/en\/?s={search_term_string}"},"query-input":"required name=search_term_string"}],"inLanguage":"en-US"},{"@type":"Organization","@id":"https:\/\/librairie7l.com\/en\/#organization","name":"Librairie 7L","url":"https:\/\/librairie7l.com\/en\/","logo":{"@type":"ImageObject","inLanguage":"en-US","@id":"https:\/\/librairie7l.com\/en\/#\/schema\/logo\/image\/","url":"https:\/\/librairie7l.com\/wp-content\/uploads\/2022\/08\/logo-1.png","contentUrl":"https:\/\/librairie7l.com\/wp-content\/uploads\/2022\/08\/logo-1.png","width":227,"height":301,"caption":"Librairie 7L"},"image":{"@id":"https:\/\/librairie7l.com\/en\/#\/schema\/logo\/image\/"}}]}},"_links":{"self":[{"href":"https:\/\/librairie7l.com\/en\/wp-json\/wp\/v2\/product\/39087"}],"collection":[{"href":"https:\/\/librairie7l.com\/en\/wp-json\/wp\/v2\/product"}],"about":[{"href":"https:\/\/librairie7l.com\/en\/wp-json\/wp\/v2\/types\/product"}],"wp:featuredmedia":[{"embeddable":true,"href":"https:\/\/librairie7l.com\/en\/wp-json\/wp\/v2\/media\/39085"}],"wp:attachment":[{"href":"https:\/\/librairie7l.com\/en\/wp-json\/wp\/v2\/media?parent=39087"}],"wp:term":[{"taxonomy":"product_cat","embeddable":true,"href":"https:\/\/librairie7l.com\/en\/wp-json\/wp\/v2\/product_cat?post=39087"},{"taxonomy":"product_tag","embeddable":true,"href":"https:\/\/librairie7l.com\/en\/wp-json\/wp\/v2\/product_tag?post=39087"}],"curies":[{"name":"wp","href":"https:\/\/api.w.org\/{rel}","templated":true}]}}