{"id":39099,"date":"2024-06-26T10:36:13","date_gmt":"2024-06-26T08:36:13","guid":{"rendered":"https:\/\/librairie7l.com\/?post_type=product&#038;p=39099"},"modified":"2026-05-02T01:52:53","modified_gmt":"2026-05-01T23:52:53","slug":"patrick-neu","status":"publish","type":"product","link":"https:\/\/librairie7l.com\/en\/produit\/patrick-neu\/","title":{"rendered":"PATRICK NEU"},"content":{"rendered":"<p>Nouvelle monographie.<br \/>\nChaque oeuvre r\u00e9alis\u00e9e par Patrick Neu d\u00e9tourne des techniques traditionnelles et engage de nouvelles exp\u00e9rimentations qu&#8217;il poursuit aussi longtemps que n\u00e9cessaire. L&#8217;artiste manie des mat\u00e9riaux peu familiers du champ de l&#8217;art : ailes d&#8217;abeille, noir de fum\u00e9e sur verre, cristal, cire, bloc d&#8217;encre de Chine, ailes de papillon, mues de serpent, coquilles d&#8217;oeuf, papier carbonis\u00e9, etc. Depuis trente ans Patrick Neu d\u00e9veloppe son travail dans la discr\u00e9tion. Les oeuvres pr\u00e9sent\u00e9es dans son exposition au Palais de Tokyo sugg\u00e8rent ce dialogue p\u00e9rilleux avec les mat\u00e9riaux et la m\u00e9moire du monde. Les d\u00e9cisions audacieuses, l&#8217;aventure de la pens\u00e9e, l&#8217;insistance de la dur\u00e9e, le dialogue avec l&#8217;histoire sont les ingr\u00e9dients de la recherche de l&#8217;artiste sur les processus de la m\u00e9moire et de l&#8217;oubli, sur l&#8217;\u00e9panouissement macabre des fleurs, sur la r\u00e9manence des images archa\u00efques.<br \/>\nCette monographie rassemble une conversation entre Patrick Neu et Jean de Loisy, un essai de Katell Jaffr\u00e8s, commissaire de l&#8217;exposition de Patrick Neu au Palais de Tokyo, un portfolio de vues de l&#8217;exposition, une s\u00e9lection de visuels d&#8217;oeuvres de Patrick Neu et un ensemble de notices sur une s\u00e9lection d&#8217;oeuvres de l&#8217;artiste.<br \/>\nKatell Jaffr\u00e8s est curatrice au Palais de Tokyo.<br \/>\nJean de Loisy est le pr\u00e9sident du Palais de Tokyo.<\/p>\n<p>Publi\u00e9 \u00e0 l&#8217;occasion de l&#8217;exposition personnelle de Patrick Neu au Palais de Tokyo, du 24 juin au 13 septembre 2015.<\/p>\n<p>Co\u00e9dit\u00e9e avec Les presses du r\u00e9el, la collection de livres monographiques dans laquelle s&#8217;inscrit cet ouvrage est publi\u00e9e en lien avec les expositions du Palais de Tokyo. Richement illustr\u00e9s, comprenant de nombreuses vues de l&#8217;exposition, accessibles \u00e0 tous, ces livres permettent de poursuivre l&#8217;exp\u00e9rience de la rencontre avec l&#8217;oeuvre de l&#8217;artiste. Les propos des artistes, les contributions in\u00e9dites de th\u00e9oriciens, de critiques d&#8217;art et de commissaires d&#8217;expositions permettent de mieux comprendre le parcours de chaque artiste et la gen\u00e8se de son projet au Palais de Tokyo. Le lecteur peut ainsi assister au cheminement d&#8217;une pens\u00e9e. Des vues d&#8217;atelier, reproductions d&#8217;oeuvres, documents pr\u00e9paratoires et images de r\u00e9f\u00e9rence t\u00e9moignent des processus cr\u00e9ateurs et compl\u00e8tent entretiens et essais. Attentif \u00e0 l&#8217;\u00e9mergence de nouveaux talents dans le domaine du design graphique, le Palais de Tokyo a confi\u00e9 la conception graphique des premiers titres de cette collection au graphiste et artiste Xavier Antin. <\/p>\n<p>Patrick Neu (n\u00e9 en 1963, vit et travaille \u00e0 Enchenberg) travaille depuis les ann\u00e9es 1980 le cristal, la mie de pain, le plomb, la coquille d&#8217;oeuf ou la cire d&#8217;abeille, dessine \u00e0 l&#8217;encre de Chine sur des ailes de papillon, peint \u00e0 la gouache sur des papiers carbonis\u00e9s, grave \u00e0 la pointe de la plume dans le noir de fum\u00e9e de verres en cristal. Depuis le d\u00e9but des ann\u00e9es 1990, en contrepoint de son travail de sculpture, Patrick Neu pratique l&#8217;aquarelle sur papier, quinze jours par an lors de la floraison de l&#8217;iris.<br \/>\nSes oeuvres offrent autant d&#8217;exercices \u00ab de funambulisme sculptural \u00bb m\u00ealant \u00ab ambition et l\u00e9g\u00e8ret\u00e9, apparente insignifiance et gravit\u00e9, parfaite modestie et absolue ma\u00eetrise technique \u00bb (Didier Semin). D\u00e9fis \u00e0 l&#8217;imaginaire, \u00e0 l&#8217;entendement, ces oeuvres ne sont pas r\u00e9ductibles \u00e0 leur virtuosit\u00e9 et \u00e0 leur s\u00e9duction. Elles offrent avant tout une m\u00e9ditation sur le temps, une r\u00e9flexion sur l&#8217;\u00e9ph\u00e9m\u00e8re, sur l&#8217;in\u00e9luctable et impr\u00e9visible instabilit\u00e9 des choses et de l&#8217;instant.<\/p>\n","protected":false},"excerpt":{"rendered":"<p>Nouvelle monographie. Chaque oeuvre r\u00e9alis\u00e9e par Patrick Neu d\u00e9tourne des techniques traditionnelles et engage de nouvelles exp\u00e9rimentations qu&#8217;il poursuit aussi longtemps que n\u00e9cessaire. L&#8217;artiste manie des mat\u00e9riaux peu familiers du champ de l&#8217;art : ailes d&#8217;abeille, noir de fum\u00e9e sur verre, cristal, cire, bloc d&#8217;encre de Chine, ailes de papillon, mues de serpent, coquilles d&#8217;oeuf, [&hellip;]<\/p>\n","protected":false},"featured_media":0,"template":"","meta":[],"product_cat":[2948,2953],"product_tag":[],"acf":[],"yoast_head":"<!-- This site is optimized with the Yoast SEO plugin v20.11 - https:\/\/yoast.com\/wordpress\/plugins\/seo\/ -->\n<title>Patrick Neu - Librairie 7L<\/title>\n<meta name=\"robots\" content=\"index, follow, max-snippet:-1, max-image-preview:large, max-video-preview:-1\" \/>\n<link rel=\"canonical\" href=\"https:\/\/librairie7l.com\/en\/produit\/patrick-neu\/\" \/>\n<meta property=\"og:locale\" content=\"en_US\" \/>\n<meta property=\"og:type\" content=\"article\" \/>\n<meta property=\"og:title\" content=\"Patrick Neu - Librairie 7L\" \/>\n<meta property=\"og:description\" content=\"Nouvelle monographie. Chaque oeuvre r\u00e9alis\u00e9e par Patrick Neu d\u00e9tourne des techniques traditionnelles et engage de nouvelles exp\u00e9rimentations qu&#8217;il poursuit aussi longtemps que n\u00e9cessaire. L&#8217;artiste manie des mat\u00e9riaux peu familiers du champ de l&#8217;art : ailes d&#8217;abeille, noir de fum\u00e9e sur verre, cristal, cire, bloc d&#8217;encre de Chine, ailes de papillon, mues de serpent, coquilles d&#8217;oeuf, [&hellip;]\" \/>\n<meta property=\"og:url\" content=\"https:\/\/librairie7l.com\/en\/produit\/patrick-neu\/\" \/>\n<meta property=\"og:site_name\" content=\"Librairie 7L\" \/>\n<meta property=\"article:modified_time\" content=\"2026-05-01T23:52:53+00:00\" \/>\n<meta name=\"twitter:card\" content=\"summary_large_image\" \/>\n<meta name=\"twitter:label1\" content=\"Est. reading time\" \/>\n\t<meta name=\"twitter:data1\" content=\"3 minutes\" \/>\n<script type=\"application\/ld+json\" class=\"yoast-schema-graph\">{\"@context\":\"https:\/\/schema.org\",\"@graph\":[{\"@type\":\"WebPage\",\"@id\":\"https:\/\/librairie7l.com\/en\/produit\/patrick-neu\/\",\"url\":\"https:\/\/librairie7l.com\/en\/produit\/patrick-neu\/\",\"name\":\"Patrick Neu - Librairie 7L\",\"isPartOf\":{\"@id\":\"https:\/\/librairie7l.com\/en\/#website\"},\"datePublished\":\"2024-06-26T08:36:13+00:00\",\"dateModified\":\"2026-05-01T23:52:53+00:00\",\"breadcrumb\":{\"@id\":\"https:\/\/librairie7l.com\/en\/produit\/patrick-neu\/#breadcrumb\"},\"inLanguage\":\"en-US\",\"potentialAction\":[{\"@type\":\"ReadAction\",\"target\":[\"https:\/\/librairie7l.com\/en\/produit\/patrick-neu\/\"]}]},{\"@type\":\"BreadcrumbList\",\"@id\":\"https:\/\/librairie7l.com\/en\/produit\/patrick-neu\/#breadcrumb\",\"itemListElement\":[{\"@type\":\"ListItem\",\"position\":1,\"name\":\"Accueil\",\"item\":\"https:\/\/librairie7l.com\/en\/\"},{\"@type\":\"ListItem\",\"position\":2,\"name\":\"Shop\",\"item\":\"https:\/\/librairie7l.com\/en\/shop\/\"},{\"@type\":\"ListItem\",\"position\":3,\"name\":\"PATRICK NEU\"}]},{\"@type\":\"WebSite\",\"@id\":\"https:\/\/librairie7l.com\/en\/#website\",\"url\":\"https:\/\/librairie7l.com\/en\/\",\"name\":\"Librairie 7L\",\"description\":\"Librairie fond\u00e9e en 1999 par Karl Lagerfeld \u00e0 Paris\",\"publisher\":{\"@id\":\"https:\/\/librairie7l.com\/en\/#organization\"},\"potentialAction\":[{\"@type\":\"SearchAction\",\"target\":{\"@type\":\"EntryPoint\",\"urlTemplate\":\"https:\/\/librairie7l.com\/en\/?s={search_term_string}\"},\"query-input\":\"required name=search_term_string\"}],\"inLanguage\":\"en-US\"},{\"@type\":\"Organization\",\"@id\":\"https:\/\/librairie7l.com\/en\/#organization\",\"name\":\"Librairie 7L\",\"url\":\"https:\/\/librairie7l.com\/en\/\",\"logo\":{\"@type\":\"ImageObject\",\"inLanguage\":\"en-US\",\"@id\":\"https:\/\/librairie7l.com\/en\/#\/schema\/logo\/image\/\",\"url\":\"https:\/\/librairie7l.com\/wp-content\/uploads\/2022\/08\/logo-1.png\",\"contentUrl\":\"https:\/\/librairie7l.com\/wp-content\/uploads\/2022\/08\/logo-1.png\",\"width\":227,\"height\":301,\"caption\":\"Librairie 7L\"},\"image\":{\"@id\":\"https:\/\/librairie7l.com\/en\/#\/schema\/logo\/image\/\"}}]}<\/script>\n<!-- \/ Yoast SEO plugin. -->","yoast_head_json":{"title":"Patrick Neu - Librairie 7L","robots":{"index":"index","follow":"follow","max-snippet":"max-snippet:-1","max-image-preview":"max-image-preview:large","max-video-preview":"max-video-preview:-1"},"canonical":"https:\/\/librairie7l.com\/en\/produit\/patrick-neu\/","og_locale":"en_US","og_type":"article","og_title":"Patrick Neu - Librairie 7L","og_description":"Nouvelle monographie. Chaque oeuvre r\u00e9alis\u00e9e par Patrick Neu d\u00e9tourne des techniques traditionnelles et engage de nouvelles exp\u00e9rimentations qu&#8217;il poursuit aussi longtemps que n\u00e9cessaire. L&#8217;artiste manie des mat\u00e9riaux peu familiers du champ de l&#8217;art : ailes d&#8217;abeille, noir de fum\u00e9e sur verre, cristal, cire, bloc d&#8217;encre de Chine, ailes de papillon, mues de serpent, coquilles d&#8217;oeuf, [&hellip;]","og_url":"https:\/\/librairie7l.com\/en\/produit\/patrick-neu\/","og_site_name":"Librairie 7L","article_modified_time":"2026-05-01T23:52:53+00:00","twitter_card":"summary_large_image","twitter_misc":{"Est. reading time":"3 minutes"},"schema":{"@context":"https:\/\/schema.org","@graph":[{"@type":"WebPage","@id":"https:\/\/librairie7l.com\/en\/produit\/patrick-neu\/","url":"https:\/\/librairie7l.com\/en\/produit\/patrick-neu\/","name":"Patrick Neu - Librairie 7L","isPartOf":{"@id":"https:\/\/librairie7l.com\/en\/#website"},"datePublished":"2024-06-26T08:36:13+00:00","dateModified":"2026-05-01T23:52:53+00:00","breadcrumb":{"@id":"https:\/\/librairie7l.com\/en\/produit\/patrick-neu\/#breadcrumb"},"inLanguage":"en-US","potentialAction":[{"@type":"ReadAction","target":["https:\/\/librairie7l.com\/en\/produit\/patrick-neu\/"]}]},{"@type":"BreadcrumbList","@id":"https:\/\/librairie7l.com\/en\/produit\/patrick-neu\/#breadcrumb","itemListElement":[{"@type":"ListItem","position":1,"name":"Accueil","item":"https:\/\/librairie7l.com\/en\/"},{"@type":"ListItem","position":2,"name":"Shop","item":"https:\/\/librairie7l.com\/en\/shop\/"},{"@type":"ListItem","position":3,"name":"PATRICK NEU"}]},{"@type":"WebSite","@id":"https:\/\/librairie7l.com\/en\/#website","url":"https:\/\/librairie7l.com\/en\/","name":"Librairie 7L","description":"Librairie fond\u00e9e en 1999 par Karl Lagerfeld \u00e0 Paris","publisher":{"@id":"https:\/\/librairie7l.com\/en\/#organization"},"potentialAction":[{"@type":"SearchAction","target":{"@type":"EntryPoint","urlTemplate":"https:\/\/librairie7l.com\/en\/?s={search_term_string}"},"query-input":"required name=search_term_string"}],"inLanguage":"en-US"},{"@type":"Organization","@id":"https:\/\/librairie7l.com\/en\/#organization","name":"Librairie 7L","url":"https:\/\/librairie7l.com\/en\/","logo":{"@type":"ImageObject","inLanguage":"en-US","@id":"https:\/\/librairie7l.com\/en\/#\/schema\/logo\/image\/","url":"https:\/\/librairie7l.com\/wp-content\/uploads\/2022\/08\/logo-1.png","contentUrl":"https:\/\/librairie7l.com\/wp-content\/uploads\/2022\/08\/logo-1.png","width":227,"height":301,"caption":"Librairie 7L"},"image":{"@id":"https:\/\/librairie7l.com\/en\/#\/schema\/logo\/image\/"}}]}},"_links":{"self":[{"href":"https:\/\/librairie7l.com\/en\/wp-json\/wp\/v2\/product\/39099"}],"collection":[{"href":"https:\/\/librairie7l.com\/en\/wp-json\/wp\/v2\/product"}],"about":[{"href":"https:\/\/librairie7l.com\/en\/wp-json\/wp\/v2\/types\/product"}],"wp:attachment":[{"href":"https:\/\/librairie7l.com\/en\/wp-json\/wp\/v2\/media?parent=39099"}],"wp:term":[{"taxonomy":"product_cat","embeddable":true,"href":"https:\/\/librairie7l.com\/en\/wp-json\/wp\/v2\/product_cat?post=39099"},{"taxonomy":"product_tag","embeddable":true,"href":"https:\/\/librairie7l.com\/en\/wp-json\/wp\/v2\/product_tag?post=39099"}],"curies":[{"name":"wp","href":"https:\/\/api.w.org\/{rel}","templated":true}]}}