{"id":39103,"date":"2024-02-09T09:55:00","date_gmt":"2024-02-09T08:55:00","guid":{"rendered":"https:\/\/librairie7l.com\/?post_type=product&#038;p=39103"},"modified":"2026-04-21T12:06:28","modified_gmt":"2026-04-21T10:06:28","slug":"what-moves-us-le-corbusier-and-asger-jorn-in-art-and-architecture","status":"publish","type":"product","link":"https:\/\/librairie7l.com\/en\/produit\/what-moves-us-le-corbusier-and-asger-jorn-in-art-and-architecture\/","title":{"rendered":"WHAT MOVES US? LE CORBUSIER AND ASGER JORN IN ART AND ARCHITECTURE"},"content":{"rendered":"<p>Le Mus\u00e9e Jorn, \u00e0 Silkeborg (Danemark), met en lumi\u00e8re le dialogue entre Le Corbusier et Asger Jorn, deux hommes de conviction qui ont voulu changer le monde \u00e0 travers leur art. Les deux artistes se sont rencontr\u00e9s pour la premi\u00e8re fois en 1937 et sont rest\u00e9s en contact toute leur vie. Le catalogue reproduit avec soin de nombreuses oeuvres &#8211; peintures, tapisseries, reliefs &#8211; et des documents d&#8217;archives &#8211; photos, correspondances et objets personnels.<\/p>\n","protected":false},"excerpt":{"rendered":"<p>Le Mus\u00e9e Jorn, \u00e0 Silkeborg (Danemark), met en lumi\u00e8re le dialogue entre Le Corbusier et Asger Jorn, deux hommes de conviction qui ont voulu changer le monde \u00e0 travers leur art. Les deux artistes se sont rencontr\u00e9s pour la premi\u00e8re fois en 1937 et sont rest\u00e9s en contact toute leur vie. Le catalogue reproduit avec [&hellip;]<\/p>\n","protected":false},"featured_media":39101,"template":"","meta":[],"product_cat":[2948,2950],"product_tag":[],"acf":[],"yoast_head":"<!-- This site is optimized with the Yoast SEO plugin v20.11 - https:\/\/yoast.com\/wordpress\/plugins\/seo\/ -->\n<title>What moves us? le corbusier and asger jorn in art and architecture - Librairie 7L<\/title>\n<meta name=\"robots\" content=\"index, follow, max-snippet:-1, max-image-preview:large, max-video-preview:-1\" \/>\n<link rel=\"canonical\" href=\"https:\/\/librairie7l.com\/en\/produit\/what-moves-us-le-corbusier-and-asger-jorn-in-art-and-architecture\/\" \/>\n<meta property=\"og:locale\" content=\"en_US\" \/>\n<meta property=\"og:type\" content=\"article\" \/>\n<meta property=\"og:title\" content=\"What moves us? le corbusier and asger jorn in art and architecture - Librairie 7L\" \/>\n<meta property=\"og:description\" content=\"Le Mus\u00e9e Jorn, \u00e0 Silkeborg (Danemark), met en lumi\u00e8re le dialogue entre Le Corbusier et Asger Jorn, deux hommes de conviction qui ont voulu changer le monde \u00e0 travers leur art. Les deux artistes se sont rencontr\u00e9s pour la premi\u00e8re fois en 1937 et sont rest\u00e9s en contact toute leur vie. Le catalogue reproduit avec [&hellip;]\" \/>\n<meta property=\"og:url\" content=\"https:\/\/librairie7l.com\/en\/produit\/what-moves-us-le-corbusier-and-asger-jorn-in-art-and-architecture\/\" \/>\n<meta property=\"og:site_name\" content=\"Librairie 7L\" \/>\n<meta property=\"article:modified_time\" content=\"2026-04-21T10:06:28+00:00\" \/>\n<meta property=\"og:image\" content=\"https:\/\/librairie7l.com\/wp-content\/uploads\/2015\/10\/9783858817730_1_75.jpg\" \/>\n\t<meta property=\"og:image:width\" content=\"393\" \/>\n\t<meta property=\"og:image:height\" content=\"500\" \/>\n\t<meta property=\"og:image:type\" content=\"image\/jpeg\" \/>\n<meta name=\"twitter:card\" content=\"summary_large_image\" \/>\n<script type=\"application\/ld+json\" class=\"yoast-schema-graph\">{\"@context\":\"https:\/\/schema.org\",\"@graph\":[{\"@type\":\"WebPage\",\"@id\":\"https:\/\/librairie7l.com\/en\/produit\/what-moves-us-le-corbusier-and-asger-jorn-in-art-and-architecture\/\",\"url\":\"https:\/\/librairie7l.com\/en\/produit\/what-moves-us-le-corbusier-and-asger-jorn-in-art-and-architecture\/\",\"name\":\"What moves us? le corbusier and asger jorn in art and architecture - Librairie 7L\",\"isPartOf\":{\"@id\":\"https:\/\/librairie7l.com\/en\/#website\"},\"datePublished\":\"2024-02-09T08:55:00+00:00\",\"dateModified\":\"2026-04-21T10:06:28+00:00\",\"breadcrumb\":{\"@id\":\"https:\/\/librairie7l.com\/en\/produit\/what-moves-us-le-corbusier-and-asger-jorn-in-art-and-architecture\/#breadcrumb\"},\"inLanguage\":\"en-US\",\"potentialAction\":[{\"@type\":\"ReadAction\",\"target\":[\"https:\/\/librairie7l.com\/en\/produit\/what-moves-us-le-corbusier-and-asger-jorn-in-art-and-architecture\/\"]}]},{\"@type\":\"BreadcrumbList\",\"@id\":\"https:\/\/librairie7l.com\/en\/produit\/what-moves-us-le-corbusier-and-asger-jorn-in-art-and-architecture\/#breadcrumb\",\"itemListElement\":[{\"@type\":\"ListItem\",\"position\":1,\"name\":\"Accueil\",\"item\":\"https:\/\/librairie7l.com\/en\/\"},{\"@type\":\"ListItem\",\"position\":2,\"name\":\"Shop\",\"item\":\"https:\/\/librairie7l.com\/en\/shop\/\"},{\"@type\":\"ListItem\",\"position\":3,\"name\":\"WHAT MOVES US? LE CORBUSIER AND ASGER JORN IN ART AND ARCHITECTURE\"}]},{\"@type\":\"WebSite\",\"@id\":\"https:\/\/librairie7l.com\/en\/#website\",\"url\":\"https:\/\/librairie7l.com\/en\/\",\"name\":\"Librairie 7L\",\"description\":\"Librairie fond\u00e9e en 1999 par Karl Lagerfeld \u00e0 Paris\",\"publisher\":{\"@id\":\"https:\/\/librairie7l.com\/en\/#organization\"},\"potentialAction\":[{\"@type\":\"SearchAction\",\"target\":{\"@type\":\"EntryPoint\",\"urlTemplate\":\"https:\/\/librairie7l.com\/en\/?s={search_term_string}\"},\"query-input\":\"required name=search_term_string\"}],\"inLanguage\":\"en-US\"},{\"@type\":\"Organization\",\"@id\":\"https:\/\/librairie7l.com\/en\/#organization\",\"name\":\"Librairie 7L\",\"url\":\"https:\/\/librairie7l.com\/en\/\",\"logo\":{\"@type\":\"ImageObject\",\"inLanguage\":\"en-US\",\"@id\":\"https:\/\/librairie7l.com\/en\/#\/schema\/logo\/image\/\",\"url\":\"https:\/\/librairie7l.com\/wp-content\/uploads\/2022\/08\/logo-1.png\",\"contentUrl\":\"https:\/\/librairie7l.com\/wp-content\/uploads\/2022\/08\/logo-1.png\",\"width\":227,\"height\":301,\"caption\":\"Librairie 7L\"},\"image\":{\"@id\":\"https:\/\/librairie7l.com\/en\/#\/schema\/logo\/image\/\"}}]}<\/script>\n<!-- \/ Yoast SEO plugin. -->","yoast_head_json":{"title":"What moves us? le corbusier and asger jorn in art and architecture - Librairie 7L","robots":{"index":"index","follow":"follow","max-snippet":"max-snippet:-1","max-image-preview":"max-image-preview:large","max-video-preview":"max-video-preview:-1"},"canonical":"https:\/\/librairie7l.com\/en\/produit\/what-moves-us-le-corbusier-and-asger-jorn-in-art-and-architecture\/","og_locale":"en_US","og_type":"article","og_title":"What moves us? le corbusier and asger jorn in art and architecture - Librairie 7L","og_description":"Le Mus\u00e9e Jorn, \u00e0 Silkeborg (Danemark), met en lumi\u00e8re le dialogue entre Le Corbusier et Asger Jorn, deux hommes de conviction qui ont voulu changer le monde \u00e0 travers leur art. Les deux artistes se sont rencontr\u00e9s pour la premi\u00e8re fois en 1937 et sont rest\u00e9s en contact toute leur vie. Le catalogue reproduit avec [&hellip;]","og_url":"https:\/\/librairie7l.com\/en\/produit\/what-moves-us-le-corbusier-and-asger-jorn-in-art-and-architecture\/","og_site_name":"Librairie 7L","article_modified_time":"2026-04-21T10:06:28+00:00","og_image":[{"width":393,"height":500,"url":"https:\/\/librairie7l.com\/wp-content\/uploads\/2015\/10\/9783858817730_1_75.jpg","type":"image\/jpeg"}],"twitter_card":"summary_large_image","schema":{"@context":"https:\/\/schema.org","@graph":[{"@type":"WebPage","@id":"https:\/\/librairie7l.com\/en\/produit\/what-moves-us-le-corbusier-and-asger-jorn-in-art-and-architecture\/","url":"https:\/\/librairie7l.com\/en\/produit\/what-moves-us-le-corbusier-and-asger-jorn-in-art-and-architecture\/","name":"What moves us? le corbusier and asger jorn in art and architecture - Librairie 7L","isPartOf":{"@id":"https:\/\/librairie7l.com\/en\/#website"},"datePublished":"2024-02-09T08:55:00+00:00","dateModified":"2026-04-21T10:06:28+00:00","breadcrumb":{"@id":"https:\/\/librairie7l.com\/en\/produit\/what-moves-us-le-corbusier-and-asger-jorn-in-art-and-architecture\/#breadcrumb"},"inLanguage":"en-US","potentialAction":[{"@type":"ReadAction","target":["https:\/\/librairie7l.com\/en\/produit\/what-moves-us-le-corbusier-and-asger-jorn-in-art-and-architecture\/"]}]},{"@type":"BreadcrumbList","@id":"https:\/\/librairie7l.com\/en\/produit\/what-moves-us-le-corbusier-and-asger-jorn-in-art-and-architecture\/#breadcrumb","itemListElement":[{"@type":"ListItem","position":1,"name":"Accueil","item":"https:\/\/librairie7l.com\/en\/"},{"@type":"ListItem","position":2,"name":"Shop","item":"https:\/\/librairie7l.com\/en\/shop\/"},{"@type":"ListItem","position":3,"name":"WHAT MOVES US? LE CORBUSIER AND ASGER JORN IN ART AND ARCHITECTURE"}]},{"@type":"WebSite","@id":"https:\/\/librairie7l.com\/en\/#website","url":"https:\/\/librairie7l.com\/en\/","name":"Librairie 7L","description":"Librairie fond\u00e9e en 1999 par Karl Lagerfeld \u00e0 Paris","publisher":{"@id":"https:\/\/librairie7l.com\/en\/#organization"},"potentialAction":[{"@type":"SearchAction","target":{"@type":"EntryPoint","urlTemplate":"https:\/\/librairie7l.com\/en\/?s={search_term_string}"},"query-input":"required name=search_term_string"}],"inLanguage":"en-US"},{"@type":"Organization","@id":"https:\/\/librairie7l.com\/en\/#organization","name":"Librairie 7L","url":"https:\/\/librairie7l.com\/en\/","logo":{"@type":"ImageObject","inLanguage":"en-US","@id":"https:\/\/librairie7l.com\/en\/#\/schema\/logo\/image\/","url":"https:\/\/librairie7l.com\/wp-content\/uploads\/2022\/08\/logo-1.png","contentUrl":"https:\/\/librairie7l.com\/wp-content\/uploads\/2022\/08\/logo-1.png","width":227,"height":301,"caption":"Librairie 7L"},"image":{"@id":"https:\/\/librairie7l.com\/en\/#\/schema\/logo\/image\/"}}]}},"_links":{"self":[{"href":"https:\/\/librairie7l.com\/en\/wp-json\/wp\/v2\/product\/39103"}],"collection":[{"href":"https:\/\/librairie7l.com\/en\/wp-json\/wp\/v2\/product"}],"about":[{"href":"https:\/\/librairie7l.com\/en\/wp-json\/wp\/v2\/types\/product"}],"wp:featuredmedia":[{"embeddable":true,"href":"https:\/\/librairie7l.com\/en\/wp-json\/wp\/v2\/media\/39101"}],"wp:attachment":[{"href":"https:\/\/librairie7l.com\/en\/wp-json\/wp\/v2\/media?parent=39103"}],"wp:term":[{"taxonomy":"product_cat","embeddable":true,"href":"https:\/\/librairie7l.com\/en\/wp-json\/wp\/v2\/product_cat?post=39103"},{"taxonomy":"product_tag","embeddable":true,"href":"https:\/\/librairie7l.com\/en\/wp-json\/wp\/v2\/product_tag?post=39103"}],"curies":[{"name":"wp","href":"https:\/\/api.w.org\/{rel}","templated":true}]}}