{"id":39111,"date":"2024-12-04T09:18:15","date_gmt":"2024-12-04T08:18:15","guid":{"rendered":"https:\/\/librairie7l.com\/?post_type=product&#038;p=39111"},"modified":"2026-04-16T21:19:16","modified_gmt":"2026-04-16T19:19:16","slug":"les-details-en-creation-de-mode-cols-decolletes","status":"publish","type":"product","link":"https:\/\/librairie7l.com\/en\/produit\/les-details-en-creation-de-mode-cols-decolletes\/","title":{"rendered":"LES D\u00c9TAILS EN CR\u00c9ATION DE MODE ; COLS &AMP; D\u00c9COLLET\u00c9S"},"content":{"rendered":"<p>Cet ouvrage pr\u00e9sente une extraordinaire banque de donn\u00e9es d&#8217;images ax\u00e9es sur les cols et encolures qui ont r\u00e9cemment r\u00e9\u00e9crit l&#8217;histoire de la mode et marqu\u00e9 les derni\u00e8res modes et tendances. Il constitue un recueil visuel indispensable qui stimulera la cr\u00e9ativit\u00e9 des stylistes et fournira aux \u00e9tudiants, aux journalistes et \u00e0 tous les travailleurs &#8211; ou simplement aux amateurs &#8211; du secteur un panorama fascinant de la beaut\u00e9 et de l&#8217;importance symbolique du d\u00e9collet\u00e9 comme source d&#8217;\u00e9rotisme, de vitalit\u00e9 et de gr\u00e2ce dans les v\u00eatements f\u00e9minins.<\/p>\n","protected":false},"excerpt":{"rendered":"<p>Cet ouvrage pr\u00e9sente une extraordinaire banque de donn\u00e9es d&#8217;images ax\u00e9es sur les cols et encolures qui ont r\u00e9cemment r\u00e9\u00e9crit l&#8217;histoire de la mode et marqu\u00e9 les derni\u00e8res modes et tendances. Il constitue un recueil visuel indispensable qui stimulera la cr\u00e9ativit\u00e9 des stylistes et fournira aux \u00e9tudiants, aux journalistes et \u00e0 tous les travailleurs &#8211; ou [&hellip;]<\/p>\n","protected":false},"featured_media":39109,"template":"","meta":[],"product_cat":[2948,2957],"product_tag":[],"acf":[],"yoast_head":"<!-- This site is optimized with the Yoast SEO plugin v20.11 - https:\/\/yoast.com\/wordpress\/plugins\/seo\/ -->\n<title>Les d\u00e9tails en cr\u00e9ation de mode ; cols &amp; d\u00e9collet\u00e9s - Librairie 7L<\/title>\n<meta name=\"robots\" content=\"index, follow, max-snippet:-1, max-image-preview:large, max-video-preview:-1\" \/>\n<link rel=\"canonical\" href=\"https:\/\/librairie7l.com\/en\/produit\/les-details-en-creation-de-mode-cols-decolletes\/\" \/>\n<meta property=\"og:locale\" content=\"en_US\" \/>\n<meta property=\"og:type\" content=\"article\" \/>\n<meta property=\"og:title\" content=\"Les d\u00e9tails en cr\u00e9ation de mode ; cols &amp; d\u00e9collet\u00e9s - Librairie 7L\" \/>\n<meta property=\"og:description\" content=\"Cet ouvrage pr\u00e9sente une extraordinaire banque de donn\u00e9es d&#8217;images ax\u00e9es sur les cols et encolures qui ont r\u00e9cemment r\u00e9\u00e9crit l&#8217;histoire de la mode et marqu\u00e9 les derni\u00e8res modes et tendances. Il constitue un recueil visuel indispensable qui stimulera la cr\u00e9ativit\u00e9 des stylistes et fournira aux \u00e9tudiants, aux journalistes et \u00e0 tous les travailleurs &#8211; ou [&hellip;]\" \/>\n<meta property=\"og:url\" content=\"https:\/\/librairie7l.com\/en\/produit\/les-details-en-creation-de-mode-cols-decolletes\/\" \/>\n<meta property=\"og:site_name\" content=\"Librairie 7L\" \/>\n<meta property=\"article:modified_time\" content=\"2026-04-16T19:19:16+00:00\" \/>\n<meta property=\"og:image\" content=\"https:\/\/librairie7l.com\/wp-content\/uploads\/2016\/03\/9788416504251_1_75.jpg\" \/>\n\t<meta property=\"og:image:width\" content=\"438\" \/>\n\t<meta property=\"og:image:height\" content=\"500\" \/>\n\t<meta property=\"og:image:type\" content=\"image\/jpeg\" \/>\n<meta name=\"twitter:card\" content=\"summary_large_image\" \/>\n<script type=\"application\/ld+json\" class=\"yoast-schema-graph\">{\"@context\":\"https:\/\/schema.org\",\"@graph\":[{\"@type\":\"WebPage\",\"@id\":\"https:\/\/librairie7l.com\/en\/produit\/les-details-en-creation-de-mode-cols-decolletes\/\",\"url\":\"https:\/\/librairie7l.com\/en\/produit\/les-details-en-creation-de-mode-cols-decolletes\/\",\"name\":\"Les d\u00e9tails en cr\u00e9ation de mode ; cols &amp; d\u00e9collet\u00e9s - Librairie 7L\",\"isPartOf\":{\"@id\":\"https:\/\/librairie7l.com\/en\/#website\"},\"datePublished\":\"2024-12-04T08:18:15+00:00\",\"dateModified\":\"2026-04-16T19:19:16+00:00\",\"breadcrumb\":{\"@id\":\"https:\/\/librairie7l.com\/en\/produit\/les-details-en-creation-de-mode-cols-decolletes\/#breadcrumb\"},\"inLanguage\":\"en-US\",\"potentialAction\":[{\"@type\":\"ReadAction\",\"target\":[\"https:\/\/librairie7l.com\/en\/produit\/les-details-en-creation-de-mode-cols-decolletes\/\"]}]},{\"@type\":\"BreadcrumbList\",\"@id\":\"https:\/\/librairie7l.com\/en\/produit\/les-details-en-creation-de-mode-cols-decolletes\/#breadcrumb\",\"itemListElement\":[{\"@type\":\"ListItem\",\"position\":1,\"name\":\"Accueil\",\"item\":\"https:\/\/librairie7l.com\/en\/\"},{\"@type\":\"ListItem\",\"position\":2,\"name\":\"Shop\",\"item\":\"https:\/\/librairie7l.com\/en\/shop\/\"},{\"@type\":\"ListItem\",\"position\":3,\"name\":\"LES D\u00c9TAILS EN CR\u00c9ATION DE MODE ; COLS &AMP; D\u00c9COLLET\u00c9S\"}]},{\"@type\":\"WebSite\",\"@id\":\"https:\/\/librairie7l.com\/en\/#website\",\"url\":\"https:\/\/librairie7l.com\/en\/\",\"name\":\"Librairie 7L\",\"description\":\"Librairie fond\u00e9e en 1999 par Karl Lagerfeld \u00e0 Paris\",\"publisher\":{\"@id\":\"https:\/\/librairie7l.com\/en\/#organization\"},\"potentialAction\":[{\"@type\":\"SearchAction\",\"target\":{\"@type\":\"EntryPoint\",\"urlTemplate\":\"https:\/\/librairie7l.com\/en\/?s={search_term_string}\"},\"query-input\":\"required name=search_term_string\"}],\"inLanguage\":\"en-US\"},{\"@type\":\"Organization\",\"@id\":\"https:\/\/librairie7l.com\/en\/#organization\",\"name\":\"Librairie 7L\",\"url\":\"https:\/\/librairie7l.com\/en\/\",\"logo\":{\"@type\":\"ImageObject\",\"inLanguage\":\"en-US\",\"@id\":\"https:\/\/librairie7l.com\/en\/#\/schema\/logo\/image\/\",\"url\":\"https:\/\/librairie7l.com\/wp-content\/uploads\/2022\/08\/logo-1.png\",\"contentUrl\":\"https:\/\/librairie7l.com\/wp-content\/uploads\/2022\/08\/logo-1.png\",\"width\":227,\"height\":301,\"caption\":\"Librairie 7L\"},\"image\":{\"@id\":\"https:\/\/librairie7l.com\/en\/#\/schema\/logo\/image\/\"}}]}<\/script>\n<!-- \/ Yoast SEO plugin. -->","yoast_head_json":{"title":"Les d\u00e9tails en cr\u00e9ation de mode ; cols &amp; d\u00e9collet\u00e9s - Librairie 7L","robots":{"index":"index","follow":"follow","max-snippet":"max-snippet:-1","max-image-preview":"max-image-preview:large","max-video-preview":"max-video-preview:-1"},"canonical":"https:\/\/librairie7l.com\/en\/produit\/les-details-en-creation-de-mode-cols-decolletes\/","og_locale":"en_US","og_type":"article","og_title":"Les d\u00e9tails en cr\u00e9ation de mode ; cols &amp; d\u00e9collet\u00e9s - Librairie 7L","og_description":"Cet ouvrage pr\u00e9sente une extraordinaire banque de donn\u00e9es d&#8217;images ax\u00e9es sur les cols et encolures qui ont r\u00e9cemment r\u00e9\u00e9crit l&#8217;histoire de la mode et marqu\u00e9 les derni\u00e8res modes et tendances. Il constitue un recueil visuel indispensable qui stimulera la cr\u00e9ativit\u00e9 des stylistes et fournira aux \u00e9tudiants, aux journalistes et \u00e0 tous les travailleurs &#8211; ou [&hellip;]","og_url":"https:\/\/librairie7l.com\/en\/produit\/les-details-en-creation-de-mode-cols-decolletes\/","og_site_name":"Librairie 7L","article_modified_time":"2026-04-16T19:19:16+00:00","og_image":[{"width":438,"height":500,"url":"https:\/\/librairie7l.com\/wp-content\/uploads\/2016\/03\/9788416504251_1_75.jpg","type":"image\/jpeg"}],"twitter_card":"summary_large_image","schema":{"@context":"https:\/\/schema.org","@graph":[{"@type":"WebPage","@id":"https:\/\/librairie7l.com\/en\/produit\/les-details-en-creation-de-mode-cols-decolletes\/","url":"https:\/\/librairie7l.com\/en\/produit\/les-details-en-creation-de-mode-cols-decolletes\/","name":"Les d\u00e9tails en cr\u00e9ation de mode ; cols &amp; d\u00e9collet\u00e9s - Librairie 7L","isPartOf":{"@id":"https:\/\/librairie7l.com\/en\/#website"},"datePublished":"2024-12-04T08:18:15+00:00","dateModified":"2026-04-16T19:19:16+00:00","breadcrumb":{"@id":"https:\/\/librairie7l.com\/en\/produit\/les-details-en-creation-de-mode-cols-decolletes\/#breadcrumb"},"inLanguage":"en-US","potentialAction":[{"@type":"ReadAction","target":["https:\/\/librairie7l.com\/en\/produit\/les-details-en-creation-de-mode-cols-decolletes\/"]}]},{"@type":"BreadcrumbList","@id":"https:\/\/librairie7l.com\/en\/produit\/les-details-en-creation-de-mode-cols-decolletes\/#breadcrumb","itemListElement":[{"@type":"ListItem","position":1,"name":"Accueil","item":"https:\/\/librairie7l.com\/en\/"},{"@type":"ListItem","position":2,"name":"Shop","item":"https:\/\/librairie7l.com\/en\/shop\/"},{"@type":"ListItem","position":3,"name":"LES D\u00c9TAILS EN CR\u00c9ATION DE MODE ; COLS &AMP; D\u00c9COLLET\u00c9S"}]},{"@type":"WebSite","@id":"https:\/\/librairie7l.com\/en\/#website","url":"https:\/\/librairie7l.com\/en\/","name":"Librairie 7L","description":"Librairie fond\u00e9e en 1999 par Karl Lagerfeld \u00e0 Paris","publisher":{"@id":"https:\/\/librairie7l.com\/en\/#organization"},"potentialAction":[{"@type":"SearchAction","target":{"@type":"EntryPoint","urlTemplate":"https:\/\/librairie7l.com\/en\/?s={search_term_string}"},"query-input":"required name=search_term_string"}],"inLanguage":"en-US"},{"@type":"Organization","@id":"https:\/\/librairie7l.com\/en\/#organization","name":"Librairie 7L","url":"https:\/\/librairie7l.com\/en\/","logo":{"@type":"ImageObject","inLanguage":"en-US","@id":"https:\/\/librairie7l.com\/en\/#\/schema\/logo\/image\/","url":"https:\/\/librairie7l.com\/wp-content\/uploads\/2022\/08\/logo-1.png","contentUrl":"https:\/\/librairie7l.com\/wp-content\/uploads\/2022\/08\/logo-1.png","width":227,"height":301,"caption":"Librairie 7L"},"image":{"@id":"https:\/\/librairie7l.com\/en\/#\/schema\/logo\/image\/"}}]}},"_links":{"self":[{"href":"https:\/\/librairie7l.com\/en\/wp-json\/wp\/v2\/product\/39111"}],"collection":[{"href":"https:\/\/librairie7l.com\/en\/wp-json\/wp\/v2\/product"}],"about":[{"href":"https:\/\/librairie7l.com\/en\/wp-json\/wp\/v2\/types\/product"}],"wp:featuredmedia":[{"embeddable":true,"href":"https:\/\/librairie7l.com\/en\/wp-json\/wp\/v2\/media\/39109"}],"wp:attachment":[{"href":"https:\/\/librairie7l.com\/en\/wp-json\/wp\/v2\/media?parent=39111"}],"wp:term":[{"taxonomy":"product_cat","embeddable":true,"href":"https:\/\/librairie7l.com\/en\/wp-json\/wp\/v2\/product_cat?post=39111"},{"taxonomy":"product_tag","embeddable":true,"href":"https:\/\/librairie7l.com\/en\/wp-json\/wp\/v2\/product_tag?post=39111"}],"curies":[{"name":"wp","href":"https:\/\/api.w.org\/{rel}","templated":true}]}}