{"id":39123,"date":"2024-06-26T12:11:39","date_gmt":"2024-06-26T10:11:39","guid":{"rendered":"https:\/\/librairie7l.com\/?post_type=product&#038;p=39123"},"modified":"2026-04-06T05:10:28","modified_gmt":"2026-04-06T03:10:28","slug":"vogue-essentials-little-black-dress","status":"publish","type":"product","link":"https:\/\/librairie7l.com\/en\/produit\/vogue-essentials-little-black-dress\/","title":{"rendered":"VOGUE ESSENTIALS: LITTLE BLACK DRESS"},"content":{"rendered":"<p>Quatre-vingt-dix ans apr\u00e8s que Vogue a nomm\u00e9 la simple robe noire de Chanel \u00ab le v\u00eatement que tout le monde portera \u00bb, la parfaite petite robe noire reste la pi\u00e8ce du dressing f\u00e9minin la plus recherch\u00e9e. Ce livre c\u00e9l\u00e8bre le meilleur de cet habit comme il a \u00e9t\u00e9 mis en sc\u00e8ne dans les pages du Vogue britannique depuis les ann\u00e9es 1930 \u00e0 aujourd&#8217;hui.<\/p>\n","protected":false},"excerpt":{"rendered":"<p>Quatre-vingt-dix ans apr\u00e8s que Vogue a nomm\u00e9 la simple robe noire de Chanel \u00ab le v\u00eatement que tout le monde portera \u00bb, la parfaite petite robe noire reste la pi\u00e8ce du dressing f\u00e9minin la plus recherch\u00e9e. Ce livre c\u00e9l\u00e8bre le meilleur de cet habit comme il a \u00e9t\u00e9 mis en sc\u00e8ne dans les pages du [&hellip;]<\/p>\n","protected":false},"featured_media":39121,"template":"","meta":[],"product_cat":[2948,2957],"product_tag":[],"acf":[],"yoast_head":"<!-- This site is optimized with the Yoast SEO plugin v20.11 - https:\/\/yoast.com\/wordpress\/plugins\/seo\/ -->\n<title>Vogue essentials: little black dress - Librairie 7L<\/title>\n<meta name=\"robots\" content=\"index, follow, max-snippet:-1, max-image-preview:large, max-video-preview:-1\" \/>\n<link rel=\"canonical\" href=\"https:\/\/librairie7l.com\/en\/produit\/vogue-essentials-little-black-dress\/\" \/>\n<meta property=\"og:locale\" content=\"en_US\" \/>\n<meta property=\"og:type\" content=\"article\" \/>\n<meta property=\"og:title\" content=\"Vogue essentials: little black dress - Librairie 7L\" \/>\n<meta property=\"og:description\" content=\"Quatre-vingt-dix ans apr\u00e8s que Vogue a nomm\u00e9 la simple robe noire de Chanel \u00ab le v\u00eatement que tout le monde portera \u00bb, la parfaite petite robe noire reste la pi\u00e8ce du dressing f\u00e9minin la plus recherch\u00e9e. Ce livre c\u00e9l\u00e8bre le meilleur de cet habit comme il a \u00e9t\u00e9 mis en sc\u00e8ne dans les pages du [&hellip;]\" \/>\n<meta property=\"og:url\" content=\"https:\/\/librairie7l.com\/en\/produit\/vogue-essentials-little-black-dress\/\" \/>\n<meta property=\"og:site_name\" content=\"Librairie 7L\" \/>\n<meta property=\"article:modified_time\" content=\"2026-04-06T03:10:28+00:00\" \/>\n<meta property=\"og:image\" content=\"https:\/\/librairie7l.com\/wp-content\/uploads\/2018\/06\/9781840917659_1_75.jpg\" \/>\n\t<meta property=\"og:image:width\" content=\"309\" \/>\n\t<meta property=\"og:image:height\" content=\"400\" \/>\n\t<meta property=\"og:image:type\" content=\"image\/jpeg\" \/>\n<meta name=\"twitter:card\" content=\"summary_large_image\" \/>\n<script type=\"application\/ld+json\" class=\"yoast-schema-graph\">{\"@context\":\"https:\/\/schema.org\",\"@graph\":[{\"@type\":\"WebPage\",\"@id\":\"https:\/\/librairie7l.com\/en\/produit\/vogue-essentials-little-black-dress\/\",\"url\":\"https:\/\/librairie7l.com\/en\/produit\/vogue-essentials-little-black-dress\/\",\"name\":\"Vogue essentials: little black dress - Librairie 7L\",\"isPartOf\":{\"@id\":\"https:\/\/librairie7l.com\/en\/#website\"},\"datePublished\":\"2024-06-26T10:11:39+00:00\",\"dateModified\":\"2026-04-06T03:10:28+00:00\",\"breadcrumb\":{\"@id\":\"https:\/\/librairie7l.com\/en\/produit\/vogue-essentials-little-black-dress\/#breadcrumb\"},\"inLanguage\":\"en-US\",\"potentialAction\":[{\"@type\":\"ReadAction\",\"target\":[\"https:\/\/librairie7l.com\/en\/produit\/vogue-essentials-little-black-dress\/\"]}]},{\"@type\":\"BreadcrumbList\",\"@id\":\"https:\/\/librairie7l.com\/en\/produit\/vogue-essentials-little-black-dress\/#breadcrumb\",\"itemListElement\":[{\"@type\":\"ListItem\",\"position\":1,\"name\":\"Accueil\",\"item\":\"https:\/\/librairie7l.com\/en\/\"},{\"@type\":\"ListItem\",\"position\":2,\"name\":\"Shop\",\"item\":\"https:\/\/librairie7l.com\/en\/shop\/\"},{\"@type\":\"ListItem\",\"position\":3,\"name\":\"VOGUE ESSENTIALS: LITTLE BLACK DRESS\"}]},{\"@type\":\"WebSite\",\"@id\":\"https:\/\/librairie7l.com\/en\/#website\",\"url\":\"https:\/\/librairie7l.com\/en\/\",\"name\":\"Librairie 7L\",\"description\":\"Librairie fond\u00e9e en 1999 par Karl Lagerfeld \u00e0 Paris\",\"publisher\":{\"@id\":\"https:\/\/librairie7l.com\/en\/#organization\"},\"potentialAction\":[{\"@type\":\"SearchAction\",\"target\":{\"@type\":\"EntryPoint\",\"urlTemplate\":\"https:\/\/librairie7l.com\/en\/?s={search_term_string}\"},\"query-input\":\"required name=search_term_string\"}],\"inLanguage\":\"en-US\"},{\"@type\":\"Organization\",\"@id\":\"https:\/\/librairie7l.com\/en\/#organization\",\"name\":\"Librairie 7L\",\"url\":\"https:\/\/librairie7l.com\/en\/\",\"logo\":{\"@type\":\"ImageObject\",\"inLanguage\":\"en-US\",\"@id\":\"https:\/\/librairie7l.com\/en\/#\/schema\/logo\/image\/\",\"url\":\"https:\/\/librairie7l.com\/wp-content\/uploads\/2022\/08\/logo-1.png\",\"contentUrl\":\"https:\/\/librairie7l.com\/wp-content\/uploads\/2022\/08\/logo-1.png\",\"width\":227,\"height\":301,\"caption\":\"Librairie 7L\"},\"image\":{\"@id\":\"https:\/\/librairie7l.com\/en\/#\/schema\/logo\/image\/\"}}]}<\/script>\n<!-- \/ Yoast SEO plugin. -->","yoast_head_json":{"title":"Vogue essentials: little black dress - Librairie 7L","robots":{"index":"index","follow":"follow","max-snippet":"max-snippet:-1","max-image-preview":"max-image-preview:large","max-video-preview":"max-video-preview:-1"},"canonical":"https:\/\/librairie7l.com\/en\/produit\/vogue-essentials-little-black-dress\/","og_locale":"en_US","og_type":"article","og_title":"Vogue essentials: little black dress - Librairie 7L","og_description":"Quatre-vingt-dix ans apr\u00e8s que Vogue a nomm\u00e9 la simple robe noire de Chanel \u00ab le v\u00eatement que tout le monde portera \u00bb, la parfaite petite robe noire reste la pi\u00e8ce du dressing f\u00e9minin la plus recherch\u00e9e. Ce livre c\u00e9l\u00e8bre le meilleur de cet habit comme il a \u00e9t\u00e9 mis en sc\u00e8ne dans les pages du [&hellip;]","og_url":"https:\/\/librairie7l.com\/en\/produit\/vogue-essentials-little-black-dress\/","og_site_name":"Librairie 7L","article_modified_time":"2026-04-06T03:10:28+00:00","og_image":[{"width":309,"height":400,"url":"https:\/\/librairie7l.com\/wp-content\/uploads\/2018\/06\/9781840917659_1_75.jpg","type":"image\/jpeg"}],"twitter_card":"summary_large_image","schema":{"@context":"https:\/\/schema.org","@graph":[{"@type":"WebPage","@id":"https:\/\/librairie7l.com\/en\/produit\/vogue-essentials-little-black-dress\/","url":"https:\/\/librairie7l.com\/en\/produit\/vogue-essentials-little-black-dress\/","name":"Vogue essentials: little black dress - Librairie 7L","isPartOf":{"@id":"https:\/\/librairie7l.com\/en\/#website"},"datePublished":"2024-06-26T10:11:39+00:00","dateModified":"2026-04-06T03:10:28+00:00","breadcrumb":{"@id":"https:\/\/librairie7l.com\/en\/produit\/vogue-essentials-little-black-dress\/#breadcrumb"},"inLanguage":"en-US","potentialAction":[{"@type":"ReadAction","target":["https:\/\/librairie7l.com\/en\/produit\/vogue-essentials-little-black-dress\/"]}]},{"@type":"BreadcrumbList","@id":"https:\/\/librairie7l.com\/en\/produit\/vogue-essentials-little-black-dress\/#breadcrumb","itemListElement":[{"@type":"ListItem","position":1,"name":"Accueil","item":"https:\/\/librairie7l.com\/en\/"},{"@type":"ListItem","position":2,"name":"Shop","item":"https:\/\/librairie7l.com\/en\/shop\/"},{"@type":"ListItem","position":3,"name":"VOGUE ESSENTIALS: LITTLE BLACK DRESS"}]},{"@type":"WebSite","@id":"https:\/\/librairie7l.com\/en\/#website","url":"https:\/\/librairie7l.com\/en\/","name":"Librairie 7L","description":"Librairie fond\u00e9e en 1999 par Karl Lagerfeld \u00e0 Paris","publisher":{"@id":"https:\/\/librairie7l.com\/en\/#organization"},"potentialAction":[{"@type":"SearchAction","target":{"@type":"EntryPoint","urlTemplate":"https:\/\/librairie7l.com\/en\/?s={search_term_string}"},"query-input":"required name=search_term_string"}],"inLanguage":"en-US"},{"@type":"Organization","@id":"https:\/\/librairie7l.com\/en\/#organization","name":"Librairie 7L","url":"https:\/\/librairie7l.com\/en\/","logo":{"@type":"ImageObject","inLanguage":"en-US","@id":"https:\/\/librairie7l.com\/en\/#\/schema\/logo\/image\/","url":"https:\/\/librairie7l.com\/wp-content\/uploads\/2022\/08\/logo-1.png","contentUrl":"https:\/\/librairie7l.com\/wp-content\/uploads\/2022\/08\/logo-1.png","width":227,"height":301,"caption":"Librairie 7L"},"image":{"@id":"https:\/\/librairie7l.com\/en\/#\/schema\/logo\/image\/"}}]}},"_links":{"self":[{"href":"https:\/\/librairie7l.com\/en\/wp-json\/wp\/v2\/product\/39123"}],"collection":[{"href":"https:\/\/librairie7l.com\/en\/wp-json\/wp\/v2\/product"}],"about":[{"href":"https:\/\/librairie7l.com\/en\/wp-json\/wp\/v2\/types\/product"}],"wp:featuredmedia":[{"embeddable":true,"href":"https:\/\/librairie7l.com\/en\/wp-json\/wp\/v2\/media\/39121"}],"wp:attachment":[{"href":"https:\/\/librairie7l.com\/en\/wp-json\/wp\/v2\/media?parent=39123"}],"wp:term":[{"taxonomy":"product_cat","embeddable":true,"href":"https:\/\/librairie7l.com\/en\/wp-json\/wp\/v2\/product_cat?post=39123"},{"taxonomy":"product_tag","embeddable":true,"href":"https:\/\/librairie7l.com\/en\/wp-json\/wp\/v2\/product_tag?post=39123"}],"curies":[{"name":"wp","href":"https:\/\/api.w.org\/{rel}","templated":true}]}}