{"id":39127,"date":"2024-12-04T09:18:20","date_gmt":"2024-12-04T08:18:20","guid":{"rendered":"https:\/\/librairie7l.com\/?post_type=product&#038;p=39127"},"modified":"2026-04-26T13:13:52","modified_gmt":"2026-04-26T11:13:52","slug":"fashion-patternmaking-techniques-for-accessories-shoes-bags-hats-gloves-ti","status":"publish","type":"product","link":"https:\/\/librairie7l.com\/en\/produit\/fashion-patternmaking-techniques-for-accessories-shoes-bags-hats-gloves-ti\/","title":{"rendered":"FASHION PATTERNMAKING TECHNIQUES FOR ACCESSORIES ; SHOES, BAGS, HATS, GLOVES, TIES, BUTTONS, AND DOG"},"content":{"rendered":"<p>Ce livre constitue un outil indispensable et pratique pour la conception et la fabrication d&#8217;accessoires de mode, pour homme comme pour femme. Pens\u00e9 pour les \u00e9tudiants en stylisme et les professionnels, il recueille non seulement les diff\u00e9rentes techniques de patronage pour chaque type d&#8217;accessoire, mais il explique \u00e9galement les processus de production pour permettre au lecteur de les int\u00e9grer \u00e0 sa pratique professionnelle. De plus, il identifie et apporte les informations n\u00e9cessaires pour cr\u00e9er diff\u00e9rents mod\u00e8les d&#8217;accessoires. Son contenu va des descriptions de mat\u00e9riaux, des patrons et des exemples de designs, aux diff\u00e9rentes possibilit\u00e9s de finitions, \u00e0 travers des illustrations, des photographies, des dessins techniques et des textes expliquant tr\u00e8s clairement le processus de fabrication de chaque pi\u00e8ce, qu&#8217;il soit artisanal ou industriel. Les accessoires de mode, donnant de la personnalit\u00e9 et de l&#8217;originalit\u00e9 au style de chacun, sont devenus indispensables pour compl\u00e9ter son look \u00e0 chaque occasion. Ainsi, bien conna\u00eetre la cr\u00e9ation des diff\u00e9rentes pi\u00e8ces, du sac aux chaussures, en passant par les chapeaux, les gants, les cravates et les boutons, \u00e0 l&#8217;aide de ce manuel, est une bonne mani\u00e8re de s&#8217;initier \u00e0 cette branche de la discipline.<\/p>\n","protected":false},"excerpt":{"rendered":"<p>Ce livre constitue un outil indispensable et pratique pour la conception et la fabrication d&#8217;accessoires de mode, pour homme comme pour femme. Pens\u00e9 pour les \u00e9tudiants en stylisme et les professionnels, il recueille non seulement les diff\u00e9rentes techniques de patronage pour chaque type d&#8217;accessoire, mais il explique \u00e9galement les processus de production pour permettre au [&hellip;]<\/p>\n","protected":false},"featured_media":39125,"template":"","meta":[],"product_cat":[2948,2957],"product_tag":[],"acf":[],"yoast_head":"<!-- This site is optimized with the Yoast SEO plugin v20.11 - https:\/\/yoast.com\/wordpress\/plugins\/seo\/ -->\n<title>Fashion patternmaking techniques for accessories ; shoes, bags, hats, gloves, ties, buttons, and dog - Librairie 7L<\/title>\n<meta name=\"robots\" content=\"index, follow, max-snippet:-1, max-image-preview:large, max-video-preview:-1\" \/>\n<link rel=\"canonical\" href=\"https:\/\/librairie7l.com\/en\/produit\/fashion-patternmaking-techniques-for-accessories-shoes-bags-hats-gloves-ti\/\" \/>\n<meta property=\"og:locale\" content=\"en_US\" \/>\n<meta property=\"og:type\" content=\"article\" \/>\n<meta property=\"og:title\" content=\"Fashion patternmaking techniques for accessories ; shoes, bags, hats, gloves, ties, buttons, and dog - Librairie 7L\" \/>\n<meta property=\"og:description\" content=\"Ce livre constitue un outil indispensable et pratique pour la conception et la fabrication d&#8217;accessoires de mode, pour homme comme pour femme. Pens\u00e9 pour les \u00e9tudiants en stylisme et les professionnels, il recueille non seulement les diff\u00e9rentes techniques de patronage pour chaque type d&#8217;accessoire, mais il explique \u00e9galement les processus de production pour permettre au [&hellip;]\" \/>\n<meta property=\"og:url\" content=\"https:\/\/librairie7l.com\/en\/produit\/fashion-patternmaking-techniques-for-accessories-shoes-bags-hats-gloves-ti\/\" \/>\n<meta property=\"og:site_name\" content=\"Librairie 7L\" \/>\n<meta property=\"article:modified_time\" content=\"2026-04-26T11:13:52+00:00\" \/>\n<meta property=\"og:image\" content=\"https:\/\/librairie7l.com\/wp-content\/uploads\/2018\/10\/9788416851614_1_75.jpg\" \/>\n\t<meta property=\"og:image:width\" content=\"400\" \/>\n\t<meta property=\"og:image:height\" content=\"570\" \/>\n\t<meta property=\"og:image:type\" content=\"image\/jpeg\" \/>\n<meta name=\"twitter:card\" content=\"summary_large_image\" \/>\n<meta name=\"twitter:label1\" content=\"Est. reading time\" \/>\n\t<meta name=\"twitter:data1\" content=\"1 minute\" \/>\n<script type=\"application\/ld+json\" class=\"yoast-schema-graph\">{\"@context\":\"https:\/\/schema.org\",\"@graph\":[{\"@type\":\"WebPage\",\"@id\":\"https:\/\/librairie7l.com\/en\/produit\/fashion-patternmaking-techniques-for-accessories-shoes-bags-hats-gloves-ti\/\",\"url\":\"https:\/\/librairie7l.com\/en\/produit\/fashion-patternmaking-techniques-for-accessories-shoes-bags-hats-gloves-ti\/\",\"name\":\"Fashion patternmaking techniques for accessories ; shoes, bags, hats, gloves, ties, buttons, and dog - Librairie 7L\",\"isPartOf\":{\"@id\":\"https:\/\/librairie7l.com\/en\/#website\"},\"datePublished\":\"2024-12-04T08:18:20+00:00\",\"dateModified\":\"2026-04-26T11:13:52+00:00\",\"breadcrumb\":{\"@id\":\"https:\/\/librairie7l.com\/en\/produit\/fashion-patternmaking-techniques-for-accessories-shoes-bags-hats-gloves-ti\/#breadcrumb\"},\"inLanguage\":\"en-US\",\"potentialAction\":[{\"@type\":\"ReadAction\",\"target\":[\"https:\/\/librairie7l.com\/en\/produit\/fashion-patternmaking-techniques-for-accessories-shoes-bags-hats-gloves-ti\/\"]}]},{\"@type\":\"BreadcrumbList\",\"@id\":\"https:\/\/librairie7l.com\/en\/produit\/fashion-patternmaking-techniques-for-accessories-shoes-bags-hats-gloves-ti\/#breadcrumb\",\"itemListElement\":[{\"@type\":\"ListItem\",\"position\":1,\"name\":\"Accueil\",\"item\":\"https:\/\/librairie7l.com\/en\/\"},{\"@type\":\"ListItem\",\"position\":2,\"name\":\"Shop\",\"item\":\"https:\/\/librairie7l.com\/en\/shop\/\"},{\"@type\":\"ListItem\",\"position\":3,\"name\":\"FASHION PATTERNMAKING TECHNIQUES FOR ACCESSORIES ; SHOES, BAGS, HATS, GLOVES, TIES, BUTTONS, AND DOG\"}]},{\"@type\":\"WebSite\",\"@id\":\"https:\/\/librairie7l.com\/en\/#website\",\"url\":\"https:\/\/librairie7l.com\/en\/\",\"name\":\"Librairie 7L\",\"description\":\"Librairie fond\u00e9e en 1999 par Karl Lagerfeld \u00e0 Paris\",\"publisher\":{\"@id\":\"https:\/\/librairie7l.com\/en\/#organization\"},\"potentialAction\":[{\"@type\":\"SearchAction\",\"target\":{\"@type\":\"EntryPoint\",\"urlTemplate\":\"https:\/\/librairie7l.com\/en\/?s={search_term_string}\"},\"query-input\":\"required name=search_term_string\"}],\"inLanguage\":\"en-US\"},{\"@type\":\"Organization\",\"@id\":\"https:\/\/librairie7l.com\/en\/#organization\",\"name\":\"Librairie 7L\",\"url\":\"https:\/\/librairie7l.com\/en\/\",\"logo\":{\"@type\":\"ImageObject\",\"inLanguage\":\"en-US\",\"@id\":\"https:\/\/librairie7l.com\/en\/#\/schema\/logo\/image\/\",\"url\":\"https:\/\/librairie7l.com\/wp-content\/uploads\/2022\/08\/logo-1.png\",\"contentUrl\":\"https:\/\/librairie7l.com\/wp-content\/uploads\/2022\/08\/logo-1.png\",\"width\":227,\"height\":301,\"caption\":\"Librairie 7L\"},\"image\":{\"@id\":\"https:\/\/librairie7l.com\/en\/#\/schema\/logo\/image\/\"}}]}<\/script>\n<!-- \/ Yoast SEO plugin. -->","yoast_head_json":{"title":"Fashion patternmaking techniques for accessories ; shoes, bags, hats, gloves, ties, buttons, and dog - Librairie 7L","robots":{"index":"index","follow":"follow","max-snippet":"max-snippet:-1","max-image-preview":"max-image-preview:large","max-video-preview":"max-video-preview:-1"},"canonical":"https:\/\/librairie7l.com\/en\/produit\/fashion-patternmaking-techniques-for-accessories-shoes-bags-hats-gloves-ti\/","og_locale":"en_US","og_type":"article","og_title":"Fashion patternmaking techniques for accessories ; shoes, bags, hats, gloves, ties, buttons, and dog - Librairie 7L","og_description":"Ce livre constitue un outil indispensable et pratique pour la conception et la fabrication d&#8217;accessoires de mode, pour homme comme pour femme. Pens\u00e9 pour les \u00e9tudiants en stylisme et les professionnels, il recueille non seulement les diff\u00e9rentes techniques de patronage pour chaque type d&#8217;accessoire, mais il explique \u00e9galement les processus de production pour permettre au [&hellip;]","og_url":"https:\/\/librairie7l.com\/en\/produit\/fashion-patternmaking-techniques-for-accessories-shoes-bags-hats-gloves-ti\/","og_site_name":"Librairie 7L","article_modified_time":"2026-04-26T11:13:52+00:00","og_image":[{"width":400,"height":570,"url":"https:\/\/librairie7l.com\/wp-content\/uploads\/2018\/10\/9788416851614_1_75.jpg","type":"image\/jpeg"}],"twitter_card":"summary_large_image","twitter_misc":{"Est. reading time":"1 minute"},"schema":{"@context":"https:\/\/schema.org","@graph":[{"@type":"WebPage","@id":"https:\/\/librairie7l.com\/en\/produit\/fashion-patternmaking-techniques-for-accessories-shoes-bags-hats-gloves-ti\/","url":"https:\/\/librairie7l.com\/en\/produit\/fashion-patternmaking-techniques-for-accessories-shoes-bags-hats-gloves-ti\/","name":"Fashion patternmaking techniques for accessories ; shoes, bags, hats, gloves, ties, buttons, and dog - Librairie 7L","isPartOf":{"@id":"https:\/\/librairie7l.com\/en\/#website"},"datePublished":"2024-12-04T08:18:20+00:00","dateModified":"2026-04-26T11:13:52+00:00","breadcrumb":{"@id":"https:\/\/librairie7l.com\/en\/produit\/fashion-patternmaking-techniques-for-accessories-shoes-bags-hats-gloves-ti\/#breadcrumb"},"inLanguage":"en-US","potentialAction":[{"@type":"ReadAction","target":["https:\/\/librairie7l.com\/en\/produit\/fashion-patternmaking-techniques-for-accessories-shoes-bags-hats-gloves-ti\/"]}]},{"@type":"BreadcrumbList","@id":"https:\/\/librairie7l.com\/en\/produit\/fashion-patternmaking-techniques-for-accessories-shoes-bags-hats-gloves-ti\/#breadcrumb","itemListElement":[{"@type":"ListItem","position":1,"name":"Accueil","item":"https:\/\/librairie7l.com\/en\/"},{"@type":"ListItem","position":2,"name":"Shop","item":"https:\/\/librairie7l.com\/en\/shop\/"},{"@type":"ListItem","position":3,"name":"FASHION PATTERNMAKING TECHNIQUES FOR ACCESSORIES ; SHOES, BAGS, HATS, GLOVES, TIES, BUTTONS, AND DOG"}]},{"@type":"WebSite","@id":"https:\/\/librairie7l.com\/en\/#website","url":"https:\/\/librairie7l.com\/en\/","name":"Librairie 7L","description":"Librairie fond\u00e9e en 1999 par Karl Lagerfeld \u00e0 Paris","publisher":{"@id":"https:\/\/librairie7l.com\/en\/#organization"},"potentialAction":[{"@type":"SearchAction","target":{"@type":"EntryPoint","urlTemplate":"https:\/\/librairie7l.com\/en\/?s={search_term_string}"},"query-input":"required name=search_term_string"}],"inLanguage":"en-US"},{"@type":"Organization","@id":"https:\/\/librairie7l.com\/en\/#organization","name":"Librairie 7L","url":"https:\/\/librairie7l.com\/en\/","logo":{"@type":"ImageObject","inLanguage":"en-US","@id":"https:\/\/librairie7l.com\/en\/#\/schema\/logo\/image\/","url":"https:\/\/librairie7l.com\/wp-content\/uploads\/2022\/08\/logo-1.png","contentUrl":"https:\/\/librairie7l.com\/wp-content\/uploads\/2022\/08\/logo-1.png","width":227,"height":301,"caption":"Librairie 7L"},"image":{"@id":"https:\/\/librairie7l.com\/en\/#\/schema\/logo\/image\/"}}]}},"_links":{"self":[{"href":"https:\/\/librairie7l.com\/en\/wp-json\/wp\/v2\/product\/39127"}],"collection":[{"href":"https:\/\/librairie7l.com\/en\/wp-json\/wp\/v2\/product"}],"about":[{"href":"https:\/\/librairie7l.com\/en\/wp-json\/wp\/v2\/types\/product"}],"wp:featuredmedia":[{"embeddable":true,"href":"https:\/\/librairie7l.com\/en\/wp-json\/wp\/v2\/media\/39125"}],"wp:attachment":[{"href":"https:\/\/librairie7l.com\/en\/wp-json\/wp\/v2\/media?parent=39127"}],"wp:term":[{"taxonomy":"product_cat","embeddable":true,"href":"https:\/\/librairie7l.com\/en\/wp-json\/wp\/v2\/product_cat?post=39127"},{"taxonomy":"product_tag","embeddable":true,"href":"https:\/\/librairie7l.com\/en\/wp-json\/wp\/v2\/product_tag?post=39127"}],"curies":[{"name":"wp","href":"https:\/\/api.w.org\/{rel}","templated":true}]}}