{"id":39135,"date":"2024-12-04T09:18:21","date_gmt":"2024-12-04T08:18:21","guid":{"rendered":"https:\/\/librairie7l.com\/?post_type=product&#038;p=39135"},"modified":"2026-04-05T19:18:51","modified_gmt":"2026-04-05T17:18:51","slug":"fashion-patternmaking-techniques-haute-couture-tome-2","status":"publish","type":"product","link":"https:\/\/librairie7l.com\/en\/produit\/fashion-patternmaking-techniques-haute-couture-tome-2\/","title":{"rendered":"FASHION PATTERNMAKING TECHNIQUES HAUTE COUTURE &#8211; TOME 2"},"content":{"rendered":"<p>La haute couture va incontestablement de pair avec la perfection stylistique et vestimentaire. Moteur de toute l?industrie de la mode et du l&#8217;habillement, elle repr\u00e9sente la recherche de nouvelles solutions, qu?il s?agisse de tissus, de styles ou de mod\u00e8les. Ainsi, le patronneur est une figure essentielle qui concr\u00e9tise les id\u00e9es du styliste. Dans ce nouveau volume richement illustr\u00e9 de la s\u00e9rie Techniques de Patronage dans la Mode, l?auteur prolifique Antonio Donnanno, directeur d?un r\u00e9seau d?\u00e9coles de mode et professeur de patronage, issu d?une longue lign\u00e9e de tailleurs, d\u00e9crit \u00e9tape par \u00e9tape, de mani\u00e8re d\u00e9taill\u00e9e et compr\u00e9hensible, les m\u00e9thodes et techniques utilis\u00e9es en patronage de haute couture.<\/p>\n","protected":false},"excerpt":{"rendered":"<p>La haute couture va incontestablement de pair avec la perfection stylistique et vestimentaire. Moteur de toute l?industrie de la mode et du l&#8217;habillement, elle repr\u00e9sente la recherche de nouvelles solutions, qu?il s?agisse de tissus, de styles ou de mod\u00e8les. Ainsi, le patronneur est une figure essentielle qui concr\u00e9tise les id\u00e9es du styliste. Dans ce nouveau [&hellip;]<\/p>\n","protected":false},"featured_media":39133,"template":"","meta":[],"product_cat":[2948,2957],"product_tag":[],"acf":[],"yoast_head":"<!-- This site is optimized with the Yoast SEO plugin v20.11 - https:\/\/yoast.com\/wordpress\/plugins\/seo\/ -->\n<title>Fashion patternmaking techniques haute couture - tome 2 - Librairie 7L<\/title>\n<meta name=\"robots\" content=\"index, follow, max-snippet:-1, max-image-preview:large, max-video-preview:-1\" \/>\n<link rel=\"canonical\" href=\"https:\/\/librairie7l.com\/en\/produit\/fashion-patternmaking-techniques-haute-couture-tome-2\/\" \/>\n<meta property=\"og:locale\" content=\"en_US\" \/>\n<meta property=\"og:type\" content=\"article\" \/>\n<meta property=\"og:title\" content=\"Fashion patternmaking techniques haute couture - tome 2 - Librairie 7L\" \/>\n<meta property=\"og:description\" content=\"La haute couture va incontestablement de pair avec la perfection stylistique et vestimentaire. Moteur de toute l?industrie de la mode et du l&#8217;habillement, elle repr\u00e9sente la recherche de nouvelles solutions, qu?il s?agisse de tissus, de styles ou de mod\u00e8les. Ainsi, le patronneur est une figure essentielle qui concr\u00e9tise les id\u00e9es du styliste. Dans ce nouveau [&hellip;]\" \/>\n<meta property=\"og:url\" content=\"https:\/\/librairie7l.com\/en\/produit\/fashion-patternmaking-techniques-haute-couture-tome-2\/\" \/>\n<meta property=\"og:site_name\" content=\"Librairie 7L\" \/>\n<meta property=\"article:modified_time\" content=\"2026-04-05T17:18:51+00:00\" \/>\n<meta property=\"og:image\" content=\"https:\/\/librairie7l.com\/wp-content\/uploads\/2019\/12\/9788417412388_1_75.jpg\" \/>\n\t<meta property=\"og:image:width\" content=\"400\" \/>\n\t<meta property=\"og:image:height\" content=\"565\" \/>\n\t<meta property=\"og:image:type\" content=\"image\/jpeg\" \/>\n<meta name=\"twitter:card\" content=\"summary_large_image\" \/>\n<meta name=\"twitter:label1\" content=\"Est. reading time\" \/>\n\t<meta name=\"twitter:data1\" content=\"1 minute\" \/>\n<script type=\"application\/ld+json\" class=\"yoast-schema-graph\">{\"@context\":\"https:\/\/schema.org\",\"@graph\":[{\"@type\":\"WebPage\",\"@id\":\"https:\/\/librairie7l.com\/en\/produit\/fashion-patternmaking-techniques-haute-couture-tome-2\/\",\"url\":\"https:\/\/librairie7l.com\/en\/produit\/fashion-patternmaking-techniques-haute-couture-tome-2\/\",\"name\":\"Fashion patternmaking techniques haute couture - tome 2 - Librairie 7L\",\"isPartOf\":{\"@id\":\"https:\/\/librairie7l.com\/en\/#website\"},\"datePublished\":\"2024-12-04T08:18:21+00:00\",\"dateModified\":\"2026-04-05T17:18:51+00:00\",\"breadcrumb\":{\"@id\":\"https:\/\/librairie7l.com\/en\/produit\/fashion-patternmaking-techniques-haute-couture-tome-2\/#breadcrumb\"},\"inLanguage\":\"en-US\",\"potentialAction\":[{\"@type\":\"ReadAction\",\"target\":[\"https:\/\/librairie7l.com\/en\/produit\/fashion-patternmaking-techniques-haute-couture-tome-2\/\"]}]},{\"@type\":\"BreadcrumbList\",\"@id\":\"https:\/\/librairie7l.com\/en\/produit\/fashion-patternmaking-techniques-haute-couture-tome-2\/#breadcrumb\",\"itemListElement\":[{\"@type\":\"ListItem\",\"position\":1,\"name\":\"Accueil\",\"item\":\"https:\/\/librairie7l.com\/en\/\"},{\"@type\":\"ListItem\",\"position\":2,\"name\":\"Shop\",\"item\":\"https:\/\/librairie7l.com\/en\/shop\/\"},{\"@type\":\"ListItem\",\"position\":3,\"name\":\"FASHION PATTERNMAKING TECHNIQUES HAUTE COUTURE &#8211; TOME 2\"}]},{\"@type\":\"WebSite\",\"@id\":\"https:\/\/librairie7l.com\/en\/#website\",\"url\":\"https:\/\/librairie7l.com\/en\/\",\"name\":\"Librairie 7L\",\"description\":\"Librairie fond\u00e9e en 1999 par Karl Lagerfeld \u00e0 Paris\",\"publisher\":{\"@id\":\"https:\/\/librairie7l.com\/en\/#organization\"},\"potentialAction\":[{\"@type\":\"SearchAction\",\"target\":{\"@type\":\"EntryPoint\",\"urlTemplate\":\"https:\/\/librairie7l.com\/en\/?s={search_term_string}\"},\"query-input\":\"required name=search_term_string\"}],\"inLanguage\":\"en-US\"},{\"@type\":\"Organization\",\"@id\":\"https:\/\/librairie7l.com\/en\/#organization\",\"name\":\"Librairie 7L\",\"url\":\"https:\/\/librairie7l.com\/en\/\",\"logo\":{\"@type\":\"ImageObject\",\"inLanguage\":\"en-US\",\"@id\":\"https:\/\/librairie7l.com\/en\/#\/schema\/logo\/image\/\",\"url\":\"https:\/\/librairie7l.com\/wp-content\/uploads\/2022\/08\/logo-1.png\",\"contentUrl\":\"https:\/\/librairie7l.com\/wp-content\/uploads\/2022\/08\/logo-1.png\",\"width\":227,\"height\":301,\"caption\":\"Librairie 7L\"},\"image\":{\"@id\":\"https:\/\/librairie7l.com\/en\/#\/schema\/logo\/image\/\"}}]}<\/script>\n<!-- \/ Yoast SEO plugin. -->","yoast_head_json":{"title":"Fashion patternmaking techniques haute couture - tome 2 - Librairie 7L","robots":{"index":"index","follow":"follow","max-snippet":"max-snippet:-1","max-image-preview":"max-image-preview:large","max-video-preview":"max-video-preview:-1"},"canonical":"https:\/\/librairie7l.com\/en\/produit\/fashion-patternmaking-techniques-haute-couture-tome-2\/","og_locale":"en_US","og_type":"article","og_title":"Fashion patternmaking techniques haute couture - tome 2 - Librairie 7L","og_description":"La haute couture va incontestablement de pair avec la perfection stylistique et vestimentaire. Moteur de toute l?industrie de la mode et du l&#8217;habillement, elle repr\u00e9sente la recherche de nouvelles solutions, qu?il s?agisse de tissus, de styles ou de mod\u00e8les. Ainsi, le patronneur est une figure essentielle qui concr\u00e9tise les id\u00e9es du styliste. Dans ce nouveau [&hellip;]","og_url":"https:\/\/librairie7l.com\/en\/produit\/fashion-patternmaking-techniques-haute-couture-tome-2\/","og_site_name":"Librairie 7L","article_modified_time":"2026-04-05T17:18:51+00:00","og_image":[{"width":400,"height":565,"url":"https:\/\/librairie7l.com\/wp-content\/uploads\/2019\/12\/9788417412388_1_75.jpg","type":"image\/jpeg"}],"twitter_card":"summary_large_image","twitter_misc":{"Est. reading time":"1 minute"},"schema":{"@context":"https:\/\/schema.org","@graph":[{"@type":"WebPage","@id":"https:\/\/librairie7l.com\/en\/produit\/fashion-patternmaking-techniques-haute-couture-tome-2\/","url":"https:\/\/librairie7l.com\/en\/produit\/fashion-patternmaking-techniques-haute-couture-tome-2\/","name":"Fashion patternmaking techniques haute couture - tome 2 - Librairie 7L","isPartOf":{"@id":"https:\/\/librairie7l.com\/en\/#website"},"datePublished":"2024-12-04T08:18:21+00:00","dateModified":"2026-04-05T17:18:51+00:00","breadcrumb":{"@id":"https:\/\/librairie7l.com\/en\/produit\/fashion-patternmaking-techniques-haute-couture-tome-2\/#breadcrumb"},"inLanguage":"en-US","potentialAction":[{"@type":"ReadAction","target":["https:\/\/librairie7l.com\/en\/produit\/fashion-patternmaking-techniques-haute-couture-tome-2\/"]}]},{"@type":"BreadcrumbList","@id":"https:\/\/librairie7l.com\/en\/produit\/fashion-patternmaking-techniques-haute-couture-tome-2\/#breadcrumb","itemListElement":[{"@type":"ListItem","position":1,"name":"Accueil","item":"https:\/\/librairie7l.com\/en\/"},{"@type":"ListItem","position":2,"name":"Shop","item":"https:\/\/librairie7l.com\/en\/shop\/"},{"@type":"ListItem","position":3,"name":"FASHION PATTERNMAKING TECHNIQUES HAUTE COUTURE &#8211; TOME 2"}]},{"@type":"WebSite","@id":"https:\/\/librairie7l.com\/en\/#website","url":"https:\/\/librairie7l.com\/en\/","name":"Librairie 7L","description":"Librairie fond\u00e9e en 1999 par Karl Lagerfeld \u00e0 Paris","publisher":{"@id":"https:\/\/librairie7l.com\/en\/#organization"},"potentialAction":[{"@type":"SearchAction","target":{"@type":"EntryPoint","urlTemplate":"https:\/\/librairie7l.com\/en\/?s={search_term_string}"},"query-input":"required name=search_term_string"}],"inLanguage":"en-US"},{"@type":"Organization","@id":"https:\/\/librairie7l.com\/en\/#organization","name":"Librairie 7L","url":"https:\/\/librairie7l.com\/en\/","logo":{"@type":"ImageObject","inLanguage":"en-US","@id":"https:\/\/librairie7l.com\/en\/#\/schema\/logo\/image\/","url":"https:\/\/librairie7l.com\/wp-content\/uploads\/2022\/08\/logo-1.png","contentUrl":"https:\/\/librairie7l.com\/wp-content\/uploads\/2022\/08\/logo-1.png","width":227,"height":301,"caption":"Librairie 7L"},"image":{"@id":"https:\/\/librairie7l.com\/en\/#\/schema\/logo\/image\/"}}]}},"_links":{"self":[{"href":"https:\/\/librairie7l.com\/en\/wp-json\/wp\/v2\/product\/39135"}],"collection":[{"href":"https:\/\/librairie7l.com\/en\/wp-json\/wp\/v2\/product"}],"about":[{"href":"https:\/\/librairie7l.com\/en\/wp-json\/wp\/v2\/types\/product"}],"wp:featuredmedia":[{"embeddable":true,"href":"https:\/\/librairie7l.com\/en\/wp-json\/wp\/v2\/media\/39133"}],"wp:attachment":[{"href":"https:\/\/librairie7l.com\/en\/wp-json\/wp\/v2\/media?parent=39135"}],"wp:term":[{"taxonomy":"product_cat","embeddable":true,"href":"https:\/\/librairie7l.com\/en\/wp-json\/wp\/v2\/product_cat?post=39135"},{"taxonomy":"product_tag","embeddable":true,"href":"https:\/\/librairie7l.com\/en\/wp-json\/wp\/v2\/product_tag?post=39135"}],"curies":[{"name":"wp","href":"https:\/\/api.w.org\/{rel}","templated":true}]}}