{"id":39278,"date":"2024-02-14T09:18:39","date_gmt":"2024-02-14T08:18:39","guid":{"rendered":"https:\/\/librairie7l.com\/?post_type=product&#038;p=39278"},"modified":"2026-04-30T07:18:19","modified_gmt":"2026-04-30T05:18:19","slug":"linvention-de-la-renaissance-lhumaniste-le-prince-et-lartiste","status":"publish","type":"product","link":"https:\/\/librairie7l.com\/en\/produit\/linvention-de-la-renaissance-lhumaniste-le-prince-et-lartiste\/","title":{"rendered":"L&#8217;INVENTION DE LA RENAISSANCE : L&#8217;HUMANISTE, LE PRINCE ET L&#8217;ARTISTE"},"content":{"rendered":"<p>La Renaissance constitue un moment d\u00e9cisif dans l&#8217;av\u00e8nement d&#8217;un nouveau rapport au savoir et \u00e0 l&#8217;\u00e9crit, qui s&#8217;exprime dans un ensemble de pratiques et de repr\u00e9sentations visuelles. La conception de la biblioth\u00e8que est alors renouvel\u00e9e. Pens\u00e9e \u00e0 la fois comme instrument de la conservation et de l&#8217;accroissement des connaissances, elle incarne l&#8217;\u00e9rudition et la met en sc\u00e8ne.<br \/>\nLa culture humaniste a profond\u00e9ment renouvel\u00e9 le rapport au savoir aux XIVe et XVe si\u00e8cles. Partant de la figure fondatrice de P\u00e9trarque, lettr\u00e9 d&#8217;un genre nouveau qui pr\u00f4ne l&#8217;\u00e9tude des textes antiques dans une vis\u00e9e \u00e9thique, ce catalogue s&#8217;attache \u00e0 montrer comment cet id\u00e9al se concr\u00e9tise \u00e0 travers un travail de collecte des manuscrits d&#8217;auteurs classiques de l&#8217;Antiquit\u00e9 et de transmission, par des copies et des traductions.<br \/>\nCette culture litt\u00e9raire se compl\u00e8te d&#8217;une culture visuelle nourrie d&#8217;un engouement pour l&#8217;Antiquit\u00e9 et vise \u00e0 magnifier le texte en d\u00e9veloppant un vocabulaire d\u00e9coratif neuf, tant dans les manuscrits enlumin\u00e9s que dans les reliures (d\u00e9cors architecturaux \u00e0 l&#8217;antique, motifs de m\u00e9dailles copi\u00e9s de m\u00e9dailles antiques, d\u00e9cors d&#8217;arcs de triomphe, etc.). Elle aboutira \u00e9galement \u00e0 un nouvel art du portrait, reprenant le th\u00e8me humaniste du &#8221; grand homme &#8221; et illustrant la foi en la perfectibilit\u00e9 morale de l&#8217;individu gr\u00e2ce \u00e0 l&#8217;\u00e9ducation et aux belles lettres.<br \/>\nEnfin, ce mod\u00e8le humaniste donne un lustre nouveau \u00e0 l&#8217;institution qu&#8217;est la biblioth\u00e8que, elle-m\u00eame appel\u00e9e \u00e0 \u00eatre \u00e0 la fois le lieu o\u00f9 se rassemble ce savoir et celui o\u00f9 il appara\u00eet dans toute sa gloire, remplissant ainsi une fonction pratique et une fonction symbolique.<\/p>\n","protected":false},"excerpt":{"rendered":"<p>La Renaissance constitue un moment d\u00e9cisif dans l&#8217;av\u00e8nement d&#8217;un nouveau rapport au savoir et \u00e0 l&#8217;\u00e9crit, qui s&#8217;exprime dans un ensemble de pratiques et de repr\u00e9sentations visuelles. La conception de la biblioth\u00e8que est alors renouvel\u00e9e. Pens\u00e9e \u00e0 la fois comme instrument de la conservation et de l&#8217;accroissement des connaissances, elle incarne l&#8217;\u00e9rudition et la met [&hellip;]<\/p>\n","protected":false},"featured_media":39276,"template":"","meta":[],"product_cat":[2948,2953],"product_tag":[],"acf":[],"yoast_head":"<!-- This site is optimized with the Yoast SEO plugin v20.11 - https:\/\/yoast.com\/wordpress\/plugins\/seo\/ -->\n<title>L&#039;invention de la Renaissance : L&#039;humaniste, le prince et l&#039;artiste - Librairie 7L<\/title>\n<meta name=\"robots\" content=\"index, follow, max-snippet:-1, max-image-preview:large, max-video-preview:-1\" \/>\n<link rel=\"canonical\" href=\"https:\/\/librairie7l.com\/en\/produit\/linvention-de-la-renaissance-lhumaniste-le-prince-et-lartiste\/\" \/>\n<meta property=\"og:locale\" content=\"en_US\" \/>\n<meta property=\"og:type\" content=\"article\" \/>\n<meta property=\"og:title\" content=\"L&#039;invention de la Renaissance : L&#039;humaniste, le prince et l&#039;artiste - Librairie 7L\" \/>\n<meta property=\"og:description\" content=\"La Renaissance constitue un moment d\u00e9cisif dans l&#8217;av\u00e8nement d&#8217;un nouveau rapport au savoir et \u00e0 l&#8217;\u00e9crit, qui s&#8217;exprime dans un ensemble de pratiques et de repr\u00e9sentations visuelles. La conception de la biblioth\u00e8que est alors renouvel\u00e9e. Pens\u00e9e \u00e0 la fois comme instrument de la conservation et de l&#8217;accroissement des connaissances, elle incarne l&#8217;\u00e9rudition et la met [&hellip;]\" \/>\n<meta property=\"og:url\" content=\"https:\/\/librairie7l.com\/en\/produit\/linvention-de-la-renaissance-lhumaniste-le-prince-et-lartiste\/\" \/>\n<meta property=\"og:site_name\" content=\"Librairie 7L\" \/>\n<meta property=\"article:modified_time\" content=\"2026-04-30T05:18:19+00:00\" \/>\n<meta property=\"og:image\" content=\"https:\/\/librairie7l.com\/wp-content\/uploads\/2023\/10\/9782717729597_1_75.jpg\" \/>\n\t<meta property=\"og:image:width\" content=\"600\" \/>\n\t<meta property=\"og:image:height\" content=\"736\" \/>\n\t<meta property=\"og:image:type\" content=\"image\/jpeg\" \/>\n<meta name=\"twitter:card\" content=\"summary_large_image\" \/>\n<meta name=\"twitter:label1\" content=\"Est. reading time\" \/>\n\t<meta name=\"twitter:data1\" content=\"1 minute\" \/>\n<script type=\"application\/ld+json\" class=\"yoast-schema-graph\">{\"@context\":\"https:\/\/schema.org\",\"@graph\":[{\"@type\":\"WebPage\",\"@id\":\"https:\/\/librairie7l.com\/en\/produit\/linvention-de-la-renaissance-lhumaniste-le-prince-et-lartiste\/\",\"url\":\"https:\/\/librairie7l.com\/en\/produit\/linvention-de-la-renaissance-lhumaniste-le-prince-et-lartiste\/\",\"name\":\"L'invention de la Renaissance : L'humaniste, le prince et l'artiste - Librairie 7L\",\"isPartOf\":{\"@id\":\"https:\/\/librairie7l.com\/en\/#website\"},\"datePublished\":\"2024-02-14T08:18:39+00:00\",\"dateModified\":\"2026-04-30T05:18:19+00:00\",\"breadcrumb\":{\"@id\":\"https:\/\/librairie7l.com\/en\/produit\/linvention-de-la-renaissance-lhumaniste-le-prince-et-lartiste\/#breadcrumb\"},\"inLanguage\":\"en-US\",\"potentialAction\":[{\"@type\":\"ReadAction\",\"target\":[\"https:\/\/librairie7l.com\/en\/produit\/linvention-de-la-renaissance-lhumaniste-le-prince-et-lartiste\/\"]}]},{\"@type\":\"BreadcrumbList\",\"@id\":\"https:\/\/librairie7l.com\/en\/produit\/linvention-de-la-renaissance-lhumaniste-le-prince-et-lartiste\/#breadcrumb\",\"itemListElement\":[{\"@type\":\"ListItem\",\"position\":1,\"name\":\"Accueil\",\"item\":\"https:\/\/librairie7l.com\/en\/\"},{\"@type\":\"ListItem\",\"position\":2,\"name\":\"Shop\",\"item\":\"https:\/\/librairie7l.com\/en\/shop\/\"},{\"@type\":\"ListItem\",\"position\":3,\"name\":\"L&#8217;INVENTION DE LA RENAISSANCE : L&#8217;HUMANISTE, LE PRINCE ET L&#8217;ARTISTE\"}]},{\"@type\":\"WebSite\",\"@id\":\"https:\/\/librairie7l.com\/en\/#website\",\"url\":\"https:\/\/librairie7l.com\/en\/\",\"name\":\"Librairie 7L\",\"description\":\"Librairie fond\u00e9e en 1999 par Karl Lagerfeld \u00e0 Paris\",\"publisher\":{\"@id\":\"https:\/\/librairie7l.com\/en\/#organization\"},\"potentialAction\":[{\"@type\":\"SearchAction\",\"target\":{\"@type\":\"EntryPoint\",\"urlTemplate\":\"https:\/\/librairie7l.com\/en\/?s={search_term_string}\"},\"query-input\":\"required name=search_term_string\"}],\"inLanguage\":\"en-US\"},{\"@type\":\"Organization\",\"@id\":\"https:\/\/librairie7l.com\/en\/#organization\",\"name\":\"Librairie 7L\",\"url\":\"https:\/\/librairie7l.com\/en\/\",\"logo\":{\"@type\":\"ImageObject\",\"inLanguage\":\"en-US\",\"@id\":\"https:\/\/librairie7l.com\/en\/#\/schema\/logo\/image\/\",\"url\":\"https:\/\/librairie7l.com\/wp-content\/uploads\/2022\/08\/logo-1.png\",\"contentUrl\":\"https:\/\/librairie7l.com\/wp-content\/uploads\/2022\/08\/logo-1.png\",\"width\":227,\"height\":301,\"caption\":\"Librairie 7L\"},\"image\":{\"@id\":\"https:\/\/librairie7l.com\/en\/#\/schema\/logo\/image\/\"}}]}<\/script>\n<!-- \/ Yoast SEO plugin. -->","yoast_head_json":{"title":"L'invention de la Renaissance : L'humaniste, le prince et l'artiste - Librairie 7L","robots":{"index":"index","follow":"follow","max-snippet":"max-snippet:-1","max-image-preview":"max-image-preview:large","max-video-preview":"max-video-preview:-1"},"canonical":"https:\/\/librairie7l.com\/en\/produit\/linvention-de-la-renaissance-lhumaniste-le-prince-et-lartiste\/","og_locale":"en_US","og_type":"article","og_title":"L'invention de la Renaissance : L'humaniste, le prince et l'artiste - Librairie 7L","og_description":"La Renaissance constitue un moment d\u00e9cisif dans l&#8217;av\u00e8nement d&#8217;un nouveau rapport au savoir et \u00e0 l&#8217;\u00e9crit, qui s&#8217;exprime dans un ensemble de pratiques et de repr\u00e9sentations visuelles. La conception de la biblioth\u00e8que est alors renouvel\u00e9e. Pens\u00e9e \u00e0 la fois comme instrument de la conservation et de l&#8217;accroissement des connaissances, elle incarne l&#8217;\u00e9rudition et la met [&hellip;]","og_url":"https:\/\/librairie7l.com\/en\/produit\/linvention-de-la-renaissance-lhumaniste-le-prince-et-lartiste\/","og_site_name":"Librairie 7L","article_modified_time":"2026-04-30T05:18:19+00:00","og_image":[{"width":600,"height":736,"url":"https:\/\/librairie7l.com\/wp-content\/uploads\/2023\/10\/9782717729597_1_75.jpg","type":"image\/jpeg"}],"twitter_card":"summary_large_image","twitter_misc":{"Est. reading time":"1 minute"},"schema":{"@context":"https:\/\/schema.org","@graph":[{"@type":"WebPage","@id":"https:\/\/librairie7l.com\/en\/produit\/linvention-de-la-renaissance-lhumaniste-le-prince-et-lartiste\/","url":"https:\/\/librairie7l.com\/en\/produit\/linvention-de-la-renaissance-lhumaniste-le-prince-et-lartiste\/","name":"L'invention de la Renaissance : L'humaniste, le prince et l'artiste - Librairie 7L","isPartOf":{"@id":"https:\/\/librairie7l.com\/en\/#website"},"datePublished":"2024-02-14T08:18:39+00:00","dateModified":"2026-04-30T05:18:19+00:00","breadcrumb":{"@id":"https:\/\/librairie7l.com\/en\/produit\/linvention-de-la-renaissance-lhumaniste-le-prince-et-lartiste\/#breadcrumb"},"inLanguage":"en-US","potentialAction":[{"@type":"ReadAction","target":["https:\/\/librairie7l.com\/en\/produit\/linvention-de-la-renaissance-lhumaniste-le-prince-et-lartiste\/"]}]},{"@type":"BreadcrumbList","@id":"https:\/\/librairie7l.com\/en\/produit\/linvention-de-la-renaissance-lhumaniste-le-prince-et-lartiste\/#breadcrumb","itemListElement":[{"@type":"ListItem","position":1,"name":"Accueil","item":"https:\/\/librairie7l.com\/en\/"},{"@type":"ListItem","position":2,"name":"Shop","item":"https:\/\/librairie7l.com\/en\/shop\/"},{"@type":"ListItem","position":3,"name":"L&#8217;INVENTION DE LA RENAISSANCE : L&#8217;HUMANISTE, LE PRINCE ET L&#8217;ARTISTE"}]},{"@type":"WebSite","@id":"https:\/\/librairie7l.com\/en\/#website","url":"https:\/\/librairie7l.com\/en\/","name":"Librairie 7L","description":"Librairie fond\u00e9e en 1999 par Karl Lagerfeld \u00e0 Paris","publisher":{"@id":"https:\/\/librairie7l.com\/en\/#organization"},"potentialAction":[{"@type":"SearchAction","target":{"@type":"EntryPoint","urlTemplate":"https:\/\/librairie7l.com\/en\/?s={search_term_string}"},"query-input":"required name=search_term_string"}],"inLanguage":"en-US"},{"@type":"Organization","@id":"https:\/\/librairie7l.com\/en\/#organization","name":"Librairie 7L","url":"https:\/\/librairie7l.com\/en\/","logo":{"@type":"ImageObject","inLanguage":"en-US","@id":"https:\/\/librairie7l.com\/en\/#\/schema\/logo\/image\/","url":"https:\/\/librairie7l.com\/wp-content\/uploads\/2022\/08\/logo-1.png","contentUrl":"https:\/\/librairie7l.com\/wp-content\/uploads\/2022\/08\/logo-1.png","width":227,"height":301,"caption":"Librairie 7L"},"image":{"@id":"https:\/\/librairie7l.com\/en\/#\/schema\/logo\/image\/"}}]}},"_links":{"self":[{"href":"https:\/\/librairie7l.com\/en\/wp-json\/wp\/v2\/product\/39278"}],"collection":[{"href":"https:\/\/librairie7l.com\/en\/wp-json\/wp\/v2\/product"}],"about":[{"href":"https:\/\/librairie7l.com\/en\/wp-json\/wp\/v2\/types\/product"}],"wp:featuredmedia":[{"embeddable":true,"href":"https:\/\/librairie7l.com\/en\/wp-json\/wp\/v2\/media\/39276"}],"wp:attachment":[{"href":"https:\/\/librairie7l.com\/en\/wp-json\/wp\/v2\/media?parent=39278"}],"wp:term":[{"taxonomy":"product_cat","embeddable":true,"href":"https:\/\/librairie7l.com\/en\/wp-json\/wp\/v2\/product_cat?post=39278"},{"taxonomy":"product_tag","embeddable":true,"href":"https:\/\/librairie7l.com\/en\/wp-json\/wp\/v2\/product_tag?post=39278"}],"curies":[{"name":"wp","href":"https:\/\/api.w.org\/{rel}","templated":true}]}}