{"id":39280,"date":"2024-05-23T22:06:01","date_gmt":"2024-05-23T20:06:01","guid":{"rendered":"https:\/\/librairie7l.com\/?post_type=product&#038;p=39280"},"modified":"2026-04-30T18:02:14","modified_gmt":"2026-04-30T16:02:14","slug":"le-choix-de-la-peinture-une-autre-histoire-de-labstraction-en-france-1962-1989","status":"publish","type":"product","link":"https:\/\/librairie7l.com\/en\/produit\/le-choix-de-la-peinture-une-autre-histoire-de-labstraction-en-france-1962-1989\/","title":{"rendered":"LE CHOIX DE LA PEINTURE : UNE AUTRE HISTOIRE DE L&#8217;ABSTRACTION, EN FRANCE, 1962-1989"},"content":{"rendered":"<p>Comment continuer \u00e0 peindre, alors que la peinture de chevalet est d\u00e9clar\u00e9e morte et que la mode est au Pop Art, au non-art, \u00e0 l&#8217;art conceptuel et au minimalisme ? Telle est la question que pose ce livre qui revient sur trois d\u00e9cennies de peinture abstraite en France du d\u00e9but des ann\u00e9es 1960 aux ann\u00e9es 1980. Ce panorama r\u00e9unit des artistes dont la d\u00e9marche picturale fut fond\u00e9e sur une autre conception du geste, du r\u00f4le de la couleur et de la notion du tableau. Leurs oeuvres t\u00e9moignent du profond renouvellement des pratiques abstraites des ann\u00e9es 1960, du projet de d\u00e9construction des \u00e9l\u00e9ments de la peinture initi\u00e9 autour de mai 1968 et du retour du tableau amorc\u00e9 au tournant des ann\u00e9es 1980.<\/p>\n","protected":false},"excerpt":{"rendered":"<p>Comment continuer \u00e0 peindre, alors que la peinture de chevalet est d\u00e9clar\u00e9e morte et que la mode est au Pop Art, au non-art, \u00e0 l&#8217;art conceptuel et au minimalisme ? Telle est la question que pose ce livre qui revient sur trois d\u00e9cennies de peinture abstraite en France du d\u00e9but des ann\u00e9es 1960 aux ann\u00e9es [&hellip;]<\/p>\n","protected":false},"featured_media":39282,"template":"","meta":[],"product_cat":[2948,2953],"product_tag":[],"acf":[],"yoast_head":"<!-- This site is optimized with the Yoast SEO plugin v20.11 - https:\/\/yoast.com\/wordpress\/plugins\/seo\/ -->\n<title>Le choix de la peinture : Une autre histoire de l&#039;abstraction, en France, 1962-1989 - Librairie 7L<\/title>\n<meta name=\"robots\" content=\"index, follow, max-snippet:-1, max-image-preview:large, max-video-preview:-1\" \/>\n<link rel=\"canonical\" href=\"https:\/\/librairie7l.com\/en\/produit\/le-choix-de-la-peinture-une-autre-histoire-de-labstraction-en-france-1962-1989\/\" \/>\n<meta property=\"og:locale\" content=\"en_US\" \/>\n<meta property=\"og:type\" content=\"article\" \/>\n<meta property=\"og:title\" content=\"Le choix de la peinture : Une autre histoire de l&#039;abstraction, en France, 1962-1989 - Librairie 7L\" \/>\n<meta property=\"og:description\" content=\"Comment continuer \u00e0 peindre, alors que la peinture de chevalet est d\u00e9clar\u00e9e morte et que la mode est au Pop Art, au non-art, \u00e0 l&#8217;art conceptuel et au minimalisme ? Telle est la question que pose ce livre qui revient sur trois d\u00e9cennies de peinture abstraite en France du d\u00e9but des ann\u00e9es 1960 aux ann\u00e9es [&hellip;]\" \/>\n<meta property=\"og:url\" content=\"https:\/\/librairie7l.com\/en\/produit\/le-choix-de-la-peinture-une-autre-histoire-de-labstraction-en-france-1962-1989\/\" \/>\n<meta property=\"og:site_name\" content=\"Librairie 7L\" \/>\n<meta property=\"article:modified_time\" content=\"2026-04-30T16:02:14+00:00\" \/>\n<meta property=\"og:image\" content=\"https:\/\/librairie7l.com\/wp-content\/uploads\/2023\/10\/9791096854080_1_75.jpg\" \/>\n\t<meta property=\"og:image:width\" content=\"400\" \/>\n\t<meta property=\"og:image:height\" content=\"600\" \/>\n\t<meta property=\"og:image:type\" content=\"image\/jpeg\" \/>\n<meta name=\"twitter:card\" content=\"summary_large_image\" \/>\n<meta name=\"twitter:label1\" content=\"Est. reading time\" \/>\n\t<meta name=\"twitter:data1\" content=\"1 minute\" \/>\n<script type=\"application\/ld+json\" class=\"yoast-schema-graph\">{\"@context\":\"https:\/\/schema.org\",\"@graph\":[{\"@type\":\"WebPage\",\"@id\":\"https:\/\/librairie7l.com\/en\/produit\/le-choix-de-la-peinture-une-autre-histoire-de-labstraction-en-france-1962-1989\/\",\"url\":\"https:\/\/librairie7l.com\/en\/produit\/le-choix-de-la-peinture-une-autre-histoire-de-labstraction-en-france-1962-1989\/\",\"name\":\"Le choix de la peinture : Une autre histoire de l'abstraction, en France, 1962-1989 - Librairie 7L\",\"isPartOf\":{\"@id\":\"https:\/\/librairie7l.com\/en\/#website\"},\"datePublished\":\"2024-05-23T20:06:01+00:00\",\"dateModified\":\"2026-04-30T16:02:14+00:00\",\"breadcrumb\":{\"@id\":\"https:\/\/librairie7l.com\/en\/produit\/le-choix-de-la-peinture-une-autre-histoire-de-labstraction-en-france-1962-1989\/#breadcrumb\"},\"inLanguage\":\"en-US\",\"potentialAction\":[{\"@type\":\"ReadAction\",\"target\":[\"https:\/\/librairie7l.com\/en\/produit\/le-choix-de-la-peinture-une-autre-histoire-de-labstraction-en-france-1962-1989\/\"]}]},{\"@type\":\"BreadcrumbList\",\"@id\":\"https:\/\/librairie7l.com\/en\/produit\/le-choix-de-la-peinture-une-autre-histoire-de-labstraction-en-france-1962-1989\/#breadcrumb\",\"itemListElement\":[{\"@type\":\"ListItem\",\"position\":1,\"name\":\"Accueil\",\"item\":\"https:\/\/librairie7l.com\/en\/\"},{\"@type\":\"ListItem\",\"position\":2,\"name\":\"Shop\",\"item\":\"https:\/\/librairie7l.com\/en\/shop\/\"},{\"@type\":\"ListItem\",\"position\":3,\"name\":\"LE CHOIX DE LA PEINTURE : UNE AUTRE HISTOIRE DE L&#8217;ABSTRACTION, EN FRANCE, 1962-1989\"}]},{\"@type\":\"WebSite\",\"@id\":\"https:\/\/librairie7l.com\/en\/#website\",\"url\":\"https:\/\/librairie7l.com\/en\/\",\"name\":\"Librairie 7L\",\"description\":\"Librairie fond\u00e9e en 1999 par Karl Lagerfeld \u00e0 Paris\",\"publisher\":{\"@id\":\"https:\/\/librairie7l.com\/en\/#organization\"},\"potentialAction\":[{\"@type\":\"SearchAction\",\"target\":{\"@type\":\"EntryPoint\",\"urlTemplate\":\"https:\/\/librairie7l.com\/en\/?s={search_term_string}\"},\"query-input\":\"required name=search_term_string\"}],\"inLanguage\":\"en-US\"},{\"@type\":\"Organization\",\"@id\":\"https:\/\/librairie7l.com\/en\/#organization\",\"name\":\"Librairie 7L\",\"url\":\"https:\/\/librairie7l.com\/en\/\",\"logo\":{\"@type\":\"ImageObject\",\"inLanguage\":\"en-US\",\"@id\":\"https:\/\/librairie7l.com\/en\/#\/schema\/logo\/image\/\",\"url\":\"https:\/\/librairie7l.com\/wp-content\/uploads\/2022\/08\/logo-1.png\",\"contentUrl\":\"https:\/\/librairie7l.com\/wp-content\/uploads\/2022\/08\/logo-1.png\",\"width\":227,\"height\":301,\"caption\":\"Librairie 7L\"},\"image\":{\"@id\":\"https:\/\/librairie7l.com\/en\/#\/schema\/logo\/image\/\"}}]}<\/script>\n<!-- \/ Yoast SEO plugin. -->","yoast_head_json":{"title":"Le choix de la peinture : Une autre histoire de l'abstraction, en France, 1962-1989 - Librairie 7L","robots":{"index":"index","follow":"follow","max-snippet":"max-snippet:-1","max-image-preview":"max-image-preview:large","max-video-preview":"max-video-preview:-1"},"canonical":"https:\/\/librairie7l.com\/en\/produit\/le-choix-de-la-peinture-une-autre-histoire-de-labstraction-en-france-1962-1989\/","og_locale":"en_US","og_type":"article","og_title":"Le choix de la peinture : Une autre histoire de l'abstraction, en France, 1962-1989 - Librairie 7L","og_description":"Comment continuer \u00e0 peindre, alors que la peinture de chevalet est d\u00e9clar\u00e9e morte et que la mode est au Pop Art, au non-art, \u00e0 l&#8217;art conceptuel et au minimalisme ? Telle est la question que pose ce livre qui revient sur trois d\u00e9cennies de peinture abstraite en France du d\u00e9but des ann\u00e9es 1960 aux ann\u00e9es [&hellip;]","og_url":"https:\/\/librairie7l.com\/en\/produit\/le-choix-de-la-peinture-une-autre-histoire-de-labstraction-en-france-1962-1989\/","og_site_name":"Librairie 7L","article_modified_time":"2026-04-30T16:02:14+00:00","og_image":[{"width":400,"height":600,"url":"https:\/\/librairie7l.com\/wp-content\/uploads\/2023\/10\/9791096854080_1_75.jpg","type":"image\/jpeg"}],"twitter_card":"summary_large_image","twitter_misc":{"Est. reading time":"1 minute"},"schema":{"@context":"https:\/\/schema.org","@graph":[{"@type":"WebPage","@id":"https:\/\/librairie7l.com\/en\/produit\/le-choix-de-la-peinture-une-autre-histoire-de-labstraction-en-france-1962-1989\/","url":"https:\/\/librairie7l.com\/en\/produit\/le-choix-de-la-peinture-une-autre-histoire-de-labstraction-en-france-1962-1989\/","name":"Le choix de la peinture : Une autre histoire de l'abstraction, en France, 1962-1989 - Librairie 7L","isPartOf":{"@id":"https:\/\/librairie7l.com\/en\/#website"},"datePublished":"2024-05-23T20:06:01+00:00","dateModified":"2026-04-30T16:02:14+00:00","breadcrumb":{"@id":"https:\/\/librairie7l.com\/en\/produit\/le-choix-de-la-peinture-une-autre-histoire-de-labstraction-en-france-1962-1989\/#breadcrumb"},"inLanguage":"en-US","potentialAction":[{"@type":"ReadAction","target":["https:\/\/librairie7l.com\/en\/produit\/le-choix-de-la-peinture-une-autre-histoire-de-labstraction-en-france-1962-1989\/"]}]},{"@type":"BreadcrumbList","@id":"https:\/\/librairie7l.com\/en\/produit\/le-choix-de-la-peinture-une-autre-histoire-de-labstraction-en-france-1962-1989\/#breadcrumb","itemListElement":[{"@type":"ListItem","position":1,"name":"Accueil","item":"https:\/\/librairie7l.com\/en\/"},{"@type":"ListItem","position":2,"name":"Shop","item":"https:\/\/librairie7l.com\/en\/shop\/"},{"@type":"ListItem","position":3,"name":"LE CHOIX DE LA PEINTURE : UNE AUTRE HISTOIRE DE L&#8217;ABSTRACTION, EN FRANCE, 1962-1989"}]},{"@type":"WebSite","@id":"https:\/\/librairie7l.com\/en\/#website","url":"https:\/\/librairie7l.com\/en\/","name":"Librairie 7L","description":"Librairie fond\u00e9e en 1999 par Karl Lagerfeld \u00e0 Paris","publisher":{"@id":"https:\/\/librairie7l.com\/en\/#organization"},"potentialAction":[{"@type":"SearchAction","target":{"@type":"EntryPoint","urlTemplate":"https:\/\/librairie7l.com\/en\/?s={search_term_string}"},"query-input":"required name=search_term_string"}],"inLanguage":"en-US"},{"@type":"Organization","@id":"https:\/\/librairie7l.com\/en\/#organization","name":"Librairie 7L","url":"https:\/\/librairie7l.com\/en\/","logo":{"@type":"ImageObject","inLanguage":"en-US","@id":"https:\/\/librairie7l.com\/en\/#\/schema\/logo\/image\/","url":"https:\/\/librairie7l.com\/wp-content\/uploads\/2022\/08\/logo-1.png","contentUrl":"https:\/\/librairie7l.com\/wp-content\/uploads\/2022\/08\/logo-1.png","width":227,"height":301,"caption":"Librairie 7L"},"image":{"@id":"https:\/\/librairie7l.com\/en\/#\/schema\/logo\/image\/"}}]}},"_links":{"self":[{"href":"https:\/\/librairie7l.com\/en\/wp-json\/wp\/v2\/product\/39280"}],"collection":[{"href":"https:\/\/librairie7l.com\/en\/wp-json\/wp\/v2\/product"}],"about":[{"href":"https:\/\/librairie7l.com\/en\/wp-json\/wp\/v2\/types\/product"}],"wp:featuredmedia":[{"embeddable":true,"href":"https:\/\/librairie7l.com\/en\/wp-json\/wp\/v2\/media\/39282"}],"wp:attachment":[{"href":"https:\/\/librairie7l.com\/en\/wp-json\/wp\/v2\/media?parent=39280"}],"wp:term":[{"taxonomy":"product_cat","embeddable":true,"href":"https:\/\/librairie7l.com\/en\/wp-json\/wp\/v2\/product_cat?post=39280"},{"taxonomy":"product_tag","embeddable":true,"href":"https:\/\/librairie7l.com\/en\/wp-json\/wp\/v2\/product_tag?post=39280"}],"curies":[{"name":"wp","href":"https:\/\/api.w.org\/{rel}","templated":true}]}}