{"id":39300,"date":"2024-02-16T09:18:34","date_gmt":"2024-02-16T08:18:34","guid":{"rendered":"https:\/\/librairie7l.com\/?post_type=product&#038;p=39300"},"modified":"2026-04-18T14:56:37","modified_gmt":"2026-04-18T12:56:37","slug":"eloge-de-la-haie-pour-un-desordre-vegetal","status":"publish","type":"product","link":"https:\/\/librairie7l.com\/en\/produit\/eloge-de-la-haie-pour-un-desordre-vegetal\/","title":{"rendered":"\u00c9LOGE DE LA HAIE : POUR UN D\u00c9SORDRE V\u00c9G\u00c9TAL"},"content":{"rendered":"<p>Elles ont disparu du paysage. Pendant des d\u00e9cennies, comme la plupart d&#8217;entre nous, je n&#8217;ai rien remarqu\u00e9. Soudain, c&#8217;est une urgence : des haies, il faut en replanter. Parce que leur int\u00e9r\u00eat \u00e9cologique est immense. Mais pas seulement. Une haie n&#8217;est pas un mur comme les autres. Cl\u00f4ture, elle est limite ; \u00e9cosyst\u00e8me, elle rapproche d&#8217;un autre cosmos, d&#8217;autres esp\u00e8ces vivantes, d&#8217;une fa\u00e7on diff\u00e9rente d&#8217;\u00eatre au monde, elle ouvre un chemin qui m\u00e8ne loin. Entre r\u00e9cit personnel, anecdotes historiques et analyse des concepts cach\u00e9s dans la broussaille, Sonia Feertchak dessine une v\u00e9ritable philosophie du bocage.<\/p>\n","protected":false},"excerpt":{"rendered":"<p>Elles ont disparu du paysage. Pendant des d\u00e9cennies, comme la plupart d&#8217;entre nous, je n&#8217;ai rien remarqu\u00e9. Soudain, c&#8217;est une urgence : des haies, il faut en replanter. Parce que leur int\u00e9r\u00eat \u00e9cologique est immense. Mais pas seulement. Une haie n&#8217;est pas un mur comme les autres. Cl\u00f4ture, elle est limite ; \u00e9cosyst\u00e8me, elle rapproche [&hellip;]<\/p>\n","protected":false},"featured_media":39298,"template":"","meta":[],"product_cat":[2948,2956],"product_tag":[],"acf":[],"yoast_head":"<!-- This site is optimized with the Yoast SEO plugin v20.11 - https:\/\/yoast.com\/wordpress\/plugins\/seo\/ -->\n<title>\u00c9loge de la haie : Pour un d\u00e9sordre v\u00e9g\u00e9tal - Librairie 7L<\/title>\n<meta name=\"robots\" content=\"index, follow, max-snippet:-1, max-image-preview:large, max-video-preview:-1\" \/>\n<link rel=\"canonical\" href=\"https:\/\/librairie7l.com\/en\/produit\/eloge-de-la-haie-pour-un-desordre-vegetal\/\" \/>\n<meta property=\"og:locale\" content=\"en_US\" \/>\n<meta property=\"og:type\" content=\"article\" \/>\n<meta property=\"og:title\" content=\"\u00c9loge de la haie : Pour un d\u00e9sordre v\u00e9g\u00e9tal - Librairie 7L\" \/>\n<meta property=\"og:description\" content=\"Elles ont disparu du paysage. Pendant des d\u00e9cennies, comme la plupart d&#8217;entre nous, je n&#8217;ai rien remarqu\u00e9. Soudain, c&#8217;est une urgence : des haies, il faut en replanter. Parce que leur int\u00e9r\u00eat \u00e9cologique est immense. Mais pas seulement. Une haie n&#8217;est pas un mur comme les autres. Cl\u00f4ture, elle est limite ; \u00e9cosyst\u00e8me, elle rapproche [&hellip;]\" \/>\n<meta property=\"og:url\" content=\"https:\/\/librairie7l.com\/en\/produit\/eloge-de-la-haie-pour-un-desordre-vegetal\/\" \/>\n<meta property=\"og:site_name\" content=\"Librairie 7L\" \/>\n<meta property=\"article:modified_time\" content=\"2026-04-18T12:56:37+00:00\" \/>\n<meta property=\"og:image\" content=\"https:\/\/librairie7l.com\/wp-content\/uploads\/2023\/10\/9782900818305_1_75.jpg\" \/>\n\t<meta property=\"og:image:width\" content=\"600\" \/>\n\t<meta property=\"og:image:height\" content=\"923\" \/>\n\t<meta property=\"og:image:type\" content=\"image\/jpeg\" \/>\n<meta name=\"twitter:card\" content=\"summary_large_image\" \/>\n<meta name=\"twitter:label1\" content=\"Est. reading time\" \/>\n\t<meta name=\"twitter:data1\" content=\"1 minute\" \/>\n<script type=\"application\/ld+json\" class=\"yoast-schema-graph\">{\"@context\":\"https:\/\/schema.org\",\"@graph\":[{\"@type\":\"WebPage\",\"@id\":\"https:\/\/librairie7l.com\/en\/produit\/eloge-de-la-haie-pour-un-desordre-vegetal\/\",\"url\":\"https:\/\/librairie7l.com\/en\/produit\/eloge-de-la-haie-pour-un-desordre-vegetal\/\",\"name\":\"\u00c9loge de la haie : Pour un d\u00e9sordre v\u00e9g\u00e9tal - Librairie 7L\",\"isPartOf\":{\"@id\":\"https:\/\/librairie7l.com\/en\/#website\"},\"datePublished\":\"2024-02-16T08:18:34+00:00\",\"dateModified\":\"2026-04-18T12:56:37+00:00\",\"breadcrumb\":{\"@id\":\"https:\/\/librairie7l.com\/en\/produit\/eloge-de-la-haie-pour-un-desordre-vegetal\/#breadcrumb\"},\"inLanguage\":\"en-US\",\"potentialAction\":[{\"@type\":\"ReadAction\",\"target\":[\"https:\/\/librairie7l.com\/en\/produit\/eloge-de-la-haie-pour-un-desordre-vegetal\/\"]}]},{\"@type\":\"BreadcrumbList\",\"@id\":\"https:\/\/librairie7l.com\/en\/produit\/eloge-de-la-haie-pour-un-desordre-vegetal\/#breadcrumb\",\"itemListElement\":[{\"@type\":\"ListItem\",\"position\":1,\"name\":\"Accueil\",\"item\":\"https:\/\/librairie7l.com\/en\/\"},{\"@type\":\"ListItem\",\"position\":2,\"name\":\"Shop\",\"item\":\"https:\/\/librairie7l.com\/en\/shop\/\"},{\"@type\":\"ListItem\",\"position\":3,\"name\":\"\u00c9LOGE DE LA HAIE : POUR UN D\u00c9SORDRE V\u00c9G\u00c9TAL\"}]},{\"@type\":\"WebSite\",\"@id\":\"https:\/\/librairie7l.com\/en\/#website\",\"url\":\"https:\/\/librairie7l.com\/en\/\",\"name\":\"Librairie 7L\",\"description\":\"Librairie fond\u00e9e en 1999 par Karl Lagerfeld \u00e0 Paris\",\"publisher\":{\"@id\":\"https:\/\/librairie7l.com\/en\/#organization\"},\"potentialAction\":[{\"@type\":\"SearchAction\",\"target\":{\"@type\":\"EntryPoint\",\"urlTemplate\":\"https:\/\/librairie7l.com\/en\/?s={search_term_string}\"},\"query-input\":\"required name=search_term_string\"}],\"inLanguage\":\"en-US\"},{\"@type\":\"Organization\",\"@id\":\"https:\/\/librairie7l.com\/en\/#organization\",\"name\":\"Librairie 7L\",\"url\":\"https:\/\/librairie7l.com\/en\/\",\"logo\":{\"@type\":\"ImageObject\",\"inLanguage\":\"en-US\",\"@id\":\"https:\/\/librairie7l.com\/en\/#\/schema\/logo\/image\/\",\"url\":\"https:\/\/librairie7l.com\/wp-content\/uploads\/2022\/08\/logo-1.png\",\"contentUrl\":\"https:\/\/librairie7l.com\/wp-content\/uploads\/2022\/08\/logo-1.png\",\"width\":227,\"height\":301,\"caption\":\"Librairie 7L\"},\"image\":{\"@id\":\"https:\/\/librairie7l.com\/en\/#\/schema\/logo\/image\/\"}}]}<\/script>\n<!-- \/ Yoast SEO plugin. -->","yoast_head_json":{"title":"\u00c9loge de la haie : Pour un d\u00e9sordre v\u00e9g\u00e9tal - Librairie 7L","robots":{"index":"index","follow":"follow","max-snippet":"max-snippet:-1","max-image-preview":"max-image-preview:large","max-video-preview":"max-video-preview:-1"},"canonical":"https:\/\/librairie7l.com\/en\/produit\/eloge-de-la-haie-pour-un-desordre-vegetal\/","og_locale":"en_US","og_type":"article","og_title":"\u00c9loge de la haie : Pour un d\u00e9sordre v\u00e9g\u00e9tal - Librairie 7L","og_description":"Elles ont disparu du paysage. Pendant des d\u00e9cennies, comme la plupart d&#8217;entre nous, je n&#8217;ai rien remarqu\u00e9. Soudain, c&#8217;est une urgence : des haies, il faut en replanter. Parce que leur int\u00e9r\u00eat \u00e9cologique est immense. Mais pas seulement. Une haie n&#8217;est pas un mur comme les autres. Cl\u00f4ture, elle est limite ; \u00e9cosyst\u00e8me, elle rapproche [&hellip;]","og_url":"https:\/\/librairie7l.com\/en\/produit\/eloge-de-la-haie-pour-un-desordre-vegetal\/","og_site_name":"Librairie 7L","article_modified_time":"2026-04-18T12:56:37+00:00","og_image":[{"width":600,"height":923,"url":"https:\/\/librairie7l.com\/wp-content\/uploads\/2023\/10\/9782900818305_1_75.jpg","type":"image\/jpeg"}],"twitter_card":"summary_large_image","twitter_misc":{"Est. reading time":"1 minute"},"schema":{"@context":"https:\/\/schema.org","@graph":[{"@type":"WebPage","@id":"https:\/\/librairie7l.com\/en\/produit\/eloge-de-la-haie-pour-un-desordre-vegetal\/","url":"https:\/\/librairie7l.com\/en\/produit\/eloge-de-la-haie-pour-un-desordre-vegetal\/","name":"\u00c9loge de la haie : Pour un d\u00e9sordre v\u00e9g\u00e9tal - Librairie 7L","isPartOf":{"@id":"https:\/\/librairie7l.com\/en\/#website"},"datePublished":"2024-02-16T08:18:34+00:00","dateModified":"2026-04-18T12:56:37+00:00","breadcrumb":{"@id":"https:\/\/librairie7l.com\/en\/produit\/eloge-de-la-haie-pour-un-desordre-vegetal\/#breadcrumb"},"inLanguage":"en-US","potentialAction":[{"@type":"ReadAction","target":["https:\/\/librairie7l.com\/en\/produit\/eloge-de-la-haie-pour-un-desordre-vegetal\/"]}]},{"@type":"BreadcrumbList","@id":"https:\/\/librairie7l.com\/en\/produit\/eloge-de-la-haie-pour-un-desordre-vegetal\/#breadcrumb","itemListElement":[{"@type":"ListItem","position":1,"name":"Accueil","item":"https:\/\/librairie7l.com\/en\/"},{"@type":"ListItem","position":2,"name":"Shop","item":"https:\/\/librairie7l.com\/en\/shop\/"},{"@type":"ListItem","position":3,"name":"\u00c9LOGE DE LA HAIE : POUR UN D\u00c9SORDRE V\u00c9G\u00c9TAL"}]},{"@type":"WebSite","@id":"https:\/\/librairie7l.com\/en\/#website","url":"https:\/\/librairie7l.com\/en\/","name":"Librairie 7L","description":"Librairie fond\u00e9e en 1999 par Karl Lagerfeld \u00e0 Paris","publisher":{"@id":"https:\/\/librairie7l.com\/en\/#organization"},"potentialAction":[{"@type":"SearchAction","target":{"@type":"EntryPoint","urlTemplate":"https:\/\/librairie7l.com\/en\/?s={search_term_string}"},"query-input":"required name=search_term_string"}],"inLanguage":"en-US"},{"@type":"Organization","@id":"https:\/\/librairie7l.com\/en\/#organization","name":"Librairie 7L","url":"https:\/\/librairie7l.com\/en\/","logo":{"@type":"ImageObject","inLanguage":"en-US","@id":"https:\/\/librairie7l.com\/en\/#\/schema\/logo\/image\/","url":"https:\/\/librairie7l.com\/wp-content\/uploads\/2022\/08\/logo-1.png","contentUrl":"https:\/\/librairie7l.com\/wp-content\/uploads\/2022\/08\/logo-1.png","width":227,"height":301,"caption":"Librairie 7L"},"image":{"@id":"https:\/\/librairie7l.com\/en\/#\/schema\/logo\/image\/"}}]}},"_links":{"self":[{"href":"https:\/\/librairie7l.com\/en\/wp-json\/wp\/v2\/product\/39300"}],"collection":[{"href":"https:\/\/librairie7l.com\/en\/wp-json\/wp\/v2\/product"}],"about":[{"href":"https:\/\/librairie7l.com\/en\/wp-json\/wp\/v2\/types\/product"}],"wp:featuredmedia":[{"embeddable":true,"href":"https:\/\/librairie7l.com\/en\/wp-json\/wp\/v2\/media\/39298"}],"wp:attachment":[{"href":"https:\/\/librairie7l.com\/en\/wp-json\/wp\/v2\/media?parent=39300"}],"wp:term":[{"taxonomy":"product_cat","embeddable":true,"href":"https:\/\/librairie7l.com\/en\/wp-json\/wp\/v2\/product_cat?post=39300"},{"taxonomy":"product_tag","embeddable":true,"href":"https:\/\/librairie7l.com\/en\/wp-json\/wp\/v2\/product_tag?post=39300"}],"curies":[{"name":"wp","href":"https:\/\/api.w.org\/{rel}","templated":true}]}}