{"id":39304,"date":"2024-05-23T22:05:44","date_gmt":"2024-05-23T20:05:44","guid":{"rendered":"https:\/\/librairie7l.com\/?post_type=product&#038;p=39304"},"modified":"2026-04-12T05:11:47","modified_gmt":"2026-04-12T03:11:47","slug":"karen-swami-ceramiques-en-mouvement","status":"publish","type":"product","link":"https:\/\/librairie7l.com\/en\/produit\/karen-swami-ceramiques-en-mouvement\/","title":{"rendered":"KAREN SWAMI : C\u00c9RAMIQUES EN MOUVEMENT"},"content":{"rendered":"<p>Le parcours professionnel de la c\u00e9ramiste Karen Swami, dipl\u00f4m\u00e9e de l&#8217;ESCP-EAP, passe par l&#8217;univers de la finance et de la production de films, mais avec un tour install\u00e9 dans son bureau et un CAP de potier. Sa passion pour l&#8217;argile remonte \u00e0 l&#8217;\u00e2ge de cinq ans et ne l&#8217;a jamais quitt\u00e9e. Peu \u00e0 peu, les pi\u00e8ces de taille ont envahi son espace et son temps, s\u00e9duisant les collectionneurs et la propulsant sur le devant de la sc\u00e8ne.<br \/>\nToucher, tourner, lisser, inciser, incruster, le mouvement accompagne chaque \u00e9tape de la fabrication. Dans les proc\u00e9d\u00e9s de cuisson, la r\u00e9duction ou \u00e0 l&#8217;inverse l&#8217;oxydation d&#8217;air jouent leur r\u00f4le, transformant les gla\u00e7ures et les teintes des pots ou jarres.<br \/>\nL&#8217;\u00e9vidence, un jour, s&#8217;est impos\u00e9e que la respiration n\u00e9cessaire \u00e0 l&#8217;oeuvre \u00e9tait son propre oxyg\u00e8ne, son souffle, une asc\u00e8se primordiale. Karen Swami fait corps avec la terre qu&#8217;elle tourne et en laisse une trace irr\u00e9futable.<br \/>\nEnrichi d&#8217;un portrait de l&#8217;artiste par Laurence de Charette et du regard de l&#8217;historien d&#8217;art Olivier Gabet, cet ouvrage richement illustr\u00e9 met en sc\u00e8ne ses gr\u00e8s chamott\u00e9s, \u00ab terres enfum\u00e9es \u00bb et \u00ab terres nues \u00bb, kintzugi, bleu de cobalt, \u00e9mail rouge, c\u00e9ladon ou encore \u00ab galuchats \u00bb, autant de dynasties de formes, de mani\u00e8res et de couleurs qui ont impos\u00e9 leur ligne.<\/p>\n","protected":false},"excerpt":{"rendered":"<p>Le parcours professionnel de la c\u00e9ramiste Karen Swami, dipl\u00f4m\u00e9e de l&#8217;ESCP-EAP, passe par l&#8217;univers de la finance et de la production de films, mais avec un tour install\u00e9 dans son bureau et un CAP de potier. Sa passion pour l&#8217;argile remonte \u00e0 l&#8217;\u00e2ge de cinq ans et ne l&#8217;a jamais quitt\u00e9e. Peu \u00e0 peu, les [&hellip;]<\/p>\n","protected":false},"featured_media":39302,"template":"","meta":[],"product_cat":[2948,2952],"product_tag":[],"acf":[],"yoast_head":"<!-- This site is optimized with the Yoast SEO plugin v20.11 - https:\/\/yoast.com\/wordpress\/plugins\/seo\/ -->\n<title>Karen Swami : c\u00e9ramiques en mouvement - Librairie 7L<\/title>\n<meta name=\"robots\" content=\"index, follow, max-snippet:-1, max-image-preview:large, max-video-preview:-1\" \/>\n<link rel=\"canonical\" href=\"https:\/\/librairie7l.com\/en\/produit\/karen-swami-ceramiques-en-mouvement\/\" \/>\n<meta property=\"og:locale\" content=\"en_US\" \/>\n<meta property=\"og:type\" content=\"article\" \/>\n<meta property=\"og:title\" content=\"Karen Swami : c\u00e9ramiques en mouvement - Librairie 7L\" \/>\n<meta property=\"og:description\" content=\"Le parcours professionnel de la c\u00e9ramiste Karen Swami, dipl\u00f4m\u00e9e de l&#8217;ESCP-EAP, passe par l&#8217;univers de la finance et de la production de films, mais avec un tour install\u00e9 dans son bureau et un CAP de potier. Sa passion pour l&#8217;argile remonte \u00e0 l&#8217;\u00e2ge de cinq ans et ne l&#8217;a jamais quitt\u00e9e. Peu \u00e0 peu, les [&hellip;]\" \/>\n<meta property=\"og:url\" content=\"https:\/\/librairie7l.com\/en\/produit\/karen-swami-ceramiques-en-mouvement\/\" \/>\n<meta property=\"og:site_name\" content=\"Librairie 7L\" \/>\n<meta property=\"article:modified_time\" content=\"2026-04-12T03:11:47+00:00\" \/>\n<meta property=\"og:image\" content=\"https:\/\/librairie7l.com\/wp-content\/uploads\/2023\/05\/9782359064018_1_75.jpg\" \/>\n\t<meta property=\"og:image:width\" content=\"600\" \/>\n\t<meta property=\"og:image:height\" content=\"742\" \/>\n\t<meta property=\"og:image:type\" content=\"image\/jpeg\" \/>\n<meta name=\"twitter:card\" content=\"summary_large_image\" \/>\n<meta name=\"twitter:label1\" content=\"Est. reading time\" \/>\n\t<meta name=\"twitter:data1\" content=\"1 minute\" \/>\n<script type=\"application\/ld+json\" class=\"yoast-schema-graph\">{\"@context\":\"https:\/\/schema.org\",\"@graph\":[{\"@type\":\"WebPage\",\"@id\":\"https:\/\/librairie7l.com\/en\/produit\/karen-swami-ceramiques-en-mouvement\/\",\"url\":\"https:\/\/librairie7l.com\/en\/produit\/karen-swami-ceramiques-en-mouvement\/\",\"name\":\"Karen Swami : c\u00e9ramiques en mouvement - Librairie 7L\",\"isPartOf\":{\"@id\":\"https:\/\/librairie7l.com\/en\/#website\"},\"datePublished\":\"2024-05-23T20:05:44+00:00\",\"dateModified\":\"2026-04-12T03:11:47+00:00\",\"breadcrumb\":{\"@id\":\"https:\/\/librairie7l.com\/en\/produit\/karen-swami-ceramiques-en-mouvement\/#breadcrumb\"},\"inLanguage\":\"en-US\",\"potentialAction\":[{\"@type\":\"ReadAction\",\"target\":[\"https:\/\/librairie7l.com\/en\/produit\/karen-swami-ceramiques-en-mouvement\/\"]}]},{\"@type\":\"BreadcrumbList\",\"@id\":\"https:\/\/librairie7l.com\/en\/produit\/karen-swami-ceramiques-en-mouvement\/#breadcrumb\",\"itemListElement\":[{\"@type\":\"ListItem\",\"position\":1,\"name\":\"Accueil\",\"item\":\"https:\/\/librairie7l.com\/en\/\"},{\"@type\":\"ListItem\",\"position\":2,\"name\":\"Shop\",\"item\":\"https:\/\/librairie7l.com\/en\/shop\/\"},{\"@type\":\"ListItem\",\"position\":3,\"name\":\"KAREN SWAMI : C\u00c9RAMIQUES EN MOUVEMENT\"}]},{\"@type\":\"WebSite\",\"@id\":\"https:\/\/librairie7l.com\/en\/#website\",\"url\":\"https:\/\/librairie7l.com\/en\/\",\"name\":\"Librairie 7L\",\"description\":\"Librairie fond\u00e9e en 1999 par Karl Lagerfeld \u00e0 Paris\",\"publisher\":{\"@id\":\"https:\/\/librairie7l.com\/en\/#organization\"},\"potentialAction\":[{\"@type\":\"SearchAction\",\"target\":{\"@type\":\"EntryPoint\",\"urlTemplate\":\"https:\/\/librairie7l.com\/en\/?s={search_term_string}\"},\"query-input\":\"required name=search_term_string\"}],\"inLanguage\":\"en-US\"},{\"@type\":\"Organization\",\"@id\":\"https:\/\/librairie7l.com\/en\/#organization\",\"name\":\"Librairie 7L\",\"url\":\"https:\/\/librairie7l.com\/en\/\",\"logo\":{\"@type\":\"ImageObject\",\"inLanguage\":\"en-US\",\"@id\":\"https:\/\/librairie7l.com\/en\/#\/schema\/logo\/image\/\",\"url\":\"https:\/\/librairie7l.com\/wp-content\/uploads\/2022\/08\/logo-1.png\",\"contentUrl\":\"https:\/\/librairie7l.com\/wp-content\/uploads\/2022\/08\/logo-1.png\",\"width\":227,\"height\":301,\"caption\":\"Librairie 7L\"},\"image\":{\"@id\":\"https:\/\/librairie7l.com\/en\/#\/schema\/logo\/image\/\"}}]}<\/script>\n<!-- \/ Yoast SEO plugin. -->","yoast_head_json":{"title":"Karen Swami : c\u00e9ramiques en mouvement - Librairie 7L","robots":{"index":"index","follow":"follow","max-snippet":"max-snippet:-1","max-image-preview":"max-image-preview:large","max-video-preview":"max-video-preview:-1"},"canonical":"https:\/\/librairie7l.com\/en\/produit\/karen-swami-ceramiques-en-mouvement\/","og_locale":"en_US","og_type":"article","og_title":"Karen Swami : c\u00e9ramiques en mouvement - Librairie 7L","og_description":"Le parcours professionnel de la c\u00e9ramiste Karen Swami, dipl\u00f4m\u00e9e de l&#8217;ESCP-EAP, passe par l&#8217;univers de la finance et de la production de films, mais avec un tour install\u00e9 dans son bureau et un CAP de potier. Sa passion pour l&#8217;argile remonte \u00e0 l&#8217;\u00e2ge de cinq ans et ne l&#8217;a jamais quitt\u00e9e. Peu \u00e0 peu, les [&hellip;]","og_url":"https:\/\/librairie7l.com\/en\/produit\/karen-swami-ceramiques-en-mouvement\/","og_site_name":"Librairie 7L","article_modified_time":"2026-04-12T03:11:47+00:00","og_image":[{"width":600,"height":742,"url":"https:\/\/librairie7l.com\/wp-content\/uploads\/2023\/05\/9782359064018_1_75.jpg","type":"image\/jpeg"}],"twitter_card":"summary_large_image","twitter_misc":{"Est. reading time":"1 minute"},"schema":{"@context":"https:\/\/schema.org","@graph":[{"@type":"WebPage","@id":"https:\/\/librairie7l.com\/en\/produit\/karen-swami-ceramiques-en-mouvement\/","url":"https:\/\/librairie7l.com\/en\/produit\/karen-swami-ceramiques-en-mouvement\/","name":"Karen Swami : c\u00e9ramiques en mouvement - Librairie 7L","isPartOf":{"@id":"https:\/\/librairie7l.com\/en\/#website"},"datePublished":"2024-05-23T20:05:44+00:00","dateModified":"2026-04-12T03:11:47+00:00","breadcrumb":{"@id":"https:\/\/librairie7l.com\/en\/produit\/karen-swami-ceramiques-en-mouvement\/#breadcrumb"},"inLanguage":"en-US","potentialAction":[{"@type":"ReadAction","target":["https:\/\/librairie7l.com\/en\/produit\/karen-swami-ceramiques-en-mouvement\/"]}]},{"@type":"BreadcrumbList","@id":"https:\/\/librairie7l.com\/en\/produit\/karen-swami-ceramiques-en-mouvement\/#breadcrumb","itemListElement":[{"@type":"ListItem","position":1,"name":"Accueil","item":"https:\/\/librairie7l.com\/en\/"},{"@type":"ListItem","position":2,"name":"Shop","item":"https:\/\/librairie7l.com\/en\/shop\/"},{"@type":"ListItem","position":3,"name":"KAREN SWAMI : C\u00c9RAMIQUES EN MOUVEMENT"}]},{"@type":"WebSite","@id":"https:\/\/librairie7l.com\/en\/#website","url":"https:\/\/librairie7l.com\/en\/","name":"Librairie 7L","description":"Librairie fond\u00e9e en 1999 par Karl Lagerfeld \u00e0 Paris","publisher":{"@id":"https:\/\/librairie7l.com\/en\/#organization"},"potentialAction":[{"@type":"SearchAction","target":{"@type":"EntryPoint","urlTemplate":"https:\/\/librairie7l.com\/en\/?s={search_term_string}"},"query-input":"required name=search_term_string"}],"inLanguage":"en-US"},{"@type":"Organization","@id":"https:\/\/librairie7l.com\/en\/#organization","name":"Librairie 7L","url":"https:\/\/librairie7l.com\/en\/","logo":{"@type":"ImageObject","inLanguage":"en-US","@id":"https:\/\/librairie7l.com\/en\/#\/schema\/logo\/image\/","url":"https:\/\/librairie7l.com\/wp-content\/uploads\/2022\/08\/logo-1.png","contentUrl":"https:\/\/librairie7l.com\/wp-content\/uploads\/2022\/08\/logo-1.png","width":227,"height":301,"caption":"Librairie 7L"},"image":{"@id":"https:\/\/librairie7l.com\/en\/#\/schema\/logo\/image\/"}}]}},"_links":{"self":[{"href":"https:\/\/librairie7l.com\/en\/wp-json\/wp\/v2\/product\/39304"}],"collection":[{"href":"https:\/\/librairie7l.com\/en\/wp-json\/wp\/v2\/product"}],"about":[{"href":"https:\/\/librairie7l.com\/en\/wp-json\/wp\/v2\/types\/product"}],"wp:featuredmedia":[{"embeddable":true,"href":"https:\/\/librairie7l.com\/en\/wp-json\/wp\/v2\/media\/39302"}],"wp:attachment":[{"href":"https:\/\/librairie7l.com\/en\/wp-json\/wp\/v2\/media?parent=39304"}],"wp:term":[{"taxonomy":"product_cat","embeddable":true,"href":"https:\/\/librairie7l.com\/en\/wp-json\/wp\/v2\/product_cat?post=39304"},{"taxonomy":"product_tag","embeddable":true,"href":"https:\/\/librairie7l.com\/en\/wp-json\/wp\/v2\/product_tag?post=39304"}],"curies":[{"name":"wp","href":"https:\/\/api.w.org\/{rel}","templated":true}]}}