{"id":39316,"date":"2024-02-16T09:18:46","date_gmt":"2024-02-16T08:18:46","guid":{"rendered":"https:\/\/librairie7l.com\/?post_type=product&#038;p=39316"},"modified":"2026-04-11T04:18:10","modified_gmt":"2026-04-11T02:18:10","slug":"ceramique-processus-creatifs-des-artistes-contemporains","status":"publish","type":"product","link":"https:\/\/librairie7l.com\/en\/produit\/ceramique-processus-creatifs-des-artistes-contemporains\/","title":{"rendered":"C\u00c9RAMIQUE : PROCESSUS CR\u00c9ATIFS DES ARTISTES CONTEMPORAINS"},"content":{"rendered":"<p>Les 25 artistes de cet ouvrage expliquent, dans leurs propres mots, les processus cr\u00e9atifs derri\u00e8re leur travail, leurs sources d&#8217;inspiration, leurs strat\u00e9gies pour rester cr\u00e9atif, leurs diff\u00e9rences avec les autres artistes c\u00e9ramistes, et leur parcours. \u00c0 travers des exemples de leurs cr\u00e9ations les plus personnelles, des objets pouvant nous toucher \u00e9motionnellement, nous surprendre et nous faire r\u00e9fl\u00e9chir, les artistes r\u00e9v\u00e8lent d&#8217;importants d\u00e9tails sur leurs cr\u00e9ations tels que la mani\u00e8re dont elles ont \u00e9t\u00e9 r\u00e9alis\u00e9es, celle dont elles ont \u00e9t\u00e9 model\u00e9es ainsi que les gla\u00e7ures et engobes utilis\u00e9s pour donner \u00e0 l&#8217;argile sa couleur et sa texture. Le lecteur embarque pour un voyage inspirant dans le monde cr\u00e9atif de chacun des artistes, avec les caract\u00e9ristiques essentielles de leur travail et quelques secrets qui caract\u00e9risent leurs processus artistiques. Mod\u00e8les d&#8217;exploration, prise de risque et versatilit\u00e9, les artistes exceptionnels de ce livre red\u00e9couvrent des traditions mill\u00e9naires, r\u00e9inventent des perspectives, transcendent les fronti\u00e8res, racontent des histoires et se rebellent contre les attentes conventionnelles, en cr\u00e9ant durant le processus un espace exaltant o\u00f9 l&#8217;art, l&#8217;argile, l&#8217;eau, l&#8217;air et le feu s&#8217;unissent et inspirent. Quelques-uns des artistes c\u00e9ramistes repr\u00e9sent\u00e9s sont : BELGIQUE : Ann VanHoey ; CHINE: Wan Liya ; FRANCE: Monsieur Cailloux ; PAYS-BAS : Cecil Kemperink ; ROYAUME-UNI : Nicholas Lees ; ETATS-UNIS : Lauren Nauman, entre autres.<\/p>\n","protected":false},"excerpt":{"rendered":"<p>Les 25 artistes de cet ouvrage expliquent, dans leurs propres mots, les processus cr\u00e9atifs derri\u00e8re leur travail, leurs sources d&#8217;inspiration, leurs strat\u00e9gies pour rester cr\u00e9atif, leurs diff\u00e9rences avec les autres artistes c\u00e9ramistes, et leur parcours. \u00c0 travers des exemples de leurs cr\u00e9ations les plus personnelles, des objets pouvant nous toucher \u00e9motionnellement, nous surprendre et nous [&hellip;]<\/p>\n","protected":false},"featured_media":39314,"template":"","meta":[],"product_cat":[2948,2952],"product_tag":[],"acf":[],"yoast_head":"<!-- This site is optimized with the Yoast SEO plugin v20.11 - https:\/\/yoast.com\/wordpress\/plugins\/seo\/ -->\n<title>C\u00e9ramique : Processus cr\u00e9atifs des artistes contemporains - Librairie 7L<\/title>\n<meta name=\"robots\" content=\"index, follow, max-snippet:-1, max-image-preview:large, max-video-preview:-1\" \/>\n<link rel=\"canonical\" href=\"https:\/\/librairie7l.com\/en\/produit\/ceramique-processus-creatifs-des-artistes-contemporains\/\" \/>\n<meta property=\"og:locale\" content=\"en_US\" \/>\n<meta property=\"og:type\" content=\"article\" \/>\n<meta property=\"og:title\" content=\"C\u00e9ramique : Processus cr\u00e9atifs des artistes contemporains - Librairie 7L\" \/>\n<meta property=\"og:description\" content=\"Les 25 artistes de cet ouvrage expliquent, dans leurs propres mots, les processus cr\u00e9atifs derri\u00e8re leur travail, leurs sources d&#8217;inspiration, leurs strat\u00e9gies pour rester cr\u00e9atif, leurs diff\u00e9rences avec les autres artistes c\u00e9ramistes, et leur parcours. \u00c0 travers des exemples de leurs cr\u00e9ations les plus personnelles, des objets pouvant nous toucher \u00e9motionnellement, nous surprendre et nous [&hellip;]\" \/>\n<meta property=\"og:url\" content=\"https:\/\/librairie7l.com\/en\/produit\/ceramique-processus-creatifs-des-artistes-contemporains\/\" \/>\n<meta property=\"og:site_name\" content=\"Librairie 7L\" \/>\n<meta property=\"article:modified_time\" content=\"2026-04-11T02:18:10+00:00\" \/>\n<meta property=\"og:image\" content=\"https:\/\/librairie7l.com\/wp-content\/uploads\/2023\/06\/9788419220561_1_75.jpg\" \/>\n\t<meta property=\"og:image:width\" content=\"405\" \/>\n\t<meta property=\"og:image:height\" content=\"500\" \/>\n\t<meta property=\"og:image:type\" content=\"image\/jpeg\" \/>\n<meta name=\"twitter:card\" content=\"summary_large_image\" \/>\n<meta name=\"twitter:label1\" content=\"Est. reading time\" \/>\n\t<meta name=\"twitter:data1\" content=\"1 minute\" \/>\n<script type=\"application\/ld+json\" class=\"yoast-schema-graph\">{\"@context\":\"https:\/\/schema.org\",\"@graph\":[{\"@type\":\"WebPage\",\"@id\":\"https:\/\/librairie7l.com\/en\/produit\/ceramique-processus-creatifs-des-artistes-contemporains\/\",\"url\":\"https:\/\/librairie7l.com\/en\/produit\/ceramique-processus-creatifs-des-artistes-contemporains\/\",\"name\":\"C\u00e9ramique : Processus cr\u00e9atifs des artistes contemporains - Librairie 7L\",\"isPartOf\":{\"@id\":\"https:\/\/librairie7l.com\/en\/#website\"},\"datePublished\":\"2024-02-16T08:18:46+00:00\",\"dateModified\":\"2026-04-11T02:18:10+00:00\",\"breadcrumb\":{\"@id\":\"https:\/\/librairie7l.com\/en\/produit\/ceramique-processus-creatifs-des-artistes-contemporains\/#breadcrumb\"},\"inLanguage\":\"en-US\",\"potentialAction\":[{\"@type\":\"ReadAction\",\"target\":[\"https:\/\/librairie7l.com\/en\/produit\/ceramique-processus-creatifs-des-artistes-contemporains\/\"]}]},{\"@type\":\"BreadcrumbList\",\"@id\":\"https:\/\/librairie7l.com\/en\/produit\/ceramique-processus-creatifs-des-artistes-contemporains\/#breadcrumb\",\"itemListElement\":[{\"@type\":\"ListItem\",\"position\":1,\"name\":\"Accueil\",\"item\":\"https:\/\/librairie7l.com\/en\/\"},{\"@type\":\"ListItem\",\"position\":2,\"name\":\"Shop\",\"item\":\"https:\/\/librairie7l.com\/en\/shop\/\"},{\"@type\":\"ListItem\",\"position\":3,\"name\":\"C\u00c9RAMIQUE : PROCESSUS CR\u00c9ATIFS DES ARTISTES CONTEMPORAINS\"}]},{\"@type\":\"WebSite\",\"@id\":\"https:\/\/librairie7l.com\/en\/#website\",\"url\":\"https:\/\/librairie7l.com\/en\/\",\"name\":\"Librairie 7L\",\"description\":\"Librairie fond\u00e9e en 1999 par Karl Lagerfeld \u00e0 Paris\",\"publisher\":{\"@id\":\"https:\/\/librairie7l.com\/en\/#organization\"},\"potentialAction\":[{\"@type\":\"SearchAction\",\"target\":{\"@type\":\"EntryPoint\",\"urlTemplate\":\"https:\/\/librairie7l.com\/en\/?s={search_term_string}\"},\"query-input\":\"required name=search_term_string\"}],\"inLanguage\":\"en-US\"},{\"@type\":\"Organization\",\"@id\":\"https:\/\/librairie7l.com\/en\/#organization\",\"name\":\"Librairie 7L\",\"url\":\"https:\/\/librairie7l.com\/en\/\",\"logo\":{\"@type\":\"ImageObject\",\"inLanguage\":\"en-US\",\"@id\":\"https:\/\/librairie7l.com\/en\/#\/schema\/logo\/image\/\",\"url\":\"https:\/\/librairie7l.com\/wp-content\/uploads\/2022\/08\/logo-1.png\",\"contentUrl\":\"https:\/\/librairie7l.com\/wp-content\/uploads\/2022\/08\/logo-1.png\",\"width\":227,\"height\":301,\"caption\":\"Librairie 7L\"},\"image\":{\"@id\":\"https:\/\/librairie7l.com\/en\/#\/schema\/logo\/image\/\"}}]}<\/script>\n<!-- \/ Yoast SEO plugin. -->","yoast_head_json":{"title":"C\u00e9ramique : Processus cr\u00e9atifs des artistes contemporains - Librairie 7L","robots":{"index":"index","follow":"follow","max-snippet":"max-snippet:-1","max-image-preview":"max-image-preview:large","max-video-preview":"max-video-preview:-1"},"canonical":"https:\/\/librairie7l.com\/en\/produit\/ceramique-processus-creatifs-des-artistes-contemporains\/","og_locale":"en_US","og_type":"article","og_title":"C\u00e9ramique : Processus cr\u00e9atifs des artistes contemporains - Librairie 7L","og_description":"Les 25 artistes de cet ouvrage expliquent, dans leurs propres mots, les processus cr\u00e9atifs derri\u00e8re leur travail, leurs sources d&#8217;inspiration, leurs strat\u00e9gies pour rester cr\u00e9atif, leurs diff\u00e9rences avec les autres artistes c\u00e9ramistes, et leur parcours. \u00c0 travers des exemples de leurs cr\u00e9ations les plus personnelles, des objets pouvant nous toucher \u00e9motionnellement, nous surprendre et nous [&hellip;]","og_url":"https:\/\/librairie7l.com\/en\/produit\/ceramique-processus-creatifs-des-artistes-contemporains\/","og_site_name":"Librairie 7L","article_modified_time":"2026-04-11T02:18:10+00:00","og_image":[{"width":405,"height":500,"url":"https:\/\/librairie7l.com\/wp-content\/uploads\/2023\/06\/9788419220561_1_75.jpg","type":"image\/jpeg"}],"twitter_card":"summary_large_image","twitter_misc":{"Est. reading time":"1 minute"},"schema":{"@context":"https:\/\/schema.org","@graph":[{"@type":"WebPage","@id":"https:\/\/librairie7l.com\/en\/produit\/ceramique-processus-creatifs-des-artistes-contemporains\/","url":"https:\/\/librairie7l.com\/en\/produit\/ceramique-processus-creatifs-des-artistes-contemporains\/","name":"C\u00e9ramique : Processus cr\u00e9atifs des artistes contemporains - Librairie 7L","isPartOf":{"@id":"https:\/\/librairie7l.com\/en\/#website"},"datePublished":"2024-02-16T08:18:46+00:00","dateModified":"2026-04-11T02:18:10+00:00","breadcrumb":{"@id":"https:\/\/librairie7l.com\/en\/produit\/ceramique-processus-creatifs-des-artistes-contemporains\/#breadcrumb"},"inLanguage":"en-US","potentialAction":[{"@type":"ReadAction","target":["https:\/\/librairie7l.com\/en\/produit\/ceramique-processus-creatifs-des-artistes-contemporains\/"]}]},{"@type":"BreadcrumbList","@id":"https:\/\/librairie7l.com\/en\/produit\/ceramique-processus-creatifs-des-artistes-contemporains\/#breadcrumb","itemListElement":[{"@type":"ListItem","position":1,"name":"Accueil","item":"https:\/\/librairie7l.com\/en\/"},{"@type":"ListItem","position":2,"name":"Shop","item":"https:\/\/librairie7l.com\/en\/shop\/"},{"@type":"ListItem","position":3,"name":"C\u00c9RAMIQUE : PROCESSUS CR\u00c9ATIFS DES ARTISTES CONTEMPORAINS"}]},{"@type":"WebSite","@id":"https:\/\/librairie7l.com\/en\/#website","url":"https:\/\/librairie7l.com\/en\/","name":"Librairie 7L","description":"Librairie fond\u00e9e en 1999 par Karl Lagerfeld \u00e0 Paris","publisher":{"@id":"https:\/\/librairie7l.com\/en\/#organization"},"potentialAction":[{"@type":"SearchAction","target":{"@type":"EntryPoint","urlTemplate":"https:\/\/librairie7l.com\/en\/?s={search_term_string}"},"query-input":"required name=search_term_string"}],"inLanguage":"en-US"},{"@type":"Organization","@id":"https:\/\/librairie7l.com\/en\/#organization","name":"Librairie 7L","url":"https:\/\/librairie7l.com\/en\/","logo":{"@type":"ImageObject","inLanguage":"en-US","@id":"https:\/\/librairie7l.com\/en\/#\/schema\/logo\/image\/","url":"https:\/\/librairie7l.com\/wp-content\/uploads\/2022\/08\/logo-1.png","contentUrl":"https:\/\/librairie7l.com\/wp-content\/uploads\/2022\/08\/logo-1.png","width":227,"height":301,"caption":"Librairie 7L"},"image":{"@id":"https:\/\/librairie7l.com\/en\/#\/schema\/logo\/image\/"}}]}},"_links":{"self":[{"href":"https:\/\/librairie7l.com\/en\/wp-json\/wp\/v2\/product\/39316"}],"collection":[{"href":"https:\/\/librairie7l.com\/en\/wp-json\/wp\/v2\/product"}],"about":[{"href":"https:\/\/librairie7l.com\/en\/wp-json\/wp\/v2\/types\/product"}],"wp:featuredmedia":[{"embeddable":true,"href":"https:\/\/librairie7l.com\/en\/wp-json\/wp\/v2\/media\/39314"}],"wp:attachment":[{"href":"https:\/\/librairie7l.com\/en\/wp-json\/wp\/v2\/media?parent=39316"}],"wp:term":[{"taxonomy":"product_cat","embeddable":true,"href":"https:\/\/librairie7l.com\/en\/wp-json\/wp\/v2\/product_cat?post=39316"},{"taxonomy":"product_tag","embeddable":true,"href":"https:\/\/librairie7l.com\/en\/wp-json\/wp\/v2\/product_tag?post=39316"}],"curies":[{"name":"wp","href":"https:\/\/api.w.org\/{rel}","templated":true}]}}