{"id":39340,"date":"2024-06-26T12:12:00","date_gmt":"2024-06-26T10:12:00","guid":{"rendered":"https:\/\/librairie7l.com\/?post_type=product&#038;p=39340"},"modified":"2026-04-07T23:17:44","modified_gmt":"2026-04-07T21:17:44","slug":"haute-couture-une-vie-aux-cotes-des-plus-grands-couturiers","status":"publish","type":"product","link":"https:\/\/librairie7l.com\/en\/produit\/haute-couture-une-vie-aux-cotes-des-plus-grands-couturiers\/","title":{"rendered":"HAUTE COUTURE : UNE VIE AUX C\u00d4T\u00c9S DES PLUS GRANDS COUTURIERS"},"content":{"rendered":"<p>Un incroyable voyage au coeur de l&#8217;\u00e2ge d&#8217;or de la mode fran\u00e7aise, pr\u00e9fac\u00e9 par In\u00e8s de la Fressange.<br \/>\nCoco Chanel, Hanae Mori, Karl Lagerfeld, Monsieur de Givenchy, Yves Saint Laurent, Galliano&#8230; Colette Maciet a tout simplement \u00e9t\u00e9 l&#8217;indispensable couturi\u00e8re des plus grands cr\u00e9ateurs. Petite main \u00e0 quatorze ans, Premi\u00e8re d&#8217;atelier \u00e0 trente, sa vie a \u00e9pous\u00e9 tous les m\u00e9andres et succ\u00e8s de la Haute Couture fran\u00e7aise. G\u00e9nie et travers, faste et d\u00e9cadence, elle en conna\u00eet les moindres secrets.<br \/>\n \u00c0 force de talent et de travail, mais aussi parce qu&#8217;elle a os\u00e9 r\u00eaver, Madame Colette s&#8217;est taill\u00e9 un destin extraordinaire. Son r\u00e9cit est un voyage au coeur de l&#8217;\u00e2ge d&#8217;or de la mode fran\u00e7aise en pleine mutation. C&#8217;est aussi celui de l&#8217;incroyable m\u00e9tamorphose de toute une soci\u00e9t\u00e9.<\/p>\n","protected":false},"excerpt":{"rendered":"<p>Un incroyable voyage au coeur de l&#8217;\u00e2ge d&#8217;or de la mode fran\u00e7aise, pr\u00e9fac\u00e9 par In\u00e8s de la Fressange. Coco Chanel, Hanae Mori, Karl Lagerfeld, Monsieur de Givenchy, Yves Saint Laurent, Galliano&#8230; Colette Maciet a tout simplement \u00e9t\u00e9 l&#8217;indispensable couturi\u00e8re des plus grands cr\u00e9ateurs. Petite main \u00e0 quatorze ans, Premi\u00e8re d&#8217;atelier \u00e0 trente, sa vie a [&hellip;]<\/p>\n","protected":false},"featured_media":39338,"template":"","meta":[],"product_cat":[2948,2957],"product_tag":[],"acf":[],"yoast_head":"<!-- This site is optimized with the Yoast SEO plugin v20.11 - https:\/\/yoast.com\/wordpress\/plugins\/seo\/ -->\n<title>Haute couture : Une vie aux c\u00f4t\u00e9s des plus grands couturiers - Librairie 7L<\/title>\n<meta name=\"robots\" content=\"index, follow, max-snippet:-1, max-image-preview:large, max-video-preview:-1\" \/>\n<link rel=\"canonical\" href=\"https:\/\/librairie7l.com\/en\/produit\/haute-couture-une-vie-aux-cotes-des-plus-grands-couturiers\/\" \/>\n<meta property=\"og:locale\" content=\"en_US\" \/>\n<meta property=\"og:type\" content=\"article\" \/>\n<meta property=\"og:title\" content=\"Haute couture : Une vie aux c\u00f4t\u00e9s des plus grands couturiers - Librairie 7L\" \/>\n<meta property=\"og:description\" content=\"Un incroyable voyage au coeur de l&#8217;\u00e2ge d&#8217;or de la mode fran\u00e7aise, pr\u00e9fac\u00e9 par In\u00e8s de la Fressange. Coco Chanel, Hanae Mori, Karl Lagerfeld, Monsieur de Givenchy, Yves Saint Laurent, Galliano&#8230; Colette Maciet a tout simplement \u00e9t\u00e9 l&#8217;indispensable couturi\u00e8re des plus grands cr\u00e9ateurs. Petite main \u00e0 quatorze ans, Premi\u00e8re d&#8217;atelier \u00e0 trente, sa vie a [&hellip;]\" \/>\n<meta property=\"og:url\" content=\"https:\/\/librairie7l.com\/en\/produit\/haute-couture-une-vie-aux-cotes-des-plus-grands-couturiers\/\" \/>\n<meta property=\"og:site_name\" content=\"Librairie 7L\" \/>\n<meta property=\"article:modified_time\" content=\"2026-04-07T21:17:44+00:00\" \/>\n<meta property=\"og:image\" content=\"https:\/\/librairie7l.com\/wp-content\/uploads\/2023\/10\/9782749954714_1_75.jpg\" \/>\n\t<meta property=\"og:image:width\" content=\"600\" \/>\n\t<meta property=\"og:image:height\" content=\"970\" \/>\n\t<meta property=\"og:image:type\" content=\"image\/jpeg\" \/>\n<meta name=\"twitter:card\" content=\"summary_large_image\" \/>\n<meta name=\"twitter:label1\" content=\"Est. reading time\" \/>\n\t<meta name=\"twitter:data1\" content=\"1 minute\" \/>\n<script type=\"application\/ld+json\" class=\"yoast-schema-graph\">{\"@context\":\"https:\/\/schema.org\",\"@graph\":[{\"@type\":\"WebPage\",\"@id\":\"https:\/\/librairie7l.com\/en\/produit\/haute-couture-une-vie-aux-cotes-des-plus-grands-couturiers\/\",\"url\":\"https:\/\/librairie7l.com\/en\/produit\/haute-couture-une-vie-aux-cotes-des-plus-grands-couturiers\/\",\"name\":\"Haute couture : Une vie aux c\u00f4t\u00e9s des plus grands couturiers - Librairie 7L\",\"isPartOf\":{\"@id\":\"https:\/\/librairie7l.com\/en\/#website\"},\"datePublished\":\"2024-06-26T10:12:00+00:00\",\"dateModified\":\"2026-04-07T21:17:44+00:00\",\"breadcrumb\":{\"@id\":\"https:\/\/librairie7l.com\/en\/produit\/haute-couture-une-vie-aux-cotes-des-plus-grands-couturiers\/#breadcrumb\"},\"inLanguage\":\"en-US\",\"potentialAction\":[{\"@type\":\"ReadAction\",\"target\":[\"https:\/\/librairie7l.com\/en\/produit\/haute-couture-une-vie-aux-cotes-des-plus-grands-couturiers\/\"]}]},{\"@type\":\"BreadcrumbList\",\"@id\":\"https:\/\/librairie7l.com\/en\/produit\/haute-couture-une-vie-aux-cotes-des-plus-grands-couturiers\/#breadcrumb\",\"itemListElement\":[{\"@type\":\"ListItem\",\"position\":1,\"name\":\"Accueil\",\"item\":\"https:\/\/librairie7l.com\/en\/\"},{\"@type\":\"ListItem\",\"position\":2,\"name\":\"Shop\",\"item\":\"https:\/\/librairie7l.com\/en\/shop\/\"},{\"@type\":\"ListItem\",\"position\":3,\"name\":\"HAUTE COUTURE : UNE VIE AUX C\u00d4T\u00c9S DES PLUS GRANDS COUTURIERS\"}]},{\"@type\":\"WebSite\",\"@id\":\"https:\/\/librairie7l.com\/en\/#website\",\"url\":\"https:\/\/librairie7l.com\/en\/\",\"name\":\"Librairie 7L\",\"description\":\"Librairie fond\u00e9e en 1999 par Karl Lagerfeld \u00e0 Paris\",\"publisher\":{\"@id\":\"https:\/\/librairie7l.com\/en\/#organization\"},\"potentialAction\":[{\"@type\":\"SearchAction\",\"target\":{\"@type\":\"EntryPoint\",\"urlTemplate\":\"https:\/\/librairie7l.com\/en\/?s={search_term_string}\"},\"query-input\":\"required name=search_term_string\"}],\"inLanguage\":\"en-US\"},{\"@type\":\"Organization\",\"@id\":\"https:\/\/librairie7l.com\/en\/#organization\",\"name\":\"Librairie 7L\",\"url\":\"https:\/\/librairie7l.com\/en\/\",\"logo\":{\"@type\":\"ImageObject\",\"inLanguage\":\"en-US\",\"@id\":\"https:\/\/librairie7l.com\/en\/#\/schema\/logo\/image\/\",\"url\":\"https:\/\/librairie7l.com\/wp-content\/uploads\/2022\/08\/logo-1.png\",\"contentUrl\":\"https:\/\/librairie7l.com\/wp-content\/uploads\/2022\/08\/logo-1.png\",\"width\":227,\"height\":301,\"caption\":\"Librairie 7L\"},\"image\":{\"@id\":\"https:\/\/librairie7l.com\/en\/#\/schema\/logo\/image\/\"}}]}<\/script>\n<!-- \/ Yoast SEO plugin. -->","yoast_head_json":{"title":"Haute couture : Une vie aux c\u00f4t\u00e9s des plus grands couturiers - Librairie 7L","robots":{"index":"index","follow":"follow","max-snippet":"max-snippet:-1","max-image-preview":"max-image-preview:large","max-video-preview":"max-video-preview:-1"},"canonical":"https:\/\/librairie7l.com\/en\/produit\/haute-couture-une-vie-aux-cotes-des-plus-grands-couturiers\/","og_locale":"en_US","og_type":"article","og_title":"Haute couture : Une vie aux c\u00f4t\u00e9s des plus grands couturiers - Librairie 7L","og_description":"Un incroyable voyage au coeur de l&#8217;\u00e2ge d&#8217;or de la mode fran\u00e7aise, pr\u00e9fac\u00e9 par In\u00e8s de la Fressange. Coco Chanel, Hanae Mori, Karl Lagerfeld, Monsieur de Givenchy, Yves Saint Laurent, Galliano&#8230; Colette Maciet a tout simplement \u00e9t\u00e9 l&#8217;indispensable couturi\u00e8re des plus grands cr\u00e9ateurs. Petite main \u00e0 quatorze ans, Premi\u00e8re d&#8217;atelier \u00e0 trente, sa vie a [&hellip;]","og_url":"https:\/\/librairie7l.com\/en\/produit\/haute-couture-une-vie-aux-cotes-des-plus-grands-couturiers\/","og_site_name":"Librairie 7L","article_modified_time":"2026-04-07T21:17:44+00:00","og_image":[{"width":600,"height":970,"url":"https:\/\/librairie7l.com\/wp-content\/uploads\/2023\/10\/9782749954714_1_75.jpg","type":"image\/jpeg"}],"twitter_card":"summary_large_image","twitter_misc":{"Est. reading time":"1 minute"},"schema":{"@context":"https:\/\/schema.org","@graph":[{"@type":"WebPage","@id":"https:\/\/librairie7l.com\/en\/produit\/haute-couture-une-vie-aux-cotes-des-plus-grands-couturiers\/","url":"https:\/\/librairie7l.com\/en\/produit\/haute-couture-une-vie-aux-cotes-des-plus-grands-couturiers\/","name":"Haute couture : Une vie aux c\u00f4t\u00e9s des plus grands couturiers - Librairie 7L","isPartOf":{"@id":"https:\/\/librairie7l.com\/en\/#website"},"datePublished":"2024-06-26T10:12:00+00:00","dateModified":"2026-04-07T21:17:44+00:00","breadcrumb":{"@id":"https:\/\/librairie7l.com\/en\/produit\/haute-couture-une-vie-aux-cotes-des-plus-grands-couturiers\/#breadcrumb"},"inLanguage":"en-US","potentialAction":[{"@type":"ReadAction","target":["https:\/\/librairie7l.com\/en\/produit\/haute-couture-une-vie-aux-cotes-des-plus-grands-couturiers\/"]}]},{"@type":"BreadcrumbList","@id":"https:\/\/librairie7l.com\/en\/produit\/haute-couture-une-vie-aux-cotes-des-plus-grands-couturiers\/#breadcrumb","itemListElement":[{"@type":"ListItem","position":1,"name":"Accueil","item":"https:\/\/librairie7l.com\/en\/"},{"@type":"ListItem","position":2,"name":"Shop","item":"https:\/\/librairie7l.com\/en\/shop\/"},{"@type":"ListItem","position":3,"name":"HAUTE COUTURE : UNE VIE AUX C\u00d4T\u00c9S DES PLUS GRANDS COUTURIERS"}]},{"@type":"WebSite","@id":"https:\/\/librairie7l.com\/en\/#website","url":"https:\/\/librairie7l.com\/en\/","name":"Librairie 7L","description":"Librairie fond\u00e9e en 1999 par Karl Lagerfeld \u00e0 Paris","publisher":{"@id":"https:\/\/librairie7l.com\/en\/#organization"},"potentialAction":[{"@type":"SearchAction","target":{"@type":"EntryPoint","urlTemplate":"https:\/\/librairie7l.com\/en\/?s={search_term_string}"},"query-input":"required name=search_term_string"}],"inLanguage":"en-US"},{"@type":"Organization","@id":"https:\/\/librairie7l.com\/en\/#organization","name":"Librairie 7L","url":"https:\/\/librairie7l.com\/en\/","logo":{"@type":"ImageObject","inLanguage":"en-US","@id":"https:\/\/librairie7l.com\/en\/#\/schema\/logo\/image\/","url":"https:\/\/librairie7l.com\/wp-content\/uploads\/2022\/08\/logo-1.png","contentUrl":"https:\/\/librairie7l.com\/wp-content\/uploads\/2022\/08\/logo-1.png","width":227,"height":301,"caption":"Librairie 7L"},"image":{"@id":"https:\/\/librairie7l.com\/en\/#\/schema\/logo\/image\/"}}]}},"_links":{"self":[{"href":"https:\/\/librairie7l.com\/en\/wp-json\/wp\/v2\/product\/39340"}],"collection":[{"href":"https:\/\/librairie7l.com\/en\/wp-json\/wp\/v2\/product"}],"about":[{"href":"https:\/\/librairie7l.com\/en\/wp-json\/wp\/v2\/types\/product"}],"wp:featuredmedia":[{"embeddable":true,"href":"https:\/\/librairie7l.com\/en\/wp-json\/wp\/v2\/media\/39338"}],"wp:attachment":[{"href":"https:\/\/librairie7l.com\/en\/wp-json\/wp\/v2\/media?parent=39340"}],"wp:term":[{"taxonomy":"product_cat","embeddable":true,"href":"https:\/\/librairie7l.com\/en\/wp-json\/wp\/v2\/product_cat?post=39340"},{"taxonomy":"product_tag","embeddable":true,"href":"https:\/\/librairie7l.com\/en\/wp-json\/wp\/v2\/product_tag?post=39340"}],"curies":[{"name":"wp","href":"https:\/\/api.w.org\/{rel}","templated":true}]}}