{"id":39354,"date":"2024-06-26T10:37:16","date_gmt":"2024-06-26T08:37:16","guid":{"rendered":"https:\/\/librairie7l.com\/?post_type=product&#038;p=39354"},"modified":"2026-04-13T08:06:26","modified_gmt":"2026-04-13T06:06:26","slug":"sleeping-beauty","status":"publish","type":"product","link":"https:\/\/librairie7l.com\/en\/produit\/sleeping-beauty\/","title":{"rendered":"SLEEPING BEAUTY"},"content":{"rendered":"<p>Sleeping Beauty regroupe 160 images, toutes r\u00e9alis\u00e9es ces 5 derni\u00e8res ann\u00e9es, ainsi qu&#8217;un essai de Shonagh Marshall. Cet ouvrage associe des photographies de diff\u00e9rents genres artistiques (portraits, natures mortes, paysages,..). Il arrive que l&#8217;on entre dans certaines images comme dans un r\u00eave. On peut les visiter, et m\u00eame les habiter selon que l&#8217;on s&#8217;y sente plus ou moins \u00e0 l&#8217;aise. C&#8217;est le cas de l&#8217;oeuvre photographique de Carlijn Jacobs qui privil\u00e9gie comme axe narratif celui du conte auquel l&#8217;ouvrage fait ici directement r\u00e9f\u00e9rence. Comme dans le r\u00e9cit de Charles Perrault, les h\u00e9ro\u00efnes de Jacobs semblent naviguer entre deux mondes, sorte de r\u00eave \u00e9veill\u00e9. Sans chercher \u00e0 s&#8217;affranchir du r\u00e9el, la photographe juxtapose le fantastique et le commun dans des mises en sc\u00e8ne excentriques et g\u00e9n\u00e9reuses o\u00f9 l&#8217;artificialit\u00e9 bouleverse nos rep\u00e8res. Fascin\u00e9e par le masque, Jacobs s&#8217;amuse du jeu des apparences; si le d\u00e9guisement n&#8217;est qu&#8217;une forme du mensonge ordinaire auquel nous participons tous\u00b7tes, le masque se r\u00e9v\u00e8le d&#8217;une radicalit\u00e9 symbolique en ce qui revendique le droit \u00e0 \u00eatre autre. Sleeping Beauty est une excursion au coeur de f\u00eates insolites et baroques o\u00f9 des cr\u00e9atures contrefaites \u00e9voluent dans un faste d&#8217;op\u00e9ra et de bal masqu\u00e9. La th\u00e9\u00e2tralit\u00e9, l&#8217;extravagance et la g\u00e9n\u00e9rosit\u00e9 des images de Jacobs signent une r\u00e9bellion morale \u00e0 l&#8217;encontre des contraintes et des normes sociales. Cet ouvrage accompagne le premier solo show de l&#8217;artiste \u00e0 FOAM. Carlijn Jacobs est une photographe et r\u00e9alisatrice bas\u00e9e \u00e0 Paris. N\u00e9e aux Pays-Bas, elle a \u00e9tudi\u00e9 la photographie \u00e0 l&#8217;Acad\u00e9mie Willem de Kooning de Rotterdam o\u00f9 elle a \u00e9t\u00e9 tr\u00e8s t\u00f4t recon- nue pour son regard pr\u00e9cis et aiguis\u00e9 sur la culture de masse.<\/p>\n","protected":false},"excerpt":{"rendered":"<p>Sleeping Beauty regroupe 160 images, toutes r\u00e9alis\u00e9es ces 5 derni\u00e8res ann\u00e9es, ainsi qu&#8217;un essai de Shonagh Marshall. Cet ouvrage associe des photographies de diff\u00e9rents genres artistiques (portraits, natures mortes, paysages,..). Il arrive que l&#8217;on entre dans certaines images comme dans un r\u00eave. On peut les visiter, et m\u00eame les habiter selon que l&#8217;on s&#8217;y sente [&hellip;]<\/p>\n","protected":false},"featured_media":47485,"template":"","meta":[],"product_cat":[2948,2957],"product_tag":[],"acf":[],"yoast_head":"<!-- This site is optimized with the Yoast SEO plugin v20.11 - https:\/\/yoast.com\/wordpress\/plugins\/seo\/ -->\n<title>Sleeping beauty - Librairie 7L<\/title>\n<meta name=\"robots\" content=\"index, follow, max-snippet:-1, max-image-preview:large, max-video-preview:-1\" \/>\n<link rel=\"canonical\" href=\"https:\/\/librairie7l.com\/en\/produit\/sleeping-beauty\/\" \/>\n<meta property=\"og:locale\" content=\"en_US\" \/>\n<meta property=\"og:type\" content=\"article\" \/>\n<meta property=\"og:title\" content=\"Sleeping beauty - Librairie 7L\" \/>\n<meta property=\"og:description\" content=\"Sleeping Beauty regroupe 160 images, toutes r\u00e9alis\u00e9es ces 5 derni\u00e8res ann\u00e9es, ainsi qu&#8217;un essai de Shonagh Marshall. Cet ouvrage associe des photographies de diff\u00e9rents genres artistiques (portraits, natures mortes, paysages,..). Il arrive que l&#8217;on entre dans certaines images comme dans un r\u00eave. On peut les visiter, et m\u00eame les habiter selon que l&#8217;on s&#8217;y sente [&hellip;]\" \/>\n<meta property=\"og:url\" content=\"https:\/\/librairie7l.com\/en\/produit\/sleeping-beauty\/\" \/>\n<meta property=\"og:site_name\" content=\"Librairie 7L\" \/>\n<meta property=\"article:modified_time\" content=\"2026-04-13T06:06:26+00:00\" \/>\n<meta name=\"twitter:card\" content=\"summary_large_image\" \/>\n<meta name=\"twitter:label1\" content=\"Est. reading time\" \/>\n\t<meta name=\"twitter:data1\" content=\"2 minutes\" \/>\n<script type=\"application\/ld+json\" class=\"yoast-schema-graph\">{\"@context\":\"https:\/\/schema.org\",\"@graph\":[{\"@type\":\"WebPage\",\"@id\":\"https:\/\/librairie7l.com\/en\/produit\/sleeping-beauty\/\",\"url\":\"https:\/\/librairie7l.com\/en\/produit\/sleeping-beauty\/\",\"name\":\"Sleeping beauty - Librairie 7L\",\"isPartOf\":{\"@id\":\"https:\/\/librairie7l.com\/en\/#website\"},\"datePublished\":\"2024-06-26T08:37:16+00:00\",\"dateModified\":\"2026-04-13T06:06:26+00:00\",\"breadcrumb\":{\"@id\":\"https:\/\/librairie7l.com\/en\/produit\/sleeping-beauty\/#breadcrumb\"},\"inLanguage\":\"en-US\",\"potentialAction\":[{\"@type\":\"ReadAction\",\"target\":[\"https:\/\/librairie7l.com\/en\/produit\/sleeping-beauty\/\"]}]},{\"@type\":\"BreadcrumbList\",\"@id\":\"https:\/\/librairie7l.com\/en\/produit\/sleeping-beauty\/#breadcrumb\",\"itemListElement\":[{\"@type\":\"ListItem\",\"position\":1,\"name\":\"Accueil\",\"item\":\"https:\/\/librairie7l.com\/en\/\"},{\"@type\":\"ListItem\",\"position\":2,\"name\":\"Shop\",\"item\":\"https:\/\/librairie7l.com\/en\/shop\/\"},{\"@type\":\"ListItem\",\"position\":3,\"name\":\"SLEEPING BEAUTY\"}]},{\"@type\":\"WebSite\",\"@id\":\"https:\/\/librairie7l.com\/en\/#website\",\"url\":\"https:\/\/librairie7l.com\/en\/\",\"name\":\"Librairie 7L\",\"description\":\"Librairie fond\u00e9e en 1999 par Karl Lagerfeld \u00e0 Paris\",\"publisher\":{\"@id\":\"https:\/\/librairie7l.com\/en\/#organization\"},\"potentialAction\":[{\"@type\":\"SearchAction\",\"target\":{\"@type\":\"EntryPoint\",\"urlTemplate\":\"https:\/\/librairie7l.com\/en\/?s={search_term_string}\"},\"query-input\":\"required name=search_term_string\"}],\"inLanguage\":\"en-US\"},{\"@type\":\"Organization\",\"@id\":\"https:\/\/librairie7l.com\/en\/#organization\",\"name\":\"Librairie 7L\",\"url\":\"https:\/\/librairie7l.com\/en\/\",\"logo\":{\"@type\":\"ImageObject\",\"inLanguage\":\"en-US\",\"@id\":\"https:\/\/librairie7l.com\/en\/#\/schema\/logo\/image\/\",\"url\":\"https:\/\/librairie7l.com\/wp-content\/uploads\/2022\/08\/logo-1.png\",\"contentUrl\":\"https:\/\/librairie7l.com\/wp-content\/uploads\/2022\/08\/logo-1.png\",\"width\":227,\"height\":301,\"caption\":\"Librairie 7L\"},\"image\":{\"@id\":\"https:\/\/librairie7l.com\/en\/#\/schema\/logo\/image\/\"}}]}<\/script>\n<!-- \/ Yoast SEO plugin. -->","yoast_head_json":{"title":"Sleeping beauty - Librairie 7L","robots":{"index":"index","follow":"follow","max-snippet":"max-snippet:-1","max-image-preview":"max-image-preview:large","max-video-preview":"max-video-preview:-1"},"canonical":"https:\/\/librairie7l.com\/en\/produit\/sleeping-beauty\/","og_locale":"en_US","og_type":"article","og_title":"Sleeping beauty - Librairie 7L","og_description":"Sleeping Beauty regroupe 160 images, toutes r\u00e9alis\u00e9es ces 5 derni\u00e8res ann\u00e9es, ainsi qu&#8217;un essai de Shonagh Marshall. Cet ouvrage associe des photographies de diff\u00e9rents genres artistiques (portraits, natures mortes, paysages,..). Il arrive que l&#8217;on entre dans certaines images comme dans un r\u00eave. On peut les visiter, et m\u00eame les habiter selon que l&#8217;on s&#8217;y sente [&hellip;]","og_url":"https:\/\/librairie7l.com\/en\/produit\/sleeping-beauty\/","og_site_name":"Librairie 7L","article_modified_time":"2026-04-13T06:06:26+00:00","twitter_card":"summary_large_image","twitter_misc":{"Est. reading time":"2 minutes"},"schema":{"@context":"https:\/\/schema.org","@graph":[{"@type":"WebPage","@id":"https:\/\/librairie7l.com\/en\/produit\/sleeping-beauty\/","url":"https:\/\/librairie7l.com\/en\/produit\/sleeping-beauty\/","name":"Sleeping beauty - Librairie 7L","isPartOf":{"@id":"https:\/\/librairie7l.com\/en\/#website"},"datePublished":"2024-06-26T08:37:16+00:00","dateModified":"2026-04-13T06:06:26+00:00","breadcrumb":{"@id":"https:\/\/librairie7l.com\/en\/produit\/sleeping-beauty\/#breadcrumb"},"inLanguage":"en-US","potentialAction":[{"@type":"ReadAction","target":["https:\/\/librairie7l.com\/en\/produit\/sleeping-beauty\/"]}]},{"@type":"BreadcrumbList","@id":"https:\/\/librairie7l.com\/en\/produit\/sleeping-beauty\/#breadcrumb","itemListElement":[{"@type":"ListItem","position":1,"name":"Accueil","item":"https:\/\/librairie7l.com\/en\/"},{"@type":"ListItem","position":2,"name":"Shop","item":"https:\/\/librairie7l.com\/en\/shop\/"},{"@type":"ListItem","position":3,"name":"SLEEPING BEAUTY"}]},{"@type":"WebSite","@id":"https:\/\/librairie7l.com\/en\/#website","url":"https:\/\/librairie7l.com\/en\/","name":"Librairie 7L","description":"Librairie fond\u00e9e en 1999 par Karl Lagerfeld \u00e0 Paris","publisher":{"@id":"https:\/\/librairie7l.com\/en\/#organization"},"potentialAction":[{"@type":"SearchAction","target":{"@type":"EntryPoint","urlTemplate":"https:\/\/librairie7l.com\/en\/?s={search_term_string}"},"query-input":"required name=search_term_string"}],"inLanguage":"en-US"},{"@type":"Organization","@id":"https:\/\/librairie7l.com\/en\/#organization","name":"Librairie 7L","url":"https:\/\/librairie7l.com\/en\/","logo":{"@type":"ImageObject","inLanguage":"en-US","@id":"https:\/\/librairie7l.com\/en\/#\/schema\/logo\/image\/","url":"https:\/\/librairie7l.com\/wp-content\/uploads\/2022\/08\/logo-1.png","contentUrl":"https:\/\/librairie7l.com\/wp-content\/uploads\/2022\/08\/logo-1.png","width":227,"height":301,"caption":"Librairie 7L"},"image":{"@id":"https:\/\/librairie7l.com\/en\/#\/schema\/logo\/image\/"}}]}},"_links":{"self":[{"href":"https:\/\/librairie7l.com\/en\/wp-json\/wp\/v2\/product\/39354"}],"collection":[{"href":"https:\/\/librairie7l.com\/en\/wp-json\/wp\/v2\/product"}],"about":[{"href":"https:\/\/librairie7l.com\/en\/wp-json\/wp\/v2\/types\/product"}],"wp:featuredmedia":[{"embeddable":true,"href":"https:\/\/librairie7l.com\/en\/wp-json\/wp\/v2\/media\/47485"}],"wp:attachment":[{"href":"https:\/\/librairie7l.com\/en\/wp-json\/wp\/v2\/media?parent=39354"}],"wp:term":[{"taxonomy":"product_cat","embeddable":true,"href":"https:\/\/librairie7l.com\/en\/wp-json\/wp\/v2\/product_cat?post=39354"},{"taxonomy":"product_tag","embeddable":true,"href":"https:\/\/librairie7l.com\/en\/wp-json\/wp\/v2\/product_tag?post=39354"}],"curies":[{"name":"wp","href":"https:\/\/api.w.org\/{rel}","templated":true}]}}