{"id":39363,"date":"2024-06-26T12:11:22","date_gmt":"2024-06-26T10:11:22","guid":{"rendered":"https:\/\/librairie7l.com\/?post_type=product&#038;p=39363"},"modified":"2026-04-27T00:07:08","modified_gmt":"2026-04-26T22:07:08","slug":"curiosites-brodees-cannetille-sequins-fil-dore-perles-de-rocaille-20-p","status":"publish","type":"product","link":"https:\/\/librairie7l.com\/en\/produit\/curiosites-brodees-cannetille-sequins-fil-dore-perles-de-rocaille-20-p\/","title":{"rendered":"CURIOSIT\u00c9S BROD\u00c9ES : CANNETILLE, SEQUINS, FIL DOR\u00c9, PERLES DE ROCAILLE&#8230; ; 20 PROJETS POUR BRODER AVEC \u00c9CLAT !"},"content":{"rendered":"<p>Sequins, fil dor\u00e9, cannetille, perles et paillettes&#8230;<br \/>\nLa broderie \u00e9tincelle dans ces 21 projets o\u00f9 les fils se m\u00ealent \u00e0 d&#8217;autres mati\u00e8res pour une cr\u00e9ativit\u00e9 encore plus grande.<br \/>\nGuid\u00e9 par les pas-\u00e0-pas de Julie Renoux, apprenez \u00e0 broder une broche coeur, une suspension, une toile bucolique ou une d\u00e9coration constellation, et \u00e0 les mettre en sc\u00e8ne dans des cadres ou des cloches pour un effet cabinet de curiosit\u00e9s.<\/p>\n","protected":false},"excerpt":{"rendered":"<p>Sequins, fil dor\u00e9, cannetille, perles et paillettes&#8230; La broderie \u00e9tincelle dans ces 21 projets o\u00f9 les fils se m\u00ealent \u00e0 d&#8217;autres mati\u00e8res pour une cr\u00e9ativit\u00e9 encore plus grande. Guid\u00e9 par les pas-\u00e0-pas de Julie Renoux, apprenez \u00e0 broder une broche coeur, une suspension, une toile bucolique ou une d\u00e9coration constellation, et \u00e0 les mettre en [&hellip;]<\/p>\n","protected":false},"featured_media":39361,"template":"","meta":[],"product_cat":[2948,2957],"product_tag":[],"acf":[],"yoast_head":"<!-- This site is optimized with the Yoast SEO plugin v20.11 - https:\/\/yoast.com\/wordpress\/plugins\/seo\/ -->\n<title>Curiosit\u00e9s brod\u00e9es : Cannetille, sequins, fil dor\u00e9, perles de rocaille... ; 20 projets pour broder avec \u00e9clat ! - Librairie 7L<\/title>\n<meta name=\"robots\" content=\"index, follow, max-snippet:-1, max-image-preview:large, max-video-preview:-1\" \/>\n<link rel=\"canonical\" href=\"https:\/\/librairie7l.com\/en\/produit\/curiosites-brodees-cannetille-sequins-fil-dore-perles-de-rocaille-20-p\/\" \/>\n<meta property=\"og:locale\" content=\"en_US\" \/>\n<meta property=\"og:type\" content=\"article\" \/>\n<meta property=\"og:title\" content=\"Curiosit\u00e9s brod\u00e9es : Cannetille, sequins, fil dor\u00e9, perles de rocaille... ; 20 projets pour broder avec \u00e9clat ! - Librairie 7L\" \/>\n<meta property=\"og:description\" content=\"Sequins, fil dor\u00e9, cannetille, perles et paillettes&#8230; La broderie \u00e9tincelle dans ces 21 projets o\u00f9 les fils se m\u00ealent \u00e0 d&#8217;autres mati\u00e8res pour une cr\u00e9ativit\u00e9 encore plus grande. Guid\u00e9 par les pas-\u00e0-pas de Julie Renoux, apprenez \u00e0 broder une broche coeur, une suspension, une toile bucolique ou une d\u00e9coration constellation, et \u00e0 les mettre en [&hellip;]\" \/>\n<meta property=\"og:url\" content=\"https:\/\/librairie7l.com\/en\/produit\/curiosites-brodees-cannetille-sequins-fil-dore-perles-de-rocaille-20-p\/\" \/>\n<meta property=\"og:site_name\" content=\"Librairie 7L\" \/>\n<meta property=\"article:modified_time\" content=\"2026-04-26T22:07:08+00:00\" \/>\n<meta property=\"og:image\" content=\"https:\/\/librairie7l.com\/wp-content\/uploads\/2023\/09\/9782501174633_1_75.jpg\" \/>\n\t<meta property=\"og:image:width\" content=\"600\" \/>\n\t<meta property=\"og:image:height\" content=\"711\" \/>\n\t<meta property=\"og:image:type\" content=\"image\/jpeg\" \/>\n<meta name=\"twitter:card\" content=\"summary_large_image\" \/>\n<script type=\"application\/ld+json\" class=\"yoast-schema-graph\">{\"@context\":\"https:\/\/schema.org\",\"@graph\":[{\"@type\":\"WebPage\",\"@id\":\"https:\/\/librairie7l.com\/en\/produit\/curiosites-brodees-cannetille-sequins-fil-dore-perles-de-rocaille-20-p\/\",\"url\":\"https:\/\/librairie7l.com\/en\/produit\/curiosites-brodees-cannetille-sequins-fil-dore-perles-de-rocaille-20-p\/\",\"name\":\"Curiosit\u00e9s brod\u00e9es : Cannetille, sequins, fil dor\u00e9, perles de rocaille... ; 20 projets pour broder avec \u00e9clat ! - Librairie 7L\",\"isPartOf\":{\"@id\":\"https:\/\/librairie7l.com\/en\/#website\"},\"datePublished\":\"2024-06-26T10:11:22+00:00\",\"dateModified\":\"2026-04-26T22:07:08+00:00\",\"breadcrumb\":{\"@id\":\"https:\/\/librairie7l.com\/en\/produit\/curiosites-brodees-cannetille-sequins-fil-dore-perles-de-rocaille-20-p\/#breadcrumb\"},\"inLanguage\":\"en-US\",\"potentialAction\":[{\"@type\":\"ReadAction\",\"target\":[\"https:\/\/librairie7l.com\/en\/produit\/curiosites-brodees-cannetille-sequins-fil-dore-perles-de-rocaille-20-p\/\"]}]},{\"@type\":\"BreadcrumbList\",\"@id\":\"https:\/\/librairie7l.com\/en\/produit\/curiosites-brodees-cannetille-sequins-fil-dore-perles-de-rocaille-20-p\/#breadcrumb\",\"itemListElement\":[{\"@type\":\"ListItem\",\"position\":1,\"name\":\"Accueil\",\"item\":\"https:\/\/librairie7l.com\/en\/\"},{\"@type\":\"ListItem\",\"position\":2,\"name\":\"Shop\",\"item\":\"https:\/\/librairie7l.com\/en\/shop\/\"},{\"@type\":\"ListItem\",\"position\":3,\"name\":\"CURIOSIT\u00c9S BROD\u00c9ES : CANNETILLE, SEQUINS, FIL DOR\u00c9, PERLES DE ROCAILLE&#8230; ; 20 PROJETS POUR BRODER AVEC \u00c9CLAT !\"}]},{\"@type\":\"WebSite\",\"@id\":\"https:\/\/librairie7l.com\/en\/#website\",\"url\":\"https:\/\/librairie7l.com\/en\/\",\"name\":\"Librairie 7L\",\"description\":\"Librairie fond\u00e9e en 1999 par Karl Lagerfeld \u00e0 Paris\",\"publisher\":{\"@id\":\"https:\/\/librairie7l.com\/en\/#organization\"},\"potentialAction\":[{\"@type\":\"SearchAction\",\"target\":{\"@type\":\"EntryPoint\",\"urlTemplate\":\"https:\/\/librairie7l.com\/en\/?s={search_term_string}\"},\"query-input\":\"required name=search_term_string\"}],\"inLanguage\":\"en-US\"},{\"@type\":\"Organization\",\"@id\":\"https:\/\/librairie7l.com\/en\/#organization\",\"name\":\"Librairie 7L\",\"url\":\"https:\/\/librairie7l.com\/en\/\",\"logo\":{\"@type\":\"ImageObject\",\"inLanguage\":\"en-US\",\"@id\":\"https:\/\/librairie7l.com\/en\/#\/schema\/logo\/image\/\",\"url\":\"https:\/\/librairie7l.com\/wp-content\/uploads\/2022\/08\/logo-1.png\",\"contentUrl\":\"https:\/\/librairie7l.com\/wp-content\/uploads\/2022\/08\/logo-1.png\",\"width\":227,\"height\":301,\"caption\":\"Librairie 7L\"},\"image\":{\"@id\":\"https:\/\/librairie7l.com\/en\/#\/schema\/logo\/image\/\"}}]}<\/script>\n<!-- \/ Yoast SEO plugin. -->","yoast_head_json":{"title":"Curiosit\u00e9s brod\u00e9es : Cannetille, sequins, fil dor\u00e9, perles de rocaille... ; 20 projets pour broder avec \u00e9clat ! - Librairie 7L","robots":{"index":"index","follow":"follow","max-snippet":"max-snippet:-1","max-image-preview":"max-image-preview:large","max-video-preview":"max-video-preview:-1"},"canonical":"https:\/\/librairie7l.com\/en\/produit\/curiosites-brodees-cannetille-sequins-fil-dore-perles-de-rocaille-20-p\/","og_locale":"en_US","og_type":"article","og_title":"Curiosit\u00e9s brod\u00e9es : Cannetille, sequins, fil dor\u00e9, perles de rocaille... ; 20 projets pour broder avec \u00e9clat ! - Librairie 7L","og_description":"Sequins, fil dor\u00e9, cannetille, perles et paillettes&#8230; La broderie \u00e9tincelle dans ces 21 projets o\u00f9 les fils se m\u00ealent \u00e0 d&#8217;autres mati\u00e8res pour une cr\u00e9ativit\u00e9 encore plus grande. Guid\u00e9 par les pas-\u00e0-pas de Julie Renoux, apprenez \u00e0 broder une broche coeur, une suspension, une toile bucolique ou une d\u00e9coration constellation, et \u00e0 les mettre en [&hellip;]","og_url":"https:\/\/librairie7l.com\/en\/produit\/curiosites-brodees-cannetille-sequins-fil-dore-perles-de-rocaille-20-p\/","og_site_name":"Librairie 7L","article_modified_time":"2026-04-26T22:07:08+00:00","og_image":[{"width":600,"height":711,"url":"https:\/\/librairie7l.com\/wp-content\/uploads\/2023\/09\/9782501174633_1_75.jpg","type":"image\/jpeg"}],"twitter_card":"summary_large_image","schema":{"@context":"https:\/\/schema.org","@graph":[{"@type":"WebPage","@id":"https:\/\/librairie7l.com\/en\/produit\/curiosites-brodees-cannetille-sequins-fil-dore-perles-de-rocaille-20-p\/","url":"https:\/\/librairie7l.com\/en\/produit\/curiosites-brodees-cannetille-sequins-fil-dore-perles-de-rocaille-20-p\/","name":"Curiosit\u00e9s brod\u00e9es : Cannetille, sequins, fil dor\u00e9, perles de rocaille... ; 20 projets pour broder avec \u00e9clat ! - Librairie 7L","isPartOf":{"@id":"https:\/\/librairie7l.com\/en\/#website"},"datePublished":"2024-06-26T10:11:22+00:00","dateModified":"2026-04-26T22:07:08+00:00","breadcrumb":{"@id":"https:\/\/librairie7l.com\/en\/produit\/curiosites-brodees-cannetille-sequins-fil-dore-perles-de-rocaille-20-p\/#breadcrumb"},"inLanguage":"en-US","potentialAction":[{"@type":"ReadAction","target":["https:\/\/librairie7l.com\/en\/produit\/curiosites-brodees-cannetille-sequins-fil-dore-perles-de-rocaille-20-p\/"]}]},{"@type":"BreadcrumbList","@id":"https:\/\/librairie7l.com\/en\/produit\/curiosites-brodees-cannetille-sequins-fil-dore-perles-de-rocaille-20-p\/#breadcrumb","itemListElement":[{"@type":"ListItem","position":1,"name":"Accueil","item":"https:\/\/librairie7l.com\/en\/"},{"@type":"ListItem","position":2,"name":"Shop","item":"https:\/\/librairie7l.com\/en\/shop\/"},{"@type":"ListItem","position":3,"name":"CURIOSIT\u00c9S BROD\u00c9ES : CANNETILLE, SEQUINS, FIL DOR\u00c9, PERLES DE ROCAILLE&#8230; ; 20 PROJETS POUR BRODER AVEC \u00c9CLAT !"}]},{"@type":"WebSite","@id":"https:\/\/librairie7l.com\/en\/#website","url":"https:\/\/librairie7l.com\/en\/","name":"Librairie 7L","description":"Librairie fond\u00e9e en 1999 par Karl Lagerfeld \u00e0 Paris","publisher":{"@id":"https:\/\/librairie7l.com\/en\/#organization"},"potentialAction":[{"@type":"SearchAction","target":{"@type":"EntryPoint","urlTemplate":"https:\/\/librairie7l.com\/en\/?s={search_term_string}"},"query-input":"required name=search_term_string"}],"inLanguage":"en-US"},{"@type":"Organization","@id":"https:\/\/librairie7l.com\/en\/#organization","name":"Librairie 7L","url":"https:\/\/librairie7l.com\/en\/","logo":{"@type":"ImageObject","inLanguage":"en-US","@id":"https:\/\/librairie7l.com\/en\/#\/schema\/logo\/image\/","url":"https:\/\/librairie7l.com\/wp-content\/uploads\/2022\/08\/logo-1.png","contentUrl":"https:\/\/librairie7l.com\/wp-content\/uploads\/2022\/08\/logo-1.png","width":227,"height":301,"caption":"Librairie 7L"},"image":{"@id":"https:\/\/librairie7l.com\/en\/#\/schema\/logo\/image\/"}}]}},"_links":{"self":[{"href":"https:\/\/librairie7l.com\/en\/wp-json\/wp\/v2\/product\/39363"}],"collection":[{"href":"https:\/\/librairie7l.com\/en\/wp-json\/wp\/v2\/product"}],"about":[{"href":"https:\/\/librairie7l.com\/en\/wp-json\/wp\/v2\/types\/product"}],"wp:featuredmedia":[{"embeddable":true,"href":"https:\/\/librairie7l.com\/en\/wp-json\/wp\/v2\/media\/39361"}],"wp:attachment":[{"href":"https:\/\/librairie7l.com\/en\/wp-json\/wp\/v2\/media?parent=39363"}],"wp:term":[{"taxonomy":"product_cat","embeddable":true,"href":"https:\/\/librairie7l.com\/en\/wp-json\/wp\/v2\/product_cat?post=39363"},{"taxonomy":"product_tag","embeddable":true,"href":"https:\/\/librairie7l.com\/en\/wp-json\/wp\/v2\/product_tag?post=39363"}],"curies":[{"name":"wp","href":"https:\/\/api.w.org\/{rel}","templated":true}]}}