{"id":39367,"date":"2024-06-26T12:11:24","date_gmt":"2024-06-26T10:11:24","guid":{"rendered":"https:\/\/librairie7l.com\/?post_type=product&#038;p=39367"},"modified":"2026-04-05T13:15:03","modified_gmt":"2026-04-05T11:15:03","slug":"broderie-sashiko-techniques-creations","status":"publish","type":"product","link":"https:\/\/librairie7l.com\/en\/produit\/broderie-sashiko-techniques-creations\/","title":{"rendered":"BRODERIE SASHIKO : TECHNIQUES &AMP; CR\u00c9ATIONS"},"content":{"rendered":"<p>D\u00e9couvrez ou red\u00e9couvrez cette d\u00e9licate technique de broderie japonaise !<br \/>\nLe sashiko &#8211; broderie traditionnelle japonaise &#8211; offre des possibilit\u00e9s cr\u00e9atives exceptionnelles. D\u00e9couvrez ici ses interpr\u00e9tations contemporaines, avec des motifs graphiques ou figuratifs, l&#8217;int\u00e9gration de fils ou de toiles de couleur et des cr\u00e9ations r\u00e9solument modernes.<\/p>\n<p> Un livre complet qui aborde la technique de sashiko et propose un r\u00e9pertoire de pr\u00e8s de 90 motifs traditionnels mais \u00e9galement figuratifs, comme les fleurs et les animaux, ainsi que 19 cr\u00e9ations \u00e0 r\u00e9aliser pour tous niveaux : sacs, pochettes, \u00e9charpes, coussins, objets de d\u00e9coration&#8230;<\/p>\n","protected":false},"excerpt":{"rendered":"<p>D\u00e9couvrez ou red\u00e9couvrez cette d\u00e9licate technique de broderie japonaise ! Le sashiko &#8211; broderie traditionnelle japonaise &#8211; offre des possibilit\u00e9s cr\u00e9atives exceptionnelles. D\u00e9couvrez ici ses interpr\u00e9tations contemporaines, avec des motifs graphiques ou figuratifs, l&#8217;int\u00e9gration de fils ou de toiles de couleur et des cr\u00e9ations r\u00e9solument modernes. Un livre complet qui aborde la technique de sashiko [&hellip;]<\/p>\n","protected":false},"featured_media":39365,"template":"","meta":[],"product_cat":[2948,2957],"product_tag":[],"acf":[],"yoast_head":"<!-- This site is optimized with the Yoast SEO plugin v20.11 - https:\/\/yoast.com\/wordpress\/plugins\/seo\/ -->\n<title>Broderie sashiko : techniques &amp; cr\u00e9ations - Librairie 7L<\/title>\n<meta name=\"robots\" content=\"index, follow, max-snippet:-1, max-image-preview:large, max-video-preview:-1\" \/>\n<link rel=\"canonical\" href=\"https:\/\/librairie7l.com\/en\/produit\/broderie-sashiko-techniques-creations\/\" \/>\n<meta property=\"og:locale\" content=\"en_US\" \/>\n<meta property=\"og:type\" content=\"article\" \/>\n<meta property=\"og:title\" content=\"Broderie sashiko : techniques &amp; cr\u00e9ations - Librairie 7L\" \/>\n<meta property=\"og:description\" content=\"D\u00e9couvrez ou red\u00e9couvrez cette d\u00e9licate technique de broderie japonaise ! Le sashiko &#8211; broderie traditionnelle japonaise &#8211; offre des possibilit\u00e9s cr\u00e9atives exceptionnelles. D\u00e9couvrez ici ses interpr\u00e9tations contemporaines, avec des motifs graphiques ou figuratifs, l&#8217;int\u00e9gration de fils ou de toiles de couleur et des cr\u00e9ations r\u00e9solument modernes. Un livre complet qui aborde la technique de sashiko [&hellip;]\" \/>\n<meta property=\"og:url\" content=\"https:\/\/librairie7l.com\/en\/produit\/broderie-sashiko-techniques-creations\/\" \/>\n<meta property=\"og:site_name\" content=\"Librairie 7L\" \/>\n<meta property=\"article:modified_time\" content=\"2026-04-05T11:15:03+00:00\" \/>\n<meta property=\"og:image\" content=\"https:\/\/librairie7l.com\/wp-content\/uploads\/2023\/06\/9782299004563_1_75.jpg\" \/>\n\t<meta property=\"og:image:width\" content=\"600\" \/>\n\t<meta property=\"og:image:height\" content=\"707\" \/>\n\t<meta property=\"og:image:type\" content=\"image\/jpeg\" \/>\n<meta name=\"twitter:card\" content=\"summary_large_image\" \/>\n<meta name=\"twitter:label1\" content=\"Est. reading time\" \/>\n\t<meta name=\"twitter:data1\" content=\"1 minute\" \/>\n<script type=\"application\/ld+json\" class=\"yoast-schema-graph\">{\"@context\":\"https:\/\/schema.org\",\"@graph\":[{\"@type\":\"WebPage\",\"@id\":\"https:\/\/librairie7l.com\/en\/produit\/broderie-sashiko-techniques-creations\/\",\"url\":\"https:\/\/librairie7l.com\/en\/produit\/broderie-sashiko-techniques-creations\/\",\"name\":\"Broderie sashiko : techniques &amp; cr\u00e9ations - Librairie 7L\",\"isPartOf\":{\"@id\":\"https:\/\/librairie7l.com\/en\/#website\"},\"datePublished\":\"2024-06-26T10:11:24+00:00\",\"dateModified\":\"2026-04-05T11:15:03+00:00\",\"breadcrumb\":{\"@id\":\"https:\/\/librairie7l.com\/en\/produit\/broderie-sashiko-techniques-creations\/#breadcrumb\"},\"inLanguage\":\"en-US\",\"potentialAction\":[{\"@type\":\"ReadAction\",\"target\":[\"https:\/\/librairie7l.com\/en\/produit\/broderie-sashiko-techniques-creations\/\"]}]},{\"@type\":\"BreadcrumbList\",\"@id\":\"https:\/\/librairie7l.com\/en\/produit\/broderie-sashiko-techniques-creations\/#breadcrumb\",\"itemListElement\":[{\"@type\":\"ListItem\",\"position\":1,\"name\":\"Accueil\",\"item\":\"https:\/\/librairie7l.com\/en\/\"},{\"@type\":\"ListItem\",\"position\":2,\"name\":\"Shop\",\"item\":\"https:\/\/librairie7l.com\/en\/shop\/\"},{\"@type\":\"ListItem\",\"position\":3,\"name\":\"BRODERIE SASHIKO : TECHNIQUES &AMP; CR\u00c9ATIONS\"}]},{\"@type\":\"WebSite\",\"@id\":\"https:\/\/librairie7l.com\/en\/#website\",\"url\":\"https:\/\/librairie7l.com\/en\/\",\"name\":\"Librairie 7L\",\"description\":\"Librairie fond\u00e9e en 1999 par Karl Lagerfeld \u00e0 Paris\",\"publisher\":{\"@id\":\"https:\/\/librairie7l.com\/en\/#organization\"},\"potentialAction\":[{\"@type\":\"SearchAction\",\"target\":{\"@type\":\"EntryPoint\",\"urlTemplate\":\"https:\/\/librairie7l.com\/en\/?s={search_term_string}\"},\"query-input\":\"required name=search_term_string\"}],\"inLanguage\":\"en-US\"},{\"@type\":\"Organization\",\"@id\":\"https:\/\/librairie7l.com\/en\/#organization\",\"name\":\"Librairie 7L\",\"url\":\"https:\/\/librairie7l.com\/en\/\",\"logo\":{\"@type\":\"ImageObject\",\"inLanguage\":\"en-US\",\"@id\":\"https:\/\/librairie7l.com\/en\/#\/schema\/logo\/image\/\",\"url\":\"https:\/\/librairie7l.com\/wp-content\/uploads\/2022\/08\/logo-1.png\",\"contentUrl\":\"https:\/\/librairie7l.com\/wp-content\/uploads\/2022\/08\/logo-1.png\",\"width\":227,\"height\":301,\"caption\":\"Librairie 7L\"},\"image\":{\"@id\":\"https:\/\/librairie7l.com\/en\/#\/schema\/logo\/image\/\"}}]}<\/script>\n<!-- \/ Yoast SEO plugin. -->","yoast_head_json":{"title":"Broderie sashiko : techniques &amp; cr\u00e9ations - Librairie 7L","robots":{"index":"index","follow":"follow","max-snippet":"max-snippet:-1","max-image-preview":"max-image-preview:large","max-video-preview":"max-video-preview:-1"},"canonical":"https:\/\/librairie7l.com\/en\/produit\/broderie-sashiko-techniques-creations\/","og_locale":"en_US","og_type":"article","og_title":"Broderie sashiko : techniques &amp; cr\u00e9ations - Librairie 7L","og_description":"D\u00e9couvrez ou red\u00e9couvrez cette d\u00e9licate technique de broderie japonaise ! Le sashiko &#8211; broderie traditionnelle japonaise &#8211; offre des possibilit\u00e9s cr\u00e9atives exceptionnelles. D\u00e9couvrez ici ses interpr\u00e9tations contemporaines, avec des motifs graphiques ou figuratifs, l&#8217;int\u00e9gration de fils ou de toiles de couleur et des cr\u00e9ations r\u00e9solument modernes. Un livre complet qui aborde la technique de sashiko [&hellip;]","og_url":"https:\/\/librairie7l.com\/en\/produit\/broderie-sashiko-techniques-creations\/","og_site_name":"Librairie 7L","article_modified_time":"2026-04-05T11:15:03+00:00","og_image":[{"width":600,"height":707,"url":"https:\/\/librairie7l.com\/wp-content\/uploads\/2023\/06\/9782299004563_1_75.jpg","type":"image\/jpeg"}],"twitter_card":"summary_large_image","twitter_misc":{"Est. reading time":"1 minute"},"schema":{"@context":"https:\/\/schema.org","@graph":[{"@type":"WebPage","@id":"https:\/\/librairie7l.com\/en\/produit\/broderie-sashiko-techniques-creations\/","url":"https:\/\/librairie7l.com\/en\/produit\/broderie-sashiko-techniques-creations\/","name":"Broderie sashiko : techniques &amp; cr\u00e9ations - Librairie 7L","isPartOf":{"@id":"https:\/\/librairie7l.com\/en\/#website"},"datePublished":"2024-06-26T10:11:24+00:00","dateModified":"2026-04-05T11:15:03+00:00","breadcrumb":{"@id":"https:\/\/librairie7l.com\/en\/produit\/broderie-sashiko-techniques-creations\/#breadcrumb"},"inLanguage":"en-US","potentialAction":[{"@type":"ReadAction","target":["https:\/\/librairie7l.com\/en\/produit\/broderie-sashiko-techniques-creations\/"]}]},{"@type":"BreadcrumbList","@id":"https:\/\/librairie7l.com\/en\/produit\/broderie-sashiko-techniques-creations\/#breadcrumb","itemListElement":[{"@type":"ListItem","position":1,"name":"Accueil","item":"https:\/\/librairie7l.com\/en\/"},{"@type":"ListItem","position":2,"name":"Shop","item":"https:\/\/librairie7l.com\/en\/shop\/"},{"@type":"ListItem","position":3,"name":"BRODERIE SASHIKO : TECHNIQUES &AMP; CR\u00c9ATIONS"}]},{"@type":"WebSite","@id":"https:\/\/librairie7l.com\/en\/#website","url":"https:\/\/librairie7l.com\/en\/","name":"Librairie 7L","description":"Librairie fond\u00e9e en 1999 par Karl Lagerfeld \u00e0 Paris","publisher":{"@id":"https:\/\/librairie7l.com\/en\/#organization"},"potentialAction":[{"@type":"SearchAction","target":{"@type":"EntryPoint","urlTemplate":"https:\/\/librairie7l.com\/en\/?s={search_term_string}"},"query-input":"required name=search_term_string"}],"inLanguage":"en-US"},{"@type":"Organization","@id":"https:\/\/librairie7l.com\/en\/#organization","name":"Librairie 7L","url":"https:\/\/librairie7l.com\/en\/","logo":{"@type":"ImageObject","inLanguage":"en-US","@id":"https:\/\/librairie7l.com\/en\/#\/schema\/logo\/image\/","url":"https:\/\/librairie7l.com\/wp-content\/uploads\/2022\/08\/logo-1.png","contentUrl":"https:\/\/librairie7l.com\/wp-content\/uploads\/2022\/08\/logo-1.png","width":227,"height":301,"caption":"Librairie 7L"},"image":{"@id":"https:\/\/librairie7l.com\/en\/#\/schema\/logo\/image\/"}}]}},"_links":{"self":[{"href":"https:\/\/librairie7l.com\/en\/wp-json\/wp\/v2\/product\/39367"}],"collection":[{"href":"https:\/\/librairie7l.com\/en\/wp-json\/wp\/v2\/product"}],"about":[{"href":"https:\/\/librairie7l.com\/en\/wp-json\/wp\/v2\/types\/product"}],"wp:featuredmedia":[{"embeddable":true,"href":"https:\/\/librairie7l.com\/en\/wp-json\/wp\/v2\/media\/39365"}],"wp:attachment":[{"href":"https:\/\/librairie7l.com\/en\/wp-json\/wp\/v2\/media?parent=39367"}],"wp:term":[{"taxonomy":"product_cat","embeddable":true,"href":"https:\/\/librairie7l.com\/en\/wp-json\/wp\/v2\/product_cat?post=39367"},{"taxonomy":"product_tag","embeddable":true,"href":"https:\/\/librairie7l.com\/en\/wp-json\/wp\/v2\/product_tag?post=39367"}],"curies":[{"name":"wp","href":"https:\/\/api.w.org\/{rel}","templated":true}]}}