{"id":39373,"date":"2024-06-26T12:11:22","date_gmt":"2024-06-26T10:11:22","guid":{"rendered":"https:\/\/librairie7l.com\/?post_type=product&#038;p=39373"},"modified":"2026-05-04T20:51:04","modified_gmt":"2026-05-04T18:51:04","slug":"jardin-poetique-de-papier-le-guide-pour-apprendre-a-faconner-des-fleurs-realis","status":"publish","type":"product","link":"https:\/\/librairie7l.com\/en\/produit\/jardin-poetique-de-papier-le-guide-pour-apprendre-a-faconner-des-fleurs-realis\/","title":{"rendered":"JARDIN PO\u00c9TIQUE DE PAPIER : LE GUIDE POUR APPRENDRE \u00c0 FACONNER DES FLEURS R\u00c9ALISTES"},"content":{"rendered":"<p>Laura, faiseuse de fleurs durables en papier, poss\u00e8de plus de 5 ans d&#8217;exp\u00e9rience dans le domaine de la cr\u00e9ation de fleurs en papier. Son univers, partag\u00e9 avec 9000 abonn\u00e9s, est l\u00e9ger, frais et rempli de po\u00e9sie. Ce livre 100% fran\u00e7ais contient des explications concises et pr\u00e9cises en s&#8217;appuyant sur des textes et des photos pas \u00e0 pas. Laura souhaite vous transmettre sa m\u00e9thode de travail et ses petits secrets qui vous transporteront dans son jardin po\u00e9tique de papier.<\/p>\n","protected":false},"excerpt":{"rendered":"<p>Laura, faiseuse de fleurs durables en papier, poss\u00e8de plus de 5 ans d&#8217;exp\u00e9rience dans le domaine de la cr\u00e9ation de fleurs en papier. Son univers, partag\u00e9 avec 9000 abonn\u00e9s, est l\u00e9ger, frais et rempli de po\u00e9sie. Ce livre 100% fran\u00e7ais contient des explications concises et pr\u00e9cises en s&#8217;appuyant sur des textes et des photos pas [&hellip;]<\/p>\n","protected":false},"featured_media":39371,"template":"","meta":[],"product_cat":[2948,2952],"product_tag":[],"acf":[],"yoast_head":"<!-- This site is optimized with the Yoast SEO plugin v20.11 - https:\/\/yoast.com\/wordpress\/plugins\/seo\/ -->\n<title>Jardin po\u00e9tique de papier : le guide pour apprendre \u00e0 faconner des fleurs r\u00e9alistes - Librairie 7L<\/title>\n<meta name=\"robots\" content=\"index, follow, max-snippet:-1, max-image-preview:large, max-video-preview:-1\" \/>\n<link rel=\"canonical\" href=\"https:\/\/librairie7l.com\/en\/produit\/jardin-poetique-de-papier-le-guide-pour-apprendre-a-faconner-des-fleurs-realis\/\" \/>\n<meta property=\"og:locale\" content=\"en_US\" \/>\n<meta property=\"og:type\" content=\"article\" \/>\n<meta property=\"og:title\" content=\"Jardin po\u00e9tique de papier : le guide pour apprendre \u00e0 faconner des fleurs r\u00e9alistes - Librairie 7L\" \/>\n<meta property=\"og:description\" content=\"Laura, faiseuse de fleurs durables en papier, poss\u00e8de plus de 5 ans d&#8217;exp\u00e9rience dans le domaine de la cr\u00e9ation de fleurs en papier. Son univers, partag\u00e9 avec 9000 abonn\u00e9s, est l\u00e9ger, frais et rempli de po\u00e9sie. Ce livre 100% fran\u00e7ais contient des explications concises et pr\u00e9cises en s&#8217;appuyant sur des textes et des photos pas [&hellip;]\" \/>\n<meta property=\"og:url\" content=\"https:\/\/librairie7l.com\/en\/produit\/jardin-poetique-de-papier-le-guide-pour-apprendre-a-faconner-des-fleurs-realis\/\" \/>\n<meta property=\"og:site_name\" content=\"Librairie 7L\" \/>\n<meta property=\"article:modified_time\" content=\"2026-05-04T18:51:04+00:00\" \/>\n<meta property=\"og:image\" content=\"https:\/\/librairie7l.com\/wp-content\/uploads\/2022\/06\/9782756537306_1_75.jpg\" \/>\n\t<meta property=\"og:image:width\" content=\"600\" \/>\n\t<meta property=\"og:image:height\" content=\"750\" \/>\n\t<meta property=\"og:image:type\" content=\"image\/jpeg\" \/>\n<meta name=\"twitter:card\" content=\"summary_large_image\" \/>\n<script type=\"application\/ld+json\" class=\"yoast-schema-graph\">{\"@context\":\"https:\/\/schema.org\",\"@graph\":[{\"@type\":\"WebPage\",\"@id\":\"https:\/\/librairie7l.com\/en\/produit\/jardin-poetique-de-papier-le-guide-pour-apprendre-a-faconner-des-fleurs-realis\/\",\"url\":\"https:\/\/librairie7l.com\/en\/produit\/jardin-poetique-de-papier-le-guide-pour-apprendre-a-faconner-des-fleurs-realis\/\",\"name\":\"Jardin po\u00e9tique de papier : le guide pour apprendre \u00e0 faconner des fleurs r\u00e9alistes - Librairie 7L\",\"isPartOf\":{\"@id\":\"https:\/\/librairie7l.com\/en\/#website\"},\"datePublished\":\"2024-06-26T10:11:22+00:00\",\"dateModified\":\"2026-05-04T18:51:04+00:00\",\"breadcrumb\":{\"@id\":\"https:\/\/librairie7l.com\/en\/produit\/jardin-poetique-de-papier-le-guide-pour-apprendre-a-faconner-des-fleurs-realis\/#breadcrumb\"},\"inLanguage\":\"en-US\",\"potentialAction\":[{\"@type\":\"ReadAction\",\"target\":[\"https:\/\/librairie7l.com\/en\/produit\/jardin-poetique-de-papier-le-guide-pour-apprendre-a-faconner-des-fleurs-realis\/\"]}]},{\"@type\":\"BreadcrumbList\",\"@id\":\"https:\/\/librairie7l.com\/en\/produit\/jardin-poetique-de-papier-le-guide-pour-apprendre-a-faconner-des-fleurs-realis\/#breadcrumb\",\"itemListElement\":[{\"@type\":\"ListItem\",\"position\":1,\"name\":\"Accueil\",\"item\":\"https:\/\/librairie7l.com\/en\/\"},{\"@type\":\"ListItem\",\"position\":2,\"name\":\"Shop\",\"item\":\"https:\/\/librairie7l.com\/en\/shop\/\"},{\"@type\":\"ListItem\",\"position\":3,\"name\":\"JARDIN PO\u00c9TIQUE DE PAPIER : LE GUIDE POUR APPRENDRE \u00c0 FACONNER DES FLEURS R\u00c9ALISTES\"}]},{\"@type\":\"WebSite\",\"@id\":\"https:\/\/librairie7l.com\/en\/#website\",\"url\":\"https:\/\/librairie7l.com\/en\/\",\"name\":\"Librairie 7L\",\"description\":\"Librairie fond\u00e9e en 1999 par Karl Lagerfeld \u00e0 Paris\",\"publisher\":{\"@id\":\"https:\/\/librairie7l.com\/en\/#organization\"},\"potentialAction\":[{\"@type\":\"SearchAction\",\"target\":{\"@type\":\"EntryPoint\",\"urlTemplate\":\"https:\/\/librairie7l.com\/en\/?s={search_term_string}\"},\"query-input\":\"required name=search_term_string\"}],\"inLanguage\":\"en-US\"},{\"@type\":\"Organization\",\"@id\":\"https:\/\/librairie7l.com\/en\/#organization\",\"name\":\"Librairie 7L\",\"url\":\"https:\/\/librairie7l.com\/en\/\",\"logo\":{\"@type\":\"ImageObject\",\"inLanguage\":\"en-US\",\"@id\":\"https:\/\/librairie7l.com\/en\/#\/schema\/logo\/image\/\",\"url\":\"https:\/\/librairie7l.com\/wp-content\/uploads\/2022\/08\/logo-1.png\",\"contentUrl\":\"https:\/\/librairie7l.com\/wp-content\/uploads\/2022\/08\/logo-1.png\",\"width\":227,\"height\":301,\"caption\":\"Librairie 7L\"},\"image\":{\"@id\":\"https:\/\/librairie7l.com\/en\/#\/schema\/logo\/image\/\"}}]}<\/script>\n<!-- \/ Yoast SEO plugin. -->","yoast_head_json":{"title":"Jardin po\u00e9tique de papier : le guide pour apprendre \u00e0 faconner des fleurs r\u00e9alistes - Librairie 7L","robots":{"index":"index","follow":"follow","max-snippet":"max-snippet:-1","max-image-preview":"max-image-preview:large","max-video-preview":"max-video-preview:-1"},"canonical":"https:\/\/librairie7l.com\/en\/produit\/jardin-poetique-de-papier-le-guide-pour-apprendre-a-faconner-des-fleurs-realis\/","og_locale":"en_US","og_type":"article","og_title":"Jardin po\u00e9tique de papier : le guide pour apprendre \u00e0 faconner des fleurs r\u00e9alistes - Librairie 7L","og_description":"Laura, faiseuse de fleurs durables en papier, poss\u00e8de plus de 5 ans d&#8217;exp\u00e9rience dans le domaine de la cr\u00e9ation de fleurs en papier. Son univers, partag\u00e9 avec 9000 abonn\u00e9s, est l\u00e9ger, frais et rempli de po\u00e9sie. Ce livre 100% fran\u00e7ais contient des explications concises et pr\u00e9cises en s&#8217;appuyant sur des textes et des photos pas [&hellip;]","og_url":"https:\/\/librairie7l.com\/en\/produit\/jardin-poetique-de-papier-le-guide-pour-apprendre-a-faconner-des-fleurs-realis\/","og_site_name":"Librairie 7L","article_modified_time":"2026-05-04T18:51:04+00:00","og_image":[{"width":600,"height":750,"url":"https:\/\/librairie7l.com\/wp-content\/uploads\/2022\/06\/9782756537306_1_75.jpg","type":"image\/jpeg"}],"twitter_card":"summary_large_image","schema":{"@context":"https:\/\/schema.org","@graph":[{"@type":"WebPage","@id":"https:\/\/librairie7l.com\/en\/produit\/jardin-poetique-de-papier-le-guide-pour-apprendre-a-faconner-des-fleurs-realis\/","url":"https:\/\/librairie7l.com\/en\/produit\/jardin-poetique-de-papier-le-guide-pour-apprendre-a-faconner-des-fleurs-realis\/","name":"Jardin po\u00e9tique de papier : le guide pour apprendre \u00e0 faconner des fleurs r\u00e9alistes - Librairie 7L","isPartOf":{"@id":"https:\/\/librairie7l.com\/en\/#website"},"datePublished":"2024-06-26T10:11:22+00:00","dateModified":"2026-05-04T18:51:04+00:00","breadcrumb":{"@id":"https:\/\/librairie7l.com\/en\/produit\/jardin-poetique-de-papier-le-guide-pour-apprendre-a-faconner-des-fleurs-realis\/#breadcrumb"},"inLanguage":"en-US","potentialAction":[{"@type":"ReadAction","target":["https:\/\/librairie7l.com\/en\/produit\/jardin-poetique-de-papier-le-guide-pour-apprendre-a-faconner-des-fleurs-realis\/"]}]},{"@type":"BreadcrumbList","@id":"https:\/\/librairie7l.com\/en\/produit\/jardin-poetique-de-papier-le-guide-pour-apprendre-a-faconner-des-fleurs-realis\/#breadcrumb","itemListElement":[{"@type":"ListItem","position":1,"name":"Accueil","item":"https:\/\/librairie7l.com\/en\/"},{"@type":"ListItem","position":2,"name":"Shop","item":"https:\/\/librairie7l.com\/en\/shop\/"},{"@type":"ListItem","position":3,"name":"JARDIN PO\u00c9TIQUE DE PAPIER : LE GUIDE POUR APPRENDRE \u00c0 FACONNER DES FLEURS R\u00c9ALISTES"}]},{"@type":"WebSite","@id":"https:\/\/librairie7l.com\/en\/#website","url":"https:\/\/librairie7l.com\/en\/","name":"Librairie 7L","description":"Librairie fond\u00e9e en 1999 par Karl Lagerfeld \u00e0 Paris","publisher":{"@id":"https:\/\/librairie7l.com\/en\/#organization"},"potentialAction":[{"@type":"SearchAction","target":{"@type":"EntryPoint","urlTemplate":"https:\/\/librairie7l.com\/en\/?s={search_term_string}"},"query-input":"required name=search_term_string"}],"inLanguage":"en-US"},{"@type":"Organization","@id":"https:\/\/librairie7l.com\/en\/#organization","name":"Librairie 7L","url":"https:\/\/librairie7l.com\/en\/","logo":{"@type":"ImageObject","inLanguage":"en-US","@id":"https:\/\/librairie7l.com\/en\/#\/schema\/logo\/image\/","url":"https:\/\/librairie7l.com\/wp-content\/uploads\/2022\/08\/logo-1.png","contentUrl":"https:\/\/librairie7l.com\/wp-content\/uploads\/2022\/08\/logo-1.png","width":227,"height":301,"caption":"Librairie 7L"},"image":{"@id":"https:\/\/librairie7l.com\/en\/#\/schema\/logo\/image\/"}}]}},"_links":{"self":[{"href":"https:\/\/librairie7l.com\/en\/wp-json\/wp\/v2\/product\/39373"}],"collection":[{"href":"https:\/\/librairie7l.com\/en\/wp-json\/wp\/v2\/product"}],"about":[{"href":"https:\/\/librairie7l.com\/en\/wp-json\/wp\/v2\/types\/product"}],"wp:featuredmedia":[{"embeddable":true,"href":"https:\/\/librairie7l.com\/en\/wp-json\/wp\/v2\/media\/39371"}],"wp:attachment":[{"href":"https:\/\/librairie7l.com\/en\/wp-json\/wp\/v2\/media?parent=39373"}],"wp:term":[{"taxonomy":"product_cat","embeddable":true,"href":"https:\/\/librairie7l.com\/en\/wp-json\/wp\/v2\/product_cat?post=39373"},{"taxonomy":"product_tag","embeddable":true,"href":"https:\/\/librairie7l.com\/en\/wp-json\/wp\/v2\/product_tag?post=39373"}],"curies":[{"name":"wp","href":"https:\/\/api.w.org\/{rel}","templated":true}]}}