{"id":39377,"date":"2024-06-26T12:11:24","date_gmt":"2024-06-26T10:11:24","guid":{"rendered":"https:\/\/librairie7l.com\/?post_type=product&#038;p=39377"},"modified":"2026-04-22T18:07:01","modified_gmt":"2026-04-22T16:07:01","slug":"animaux-brodes-et-perles-broderie-haute-couture-a-laiguille","status":"publish","type":"product","link":"https:\/\/librairie7l.com\/en\/produit\/animaux-brodes-et-perles-broderie-haute-couture-a-laiguille\/","title":{"rendered":"ANIMAUX BROD\u00c9S ET PERLES : BRODERIE HAUTE-COUTURE \u00c0 L&#8217;AIGUILLE"},"content":{"rendered":"<p>Livre broderie haute couture \u00e0 l&#8217;aiguille pour apprendre cette technique.<\/p>\n<p>Avant de vous lancer dans la r\u00e9alisation de votre premi\u00e8re cr\u00e9ation en broderie de perles, encore faut-il conna\u00eetre les bases de cette technique ! C&#8217;est justement ce que vous apprend l&#8217;auteure de ce livre de 80 pages avec les dessins en taille r\u00e9elle inclus.<br \/>\nElle commence par vous pr\u00e9senter les fournitures et le mat\u00e9riel indispensables.<\/p>\n<p>Ensuite, elle prend soin de d\u00e9tailler en pas \u00e0 pas photos :<br \/>\n&#8211; L&#8217;\u00e9tape de la pr\u00e9paration.<br \/>\n&#8211; Les points de base : point de noeud, point de poste, point lanc\u00e9, remplissage d&#8217;une surface avec des perles, broderie de paillettes en relief&#8230;<br \/>\n&#8211; La r\u00e9alisation des d\u00e9tails de chaque type d&#8217;animal : chat, ours, lapin&#8230;<br \/>\n&#8211; Les techniques sp\u00e9cifiques : fixation des poils des oreilles, r\u00e9alisation des moustaches&#8230;<br \/>\n&#8211; La broderie haute couture n&#8217;aura plus aucun secret pour vous !<\/p>\n<p>40 broches \u00e9tincelantes et \u00e9l\u00e9gantes en broderie perl\u00e9e.<\/p>\n<p>Inspir\u00e9e par sa fille passionn\u00e9e d&#8217;animaux, l&#8217;auteure a cr\u00e9\u00e9 un univers en broderie perl\u00e9e sur cette th\u00e9matique :<br \/>\n&#8211; Chats \u00e0 t\u00eate ronde ou allong\u00e9e.<br \/>\n&#8211; H\u00e9rissons.<br \/>\n&#8211; Cerfs.<br \/>\n&#8211; Lapins.<br \/>\n&#8211; Ours polaire.<br \/>\n&#8211; Chouettes.<br \/>\n&#8211; Cygnes.<br \/>\n&#8211; Caniches&#8230;<\/p>\n<p>Soit 40 cr\u00e9ations ravissantes \u00e0 travailler et \u00e0 offrir ! Il suffit d&#8217;ajouter une \u00e9pingle \u00e0 broche au dos du motif brod\u00e9 pour le porter au quotidien et orner discr\u00e8tement chacune de vos tenues !<\/p>\n<p>\u00c0 noter : les mod\u00e8les sont brod\u00e9s \u00e0 l&#8217;aide de mat\u00e9riaux faciles \u00e0 trouver et sont confectionn\u00e9s dans une s\u00e9lection de diff\u00e9rentes mati\u00e8res afin d&#8217;obtenir la texture propre \u00e0 chaque animal.<\/p>\n","protected":false},"excerpt":{"rendered":"<p>Livre broderie haute couture \u00e0 l&#8217;aiguille pour apprendre cette technique. Avant de vous lancer dans la r\u00e9alisation de votre premi\u00e8re cr\u00e9ation en broderie de perles, encore faut-il conna\u00eetre les bases de cette technique ! C&#8217;est justement ce que vous apprend l&#8217;auteure de ce livre de 80 pages avec les dessins en taille r\u00e9elle inclus. Elle [&hellip;]<\/p>\n","protected":false},"featured_media":39375,"template":"","meta":[],"product_cat":[2948,2952],"product_tag":[],"acf":[],"yoast_head":"<!-- This site is optimized with the Yoast SEO plugin v20.11 - https:\/\/yoast.com\/wordpress\/plugins\/seo\/ -->\n<title>Animaux brod\u00e9s et perles : broderie haute-couture \u00e0 l&#039;aiguille - Librairie 7L<\/title>\n<meta name=\"robots\" content=\"index, follow, max-snippet:-1, max-image-preview:large, max-video-preview:-1\" \/>\n<link rel=\"canonical\" href=\"https:\/\/librairie7l.com\/en\/produit\/animaux-brodes-et-perles-broderie-haute-couture-a-laiguille\/\" \/>\n<meta property=\"og:locale\" content=\"en_US\" \/>\n<meta property=\"og:type\" content=\"article\" \/>\n<meta property=\"og:title\" content=\"Animaux brod\u00e9s et perles : broderie haute-couture \u00e0 l&#039;aiguille - Librairie 7L\" \/>\n<meta property=\"og:description\" content=\"Livre broderie haute couture \u00e0 l&#8217;aiguille pour apprendre cette technique. Avant de vous lancer dans la r\u00e9alisation de votre premi\u00e8re cr\u00e9ation en broderie de perles, encore faut-il conna\u00eetre les bases de cette technique ! C&#8217;est justement ce que vous apprend l&#8217;auteure de ce livre de 80 pages avec les dessins en taille r\u00e9elle inclus. Elle [&hellip;]\" \/>\n<meta property=\"og:url\" content=\"https:\/\/librairie7l.com\/en\/produit\/animaux-brodes-et-perles-broderie-haute-couture-a-laiguille\/\" \/>\n<meta property=\"og:site_name\" content=\"Librairie 7L\" \/>\n<meta property=\"article:modified_time\" content=\"2026-04-22T16:07:01+00:00\" \/>\n<meta property=\"og:image\" content=\"https:\/\/librairie7l.com\/wp-content\/uploads\/2022\/11\/9782756537986_1_75.jpg\" \/>\n\t<meta property=\"og:image:width\" content=\"600\" \/>\n\t<meta property=\"og:image:height\" content=\"600\" \/>\n\t<meta property=\"og:image:type\" content=\"image\/jpeg\" \/>\n<meta name=\"twitter:card\" content=\"summary_large_image\" \/>\n<meta name=\"twitter:label1\" content=\"Est. reading time\" \/>\n\t<meta name=\"twitter:data1\" content=\"1 minute\" \/>\n<script type=\"application\/ld+json\" class=\"yoast-schema-graph\">{\"@context\":\"https:\/\/schema.org\",\"@graph\":[{\"@type\":\"WebPage\",\"@id\":\"https:\/\/librairie7l.com\/en\/produit\/animaux-brodes-et-perles-broderie-haute-couture-a-laiguille\/\",\"url\":\"https:\/\/librairie7l.com\/en\/produit\/animaux-brodes-et-perles-broderie-haute-couture-a-laiguille\/\",\"name\":\"Animaux brod\u00e9s et perles : broderie haute-couture \u00e0 l'aiguille - Librairie 7L\",\"isPartOf\":{\"@id\":\"https:\/\/librairie7l.com\/en\/#website\"},\"datePublished\":\"2024-06-26T10:11:24+00:00\",\"dateModified\":\"2026-04-22T16:07:01+00:00\",\"breadcrumb\":{\"@id\":\"https:\/\/librairie7l.com\/en\/produit\/animaux-brodes-et-perles-broderie-haute-couture-a-laiguille\/#breadcrumb\"},\"inLanguage\":\"en-US\",\"potentialAction\":[{\"@type\":\"ReadAction\",\"target\":[\"https:\/\/librairie7l.com\/en\/produit\/animaux-brodes-et-perles-broderie-haute-couture-a-laiguille\/\"]}]},{\"@type\":\"BreadcrumbList\",\"@id\":\"https:\/\/librairie7l.com\/en\/produit\/animaux-brodes-et-perles-broderie-haute-couture-a-laiguille\/#breadcrumb\",\"itemListElement\":[{\"@type\":\"ListItem\",\"position\":1,\"name\":\"Accueil\",\"item\":\"https:\/\/librairie7l.com\/en\/\"},{\"@type\":\"ListItem\",\"position\":2,\"name\":\"Shop\",\"item\":\"https:\/\/librairie7l.com\/en\/shop\/\"},{\"@type\":\"ListItem\",\"position\":3,\"name\":\"ANIMAUX BROD\u00c9S ET PERLES : BRODERIE HAUTE-COUTURE \u00c0 L&#8217;AIGUILLE\"}]},{\"@type\":\"WebSite\",\"@id\":\"https:\/\/librairie7l.com\/en\/#website\",\"url\":\"https:\/\/librairie7l.com\/en\/\",\"name\":\"Librairie 7L\",\"description\":\"Librairie fond\u00e9e en 1999 par Karl Lagerfeld \u00e0 Paris\",\"publisher\":{\"@id\":\"https:\/\/librairie7l.com\/en\/#organization\"},\"potentialAction\":[{\"@type\":\"SearchAction\",\"target\":{\"@type\":\"EntryPoint\",\"urlTemplate\":\"https:\/\/librairie7l.com\/en\/?s={search_term_string}\"},\"query-input\":\"required name=search_term_string\"}],\"inLanguage\":\"en-US\"},{\"@type\":\"Organization\",\"@id\":\"https:\/\/librairie7l.com\/en\/#organization\",\"name\":\"Librairie 7L\",\"url\":\"https:\/\/librairie7l.com\/en\/\",\"logo\":{\"@type\":\"ImageObject\",\"inLanguage\":\"en-US\",\"@id\":\"https:\/\/librairie7l.com\/en\/#\/schema\/logo\/image\/\",\"url\":\"https:\/\/librairie7l.com\/wp-content\/uploads\/2022\/08\/logo-1.png\",\"contentUrl\":\"https:\/\/librairie7l.com\/wp-content\/uploads\/2022\/08\/logo-1.png\",\"width\":227,\"height\":301,\"caption\":\"Librairie 7L\"},\"image\":{\"@id\":\"https:\/\/librairie7l.com\/en\/#\/schema\/logo\/image\/\"}}]}<\/script>\n<!-- \/ Yoast SEO plugin. -->","yoast_head_json":{"title":"Animaux brod\u00e9s et perles : broderie haute-couture \u00e0 l'aiguille - Librairie 7L","robots":{"index":"index","follow":"follow","max-snippet":"max-snippet:-1","max-image-preview":"max-image-preview:large","max-video-preview":"max-video-preview:-1"},"canonical":"https:\/\/librairie7l.com\/en\/produit\/animaux-brodes-et-perles-broderie-haute-couture-a-laiguille\/","og_locale":"en_US","og_type":"article","og_title":"Animaux brod\u00e9s et perles : broderie haute-couture \u00e0 l'aiguille - Librairie 7L","og_description":"Livre broderie haute couture \u00e0 l&#8217;aiguille pour apprendre cette technique. Avant de vous lancer dans la r\u00e9alisation de votre premi\u00e8re cr\u00e9ation en broderie de perles, encore faut-il conna\u00eetre les bases de cette technique ! C&#8217;est justement ce que vous apprend l&#8217;auteure de ce livre de 80 pages avec les dessins en taille r\u00e9elle inclus. Elle [&hellip;]","og_url":"https:\/\/librairie7l.com\/en\/produit\/animaux-brodes-et-perles-broderie-haute-couture-a-laiguille\/","og_site_name":"Librairie 7L","article_modified_time":"2026-04-22T16:07:01+00:00","og_image":[{"width":600,"height":600,"url":"https:\/\/librairie7l.com\/wp-content\/uploads\/2022\/11\/9782756537986_1_75.jpg","type":"image\/jpeg"}],"twitter_card":"summary_large_image","twitter_misc":{"Est. reading time":"1 minute"},"schema":{"@context":"https:\/\/schema.org","@graph":[{"@type":"WebPage","@id":"https:\/\/librairie7l.com\/en\/produit\/animaux-brodes-et-perles-broderie-haute-couture-a-laiguille\/","url":"https:\/\/librairie7l.com\/en\/produit\/animaux-brodes-et-perles-broderie-haute-couture-a-laiguille\/","name":"Animaux brod\u00e9s et perles : broderie haute-couture \u00e0 l'aiguille - Librairie 7L","isPartOf":{"@id":"https:\/\/librairie7l.com\/en\/#website"},"datePublished":"2024-06-26T10:11:24+00:00","dateModified":"2026-04-22T16:07:01+00:00","breadcrumb":{"@id":"https:\/\/librairie7l.com\/en\/produit\/animaux-brodes-et-perles-broderie-haute-couture-a-laiguille\/#breadcrumb"},"inLanguage":"en-US","potentialAction":[{"@type":"ReadAction","target":["https:\/\/librairie7l.com\/en\/produit\/animaux-brodes-et-perles-broderie-haute-couture-a-laiguille\/"]}]},{"@type":"BreadcrumbList","@id":"https:\/\/librairie7l.com\/en\/produit\/animaux-brodes-et-perles-broderie-haute-couture-a-laiguille\/#breadcrumb","itemListElement":[{"@type":"ListItem","position":1,"name":"Accueil","item":"https:\/\/librairie7l.com\/en\/"},{"@type":"ListItem","position":2,"name":"Shop","item":"https:\/\/librairie7l.com\/en\/shop\/"},{"@type":"ListItem","position":3,"name":"ANIMAUX BROD\u00c9S ET PERLES : BRODERIE HAUTE-COUTURE \u00c0 L&#8217;AIGUILLE"}]},{"@type":"WebSite","@id":"https:\/\/librairie7l.com\/en\/#website","url":"https:\/\/librairie7l.com\/en\/","name":"Librairie 7L","description":"Librairie fond\u00e9e en 1999 par Karl Lagerfeld \u00e0 Paris","publisher":{"@id":"https:\/\/librairie7l.com\/en\/#organization"},"potentialAction":[{"@type":"SearchAction","target":{"@type":"EntryPoint","urlTemplate":"https:\/\/librairie7l.com\/en\/?s={search_term_string}"},"query-input":"required name=search_term_string"}],"inLanguage":"en-US"},{"@type":"Organization","@id":"https:\/\/librairie7l.com\/en\/#organization","name":"Librairie 7L","url":"https:\/\/librairie7l.com\/en\/","logo":{"@type":"ImageObject","inLanguage":"en-US","@id":"https:\/\/librairie7l.com\/en\/#\/schema\/logo\/image\/","url":"https:\/\/librairie7l.com\/wp-content\/uploads\/2022\/08\/logo-1.png","contentUrl":"https:\/\/librairie7l.com\/wp-content\/uploads\/2022\/08\/logo-1.png","width":227,"height":301,"caption":"Librairie 7L"},"image":{"@id":"https:\/\/librairie7l.com\/en\/#\/schema\/logo\/image\/"}}]}},"_links":{"self":[{"href":"https:\/\/librairie7l.com\/en\/wp-json\/wp\/v2\/product\/39377"}],"collection":[{"href":"https:\/\/librairie7l.com\/en\/wp-json\/wp\/v2\/product"}],"about":[{"href":"https:\/\/librairie7l.com\/en\/wp-json\/wp\/v2\/types\/product"}],"wp:featuredmedia":[{"embeddable":true,"href":"https:\/\/librairie7l.com\/en\/wp-json\/wp\/v2\/media\/39375"}],"wp:attachment":[{"href":"https:\/\/librairie7l.com\/en\/wp-json\/wp\/v2\/media?parent=39377"}],"wp:term":[{"taxonomy":"product_cat","embeddable":true,"href":"https:\/\/librairie7l.com\/en\/wp-json\/wp\/v2\/product_cat?post=39377"},{"taxonomy":"product_tag","embeddable":true,"href":"https:\/\/librairie7l.com\/en\/wp-json\/wp\/v2\/product_tag?post=39377"}],"curies":[{"name":"wp","href":"https:\/\/api.w.org\/{rel}","templated":true}]}}