{"id":39381,"date":"2024-06-26T12:11:23","date_gmt":"2024-06-26T10:11:23","guid":{"rendered":"https:\/\/librairie7l.com\/?post_type=product&#038;p=39381"},"modified":"2026-04-07T11:25:51","modified_gmt":"2026-04-07T09:25:51","slug":"broderie-botanique-textile","status":"publish","type":"product","link":"https:\/\/librairie7l.com\/en\/produit\/broderie-botanique-textile\/","title":{"rendered":"BRODERIE BOTANIQUE TEXTILE"},"content":{"rendered":"<p>Entre inspiration et art textile, il n&#8217;y a qu&#8217;un pas qu&#8217;Isabelle Riener propose aux lecteurs d&#8217;explorer sans aucune retenue. Cr\u00e9er son propre univers, faire courir pinceaux et fils sur la toile, magnifier des motifs qu&#8217;offre la nature, renforcez la confiance en soi, m\u00e9langer points de broderie et fils contrastants, \u00e9tudier des compositions originales et personnelles, voici le magnifique programme propos\u00e9 dans ce livre. Outre les points de broderie classiques et les techniques picturales, l&#8217;enjeu est ici de cr\u00e9er des v\u00e9g\u00e9taux textiles r\u00e9alistes ou imaginaires, tous les conseils techniques donn\u00e9s ne sont l\u00e0 que pour faciliter le passage du r\u00eave \u00e0 la r\u00e9alit\u00e9.<\/p>\n","protected":false},"excerpt":{"rendered":"<p>Entre inspiration et art textile, il n&#8217;y a qu&#8217;un pas qu&#8217;Isabelle Riener propose aux lecteurs d&#8217;explorer sans aucune retenue. Cr\u00e9er son propre univers, faire courir pinceaux et fils sur la toile, magnifier des motifs qu&#8217;offre la nature, renforcez la confiance en soi, m\u00e9langer points de broderie et fils contrastants, \u00e9tudier des compositions originales et personnelles, [&hellip;]<\/p>\n","protected":false},"featured_media":39379,"template":"","meta":[],"product_cat":[2948,2957],"product_tag":[],"acf":[],"yoast_head":"<!-- This site is optimized with the Yoast SEO plugin v20.11 - https:\/\/yoast.com\/wordpress\/plugins\/seo\/ -->\n<title>Broderie botanique textile - Librairie 7L<\/title>\n<meta name=\"robots\" content=\"index, follow, max-snippet:-1, max-image-preview:large, max-video-preview:-1\" \/>\n<link rel=\"canonical\" href=\"https:\/\/librairie7l.com\/en\/produit\/broderie-botanique-textile\/\" \/>\n<meta property=\"og:locale\" content=\"en_US\" \/>\n<meta property=\"og:type\" content=\"article\" \/>\n<meta property=\"og:title\" content=\"Broderie botanique textile - Librairie 7L\" \/>\n<meta property=\"og:description\" content=\"Entre inspiration et art textile, il n&#8217;y a qu&#8217;un pas qu&#8217;Isabelle Riener propose aux lecteurs d&#8217;explorer sans aucune retenue. Cr\u00e9er son propre univers, faire courir pinceaux et fils sur la toile, magnifier des motifs qu&#8217;offre la nature, renforcez la confiance en soi, m\u00e9langer points de broderie et fils contrastants, \u00e9tudier des compositions originales et personnelles, [&hellip;]\" \/>\n<meta property=\"og:url\" content=\"https:\/\/librairie7l.com\/en\/produit\/broderie-botanique-textile\/\" \/>\n<meta property=\"og:site_name\" content=\"Librairie 7L\" \/>\n<meta property=\"article:modified_time\" content=\"2026-04-07T09:25:51+00:00\" \/>\n<meta property=\"og:image\" content=\"https:\/\/librairie7l.com\/wp-content\/uploads\/2022\/06\/9782756537313_1_75.jpg\" \/>\n\t<meta property=\"og:image:width\" content=\"600\" \/>\n\t<meta property=\"og:image:height\" content=\"750\" \/>\n\t<meta property=\"og:image:type\" content=\"image\/jpeg\" \/>\n<meta name=\"twitter:card\" content=\"summary_large_image\" \/>\n<meta name=\"twitter:label1\" content=\"Est. reading time\" \/>\n\t<meta name=\"twitter:data1\" content=\"1 minute\" \/>\n<script type=\"application\/ld+json\" class=\"yoast-schema-graph\">{\"@context\":\"https:\/\/schema.org\",\"@graph\":[{\"@type\":\"WebPage\",\"@id\":\"https:\/\/librairie7l.com\/en\/produit\/broderie-botanique-textile\/\",\"url\":\"https:\/\/librairie7l.com\/en\/produit\/broderie-botanique-textile\/\",\"name\":\"Broderie botanique textile - Librairie 7L\",\"isPartOf\":{\"@id\":\"https:\/\/librairie7l.com\/en\/#website\"},\"datePublished\":\"2024-06-26T10:11:23+00:00\",\"dateModified\":\"2026-04-07T09:25:51+00:00\",\"breadcrumb\":{\"@id\":\"https:\/\/librairie7l.com\/en\/produit\/broderie-botanique-textile\/#breadcrumb\"},\"inLanguage\":\"en-US\",\"potentialAction\":[{\"@type\":\"ReadAction\",\"target\":[\"https:\/\/librairie7l.com\/en\/produit\/broderie-botanique-textile\/\"]}]},{\"@type\":\"BreadcrumbList\",\"@id\":\"https:\/\/librairie7l.com\/en\/produit\/broderie-botanique-textile\/#breadcrumb\",\"itemListElement\":[{\"@type\":\"ListItem\",\"position\":1,\"name\":\"Accueil\",\"item\":\"https:\/\/librairie7l.com\/en\/\"},{\"@type\":\"ListItem\",\"position\":2,\"name\":\"Shop\",\"item\":\"https:\/\/librairie7l.com\/en\/shop\/\"},{\"@type\":\"ListItem\",\"position\":3,\"name\":\"BRODERIE BOTANIQUE TEXTILE\"}]},{\"@type\":\"WebSite\",\"@id\":\"https:\/\/librairie7l.com\/en\/#website\",\"url\":\"https:\/\/librairie7l.com\/en\/\",\"name\":\"Librairie 7L\",\"description\":\"Librairie fond\u00e9e en 1999 par Karl Lagerfeld \u00e0 Paris\",\"publisher\":{\"@id\":\"https:\/\/librairie7l.com\/en\/#organization\"},\"potentialAction\":[{\"@type\":\"SearchAction\",\"target\":{\"@type\":\"EntryPoint\",\"urlTemplate\":\"https:\/\/librairie7l.com\/en\/?s={search_term_string}\"},\"query-input\":\"required name=search_term_string\"}],\"inLanguage\":\"en-US\"},{\"@type\":\"Organization\",\"@id\":\"https:\/\/librairie7l.com\/en\/#organization\",\"name\":\"Librairie 7L\",\"url\":\"https:\/\/librairie7l.com\/en\/\",\"logo\":{\"@type\":\"ImageObject\",\"inLanguage\":\"en-US\",\"@id\":\"https:\/\/librairie7l.com\/en\/#\/schema\/logo\/image\/\",\"url\":\"https:\/\/librairie7l.com\/wp-content\/uploads\/2022\/08\/logo-1.png\",\"contentUrl\":\"https:\/\/librairie7l.com\/wp-content\/uploads\/2022\/08\/logo-1.png\",\"width\":227,\"height\":301,\"caption\":\"Librairie 7L\"},\"image\":{\"@id\":\"https:\/\/librairie7l.com\/en\/#\/schema\/logo\/image\/\"}}]}<\/script>\n<!-- \/ Yoast SEO plugin. -->","yoast_head_json":{"title":"Broderie botanique textile - Librairie 7L","robots":{"index":"index","follow":"follow","max-snippet":"max-snippet:-1","max-image-preview":"max-image-preview:large","max-video-preview":"max-video-preview:-1"},"canonical":"https:\/\/librairie7l.com\/en\/produit\/broderie-botanique-textile\/","og_locale":"en_US","og_type":"article","og_title":"Broderie botanique textile - Librairie 7L","og_description":"Entre inspiration et art textile, il n&#8217;y a qu&#8217;un pas qu&#8217;Isabelle Riener propose aux lecteurs d&#8217;explorer sans aucune retenue. Cr\u00e9er son propre univers, faire courir pinceaux et fils sur la toile, magnifier des motifs qu&#8217;offre la nature, renforcez la confiance en soi, m\u00e9langer points de broderie et fils contrastants, \u00e9tudier des compositions originales et personnelles, [&hellip;]","og_url":"https:\/\/librairie7l.com\/en\/produit\/broderie-botanique-textile\/","og_site_name":"Librairie 7L","article_modified_time":"2026-04-07T09:25:51+00:00","og_image":[{"width":600,"height":750,"url":"https:\/\/librairie7l.com\/wp-content\/uploads\/2022\/06\/9782756537313_1_75.jpg","type":"image\/jpeg"}],"twitter_card":"summary_large_image","twitter_misc":{"Est. reading time":"1 minute"},"schema":{"@context":"https:\/\/schema.org","@graph":[{"@type":"WebPage","@id":"https:\/\/librairie7l.com\/en\/produit\/broderie-botanique-textile\/","url":"https:\/\/librairie7l.com\/en\/produit\/broderie-botanique-textile\/","name":"Broderie botanique textile - Librairie 7L","isPartOf":{"@id":"https:\/\/librairie7l.com\/en\/#website"},"datePublished":"2024-06-26T10:11:23+00:00","dateModified":"2026-04-07T09:25:51+00:00","breadcrumb":{"@id":"https:\/\/librairie7l.com\/en\/produit\/broderie-botanique-textile\/#breadcrumb"},"inLanguage":"en-US","potentialAction":[{"@type":"ReadAction","target":["https:\/\/librairie7l.com\/en\/produit\/broderie-botanique-textile\/"]}]},{"@type":"BreadcrumbList","@id":"https:\/\/librairie7l.com\/en\/produit\/broderie-botanique-textile\/#breadcrumb","itemListElement":[{"@type":"ListItem","position":1,"name":"Accueil","item":"https:\/\/librairie7l.com\/en\/"},{"@type":"ListItem","position":2,"name":"Shop","item":"https:\/\/librairie7l.com\/en\/shop\/"},{"@type":"ListItem","position":3,"name":"BRODERIE BOTANIQUE TEXTILE"}]},{"@type":"WebSite","@id":"https:\/\/librairie7l.com\/en\/#website","url":"https:\/\/librairie7l.com\/en\/","name":"Librairie 7L","description":"Librairie fond\u00e9e en 1999 par Karl Lagerfeld \u00e0 Paris","publisher":{"@id":"https:\/\/librairie7l.com\/en\/#organization"},"potentialAction":[{"@type":"SearchAction","target":{"@type":"EntryPoint","urlTemplate":"https:\/\/librairie7l.com\/en\/?s={search_term_string}"},"query-input":"required name=search_term_string"}],"inLanguage":"en-US"},{"@type":"Organization","@id":"https:\/\/librairie7l.com\/en\/#organization","name":"Librairie 7L","url":"https:\/\/librairie7l.com\/en\/","logo":{"@type":"ImageObject","inLanguage":"en-US","@id":"https:\/\/librairie7l.com\/en\/#\/schema\/logo\/image\/","url":"https:\/\/librairie7l.com\/wp-content\/uploads\/2022\/08\/logo-1.png","contentUrl":"https:\/\/librairie7l.com\/wp-content\/uploads\/2022\/08\/logo-1.png","width":227,"height":301,"caption":"Librairie 7L"},"image":{"@id":"https:\/\/librairie7l.com\/en\/#\/schema\/logo\/image\/"}}]}},"_links":{"self":[{"href":"https:\/\/librairie7l.com\/en\/wp-json\/wp\/v2\/product\/39381"}],"collection":[{"href":"https:\/\/librairie7l.com\/en\/wp-json\/wp\/v2\/product"}],"about":[{"href":"https:\/\/librairie7l.com\/en\/wp-json\/wp\/v2\/types\/product"}],"wp:featuredmedia":[{"embeddable":true,"href":"https:\/\/librairie7l.com\/en\/wp-json\/wp\/v2\/media\/39379"}],"wp:attachment":[{"href":"https:\/\/librairie7l.com\/en\/wp-json\/wp\/v2\/media?parent=39381"}],"wp:term":[{"taxonomy":"product_cat","embeddable":true,"href":"https:\/\/librairie7l.com\/en\/wp-json\/wp\/v2\/product_cat?post=39381"},{"taxonomy":"product_tag","embeddable":true,"href":"https:\/\/librairie7l.com\/en\/wp-json\/wp\/v2\/product_tag?post=39381"}],"curies":[{"name":"wp","href":"https:\/\/api.w.org\/{rel}","templated":true}]}}