{"id":39420,"date":"2024-02-21T09:18:19","date_gmt":"2024-02-21T08:18:19","guid":{"rendered":"https:\/\/librairie7l.com\/?post_type=product&#038;p=39420"},"modified":"2026-04-18T05:05:53","modified_gmt":"2026-04-18T03:05:53","slug":"maisons-de-bord-de-mer","status":"publish","type":"product","link":"https:\/\/librairie7l.com\/en\/produit\/maisons-de-bord-de-mer\/","title":{"rendered":"MAISONS DE BORD DE MER"},"content":{"rendered":"<p>Maisons de bord de mer pr\u00e9sente une s\u00e9lection des plus belles demeures c\u00f4ti\u00e8res \u00e0 travers le monde. Ce livre capture l&#8217;essence de la vie au bord de l&#8217;eau, avec des exemples de maisons qui s&#8217;int\u00e8grent parfaitement \u00e0 leur environnement en profitant de superbes vues c\u00f4ti\u00e8res. Du bord de mer avec des villas les pieds dans l&#8217;eau aux manoirs au sommet des falaises, ce livre offre un aper\u00e7u complet de l&#8217;architecture de bord de mer. Avec des photographies et des plans d\u00e9taill\u00e9s et agr\u00e9ment\u00e9 de commentaires perspicaces, Maisons de bord de mer se veut un guide essentiel pour tous ceux qui cherchent \u00e0 cr\u00e9er leur propre paradis c\u00f4tier ou qui sont simplement en qu\u00eate d&#8217;inspiration pour leur prochaine escapade en bord de mer.<\/p>\n","protected":false},"excerpt":{"rendered":"<p>Maisons de bord de mer pr\u00e9sente une s\u00e9lection des plus belles demeures c\u00f4ti\u00e8res \u00e0 travers le monde. Ce livre capture l&#8217;essence de la vie au bord de l&#8217;eau, avec des exemples de maisons qui s&#8217;int\u00e8grent parfaitement \u00e0 leur environnement en profitant de superbes vues c\u00f4ti\u00e8res. Du bord de mer avec des villas les pieds dans [&hellip;]<\/p>\n","protected":false},"featured_media":39418,"template":"","meta":[],"product_cat":[2948,2950],"product_tag":[],"acf":[],"yoast_head":"<!-- This site is optimized with the Yoast SEO plugin v20.11 - https:\/\/yoast.com\/wordpress\/plugins\/seo\/ -->\n<title>Maisons de bord de mer - Librairie 7L<\/title>\n<meta name=\"robots\" content=\"index, follow, max-snippet:-1, max-image-preview:large, max-video-preview:-1\" \/>\n<link rel=\"canonical\" href=\"https:\/\/librairie7l.com\/en\/produit\/maisons-de-bord-de-mer\/\" \/>\n<meta property=\"og:locale\" content=\"en_US\" \/>\n<meta property=\"og:type\" content=\"article\" \/>\n<meta property=\"og:title\" content=\"Maisons de bord de mer - Librairie 7L\" \/>\n<meta property=\"og:description\" content=\"Maisons de bord de mer pr\u00e9sente une s\u00e9lection des plus belles demeures c\u00f4ti\u00e8res \u00e0 travers le monde. Ce livre capture l&#8217;essence de la vie au bord de l&#8217;eau, avec des exemples de maisons qui s&#8217;int\u00e8grent parfaitement \u00e0 leur environnement en profitant de superbes vues c\u00f4ti\u00e8res. Du bord de mer avec des villas les pieds dans [&hellip;]\" \/>\n<meta property=\"og:url\" content=\"https:\/\/librairie7l.com\/en\/produit\/maisons-de-bord-de-mer\/\" \/>\n<meta property=\"og:site_name\" content=\"Librairie 7L\" \/>\n<meta property=\"article:modified_time\" content=\"2026-04-18T03:05:53+00:00\" \/>\n<meta property=\"og:image\" content=\"https:\/\/librairie7l.com\/wp-content\/uploads\/2023\/10\/9782383780618_1_75.jpg\" \/>\n\t<meta property=\"og:image:width\" content=\"600\" \/>\n\t<meta property=\"og:image:height\" content=\"695\" \/>\n\t<meta property=\"og:image:type\" content=\"image\/jpeg\" \/>\n<meta name=\"twitter:card\" content=\"summary_large_image\" \/>\n<meta name=\"twitter:label1\" content=\"Est. reading time\" \/>\n\t<meta name=\"twitter:data1\" content=\"1 minute\" \/>\n<script type=\"application\/ld+json\" class=\"yoast-schema-graph\">{\"@context\":\"https:\/\/schema.org\",\"@graph\":[{\"@type\":\"WebPage\",\"@id\":\"https:\/\/librairie7l.com\/en\/produit\/maisons-de-bord-de-mer\/\",\"url\":\"https:\/\/librairie7l.com\/en\/produit\/maisons-de-bord-de-mer\/\",\"name\":\"Maisons de bord de mer - Librairie 7L\",\"isPartOf\":{\"@id\":\"https:\/\/librairie7l.com\/en\/#website\"},\"datePublished\":\"2024-02-21T08:18:19+00:00\",\"dateModified\":\"2026-04-18T03:05:53+00:00\",\"breadcrumb\":{\"@id\":\"https:\/\/librairie7l.com\/en\/produit\/maisons-de-bord-de-mer\/#breadcrumb\"},\"inLanguage\":\"en-US\",\"potentialAction\":[{\"@type\":\"ReadAction\",\"target\":[\"https:\/\/librairie7l.com\/en\/produit\/maisons-de-bord-de-mer\/\"]}]},{\"@type\":\"BreadcrumbList\",\"@id\":\"https:\/\/librairie7l.com\/en\/produit\/maisons-de-bord-de-mer\/#breadcrumb\",\"itemListElement\":[{\"@type\":\"ListItem\",\"position\":1,\"name\":\"Accueil\",\"item\":\"https:\/\/librairie7l.com\/en\/\"},{\"@type\":\"ListItem\",\"position\":2,\"name\":\"Shop\",\"item\":\"https:\/\/librairie7l.com\/en\/shop\/\"},{\"@type\":\"ListItem\",\"position\":3,\"name\":\"MAISONS DE BORD DE MER\"}]},{\"@type\":\"WebSite\",\"@id\":\"https:\/\/librairie7l.com\/en\/#website\",\"url\":\"https:\/\/librairie7l.com\/en\/\",\"name\":\"Librairie 7L\",\"description\":\"Librairie fond\u00e9e en 1999 par Karl Lagerfeld \u00e0 Paris\",\"publisher\":{\"@id\":\"https:\/\/librairie7l.com\/en\/#organization\"},\"potentialAction\":[{\"@type\":\"SearchAction\",\"target\":{\"@type\":\"EntryPoint\",\"urlTemplate\":\"https:\/\/librairie7l.com\/en\/?s={search_term_string}\"},\"query-input\":\"required name=search_term_string\"}],\"inLanguage\":\"en-US\"},{\"@type\":\"Organization\",\"@id\":\"https:\/\/librairie7l.com\/en\/#organization\",\"name\":\"Librairie 7L\",\"url\":\"https:\/\/librairie7l.com\/en\/\",\"logo\":{\"@type\":\"ImageObject\",\"inLanguage\":\"en-US\",\"@id\":\"https:\/\/librairie7l.com\/en\/#\/schema\/logo\/image\/\",\"url\":\"https:\/\/librairie7l.com\/wp-content\/uploads\/2022\/08\/logo-1.png\",\"contentUrl\":\"https:\/\/librairie7l.com\/wp-content\/uploads\/2022\/08\/logo-1.png\",\"width\":227,\"height\":301,\"caption\":\"Librairie 7L\"},\"image\":{\"@id\":\"https:\/\/librairie7l.com\/en\/#\/schema\/logo\/image\/\"}}]}<\/script>\n<!-- \/ Yoast SEO plugin. -->","yoast_head_json":{"title":"Maisons de bord de mer - Librairie 7L","robots":{"index":"index","follow":"follow","max-snippet":"max-snippet:-1","max-image-preview":"max-image-preview:large","max-video-preview":"max-video-preview:-1"},"canonical":"https:\/\/librairie7l.com\/en\/produit\/maisons-de-bord-de-mer\/","og_locale":"en_US","og_type":"article","og_title":"Maisons de bord de mer - Librairie 7L","og_description":"Maisons de bord de mer pr\u00e9sente une s\u00e9lection des plus belles demeures c\u00f4ti\u00e8res \u00e0 travers le monde. Ce livre capture l&#8217;essence de la vie au bord de l&#8217;eau, avec des exemples de maisons qui s&#8217;int\u00e8grent parfaitement \u00e0 leur environnement en profitant de superbes vues c\u00f4ti\u00e8res. Du bord de mer avec des villas les pieds dans [&hellip;]","og_url":"https:\/\/librairie7l.com\/en\/produit\/maisons-de-bord-de-mer\/","og_site_name":"Librairie 7L","article_modified_time":"2026-04-18T03:05:53+00:00","og_image":[{"width":600,"height":695,"url":"https:\/\/librairie7l.com\/wp-content\/uploads\/2023\/10\/9782383780618_1_75.jpg","type":"image\/jpeg"}],"twitter_card":"summary_large_image","twitter_misc":{"Est. reading time":"1 minute"},"schema":{"@context":"https:\/\/schema.org","@graph":[{"@type":"WebPage","@id":"https:\/\/librairie7l.com\/en\/produit\/maisons-de-bord-de-mer\/","url":"https:\/\/librairie7l.com\/en\/produit\/maisons-de-bord-de-mer\/","name":"Maisons de bord de mer - Librairie 7L","isPartOf":{"@id":"https:\/\/librairie7l.com\/en\/#website"},"datePublished":"2024-02-21T08:18:19+00:00","dateModified":"2026-04-18T03:05:53+00:00","breadcrumb":{"@id":"https:\/\/librairie7l.com\/en\/produit\/maisons-de-bord-de-mer\/#breadcrumb"},"inLanguage":"en-US","potentialAction":[{"@type":"ReadAction","target":["https:\/\/librairie7l.com\/en\/produit\/maisons-de-bord-de-mer\/"]}]},{"@type":"BreadcrumbList","@id":"https:\/\/librairie7l.com\/en\/produit\/maisons-de-bord-de-mer\/#breadcrumb","itemListElement":[{"@type":"ListItem","position":1,"name":"Accueil","item":"https:\/\/librairie7l.com\/en\/"},{"@type":"ListItem","position":2,"name":"Shop","item":"https:\/\/librairie7l.com\/en\/shop\/"},{"@type":"ListItem","position":3,"name":"MAISONS DE BORD DE MER"}]},{"@type":"WebSite","@id":"https:\/\/librairie7l.com\/en\/#website","url":"https:\/\/librairie7l.com\/en\/","name":"Librairie 7L","description":"Librairie fond\u00e9e en 1999 par Karl Lagerfeld \u00e0 Paris","publisher":{"@id":"https:\/\/librairie7l.com\/en\/#organization"},"potentialAction":[{"@type":"SearchAction","target":{"@type":"EntryPoint","urlTemplate":"https:\/\/librairie7l.com\/en\/?s={search_term_string}"},"query-input":"required name=search_term_string"}],"inLanguage":"en-US"},{"@type":"Organization","@id":"https:\/\/librairie7l.com\/en\/#organization","name":"Librairie 7L","url":"https:\/\/librairie7l.com\/en\/","logo":{"@type":"ImageObject","inLanguage":"en-US","@id":"https:\/\/librairie7l.com\/en\/#\/schema\/logo\/image\/","url":"https:\/\/librairie7l.com\/wp-content\/uploads\/2022\/08\/logo-1.png","contentUrl":"https:\/\/librairie7l.com\/wp-content\/uploads\/2022\/08\/logo-1.png","width":227,"height":301,"caption":"Librairie 7L"},"image":{"@id":"https:\/\/librairie7l.com\/en\/#\/schema\/logo\/image\/"}}]}},"_links":{"self":[{"href":"https:\/\/librairie7l.com\/en\/wp-json\/wp\/v2\/product\/39420"}],"collection":[{"href":"https:\/\/librairie7l.com\/en\/wp-json\/wp\/v2\/product"}],"about":[{"href":"https:\/\/librairie7l.com\/en\/wp-json\/wp\/v2\/types\/product"}],"wp:featuredmedia":[{"embeddable":true,"href":"https:\/\/librairie7l.com\/en\/wp-json\/wp\/v2\/media\/39418"}],"wp:attachment":[{"href":"https:\/\/librairie7l.com\/en\/wp-json\/wp\/v2\/media?parent=39420"}],"wp:term":[{"taxonomy":"product_cat","embeddable":true,"href":"https:\/\/librairie7l.com\/en\/wp-json\/wp\/v2\/product_cat?post=39420"},{"taxonomy":"product_tag","embeddable":true,"href":"https:\/\/librairie7l.com\/en\/wp-json\/wp\/v2\/product_tag?post=39420"}],"curies":[{"name":"wp","href":"https:\/\/api.w.org\/{rel}","templated":true}]}}