{"id":39428,"date":"2024-02-21T09:18:26","date_gmt":"2024-02-21T08:18:26","guid":{"rendered":"https:\/\/librairie7l.com\/?post_type=product&#038;p=39428"},"modified":"2026-04-27T18:03:12","modified_gmt":"2026-04-27T16:03:12","slug":"homes-for-modernists","status":"publish","type":"product","link":"https:\/\/librairie7l.com\/en\/produit\/homes-for-modernists\/","title":{"rendered":"HOMES FOR MODERNISTS"},"content":{"rendered":"<p>Ce livre rassemble une s\u00e9lection de maisons du 20\u00e8me si\u00e8cle qui ont \u00e9t\u00e9 restaur\u00e9es dans leur splendeur moderniste et sont encore habit\u00e9es.Le photographe Jan Verlinde travaille en argentique pour saisir les beaux volumes et la finesse des d\u00e9tails tandis que l&#8217;auteur Thijs Demeulemeester explique les maisons en d\u00e9tail, \u00e0 partir d&#8217;entretiens avec leurs propri\u00e9taires, parfois leurs architectes et un commentaire sur les styles d&#8217;int\u00e9rieur choisis.<\/p>\n","protected":false},"excerpt":{"rendered":"<p>Ce livre rassemble une s\u00e9lection de maisons du 20\u00e8me si\u00e8cle qui ont \u00e9t\u00e9 restaur\u00e9es dans leur splendeur moderniste et sont encore habit\u00e9es.Le photographe Jan Verlinde travaille en argentique pour saisir les beaux volumes et la finesse des d\u00e9tails tandis que l&#8217;auteur Thijs Demeulemeester explique les maisons en d\u00e9tail, \u00e0 partir d&#8217;entretiens avec leurs propri\u00e9taires, parfois [&hellip;]<\/p>\n","protected":false},"featured_media":39426,"template":"","meta":[],"product_cat":[2948,2950],"product_tag":[],"acf":[],"yoast_head":"<!-- This site is optimized with the Yoast SEO plugin v20.11 - https:\/\/yoast.com\/wordpress\/plugins\/seo\/ -->\n<title>Homes for modernists - Librairie 7L<\/title>\n<meta name=\"robots\" content=\"index, follow, max-snippet:-1, max-image-preview:large, max-video-preview:-1\" \/>\n<link rel=\"canonical\" href=\"https:\/\/librairie7l.com\/en\/produit\/homes-for-modernists\/\" \/>\n<meta property=\"og:locale\" content=\"en_US\" \/>\n<meta property=\"og:type\" content=\"article\" \/>\n<meta property=\"og:title\" content=\"Homes for modernists - Librairie 7L\" \/>\n<meta property=\"og:description\" content=\"Ce livre rassemble une s\u00e9lection de maisons du 20\u00e8me si\u00e8cle qui ont \u00e9t\u00e9 restaur\u00e9es dans leur splendeur moderniste et sont encore habit\u00e9es.Le photographe Jan Verlinde travaille en argentique pour saisir les beaux volumes et la finesse des d\u00e9tails tandis que l&#8217;auteur Thijs Demeulemeester explique les maisons en d\u00e9tail, \u00e0 partir d&#8217;entretiens avec leurs propri\u00e9taires, parfois [&hellip;]\" \/>\n<meta property=\"og:url\" content=\"https:\/\/librairie7l.com\/en\/produit\/homes-for-modernists\/\" \/>\n<meta property=\"og:site_name\" content=\"Librairie 7L\" \/>\n<meta property=\"article:modified_time\" content=\"2026-04-27T16:03:12+00:00\" \/>\n<meta property=\"og:image\" content=\"https:\/\/librairie7l.com\/wp-content\/uploads\/2023\/06\/9789401497022_1_75.jpg\" \/>\n\t<meta property=\"og:image:width\" content=\"380\" \/>\n\t<meta property=\"og:image:height\" content=\"500\" \/>\n\t<meta property=\"og:image:type\" content=\"image\/jpeg\" \/>\n<meta name=\"twitter:card\" content=\"summary_large_image\" \/>\n<script type=\"application\/ld+json\" class=\"yoast-schema-graph\">{\"@context\":\"https:\/\/schema.org\",\"@graph\":[{\"@type\":\"WebPage\",\"@id\":\"https:\/\/librairie7l.com\/en\/produit\/homes-for-modernists\/\",\"url\":\"https:\/\/librairie7l.com\/en\/produit\/homes-for-modernists\/\",\"name\":\"Homes for modernists - Librairie 7L\",\"isPartOf\":{\"@id\":\"https:\/\/librairie7l.com\/en\/#website\"},\"datePublished\":\"2024-02-21T08:18:26+00:00\",\"dateModified\":\"2026-04-27T16:03:12+00:00\",\"breadcrumb\":{\"@id\":\"https:\/\/librairie7l.com\/en\/produit\/homes-for-modernists\/#breadcrumb\"},\"inLanguage\":\"en-US\",\"potentialAction\":[{\"@type\":\"ReadAction\",\"target\":[\"https:\/\/librairie7l.com\/en\/produit\/homes-for-modernists\/\"]}]},{\"@type\":\"BreadcrumbList\",\"@id\":\"https:\/\/librairie7l.com\/en\/produit\/homes-for-modernists\/#breadcrumb\",\"itemListElement\":[{\"@type\":\"ListItem\",\"position\":1,\"name\":\"Accueil\",\"item\":\"https:\/\/librairie7l.com\/en\/\"},{\"@type\":\"ListItem\",\"position\":2,\"name\":\"Shop\",\"item\":\"https:\/\/librairie7l.com\/en\/shop\/\"},{\"@type\":\"ListItem\",\"position\":3,\"name\":\"HOMES FOR MODERNISTS\"}]},{\"@type\":\"WebSite\",\"@id\":\"https:\/\/librairie7l.com\/en\/#website\",\"url\":\"https:\/\/librairie7l.com\/en\/\",\"name\":\"Librairie 7L\",\"description\":\"Librairie fond\u00e9e en 1999 par Karl Lagerfeld \u00e0 Paris\",\"publisher\":{\"@id\":\"https:\/\/librairie7l.com\/en\/#organization\"},\"potentialAction\":[{\"@type\":\"SearchAction\",\"target\":{\"@type\":\"EntryPoint\",\"urlTemplate\":\"https:\/\/librairie7l.com\/en\/?s={search_term_string}\"},\"query-input\":\"required name=search_term_string\"}],\"inLanguage\":\"en-US\"},{\"@type\":\"Organization\",\"@id\":\"https:\/\/librairie7l.com\/en\/#organization\",\"name\":\"Librairie 7L\",\"url\":\"https:\/\/librairie7l.com\/en\/\",\"logo\":{\"@type\":\"ImageObject\",\"inLanguage\":\"en-US\",\"@id\":\"https:\/\/librairie7l.com\/en\/#\/schema\/logo\/image\/\",\"url\":\"https:\/\/librairie7l.com\/wp-content\/uploads\/2022\/08\/logo-1.png\",\"contentUrl\":\"https:\/\/librairie7l.com\/wp-content\/uploads\/2022\/08\/logo-1.png\",\"width\":227,\"height\":301,\"caption\":\"Librairie 7L\"},\"image\":{\"@id\":\"https:\/\/librairie7l.com\/en\/#\/schema\/logo\/image\/\"}}]}<\/script>\n<!-- \/ Yoast SEO plugin. -->","yoast_head_json":{"title":"Homes for modernists - Librairie 7L","robots":{"index":"index","follow":"follow","max-snippet":"max-snippet:-1","max-image-preview":"max-image-preview:large","max-video-preview":"max-video-preview:-1"},"canonical":"https:\/\/librairie7l.com\/en\/produit\/homes-for-modernists\/","og_locale":"en_US","og_type":"article","og_title":"Homes for modernists - Librairie 7L","og_description":"Ce livre rassemble une s\u00e9lection de maisons du 20\u00e8me si\u00e8cle qui ont \u00e9t\u00e9 restaur\u00e9es dans leur splendeur moderniste et sont encore habit\u00e9es.Le photographe Jan Verlinde travaille en argentique pour saisir les beaux volumes et la finesse des d\u00e9tails tandis que l&#8217;auteur Thijs Demeulemeester explique les maisons en d\u00e9tail, \u00e0 partir d&#8217;entretiens avec leurs propri\u00e9taires, parfois [&hellip;]","og_url":"https:\/\/librairie7l.com\/en\/produit\/homes-for-modernists\/","og_site_name":"Librairie 7L","article_modified_time":"2026-04-27T16:03:12+00:00","og_image":[{"width":380,"height":500,"url":"https:\/\/librairie7l.com\/wp-content\/uploads\/2023\/06\/9789401497022_1_75.jpg","type":"image\/jpeg"}],"twitter_card":"summary_large_image","schema":{"@context":"https:\/\/schema.org","@graph":[{"@type":"WebPage","@id":"https:\/\/librairie7l.com\/en\/produit\/homes-for-modernists\/","url":"https:\/\/librairie7l.com\/en\/produit\/homes-for-modernists\/","name":"Homes for modernists - Librairie 7L","isPartOf":{"@id":"https:\/\/librairie7l.com\/en\/#website"},"datePublished":"2024-02-21T08:18:26+00:00","dateModified":"2026-04-27T16:03:12+00:00","breadcrumb":{"@id":"https:\/\/librairie7l.com\/en\/produit\/homes-for-modernists\/#breadcrumb"},"inLanguage":"en-US","potentialAction":[{"@type":"ReadAction","target":["https:\/\/librairie7l.com\/en\/produit\/homes-for-modernists\/"]}]},{"@type":"BreadcrumbList","@id":"https:\/\/librairie7l.com\/en\/produit\/homes-for-modernists\/#breadcrumb","itemListElement":[{"@type":"ListItem","position":1,"name":"Accueil","item":"https:\/\/librairie7l.com\/en\/"},{"@type":"ListItem","position":2,"name":"Shop","item":"https:\/\/librairie7l.com\/en\/shop\/"},{"@type":"ListItem","position":3,"name":"HOMES FOR MODERNISTS"}]},{"@type":"WebSite","@id":"https:\/\/librairie7l.com\/en\/#website","url":"https:\/\/librairie7l.com\/en\/","name":"Librairie 7L","description":"Librairie fond\u00e9e en 1999 par Karl Lagerfeld \u00e0 Paris","publisher":{"@id":"https:\/\/librairie7l.com\/en\/#organization"},"potentialAction":[{"@type":"SearchAction","target":{"@type":"EntryPoint","urlTemplate":"https:\/\/librairie7l.com\/en\/?s={search_term_string}"},"query-input":"required name=search_term_string"}],"inLanguage":"en-US"},{"@type":"Organization","@id":"https:\/\/librairie7l.com\/en\/#organization","name":"Librairie 7L","url":"https:\/\/librairie7l.com\/en\/","logo":{"@type":"ImageObject","inLanguage":"en-US","@id":"https:\/\/librairie7l.com\/en\/#\/schema\/logo\/image\/","url":"https:\/\/librairie7l.com\/wp-content\/uploads\/2022\/08\/logo-1.png","contentUrl":"https:\/\/librairie7l.com\/wp-content\/uploads\/2022\/08\/logo-1.png","width":227,"height":301,"caption":"Librairie 7L"},"image":{"@id":"https:\/\/librairie7l.com\/en\/#\/schema\/logo\/image\/"}}]}},"_links":{"self":[{"href":"https:\/\/librairie7l.com\/en\/wp-json\/wp\/v2\/product\/39428"}],"collection":[{"href":"https:\/\/librairie7l.com\/en\/wp-json\/wp\/v2\/product"}],"about":[{"href":"https:\/\/librairie7l.com\/en\/wp-json\/wp\/v2\/types\/product"}],"wp:featuredmedia":[{"embeddable":true,"href":"https:\/\/librairie7l.com\/en\/wp-json\/wp\/v2\/media\/39426"}],"wp:attachment":[{"href":"https:\/\/librairie7l.com\/en\/wp-json\/wp\/v2\/media?parent=39428"}],"wp:term":[{"taxonomy":"product_cat","embeddable":true,"href":"https:\/\/librairie7l.com\/en\/wp-json\/wp\/v2\/product_cat?post=39428"},{"taxonomy":"product_tag","embeddable":true,"href":"https:\/\/librairie7l.com\/en\/wp-json\/wp\/v2\/product_tag?post=39428"}],"curies":[{"name":"wp","href":"https:\/\/api.w.org\/{rel}","templated":true}]}}