{"id":39456,"date":"2024-02-24T09:18:07","date_gmt":"2024-02-24T08:18:07","guid":{"rendered":"https:\/\/librairie7l.com\/?post_type=product&#038;p=39456"},"modified":"2026-04-30T09:06:47","modified_gmt":"2026-04-30T07:06:47","slug":"david-hockney-drawings-1963-1977-love-life","status":"publish","type":"product","link":"https:\/\/librairie7l.com\/en\/produit\/david-hockney-drawings-1963-1977-love-life\/","title":{"rendered":"DAVID HOCKNEY DRAWINGS 1963-1977 : LOVE LIFE"},"content":{"rendered":"<p>David Hockney est l&#8217;un des plus grands dessinateurs de tous les temps, et ses dessins des ann\u00e9es 1960 et 1970 comptent parmi ses plus belles oeuvres. Cette s\u00e9lection de 41 dessins, \u00e0 la fois connus et inconnus, d\u00e9montre comment son amour de la vie s&#8217;exprime \u00e0 travers son extraordinaire capacit\u00e9 \u00e0 observer de pr\u00e8s et \u00e0 traduire en art le monde qui l&#8217;entoure. Amis, lieux et objets inanim\u00e9s sont tous repr\u00e9sent\u00e9s avec perspicacit\u00e9 et \u00e9nergie.<\/p>\n","protected":false},"excerpt":{"rendered":"<p>David Hockney est l&#8217;un des plus grands dessinateurs de tous les temps, et ses dessins des ann\u00e9es 1960 et 1970 comptent parmi ses plus belles oeuvres. Cette s\u00e9lection de 41 dessins, \u00e0 la fois connus et inconnus, d\u00e9montre comment son amour de la vie s&#8217;exprime \u00e0 travers son extraordinaire capacit\u00e9 \u00e0 observer de pr\u00e8s et [&hellip;]<\/p>\n","protected":false},"featured_media":39454,"template":"","meta":[],"product_cat":[2948,2953],"product_tag":[],"acf":[],"yoast_head":"<!-- This site is optimized with the Yoast SEO plugin v20.11 - https:\/\/yoast.com\/wordpress\/plugins\/seo\/ -->\n<title>David Hockney Drawings 1963-1977 : Love life - Librairie 7L<\/title>\n<meta name=\"robots\" content=\"index, follow, max-snippet:-1, max-image-preview:large, max-video-preview:-1\" \/>\n<link rel=\"canonical\" href=\"https:\/\/librairie7l.com\/en\/produit\/david-hockney-drawings-1963-1977-love-life\/\" \/>\n<meta property=\"og:locale\" content=\"en_US\" \/>\n<meta property=\"og:type\" content=\"article\" \/>\n<meta property=\"og:title\" content=\"David Hockney Drawings 1963-1977 : Love life - Librairie 7L\" \/>\n<meta property=\"og:description\" content=\"David Hockney est l&#8217;un des plus grands dessinateurs de tous les temps, et ses dessins des ann\u00e9es 1960 et 1970 comptent parmi ses plus belles oeuvres. Cette s\u00e9lection de 41 dessins, \u00e0 la fois connus et inconnus, d\u00e9montre comment son amour de la vie s&#8217;exprime \u00e0 travers son extraordinaire capacit\u00e9 \u00e0 observer de pr\u00e8s et [&hellip;]\" \/>\n<meta property=\"og:url\" content=\"https:\/\/librairie7l.com\/en\/produit\/david-hockney-drawings-1963-1977-love-life\/\" \/>\n<meta property=\"og:site_name\" content=\"Librairie 7L\" \/>\n<meta property=\"article:modified_time\" content=\"2026-04-30T07:06:47+00:00\" \/>\n<meta property=\"og:image\" content=\"https:\/\/librairie7l.com\/wp-content\/uploads\/2023\/11\/9781843682370_1_75.jpg\" \/>\n\t<meta property=\"og:image:width\" content=\"600\" \/>\n\t<meta property=\"og:image:height\" content=\"643\" \/>\n\t<meta property=\"og:image:type\" content=\"image\/jpeg\" \/>\n<meta name=\"twitter:card\" content=\"summary_large_image\" \/>\n<script type=\"application\/ld+json\" class=\"yoast-schema-graph\">{\"@context\":\"https:\/\/schema.org\",\"@graph\":[{\"@type\":\"WebPage\",\"@id\":\"https:\/\/librairie7l.com\/en\/produit\/david-hockney-drawings-1963-1977-love-life\/\",\"url\":\"https:\/\/librairie7l.com\/en\/produit\/david-hockney-drawings-1963-1977-love-life\/\",\"name\":\"David Hockney Drawings 1963-1977 : Love life - Librairie 7L\",\"isPartOf\":{\"@id\":\"https:\/\/librairie7l.com\/en\/#website\"},\"datePublished\":\"2024-02-24T08:18:07+00:00\",\"dateModified\":\"2026-04-30T07:06:47+00:00\",\"breadcrumb\":{\"@id\":\"https:\/\/librairie7l.com\/en\/produit\/david-hockney-drawings-1963-1977-love-life\/#breadcrumb\"},\"inLanguage\":\"en-US\",\"potentialAction\":[{\"@type\":\"ReadAction\",\"target\":[\"https:\/\/librairie7l.com\/en\/produit\/david-hockney-drawings-1963-1977-love-life\/\"]}]},{\"@type\":\"BreadcrumbList\",\"@id\":\"https:\/\/librairie7l.com\/en\/produit\/david-hockney-drawings-1963-1977-love-life\/#breadcrumb\",\"itemListElement\":[{\"@type\":\"ListItem\",\"position\":1,\"name\":\"Accueil\",\"item\":\"https:\/\/librairie7l.com\/en\/\"},{\"@type\":\"ListItem\",\"position\":2,\"name\":\"Shop\",\"item\":\"https:\/\/librairie7l.com\/en\/shop\/\"},{\"@type\":\"ListItem\",\"position\":3,\"name\":\"DAVID HOCKNEY DRAWINGS 1963-1977 : LOVE LIFE\"}]},{\"@type\":\"WebSite\",\"@id\":\"https:\/\/librairie7l.com\/en\/#website\",\"url\":\"https:\/\/librairie7l.com\/en\/\",\"name\":\"Librairie 7L\",\"description\":\"Librairie fond\u00e9e en 1999 par Karl Lagerfeld \u00e0 Paris\",\"publisher\":{\"@id\":\"https:\/\/librairie7l.com\/en\/#organization\"},\"potentialAction\":[{\"@type\":\"SearchAction\",\"target\":{\"@type\":\"EntryPoint\",\"urlTemplate\":\"https:\/\/librairie7l.com\/en\/?s={search_term_string}\"},\"query-input\":\"required name=search_term_string\"}],\"inLanguage\":\"en-US\"},{\"@type\":\"Organization\",\"@id\":\"https:\/\/librairie7l.com\/en\/#organization\",\"name\":\"Librairie 7L\",\"url\":\"https:\/\/librairie7l.com\/en\/\",\"logo\":{\"@type\":\"ImageObject\",\"inLanguage\":\"en-US\",\"@id\":\"https:\/\/librairie7l.com\/en\/#\/schema\/logo\/image\/\",\"url\":\"https:\/\/librairie7l.com\/wp-content\/uploads\/2022\/08\/logo-1.png\",\"contentUrl\":\"https:\/\/librairie7l.com\/wp-content\/uploads\/2022\/08\/logo-1.png\",\"width\":227,\"height\":301,\"caption\":\"Librairie 7L\"},\"image\":{\"@id\":\"https:\/\/librairie7l.com\/en\/#\/schema\/logo\/image\/\"}}]}<\/script>\n<!-- \/ Yoast SEO plugin. -->","yoast_head_json":{"title":"David Hockney Drawings 1963-1977 : Love life - Librairie 7L","robots":{"index":"index","follow":"follow","max-snippet":"max-snippet:-1","max-image-preview":"max-image-preview:large","max-video-preview":"max-video-preview:-1"},"canonical":"https:\/\/librairie7l.com\/en\/produit\/david-hockney-drawings-1963-1977-love-life\/","og_locale":"en_US","og_type":"article","og_title":"David Hockney Drawings 1963-1977 : Love life - Librairie 7L","og_description":"David Hockney est l&#8217;un des plus grands dessinateurs de tous les temps, et ses dessins des ann\u00e9es 1960 et 1970 comptent parmi ses plus belles oeuvres. Cette s\u00e9lection de 41 dessins, \u00e0 la fois connus et inconnus, d\u00e9montre comment son amour de la vie s&#8217;exprime \u00e0 travers son extraordinaire capacit\u00e9 \u00e0 observer de pr\u00e8s et [&hellip;]","og_url":"https:\/\/librairie7l.com\/en\/produit\/david-hockney-drawings-1963-1977-love-life\/","og_site_name":"Librairie 7L","article_modified_time":"2026-04-30T07:06:47+00:00","og_image":[{"width":600,"height":643,"url":"https:\/\/librairie7l.com\/wp-content\/uploads\/2023\/11\/9781843682370_1_75.jpg","type":"image\/jpeg"}],"twitter_card":"summary_large_image","schema":{"@context":"https:\/\/schema.org","@graph":[{"@type":"WebPage","@id":"https:\/\/librairie7l.com\/en\/produit\/david-hockney-drawings-1963-1977-love-life\/","url":"https:\/\/librairie7l.com\/en\/produit\/david-hockney-drawings-1963-1977-love-life\/","name":"David Hockney Drawings 1963-1977 : Love life - Librairie 7L","isPartOf":{"@id":"https:\/\/librairie7l.com\/en\/#website"},"datePublished":"2024-02-24T08:18:07+00:00","dateModified":"2026-04-30T07:06:47+00:00","breadcrumb":{"@id":"https:\/\/librairie7l.com\/en\/produit\/david-hockney-drawings-1963-1977-love-life\/#breadcrumb"},"inLanguage":"en-US","potentialAction":[{"@type":"ReadAction","target":["https:\/\/librairie7l.com\/en\/produit\/david-hockney-drawings-1963-1977-love-life\/"]}]},{"@type":"BreadcrumbList","@id":"https:\/\/librairie7l.com\/en\/produit\/david-hockney-drawings-1963-1977-love-life\/#breadcrumb","itemListElement":[{"@type":"ListItem","position":1,"name":"Accueil","item":"https:\/\/librairie7l.com\/en\/"},{"@type":"ListItem","position":2,"name":"Shop","item":"https:\/\/librairie7l.com\/en\/shop\/"},{"@type":"ListItem","position":3,"name":"DAVID HOCKNEY DRAWINGS 1963-1977 : LOVE LIFE"}]},{"@type":"WebSite","@id":"https:\/\/librairie7l.com\/en\/#website","url":"https:\/\/librairie7l.com\/en\/","name":"Librairie 7L","description":"Librairie fond\u00e9e en 1999 par Karl Lagerfeld \u00e0 Paris","publisher":{"@id":"https:\/\/librairie7l.com\/en\/#organization"},"potentialAction":[{"@type":"SearchAction","target":{"@type":"EntryPoint","urlTemplate":"https:\/\/librairie7l.com\/en\/?s={search_term_string}"},"query-input":"required name=search_term_string"}],"inLanguage":"en-US"},{"@type":"Organization","@id":"https:\/\/librairie7l.com\/en\/#organization","name":"Librairie 7L","url":"https:\/\/librairie7l.com\/en\/","logo":{"@type":"ImageObject","inLanguage":"en-US","@id":"https:\/\/librairie7l.com\/en\/#\/schema\/logo\/image\/","url":"https:\/\/librairie7l.com\/wp-content\/uploads\/2022\/08\/logo-1.png","contentUrl":"https:\/\/librairie7l.com\/wp-content\/uploads\/2022\/08\/logo-1.png","width":227,"height":301,"caption":"Librairie 7L"},"image":{"@id":"https:\/\/librairie7l.com\/en\/#\/schema\/logo\/image\/"}}]}},"_links":{"self":[{"href":"https:\/\/librairie7l.com\/en\/wp-json\/wp\/v2\/product\/39456"}],"collection":[{"href":"https:\/\/librairie7l.com\/en\/wp-json\/wp\/v2\/product"}],"about":[{"href":"https:\/\/librairie7l.com\/en\/wp-json\/wp\/v2\/types\/product"}],"wp:featuredmedia":[{"embeddable":true,"href":"https:\/\/librairie7l.com\/en\/wp-json\/wp\/v2\/media\/39454"}],"wp:attachment":[{"href":"https:\/\/librairie7l.com\/en\/wp-json\/wp\/v2\/media?parent=39456"}],"wp:term":[{"taxonomy":"product_cat","embeddable":true,"href":"https:\/\/librairie7l.com\/en\/wp-json\/wp\/v2\/product_cat?post=39456"},{"taxonomy":"product_tag","embeddable":true,"href":"https:\/\/librairie7l.com\/en\/wp-json\/wp\/v2\/product_tag?post=39456"}],"curies":[{"name":"wp","href":"https:\/\/api.w.org\/{rel}","templated":true}]}}