{"id":39460,"date":"2024-02-24T09:18:11","date_gmt":"2024-02-24T08:18:11","guid":{"rendered":"https:\/\/librairie7l.com\/?post_type=product&#038;p=39460"},"modified":"2026-04-09T12:07:59","modified_gmt":"2026-04-09T10:07:59","slug":"zero-diese-existe-art-mathematiques-inesthetique","status":"publish","type":"product","link":"https:\/\/librairie7l.com\/en\/produit\/zero-diese-existe-art-mathematiques-inesthetique\/","title":{"rendered":"Z\u00c9RO DI\u00c8SE EXISTE : ART, MATH\u00c9MATIQUES, INESTH\u00c9TIQUE"},"content":{"rendered":"<p>Art et math\u00e9matiques entretiennent depuis les temps les plus recul\u00e9s une relation intime comme en t\u00e9moignent les oeuvres de L\u00e9onard de Vinci, B\u00e9la Bart\u00f3k, Bernar Venet, Roman Opalka, Manfred Mohr, Ryoji Ikeda, Hollis Frampton, Shigeru Onishi et bien d&#8217;autres. On remarque cependant que depuis le milieu des ann\u00e9es soixante cette relation a commenc\u00e9 \u00e0 s&#8217;affaiblir et qu&#8217;une certaine distance s&#8217;est install\u00e9e entre ces deux champs de la cr\u00e9ation. L&#8217;auteur nous emm\u00e8ne \u00e0 la d\u00e9couverte des raisons de cette bifurcation entre art et math\u00e9matiques \u00e0 l&#8217;\u00e8re postmoderne, et identifie un suspect principal : l&#8217;infini. Il s&#8217;inspire pour cette enqu\u00eate de la pens\u00e9e du philosophe Alain Badiou, en particulier du concept d&#8217;inesth\u00e9tique, nouage original entre art et pens\u00e9e centr\u00e9 sur ceux d&#8217;\u00eatre, d&#8217;\u00e9v\u00e9nement, de v\u00e9rit\u00e9, de sujet et &#8230; d&#8217;infini.<\/p>\n<p> Michel Tombroff est artiste plasticien. Il a fait ses \u00e9tudes d&#8217;ing\u00e9nieur civil \u00e0 l&#8217;Universit\u00e9 Libre de Bruxelles (ULB) et d&#8217;informatique th\u00e9orique \u00e0 l&#8217;Universit\u00e9 de Californie \u00e0 Santa Barbara (UCSB). Sa pratique artistique puise son inspiration l\u00e0 o\u00f9 les questions de fondements et de formalisation se rejoignent, que ce soit dans les math\u00e9matiques ou la philosophie. Il vit et travaille \u00e0 Bruxelles (Belgique).<\/p>\n","protected":false},"excerpt":{"rendered":"<p>Art et math\u00e9matiques entretiennent depuis les temps les plus recul\u00e9s une relation intime comme en t\u00e9moignent les oeuvres de L\u00e9onard de Vinci, B\u00e9la Bart\u00f3k, Bernar Venet, Roman Opalka, Manfred Mohr, Ryoji Ikeda, Hollis Frampton, Shigeru Onishi et bien d&#8217;autres. On remarque cependant que depuis le milieu des ann\u00e9es soixante cette relation a commenc\u00e9 \u00e0 s&#8217;affaiblir [&hellip;]<\/p>\n","protected":false},"featured_media":39458,"template":"","meta":[],"product_cat":[2948,2953],"product_tag":[],"acf":[],"yoast_head":"<!-- This site is optimized with the Yoast SEO plugin v20.11 - https:\/\/yoast.com\/wordpress\/plugins\/seo\/ -->\n<title>Z\u00e9ro di\u00e8se existe : Art, math\u00e9matiques, inesth\u00e9tique - Librairie 7L<\/title>\n<meta name=\"robots\" content=\"index, follow, max-snippet:-1, max-image-preview:large, max-video-preview:-1\" \/>\n<link rel=\"canonical\" href=\"https:\/\/librairie7l.com\/en\/produit\/zero-diese-existe-art-mathematiques-inesthetique\/\" \/>\n<meta property=\"og:locale\" content=\"en_US\" \/>\n<meta property=\"og:type\" content=\"article\" \/>\n<meta property=\"og:title\" content=\"Z\u00e9ro di\u00e8se existe : Art, math\u00e9matiques, inesth\u00e9tique - Librairie 7L\" \/>\n<meta property=\"og:description\" content=\"Art et math\u00e9matiques entretiennent depuis les temps les plus recul\u00e9s une relation intime comme en t\u00e9moignent les oeuvres de L\u00e9onard de Vinci, B\u00e9la Bart\u00f3k, Bernar Venet, Roman Opalka, Manfred Mohr, Ryoji Ikeda, Hollis Frampton, Shigeru Onishi et bien d&#8217;autres. On remarque cependant que depuis le milieu des ann\u00e9es soixante cette relation a commenc\u00e9 \u00e0 s&#8217;affaiblir [&hellip;]\" \/>\n<meta property=\"og:url\" content=\"https:\/\/librairie7l.com\/en\/produit\/zero-diese-existe-art-mathematiques-inesthetique\/\" \/>\n<meta property=\"og:site_name\" content=\"Librairie 7L\" \/>\n<meta property=\"article:modified_time\" content=\"2026-04-09T10:07:59+00:00\" \/>\n<meta property=\"og:image\" content=\"https:\/\/librairie7l.com\/wp-content\/uploads\/2023\/10\/9788869763960_1_75.jpg\" \/>\n\t<meta property=\"og:image:width\" content=\"600\" \/>\n\t<meta property=\"og:image:height\" content=\"895\" \/>\n\t<meta property=\"og:image:type\" content=\"image\/jpeg\" \/>\n<meta name=\"twitter:card\" content=\"summary_large_image\" \/>\n<meta name=\"twitter:label1\" content=\"Est. reading time\" \/>\n\t<meta name=\"twitter:data1\" content=\"1 minute\" \/>\n<script type=\"application\/ld+json\" class=\"yoast-schema-graph\">{\"@context\":\"https:\/\/schema.org\",\"@graph\":[{\"@type\":\"WebPage\",\"@id\":\"https:\/\/librairie7l.com\/en\/produit\/zero-diese-existe-art-mathematiques-inesthetique\/\",\"url\":\"https:\/\/librairie7l.com\/en\/produit\/zero-diese-existe-art-mathematiques-inesthetique\/\",\"name\":\"Z\u00e9ro di\u00e8se existe : Art, math\u00e9matiques, inesth\u00e9tique - Librairie 7L\",\"isPartOf\":{\"@id\":\"https:\/\/librairie7l.com\/en\/#website\"},\"datePublished\":\"2024-02-24T08:18:11+00:00\",\"dateModified\":\"2026-04-09T10:07:59+00:00\",\"breadcrumb\":{\"@id\":\"https:\/\/librairie7l.com\/en\/produit\/zero-diese-existe-art-mathematiques-inesthetique\/#breadcrumb\"},\"inLanguage\":\"en-US\",\"potentialAction\":[{\"@type\":\"ReadAction\",\"target\":[\"https:\/\/librairie7l.com\/en\/produit\/zero-diese-existe-art-mathematiques-inesthetique\/\"]}]},{\"@type\":\"BreadcrumbList\",\"@id\":\"https:\/\/librairie7l.com\/en\/produit\/zero-diese-existe-art-mathematiques-inesthetique\/#breadcrumb\",\"itemListElement\":[{\"@type\":\"ListItem\",\"position\":1,\"name\":\"Accueil\",\"item\":\"https:\/\/librairie7l.com\/en\/\"},{\"@type\":\"ListItem\",\"position\":2,\"name\":\"Shop\",\"item\":\"https:\/\/librairie7l.com\/en\/shop\/\"},{\"@type\":\"ListItem\",\"position\":3,\"name\":\"Z\u00c9RO DI\u00c8SE EXISTE : ART, MATH\u00c9MATIQUES, INESTH\u00c9TIQUE\"}]},{\"@type\":\"WebSite\",\"@id\":\"https:\/\/librairie7l.com\/en\/#website\",\"url\":\"https:\/\/librairie7l.com\/en\/\",\"name\":\"Librairie 7L\",\"description\":\"Librairie fond\u00e9e en 1999 par Karl Lagerfeld \u00e0 Paris\",\"publisher\":{\"@id\":\"https:\/\/librairie7l.com\/en\/#organization\"},\"potentialAction\":[{\"@type\":\"SearchAction\",\"target\":{\"@type\":\"EntryPoint\",\"urlTemplate\":\"https:\/\/librairie7l.com\/en\/?s={search_term_string}\"},\"query-input\":\"required name=search_term_string\"}],\"inLanguage\":\"en-US\"},{\"@type\":\"Organization\",\"@id\":\"https:\/\/librairie7l.com\/en\/#organization\",\"name\":\"Librairie 7L\",\"url\":\"https:\/\/librairie7l.com\/en\/\",\"logo\":{\"@type\":\"ImageObject\",\"inLanguage\":\"en-US\",\"@id\":\"https:\/\/librairie7l.com\/en\/#\/schema\/logo\/image\/\",\"url\":\"https:\/\/librairie7l.com\/wp-content\/uploads\/2022\/08\/logo-1.png\",\"contentUrl\":\"https:\/\/librairie7l.com\/wp-content\/uploads\/2022\/08\/logo-1.png\",\"width\":227,\"height\":301,\"caption\":\"Librairie 7L\"},\"image\":{\"@id\":\"https:\/\/librairie7l.com\/en\/#\/schema\/logo\/image\/\"}}]}<\/script>\n<!-- \/ Yoast SEO plugin. -->","yoast_head_json":{"title":"Z\u00e9ro di\u00e8se existe : Art, math\u00e9matiques, inesth\u00e9tique - Librairie 7L","robots":{"index":"index","follow":"follow","max-snippet":"max-snippet:-1","max-image-preview":"max-image-preview:large","max-video-preview":"max-video-preview:-1"},"canonical":"https:\/\/librairie7l.com\/en\/produit\/zero-diese-existe-art-mathematiques-inesthetique\/","og_locale":"en_US","og_type":"article","og_title":"Z\u00e9ro di\u00e8se existe : Art, math\u00e9matiques, inesth\u00e9tique - Librairie 7L","og_description":"Art et math\u00e9matiques entretiennent depuis les temps les plus recul\u00e9s une relation intime comme en t\u00e9moignent les oeuvres de L\u00e9onard de Vinci, B\u00e9la Bart\u00f3k, Bernar Venet, Roman Opalka, Manfred Mohr, Ryoji Ikeda, Hollis Frampton, Shigeru Onishi et bien d&#8217;autres. On remarque cependant que depuis le milieu des ann\u00e9es soixante cette relation a commenc\u00e9 \u00e0 s&#8217;affaiblir [&hellip;]","og_url":"https:\/\/librairie7l.com\/en\/produit\/zero-diese-existe-art-mathematiques-inesthetique\/","og_site_name":"Librairie 7L","article_modified_time":"2026-04-09T10:07:59+00:00","og_image":[{"width":600,"height":895,"url":"https:\/\/librairie7l.com\/wp-content\/uploads\/2023\/10\/9788869763960_1_75.jpg","type":"image\/jpeg"}],"twitter_card":"summary_large_image","twitter_misc":{"Est. reading time":"1 minute"},"schema":{"@context":"https:\/\/schema.org","@graph":[{"@type":"WebPage","@id":"https:\/\/librairie7l.com\/en\/produit\/zero-diese-existe-art-mathematiques-inesthetique\/","url":"https:\/\/librairie7l.com\/en\/produit\/zero-diese-existe-art-mathematiques-inesthetique\/","name":"Z\u00e9ro di\u00e8se existe : Art, math\u00e9matiques, inesth\u00e9tique - Librairie 7L","isPartOf":{"@id":"https:\/\/librairie7l.com\/en\/#website"},"datePublished":"2024-02-24T08:18:11+00:00","dateModified":"2026-04-09T10:07:59+00:00","breadcrumb":{"@id":"https:\/\/librairie7l.com\/en\/produit\/zero-diese-existe-art-mathematiques-inesthetique\/#breadcrumb"},"inLanguage":"en-US","potentialAction":[{"@type":"ReadAction","target":["https:\/\/librairie7l.com\/en\/produit\/zero-diese-existe-art-mathematiques-inesthetique\/"]}]},{"@type":"BreadcrumbList","@id":"https:\/\/librairie7l.com\/en\/produit\/zero-diese-existe-art-mathematiques-inesthetique\/#breadcrumb","itemListElement":[{"@type":"ListItem","position":1,"name":"Accueil","item":"https:\/\/librairie7l.com\/en\/"},{"@type":"ListItem","position":2,"name":"Shop","item":"https:\/\/librairie7l.com\/en\/shop\/"},{"@type":"ListItem","position":3,"name":"Z\u00c9RO DI\u00c8SE EXISTE : ART, MATH\u00c9MATIQUES, INESTH\u00c9TIQUE"}]},{"@type":"WebSite","@id":"https:\/\/librairie7l.com\/en\/#website","url":"https:\/\/librairie7l.com\/en\/","name":"Librairie 7L","description":"Librairie fond\u00e9e en 1999 par Karl Lagerfeld \u00e0 Paris","publisher":{"@id":"https:\/\/librairie7l.com\/en\/#organization"},"potentialAction":[{"@type":"SearchAction","target":{"@type":"EntryPoint","urlTemplate":"https:\/\/librairie7l.com\/en\/?s={search_term_string}"},"query-input":"required name=search_term_string"}],"inLanguage":"en-US"},{"@type":"Organization","@id":"https:\/\/librairie7l.com\/en\/#organization","name":"Librairie 7L","url":"https:\/\/librairie7l.com\/en\/","logo":{"@type":"ImageObject","inLanguage":"en-US","@id":"https:\/\/librairie7l.com\/en\/#\/schema\/logo\/image\/","url":"https:\/\/librairie7l.com\/wp-content\/uploads\/2022\/08\/logo-1.png","contentUrl":"https:\/\/librairie7l.com\/wp-content\/uploads\/2022\/08\/logo-1.png","width":227,"height":301,"caption":"Librairie 7L"},"image":{"@id":"https:\/\/librairie7l.com\/en\/#\/schema\/logo\/image\/"}}]}},"_links":{"self":[{"href":"https:\/\/librairie7l.com\/en\/wp-json\/wp\/v2\/product\/39460"}],"collection":[{"href":"https:\/\/librairie7l.com\/en\/wp-json\/wp\/v2\/product"}],"about":[{"href":"https:\/\/librairie7l.com\/en\/wp-json\/wp\/v2\/types\/product"}],"wp:featuredmedia":[{"embeddable":true,"href":"https:\/\/librairie7l.com\/en\/wp-json\/wp\/v2\/media\/39458"}],"wp:attachment":[{"href":"https:\/\/librairie7l.com\/en\/wp-json\/wp\/v2\/media?parent=39460"}],"wp:term":[{"taxonomy":"product_cat","embeddable":true,"href":"https:\/\/librairie7l.com\/en\/wp-json\/wp\/v2\/product_cat?post=39460"},{"taxonomy":"product_tag","embeddable":true,"href":"https:\/\/librairie7l.com\/en\/wp-json\/wp\/v2\/product_tag?post=39460"}],"curies":[{"name":"wp","href":"https:\/\/api.w.org\/{rel}","templated":true}]}}