{"id":39498,"date":"2024-02-29T09:18:57","date_gmt":"2024-02-29T08:18:57","guid":{"rendered":"https:\/\/librairie7l.com\/?post_type=product&#038;p=39498"},"modified":"2026-04-12T00:07:04","modified_gmt":"2026-04-11T22:07:04","slug":"artistes-et-paysans-battre-la-campagne","status":"publish","type":"product","link":"https:\/\/librairie7l.com\/en\/produit\/artistes-et-paysans-battre-la-campagne\/","title":{"rendered":"ARTISTES ET PAYSANS : BATTRE LA CAMPAGNE"},"content":{"rendered":"<p>EXPOSITION \u00ab ARTISTES ET PAYSANS. BATTRE LA CAMPAGNE \u00bb, DU 1ER MARS AU 25 AO\u00dbT 2024 AUX ABATTOIRS, MUS\u00c9E &#8211; FRAC OCCITANIE TOULOUSE Artistes?: Maria Thereza Alves, Jean Amblard, ARN (\u00c9ric Tabuchi et Nelly Monnier), Adrian Balseca, Gianfranco Baruchello, Julien Beneyton, Michel Blazy, Rosa Bonheur, Thierry Boutonnier, Jules Breton, Mathilde Caylou, Henri Cueco, Marinette Cueco, Pierre Creton, \u00c1gnes D\u00e9nes, Morgane Denzler, Morgan Fache, Nina Ferrer Gleize, Aur\u00e9lie Ferruel et Florentine Gu\u00e9don, Annabel Gueredrat, Sylvain Gouraud, Suzanne Husky, Fabrice Hyber, INLAND &#8211; Campo Adentro, KAKO &amp; St\u00e9phane Kenkle, L\u00e9on-Augustin Lhermitte, Aurelia Mihai, Jean-Fran\u00e7ois Millet, Asunci\u00f3n Molinos Gordo, Myvillages, Nouveau Minist\u00e8re de l&#8217;Agriculture (Suzanne Husky et St\u00e9phanie Sagot), Aur\u00e9lie Olivier, Daniel Otero Torres, Karoll Petit, Jean-Baptiste Perret, T\u00e9rence Pique, \u00c9milie Pitoiset, Tabita Rezaire, Pascal Rivet, Damien Rouxel, No\u00e9mie Sauve, Jade Tang, Nicolas Tubery, Agn\u00e8s Varda, Simone Villemeur-Deloume, Lois Weinberger. L&#8217;exposition \u00ab?Artistes et paysans. Battre la campagne?\u00bb propose une exploration des liens multiples et riches entre les artistes et les paysans \u00e0 l&#8217;aune des enjeux auxquels fait face l&#8217;agriculture aujourd&#8217;hui. \u00c0 travers un ensemble de pr\u00e8s de 150 oeuvres, le parcours propos\u00e9 entend contextualiser et mettre en \u00e9vidence les points de rencontre entre art et agriculture, tout en explorant la mani\u00e8re dont ce dialogue a \u00e9volu\u00e9 dans un contexte de red\u00e9finition des relations entre l&#8217;humain et son environnement. Des artistes ont entrepris ces derni\u00e8res ann\u00e9es de s&#8217;extraire d&#8217;une repr\u00e9sentation du monde rural, qui confine parfois \u00e0 l&#8217;image d&#8217;\u00c9pinal, pour comprendre la r\u00e9alit\u00e9 sociale, \u00e9conomique et environnementale des mondes paysans de l&#8217;\u00e9poque actuelle. Ils et elles cherchent \u00e0 mieux repr\u00e9senter et comprendre celles et ceux qui sont \u00e0 la fois au centre et en marge de la soci\u00e9t\u00e9, apr\u00e8s avoir pendant des si\u00e8cles repr\u00e9sent\u00e9 la majorit\u00e9 de la population fran\u00e7aise, et qui exercent aujourd&#8217;hui leur m\u00e9tier entre des injonctions contradictoires de productivit\u00e9 et de respect du vivant. Si l&#8217;apr\u00e8s seconde guerre mondiale a marqu\u00e9 un tournant d\u00e9cisif pour la production agricole, qui se tourne en Occident vers un mod\u00e8le intensif et industriel, le d\u00e9but du xxie si\u00e8cle s&#8217;inscrit dans une p\u00e9riode de mutation in\u00e9dite, \u00e0 l&#8217;aune d&#8217;une prise de conscience nouvelle. Ce dialogue entre art et agriculture transmet ainsi des visions et des paroles essentielles sur les enjeux actuels du travail de la terre. \u00c0 travers un parcours th\u00e9matique, l&#8217;exposition aborde les questions de la repr\u00e9sentation du paysan, des semences, de la fabrication du paysage ou encore des gestes et savoir-faire, et met en avant les artistes, historiques et \u00e9mergents, qui placent au coeur de leur pratique la figure et le travail des paysans et paysannes. Elle remet notamment en perspective l&#8217;entr\u00e9e du monde paysan au mus\u00e9e au xixe si\u00e8cle, par l&#8217;interm\u00e9diaire notable de peintres tels que Jean-Fran\u00e7ois Millet, Rosa Bonheur ou Jules Breton -?dont des oeuvres sont exceptionnellement pr\u00eat\u00e9es par le mus\u00e9e d&#8217;Orsay?- qui, s&#8217;int\u00e9ressant au plein air, aux campagnes et aux animaux, ont introduit la repr\u00e9sentation de leur vie et de leur travail dans le champ des Beaux-Arts. Le xxe si\u00e8cle accompagne la fixation et la pr\u00e9servation d&#8217;un mode de vie agricole par la cr\u00e9ation de mus\u00e9es d&#8217;ethnologie et de traditions populaires, notamment \u00e9voqu\u00e9 gr\u00e2ce \u00e0 d&#8217;importants pr\u00eats du Mucem, mode de vie dont les artistes d&#8217;aujourd&#8217;hui proposent une relecture. Des artistes fondateurs de la repr\u00e9sentation des mondes paysans contemporains en France, tels que le photographe Raymond Depardon et la cin\u00e9aste Agn\u00e8s Varda, sont ainsi pr\u00e9sents aux c\u00f4t\u00e9s des artistes pionniers, \u00c1gnes D\u00e9nes, Lois Weinberger ou encore Gianfranco Baruchello qui, d\u00e8s les ann\u00e9es 1970, ont fait de l&#8217;acte de planter une action artistique et politique. Tous partagent sous des formes vari\u00e9es, g\u00e9n\u00e9ralement via une relation directe avec les agriculteurs et agricultrices, des r\u00e9cits pluriels qui ont \u00e9t\u00e9 souvent romantis\u00e9s ou mis de c\u00f4t\u00e9. \u00c0 travers leurs oeuvres, les artistes mettent en relief les r\u00e9alit\u00e9s et les difficult\u00e9s de la vie paysanne, et en dressent de nouveaux portraits, tout en questionnant l&#8217;\u00e9loignement entre les lieux de production et de consommation. Chaque oeuvre refl\u00e8te ainsi un mode de r\u00e9investissement de notre lien au vivant et aux mains qui nous nourrissent, ouvrant sur un terrain de cr\u00e9ation pour une reconnexion des pratiques artistiques et agricoles.<\/p>\n","protected":false},"excerpt":{"rendered":"<p>EXPOSITION \u00ab ARTISTES ET PAYSANS. BATTRE LA CAMPAGNE \u00bb, DU 1ER MARS AU 25 AO\u00dbT 2024 AUX ABATTOIRS, MUS\u00c9E &#8211; FRAC OCCITANIE TOULOUSE Artistes?: Maria Thereza Alves, Jean Amblard, ARN (\u00c9ric Tabuchi et Nelly Monnier), Adrian Balseca, Gianfranco Baruchello, Julien Beneyton, Michel Blazy, Rosa Bonheur, Thierry Boutonnier, Jules Breton, Mathilde Caylou, Henri Cueco, Marinette Cueco, [&hellip;]<\/p>\n","protected":false},"featured_media":41148,"template":"","meta":[],"product_cat":[2948,2953],"product_tag":[],"acf":[],"yoast_head":"<!-- This site is optimized with the Yoast SEO plugin v20.11 - https:\/\/yoast.com\/wordpress\/plugins\/seo\/ -->\n<title>Artistes et paysans : Battre la campagne - Librairie 7L<\/title>\n<meta name=\"robots\" content=\"index, follow, max-snippet:-1, max-image-preview:large, max-video-preview:-1\" \/>\n<link rel=\"canonical\" href=\"https:\/\/librairie7l.com\/en\/produit\/artistes-et-paysans-battre-la-campagne\/\" \/>\n<meta property=\"og:locale\" content=\"en_US\" \/>\n<meta property=\"og:type\" content=\"article\" \/>\n<meta property=\"og:title\" content=\"Artistes et paysans : Battre la campagne - Librairie 7L\" \/>\n<meta property=\"og:description\" content=\"EXPOSITION \u00ab ARTISTES ET PAYSANS. BATTRE LA CAMPAGNE \u00bb, DU 1ER MARS AU 25 AO\u00dbT 2024 AUX ABATTOIRS, MUS\u00c9E &#8211; FRAC OCCITANIE TOULOUSE Artistes?: Maria Thereza Alves, Jean Amblard, ARN (\u00c9ric Tabuchi et Nelly Monnier), Adrian Balseca, Gianfranco Baruchello, Julien Beneyton, Michel Blazy, Rosa Bonheur, Thierry Boutonnier, Jules Breton, Mathilde Caylou, Henri Cueco, Marinette Cueco, [&hellip;]\" \/>\n<meta property=\"og:url\" content=\"https:\/\/librairie7l.com\/en\/produit\/artistes-et-paysans-battre-la-campagne\/\" \/>\n<meta property=\"og:site_name\" content=\"Librairie 7L\" \/>\n<meta property=\"article:modified_time\" content=\"2026-04-11T22:07:04+00:00\" \/>\n<meta property=\"og:image\" content=\"https:\/\/librairie7l.com\/wp-content\/uploads\/2024\/05\/9782373722017_1_75.jpg\" \/>\n\t<meta property=\"og:image:width\" content=\"600\" \/>\n\t<meta property=\"og:image:height\" content=\"768\" \/>\n\t<meta property=\"og:image:type\" content=\"image\/jpeg\" \/>\n<meta name=\"twitter:card\" content=\"summary_large_image\" \/>\n<meta name=\"twitter:label1\" content=\"Est. reading time\" \/>\n\t<meta name=\"twitter:data1\" content=\"4 minutes\" \/>\n<script type=\"application\/ld+json\" class=\"yoast-schema-graph\">{\"@context\":\"https:\/\/schema.org\",\"@graph\":[{\"@type\":\"WebPage\",\"@id\":\"https:\/\/librairie7l.com\/en\/produit\/artistes-et-paysans-battre-la-campagne\/\",\"url\":\"https:\/\/librairie7l.com\/en\/produit\/artistes-et-paysans-battre-la-campagne\/\",\"name\":\"Artistes et paysans : Battre la campagne - Librairie 7L\",\"isPartOf\":{\"@id\":\"https:\/\/librairie7l.com\/en\/#website\"},\"datePublished\":\"2024-02-29T08:18:57+00:00\",\"dateModified\":\"2026-04-11T22:07:04+00:00\",\"breadcrumb\":{\"@id\":\"https:\/\/librairie7l.com\/en\/produit\/artistes-et-paysans-battre-la-campagne\/#breadcrumb\"},\"inLanguage\":\"en-US\",\"potentialAction\":[{\"@type\":\"ReadAction\",\"target\":[\"https:\/\/librairie7l.com\/en\/produit\/artistes-et-paysans-battre-la-campagne\/\"]}]},{\"@type\":\"BreadcrumbList\",\"@id\":\"https:\/\/librairie7l.com\/en\/produit\/artistes-et-paysans-battre-la-campagne\/#breadcrumb\",\"itemListElement\":[{\"@type\":\"ListItem\",\"position\":1,\"name\":\"Accueil\",\"item\":\"https:\/\/librairie7l.com\/en\/\"},{\"@type\":\"ListItem\",\"position\":2,\"name\":\"Shop\",\"item\":\"https:\/\/librairie7l.com\/en\/shop\/\"},{\"@type\":\"ListItem\",\"position\":3,\"name\":\"ARTISTES ET PAYSANS : BATTRE LA CAMPAGNE\"}]},{\"@type\":\"WebSite\",\"@id\":\"https:\/\/librairie7l.com\/en\/#website\",\"url\":\"https:\/\/librairie7l.com\/en\/\",\"name\":\"Librairie 7L\",\"description\":\"Librairie fond\u00e9e en 1999 par Karl Lagerfeld \u00e0 Paris\",\"publisher\":{\"@id\":\"https:\/\/librairie7l.com\/en\/#organization\"},\"potentialAction\":[{\"@type\":\"SearchAction\",\"target\":{\"@type\":\"EntryPoint\",\"urlTemplate\":\"https:\/\/librairie7l.com\/en\/?s={search_term_string}\"},\"query-input\":\"required name=search_term_string\"}],\"inLanguage\":\"en-US\"},{\"@type\":\"Organization\",\"@id\":\"https:\/\/librairie7l.com\/en\/#organization\",\"name\":\"Librairie 7L\",\"url\":\"https:\/\/librairie7l.com\/en\/\",\"logo\":{\"@type\":\"ImageObject\",\"inLanguage\":\"en-US\",\"@id\":\"https:\/\/librairie7l.com\/en\/#\/schema\/logo\/image\/\",\"url\":\"https:\/\/librairie7l.com\/wp-content\/uploads\/2022\/08\/logo-1.png\",\"contentUrl\":\"https:\/\/librairie7l.com\/wp-content\/uploads\/2022\/08\/logo-1.png\",\"width\":227,\"height\":301,\"caption\":\"Librairie 7L\"},\"image\":{\"@id\":\"https:\/\/librairie7l.com\/en\/#\/schema\/logo\/image\/\"}}]}<\/script>\n<!-- \/ Yoast SEO plugin. -->","yoast_head_json":{"title":"Artistes et paysans : Battre la campagne - Librairie 7L","robots":{"index":"index","follow":"follow","max-snippet":"max-snippet:-1","max-image-preview":"max-image-preview:large","max-video-preview":"max-video-preview:-1"},"canonical":"https:\/\/librairie7l.com\/en\/produit\/artistes-et-paysans-battre-la-campagne\/","og_locale":"en_US","og_type":"article","og_title":"Artistes et paysans : Battre la campagne - Librairie 7L","og_description":"EXPOSITION \u00ab ARTISTES ET PAYSANS. BATTRE LA CAMPAGNE \u00bb, DU 1ER MARS AU 25 AO\u00dbT 2024 AUX ABATTOIRS, MUS\u00c9E &#8211; FRAC OCCITANIE TOULOUSE Artistes?: Maria Thereza Alves, Jean Amblard, ARN (\u00c9ric Tabuchi et Nelly Monnier), Adrian Balseca, Gianfranco Baruchello, Julien Beneyton, Michel Blazy, Rosa Bonheur, Thierry Boutonnier, Jules Breton, Mathilde Caylou, Henri Cueco, Marinette Cueco, [&hellip;]","og_url":"https:\/\/librairie7l.com\/en\/produit\/artistes-et-paysans-battre-la-campagne\/","og_site_name":"Librairie 7L","article_modified_time":"2026-04-11T22:07:04+00:00","og_image":[{"width":600,"height":768,"url":"https:\/\/librairie7l.com\/wp-content\/uploads\/2024\/05\/9782373722017_1_75.jpg","type":"image\/jpeg"}],"twitter_card":"summary_large_image","twitter_misc":{"Est. reading time":"4 minutes"},"schema":{"@context":"https:\/\/schema.org","@graph":[{"@type":"WebPage","@id":"https:\/\/librairie7l.com\/en\/produit\/artistes-et-paysans-battre-la-campagne\/","url":"https:\/\/librairie7l.com\/en\/produit\/artistes-et-paysans-battre-la-campagne\/","name":"Artistes et paysans : Battre la campagne - Librairie 7L","isPartOf":{"@id":"https:\/\/librairie7l.com\/en\/#website"},"datePublished":"2024-02-29T08:18:57+00:00","dateModified":"2026-04-11T22:07:04+00:00","breadcrumb":{"@id":"https:\/\/librairie7l.com\/en\/produit\/artistes-et-paysans-battre-la-campagne\/#breadcrumb"},"inLanguage":"en-US","potentialAction":[{"@type":"ReadAction","target":["https:\/\/librairie7l.com\/en\/produit\/artistes-et-paysans-battre-la-campagne\/"]}]},{"@type":"BreadcrumbList","@id":"https:\/\/librairie7l.com\/en\/produit\/artistes-et-paysans-battre-la-campagne\/#breadcrumb","itemListElement":[{"@type":"ListItem","position":1,"name":"Accueil","item":"https:\/\/librairie7l.com\/en\/"},{"@type":"ListItem","position":2,"name":"Shop","item":"https:\/\/librairie7l.com\/en\/shop\/"},{"@type":"ListItem","position":3,"name":"ARTISTES ET PAYSANS : BATTRE LA CAMPAGNE"}]},{"@type":"WebSite","@id":"https:\/\/librairie7l.com\/en\/#website","url":"https:\/\/librairie7l.com\/en\/","name":"Librairie 7L","description":"Librairie fond\u00e9e en 1999 par Karl Lagerfeld \u00e0 Paris","publisher":{"@id":"https:\/\/librairie7l.com\/en\/#organization"},"potentialAction":[{"@type":"SearchAction","target":{"@type":"EntryPoint","urlTemplate":"https:\/\/librairie7l.com\/en\/?s={search_term_string}"},"query-input":"required name=search_term_string"}],"inLanguage":"en-US"},{"@type":"Organization","@id":"https:\/\/librairie7l.com\/en\/#organization","name":"Librairie 7L","url":"https:\/\/librairie7l.com\/en\/","logo":{"@type":"ImageObject","inLanguage":"en-US","@id":"https:\/\/librairie7l.com\/en\/#\/schema\/logo\/image\/","url":"https:\/\/librairie7l.com\/wp-content\/uploads\/2022\/08\/logo-1.png","contentUrl":"https:\/\/librairie7l.com\/wp-content\/uploads\/2022\/08\/logo-1.png","width":227,"height":301,"caption":"Librairie 7L"},"image":{"@id":"https:\/\/librairie7l.com\/en\/#\/schema\/logo\/image\/"}}]}},"_links":{"self":[{"href":"https:\/\/librairie7l.com\/en\/wp-json\/wp\/v2\/product\/39498"}],"collection":[{"href":"https:\/\/librairie7l.com\/en\/wp-json\/wp\/v2\/product"}],"about":[{"href":"https:\/\/librairie7l.com\/en\/wp-json\/wp\/v2\/types\/product"}],"wp:featuredmedia":[{"embeddable":true,"href":"https:\/\/librairie7l.com\/en\/wp-json\/wp\/v2\/media\/41148"}],"wp:attachment":[{"href":"https:\/\/librairie7l.com\/en\/wp-json\/wp\/v2\/media?parent=39498"}],"wp:term":[{"taxonomy":"product_cat","embeddable":true,"href":"https:\/\/librairie7l.com\/en\/wp-json\/wp\/v2\/product_cat?post=39498"},{"taxonomy":"product_tag","embeddable":true,"href":"https:\/\/librairie7l.com\/en\/wp-json\/wp\/v2\/product_tag?post=39498"}],"curies":[{"name":"wp","href":"https:\/\/api.w.org\/{rel}","templated":true}]}}