{"id":39502,"date":"2024-02-29T09:19:11","date_gmt":"2024-02-29T08:19:11","guid":{"rendered":"https:\/\/librairie7l.com\/?post_type=product&#038;p=39502"},"modified":"2026-04-09T10:22:10","modified_gmt":"2026-04-09T08:22:10","slug":"andre-lemonnier-au-coeur-de-la-couleur","status":"publish","type":"product","link":"https:\/\/librairie7l.com\/en\/produit\/andre-lemonnier-au-coeur-de-la-couleur\/","title":{"rendered":"ANDR\u00c9 LEMONNIER, AU COEUR DE LA COULEUR"},"content":{"rendered":"<p>Peintre et coloriste fran\u00e7ais, Andr\u00e9 Lemonnier a d\u00e9velopp\u00e9 au cours de sa carri\u00e8re une recherche sur la  classification des couleurs ainsi que des \u00e9tudes de polychromies architecturales et industrielles lui ayant  permis de r\u00e9aliser de nombreux travaux pour des architectes, des \u00e9tablissements publics de villes nouvelles  ainsi que pour l&#8217;industrie chimique. \u00c0 travers sa pratique, il n&#8217;a eu de cesse de questionner les liens entre art,  techniques industrielles et urbanisme. \u00c0 mi-chemin entre un texte prospectif sur la couleur dans le monde  industriel et une monographie, ce livre pr\u00e9sente les recherches plastiques et techniques men\u00e9es par Andr\u00e9  Lemonnier entre 1968 \u00e0 2016 sur la perception chromatique. Cet ouvrage propose une vision r\u00e9solument  moderne de la couleur et interroge l&#8217;int\u00e9gration progressive des \u00e9volutions techniques et cin\u00e9tiques dans le  champ du design.<\/p>\n","protected":false},"excerpt":{"rendered":"<p>Peintre et coloriste fran\u00e7ais, Andr\u00e9 Lemonnier a d\u00e9velopp\u00e9 au cours de sa carri\u00e8re une recherche sur la classification des couleurs ainsi que des \u00e9tudes de polychromies architecturales et industrielles lui ayant permis de r\u00e9aliser de nombreux travaux pour des architectes, des \u00e9tablissements publics de villes nouvelles ainsi que pour l&#8217;industrie chimique. \u00c0 travers sa pratique, [&hellip;]<\/p>\n","protected":false},"featured_media":39500,"template":"","meta":[],"product_cat":[2948,2953],"product_tag":[],"acf":[],"yoast_head":"<!-- This site is optimized with the Yoast SEO plugin v20.11 - https:\/\/yoast.com\/wordpress\/plugins\/seo\/ -->\n<title>Andr\u00e9 Lemonnier, au coeur de la couleur - Librairie 7L<\/title>\n<meta name=\"robots\" content=\"index, follow, max-snippet:-1, max-image-preview:large, max-video-preview:-1\" \/>\n<link rel=\"canonical\" href=\"https:\/\/librairie7l.com\/en\/produit\/andre-lemonnier-au-coeur-de-la-couleur\/\" \/>\n<meta property=\"og:locale\" content=\"en_US\" \/>\n<meta property=\"og:type\" content=\"article\" \/>\n<meta property=\"og:title\" content=\"Andr\u00e9 Lemonnier, au coeur de la couleur - Librairie 7L\" \/>\n<meta property=\"og:description\" content=\"Peintre et coloriste fran\u00e7ais, Andr\u00e9 Lemonnier a d\u00e9velopp\u00e9 au cours de sa carri\u00e8re une recherche sur la classification des couleurs ainsi que des \u00e9tudes de polychromies architecturales et industrielles lui ayant permis de r\u00e9aliser de nombreux travaux pour des architectes, des \u00e9tablissements publics de villes nouvelles ainsi que pour l&#8217;industrie chimique. \u00c0 travers sa pratique, [&hellip;]\" \/>\n<meta property=\"og:url\" content=\"https:\/\/librairie7l.com\/en\/produit\/andre-lemonnier-au-coeur-de-la-couleur\/\" \/>\n<meta property=\"og:site_name\" content=\"Librairie 7L\" \/>\n<meta property=\"article:modified_time\" content=\"2026-04-09T08:22:10+00:00\" \/>\n<meta property=\"og:image\" content=\"https:\/\/librairie7l.com\/wp-content\/uploads\/2023\/03\/9782490077977_1_75.jpg\" \/>\n\t<meta property=\"og:image:width\" content=\"600\" \/>\n\t<meta property=\"og:image:height\" content=\"934\" \/>\n\t<meta property=\"og:image:type\" content=\"image\/jpeg\" \/>\n<meta name=\"twitter:card\" content=\"summary_large_image\" \/>\n<meta name=\"twitter:label1\" content=\"Est. reading time\" \/>\n\t<meta name=\"twitter:data1\" content=\"1 minute\" \/>\n<script type=\"application\/ld+json\" class=\"yoast-schema-graph\">{\"@context\":\"https:\/\/schema.org\",\"@graph\":[{\"@type\":\"WebPage\",\"@id\":\"https:\/\/librairie7l.com\/en\/produit\/andre-lemonnier-au-coeur-de-la-couleur\/\",\"url\":\"https:\/\/librairie7l.com\/en\/produit\/andre-lemonnier-au-coeur-de-la-couleur\/\",\"name\":\"Andr\u00e9 Lemonnier, au coeur de la couleur - Librairie 7L\",\"isPartOf\":{\"@id\":\"https:\/\/librairie7l.com\/en\/#website\"},\"datePublished\":\"2024-02-29T08:19:11+00:00\",\"dateModified\":\"2026-04-09T08:22:10+00:00\",\"breadcrumb\":{\"@id\":\"https:\/\/librairie7l.com\/en\/produit\/andre-lemonnier-au-coeur-de-la-couleur\/#breadcrumb\"},\"inLanguage\":\"en-US\",\"potentialAction\":[{\"@type\":\"ReadAction\",\"target\":[\"https:\/\/librairie7l.com\/en\/produit\/andre-lemonnier-au-coeur-de-la-couleur\/\"]}]},{\"@type\":\"BreadcrumbList\",\"@id\":\"https:\/\/librairie7l.com\/en\/produit\/andre-lemonnier-au-coeur-de-la-couleur\/#breadcrumb\",\"itemListElement\":[{\"@type\":\"ListItem\",\"position\":1,\"name\":\"Accueil\",\"item\":\"https:\/\/librairie7l.com\/en\/\"},{\"@type\":\"ListItem\",\"position\":2,\"name\":\"Shop\",\"item\":\"https:\/\/librairie7l.com\/en\/shop\/\"},{\"@type\":\"ListItem\",\"position\":3,\"name\":\"ANDR\u00c9 LEMONNIER, AU COEUR DE LA COULEUR\"}]},{\"@type\":\"WebSite\",\"@id\":\"https:\/\/librairie7l.com\/en\/#website\",\"url\":\"https:\/\/librairie7l.com\/en\/\",\"name\":\"Librairie 7L\",\"description\":\"Librairie fond\u00e9e en 1999 par Karl Lagerfeld \u00e0 Paris\",\"publisher\":{\"@id\":\"https:\/\/librairie7l.com\/en\/#organization\"},\"potentialAction\":[{\"@type\":\"SearchAction\",\"target\":{\"@type\":\"EntryPoint\",\"urlTemplate\":\"https:\/\/librairie7l.com\/en\/?s={search_term_string}\"},\"query-input\":\"required name=search_term_string\"}],\"inLanguage\":\"en-US\"},{\"@type\":\"Organization\",\"@id\":\"https:\/\/librairie7l.com\/en\/#organization\",\"name\":\"Librairie 7L\",\"url\":\"https:\/\/librairie7l.com\/en\/\",\"logo\":{\"@type\":\"ImageObject\",\"inLanguage\":\"en-US\",\"@id\":\"https:\/\/librairie7l.com\/en\/#\/schema\/logo\/image\/\",\"url\":\"https:\/\/librairie7l.com\/wp-content\/uploads\/2022\/08\/logo-1.png\",\"contentUrl\":\"https:\/\/librairie7l.com\/wp-content\/uploads\/2022\/08\/logo-1.png\",\"width\":227,\"height\":301,\"caption\":\"Librairie 7L\"},\"image\":{\"@id\":\"https:\/\/librairie7l.com\/en\/#\/schema\/logo\/image\/\"}}]}<\/script>\n<!-- \/ Yoast SEO plugin. -->","yoast_head_json":{"title":"Andr\u00e9 Lemonnier, au coeur de la couleur - Librairie 7L","robots":{"index":"index","follow":"follow","max-snippet":"max-snippet:-1","max-image-preview":"max-image-preview:large","max-video-preview":"max-video-preview:-1"},"canonical":"https:\/\/librairie7l.com\/en\/produit\/andre-lemonnier-au-coeur-de-la-couleur\/","og_locale":"en_US","og_type":"article","og_title":"Andr\u00e9 Lemonnier, au coeur de la couleur - Librairie 7L","og_description":"Peintre et coloriste fran\u00e7ais, Andr\u00e9 Lemonnier a d\u00e9velopp\u00e9 au cours de sa carri\u00e8re une recherche sur la classification des couleurs ainsi que des \u00e9tudes de polychromies architecturales et industrielles lui ayant permis de r\u00e9aliser de nombreux travaux pour des architectes, des \u00e9tablissements publics de villes nouvelles ainsi que pour l&#8217;industrie chimique. \u00c0 travers sa pratique, [&hellip;]","og_url":"https:\/\/librairie7l.com\/en\/produit\/andre-lemonnier-au-coeur-de-la-couleur\/","og_site_name":"Librairie 7L","article_modified_time":"2026-04-09T08:22:10+00:00","og_image":[{"width":600,"height":934,"url":"https:\/\/librairie7l.com\/wp-content\/uploads\/2023\/03\/9782490077977_1_75.jpg","type":"image\/jpeg"}],"twitter_card":"summary_large_image","twitter_misc":{"Est. reading time":"1 minute"},"schema":{"@context":"https:\/\/schema.org","@graph":[{"@type":"WebPage","@id":"https:\/\/librairie7l.com\/en\/produit\/andre-lemonnier-au-coeur-de-la-couleur\/","url":"https:\/\/librairie7l.com\/en\/produit\/andre-lemonnier-au-coeur-de-la-couleur\/","name":"Andr\u00e9 Lemonnier, au coeur de la couleur - Librairie 7L","isPartOf":{"@id":"https:\/\/librairie7l.com\/en\/#website"},"datePublished":"2024-02-29T08:19:11+00:00","dateModified":"2026-04-09T08:22:10+00:00","breadcrumb":{"@id":"https:\/\/librairie7l.com\/en\/produit\/andre-lemonnier-au-coeur-de-la-couleur\/#breadcrumb"},"inLanguage":"en-US","potentialAction":[{"@type":"ReadAction","target":["https:\/\/librairie7l.com\/en\/produit\/andre-lemonnier-au-coeur-de-la-couleur\/"]}]},{"@type":"BreadcrumbList","@id":"https:\/\/librairie7l.com\/en\/produit\/andre-lemonnier-au-coeur-de-la-couleur\/#breadcrumb","itemListElement":[{"@type":"ListItem","position":1,"name":"Accueil","item":"https:\/\/librairie7l.com\/en\/"},{"@type":"ListItem","position":2,"name":"Shop","item":"https:\/\/librairie7l.com\/en\/shop\/"},{"@type":"ListItem","position":3,"name":"ANDR\u00c9 LEMONNIER, AU COEUR DE LA COULEUR"}]},{"@type":"WebSite","@id":"https:\/\/librairie7l.com\/en\/#website","url":"https:\/\/librairie7l.com\/en\/","name":"Librairie 7L","description":"Librairie fond\u00e9e en 1999 par Karl Lagerfeld \u00e0 Paris","publisher":{"@id":"https:\/\/librairie7l.com\/en\/#organization"},"potentialAction":[{"@type":"SearchAction","target":{"@type":"EntryPoint","urlTemplate":"https:\/\/librairie7l.com\/en\/?s={search_term_string}"},"query-input":"required name=search_term_string"}],"inLanguage":"en-US"},{"@type":"Organization","@id":"https:\/\/librairie7l.com\/en\/#organization","name":"Librairie 7L","url":"https:\/\/librairie7l.com\/en\/","logo":{"@type":"ImageObject","inLanguage":"en-US","@id":"https:\/\/librairie7l.com\/en\/#\/schema\/logo\/image\/","url":"https:\/\/librairie7l.com\/wp-content\/uploads\/2022\/08\/logo-1.png","contentUrl":"https:\/\/librairie7l.com\/wp-content\/uploads\/2022\/08\/logo-1.png","width":227,"height":301,"caption":"Librairie 7L"},"image":{"@id":"https:\/\/librairie7l.com\/en\/#\/schema\/logo\/image\/"}}]}},"_links":{"self":[{"href":"https:\/\/librairie7l.com\/en\/wp-json\/wp\/v2\/product\/39502"}],"collection":[{"href":"https:\/\/librairie7l.com\/en\/wp-json\/wp\/v2\/product"}],"about":[{"href":"https:\/\/librairie7l.com\/en\/wp-json\/wp\/v2\/types\/product"}],"wp:featuredmedia":[{"embeddable":true,"href":"https:\/\/librairie7l.com\/en\/wp-json\/wp\/v2\/media\/39500"}],"wp:attachment":[{"href":"https:\/\/librairie7l.com\/en\/wp-json\/wp\/v2\/media?parent=39502"}],"wp:term":[{"taxonomy":"product_cat","embeddable":true,"href":"https:\/\/librairie7l.com\/en\/wp-json\/wp\/v2\/product_cat?post=39502"},{"taxonomy":"product_tag","embeddable":true,"href":"https:\/\/librairie7l.com\/en\/wp-json\/wp\/v2\/product_tag?post=39502"}],"curies":[{"name":"wp","href":"https:\/\/api.w.org\/{rel}","templated":true}]}}