{"id":39510,"date":"2024-02-29T09:19:26","date_gmt":"2024-02-29T08:19:26","guid":{"rendered":"https:\/\/librairie7l.com\/?post_type=product&#038;p=39510"},"modified":"2026-04-07T12:44:34","modified_gmt":"2026-04-07T10:44:34","slug":"creation-pierre-vive-du-patrimoine","status":"publish","type":"product","link":"https:\/\/librairie7l.com\/en\/produit\/creation-pierre-vive-du-patrimoine\/","title":{"rendered":"CR\u00c9ATION PIERRE VIVE DU PATRIMOINE"},"content":{"rendered":"<p>Le travail engag\u00e9 par Georges Verney-Carron est aujourd&#8217;hui r\u00e9uni dans ce livre, il rend compte de son go\u00fbt de la perfection, du plaisir de communiquer ses envies qui a toujours \u00e9t\u00e9 le sien en contribuant \u00e0 la beaut\u00e9 de la ville et au confort de ses habitants.<br \/>\n&#8221; D\u00e8s mes d\u00e9buts en 1980, il m&#8217;a sembl\u00e9 essentiel de d\u00e9cloisonner notre cadre de vie, la ville, en alliant l&#8217;architecture, l&#8217;art et le design, de la mani\u00e8re la plus naturelle, la plus jouissive, la plus artistique et esth\u00e9tique qui soit. Pour cela nous avons fait se rencontrer Architectes, artistes et designers, accueillant leurs r\u00e9flexions, leurs cr\u00e9ations avec plaisir et gourmandise. Ainsi, nous avons pu instaurer un dialogue des plus fructueux, des plus aimables entre leurs talents, les villes et leurs citoyens. &#8221; G.Verney-Carron.<br \/>\n Le travail engag\u00e9 par Georges Verney-Carron est aujourd&#8217;hui r\u00e9uni dans ce livre, il rend compte de son go\u00fbt de la perfection, du plaisir de communiquer ses envies qui a toujours \u00e9t\u00e9 le sien en contribuant \u00e0 la beaut\u00e9 de la ville et au confort de ses habitants.<br \/>\n Tant les r\u00e9alisations circonstancielles que p\u00e9rennes l&#8217;attestent, en effet, la cr\u00e9ation d&#8217;aujourd&#8217;hui la plus exigeante, prend place avec aisance dans tous les espaces de la cit\u00e9, qu&#8217;il s&#8217;agisse de parcs de stationnement r\u00e9alis\u00e9s par Wilmotte Associ\u00e9s et Daniel Buren ; Fran\u00e7ois Morellet, Pierre Vurpas, architecture d&#8217;int\u00e9rieure Wilmotte ; Marine Casimir, Wilmotte Associ\u00e9s ; Michel Verjux et G\u00e9r\u00f4me Thomas&#8230; Ou encore du tramway de Vincent Leroy, Mais aussi des oeuvres in situ de Felice Varini, Philippe Cazal, G\u00e9rard Collin-Thi\u00e9baut, C\u00e9cile Bart, Spencer Tunick&#8230;.<br \/>\n De nombreux sites, de villes ont ainsi b\u00e9n\u00e9fici\u00e9s d&#8217;une plus-value esth\u00e9tique, d&#8217;humour parfois, mais aussi de sens et enfin de davantage d&#8217;urbanit\u00e9.<\/p>\n","protected":false},"excerpt":{"rendered":"<p>Le travail engag\u00e9 par Georges Verney-Carron est aujourd&#8217;hui r\u00e9uni dans ce livre, il rend compte de son go\u00fbt de la perfection, du plaisir de communiquer ses envies qui a toujours \u00e9t\u00e9 le sien en contribuant \u00e0 la beaut\u00e9 de la ville et au confort de ses habitants. &#8221; D\u00e8s mes d\u00e9buts en 1980, il m&#8217;a [&hellip;]<\/p>\n","protected":false},"featured_media":39508,"template":"","meta":[],"product_cat":[2948,2950],"product_tag":[],"acf":[],"yoast_head":"<!-- This site is optimized with the Yoast SEO plugin v20.11 - https:\/\/yoast.com\/wordpress\/plugins\/seo\/ -->\n<title>Cr\u00e9ation Pierre Vive du Patrimoine - Librairie 7L<\/title>\n<meta name=\"robots\" content=\"index, follow, max-snippet:-1, max-image-preview:large, max-video-preview:-1\" \/>\n<link rel=\"canonical\" href=\"https:\/\/librairie7l.com\/en\/produit\/creation-pierre-vive-du-patrimoine\/\" \/>\n<meta property=\"og:locale\" content=\"en_US\" \/>\n<meta property=\"og:type\" content=\"article\" \/>\n<meta property=\"og:title\" content=\"Cr\u00e9ation Pierre Vive du Patrimoine - Librairie 7L\" \/>\n<meta property=\"og:description\" content=\"Le travail engag\u00e9 par Georges Verney-Carron est aujourd&#8217;hui r\u00e9uni dans ce livre, il rend compte de son go\u00fbt de la perfection, du plaisir de communiquer ses envies qui a toujours \u00e9t\u00e9 le sien en contribuant \u00e0 la beaut\u00e9 de la ville et au confort de ses habitants. &#8221; D\u00e8s mes d\u00e9buts en 1980, il m&#8217;a [&hellip;]\" \/>\n<meta property=\"og:url\" content=\"https:\/\/librairie7l.com\/en\/produit\/creation-pierre-vive-du-patrimoine\/\" \/>\n<meta property=\"og:site_name\" content=\"Librairie 7L\" \/>\n<meta property=\"article:modified_time\" content=\"2026-04-07T10:44:34+00:00\" \/>\n<meta property=\"og:image\" content=\"https:\/\/librairie7l.com\/wp-content\/uploads\/2023\/10\/9782841054305_1_75.jpg\" \/>\n\t<meta property=\"og:image:width\" content=\"600\" \/>\n\t<meta property=\"og:image:height\" content=\"744\" \/>\n\t<meta property=\"og:image:type\" content=\"image\/jpeg\" \/>\n<meta name=\"twitter:card\" content=\"summary_large_image\" \/>\n<meta name=\"twitter:label1\" content=\"Est. reading time\" \/>\n\t<meta name=\"twitter:data1\" content=\"2 minutes\" \/>\n<script type=\"application\/ld+json\" class=\"yoast-schema-graph\">{\"@context\":\"https:\/\/schema.org\",\"@graph\":[{\"@type\":\"WebPage\",\"@id\":\"https:\/\/librairie7l.com\/en\/produit\/creation-pierre-vive-du-patrimoine\/\",\"url\":\"https:\/\/librairie7l.com\/en\/produit\/creation-pierre-vive-du-patrimoine\/\",\"name\":\"Cr\u00e9ation Pierre Vive du Patrimoine - Librairie 7L\",\"isPartOf\":{\"@id\":\"https:\/\/librairie7l.com\/en\/#website\"},\"datePublished\":\"2024-02-29T08:19:26+00:00\",\"dateModified\":\"2026-04-07T10:44:34+00:00\",\"breadcrumb\":{\"@id\":\"https:\/\/librairie7l.com\/en\/produit\/creation-pierre-vive-du-patrimoine\/#breadcrumb\"},\"inLanguage\":\"en-US\",\"potentialAction\":[{\"@type\":\"ReadAction\",\"target\":[\"https:\/\/librairie7l.com\/en\/produit\/creation-pierre-vive-du-patrimoine\/\"]}]},{\"@type\":\"BreadcrumbList\",\"@id\":\"https:\/\/librairie7l.com\/en\/produit\/creation-pierre-vive-du-patrimoine\/#breadcrumb\",\"itemListElement\":[{\"@type\":\"ListItem\",\"position\":1,\"name\":\"Accueil\",\"item\":\"https:\/\/librairie7l.com\/en\/\"},{\"@type\":\"ListItem\",\"position\":2,\"name\":\"Shop\",\"item\":\"https:\/\/librairie7l.com\/en\/shop\/\"},{\"@type\":\"ListItem\",\"position\":3,\"name\":\"CR\u00c9ATION PIERRE VIVE DU PATRIMOINE\"}]},{\"@type\":\"WebSite\",\"@id\":\"https:\/\/librairie7l.com\/en\/#website\",\"url\":\"https:\/\/librairie7l.com\/en\/\",\"name\":\"Librairie 7L\",\"description\":\"Librairie fond\u00e9e en 1999 par Karl Lagerfeld \u00e0 Paris\",\"publisher\":{\"@id\":\"https:\/\/librairie7l.com\/en\/#organization\"},\"potentialAction\":[{\"@type\":\"SearchAction\",\"target\":{\"@type\":\"EntryPoint\",\"urlTemplate\":\"https:\/\/librairie7l.com\/en\/?s={search_term_string}\"},\"query-input\":\"required name=search_term_string\"}],\"inLanguage\":\"en-US\"},{\"@type\":\"Organization\",\"@id\":\"https:\/\/librairie7l.com\/en\/#organization\",\"name\":\"Librairie 7L\",\"url\":\"https:\/\/librairie7l.com\/en\/\",\"logo\":{\"@type\":\"ImageObject\",\"inLanguage\":\"en-US\",\"@id\":\"https:\/\/librairie7l.com\/en\/#\/schema\/logo\/image\/\",\"url\":\"https:\/\/librairie7l.com\/wp-content\/uploads\/2022\/08\/logo-1.png\",\"contentUrl\":\"https:\/\/librairie7l.com\/wp-content\/uploads\/2022\/08\/logo-1.png\",\"width\":227,\"height\":301,\"caption\":\"Librairie 7L\"},\"image\":{\"@id\":\"https:\/\/librairie7l.com\/en\/#\/schema\/logo\/image\/\"}}]}<\/script>\n<!-- \/ Yoast SEO plugin. -->","yoast_head_json":{"title":"Cr\u00e9ation Pierre Vive du Patrimoine - Librairie 7L","robots":{"index":"index","follow":"follow","max-snippet":"max-snippet:-1","max-image-preview":"max-image-preview:large","max-video-preview":"max-video-preview:-1"},"canonical":"https:\/\/librairie7l.com\/en\/produit\/creation-pierre-vive-du-patrimoine\/","og_locale":"en_US","og_type":"article","og_title":"Cr\u00e9ation Pierre Vive du Patrimoine - Librairie 7L","og_description":"Le travail engag\u00e9 par Georges Verney-Carron est aujourd&#8217;hui r\u00e9uni dans ce livre, il rend compte de son go\u00fbt de la perfection, du plaisir de communiquer ses envies qui a toujours \u00e9t\u00e9 le sien en contribuant \u00e0 la beaut\u00e9 de la ville et au confort de ses habitants. &#8221; D\u00e8s mes d\u00e9buts en 1980, il m&#8217;a [&hellip;]","og_url":"https:\/\/librairie7l.com\/en\/produit\/creation-pierre-vive-du-patrimoine\/","og_site_name":"Librairie 7L","article_modified_time":"2026-04-07T10:44:34+00:00","og_image":[{"width":600,"height":744,"url":"https:\/\/librairie7l.com\/wp-content\/uploads\/2023\/10\/9782841054305_1_75.jpg","type":"image\/jpeg"}],"twitter_card":"summary_large_image","twitter_misc":{"Est. reading time":"2 minutes"},"schema":{"@context":"https:\/\/schema.org","@graph":[{"@type":"WebPage","@id":"https:\/\/librairie7l.com\/en\/produit\/creation-pierre-vive-du-patrimoine\/","url":"https:\/\/librairie7l.com\/en\/produit\/creation-pierre-vive-du-patrimoine\/","name":"Cr\u00e9ation Pierre Vive du Patrimoine - Librairie 7L","isPartOf":{"@id":"https:\/\/librairie7l.com\/en\/#website"},"datePublished":"2024-02-29T08:19:26+00:00","dateModified":"2026-04-07T10:44:34+00:00","breadcrumb":{"@id":"https:\/\/librairie7l.com\/en\/produit\/creation-pierre-vive-du-patrimoine\/#breadcrumb"},"inLanguage":"en-US","potentialAction":[{"@type":"ReadAction","target":["https:\/\/librairie7l.com\/en\/produit\/creation-pierre-vive-du-patrimoine\/"]}]},{"@type":"BreadcrumbList","@id":"https:\/\/librairie7l.com\/en\/produit\/creation-pierre-vive-du-patrimoine\/#breadcrumb","itemListElement":[{"@type":"ListItem","position":1,"name":"Accueil","item":"https:\/\/librairie7l.com\/en\/"},{"@type":"ListItem","position":2,"name":"Shop","item":"https:\/\/librairie7l.com\/en\/shop\/"},{"@type":"ListItem","position":3,"name":"CR\u00c9ATION PIERRE VIVE DU PATRIMOINE"}]},{"@type":"WebSite","@id":"https:\/\/librairie7l.com\/en\/#website","url":"https:\/\/librairie7l.com\/en\/","name":"Librairie 7L","description":"Librairie fond\u00e9e en 1999 par Karl Lagerfeld \u00e0 Paris","publisher":{"@id":"https:\/\/librairie7l.com\/en\/#organization"},"potentialAction":[{"@type":"SearchAction","target":{"@type":"EntryPoint","urlTemplate":"https:\/\/librairie7l.com\/en\/?s={search_term_string}"},"query-input":"required name=search_term_string"}],"inLanguage":"en-US"},{"@type":"Organization","@id":"https:\/\/librairie7l.com\/en\/#organization","name":"Librairie 7L","url":"https:\/\/librairie7l.com\/en\/","logo":{"@type":"ImageObject","inLanguage":"en-US","@id":"https:\/\/librairie7l.com\/en\/#\/schema\/logo\/image\/","url":"https:\/\/librairie7l.com\/wp-content\/uploads\/2022\/08\/logo-1.png","contentUrl":"https:\/\/librairie7l.com\/wp-content\/uploads\/2022\/08\/logo-1.png","width":227,"height":301,"caption":"Librairie 7L"},"image":{"@id":"https:\/\/librairie7l.com\/en\/#\/schema\/logo\/image\/"}}]}},"_links":{"self":[{"href":"https:\/\/librairie7l.com\/en\/wp-json\/wp\/v2\/product\/39510"}],"collection":[{"href":"https:\/\/librairie7l.com\/en\/wp-json\/wp\/v2\/product"}],"about":[{"href":"https:\/\/librairie7l.com\/en\/wp-json\/wp\/v2\/types\/product"}],"wp:featuredmedia":[{"embeddable":true,"href":"https:\/\/librairie7l.com\/en\/wp-json\/wp\/v2\/media\/39508"}],"wp:attachment":[{"href":"https:\/\/librairie7l.com\/en\/wp-json\/wp\/v2\/media?parent=39510"}],"wp:term":[{"taxonomy":"product_cat","embeddable":true,"href":"https:\/\/librairie7l.com\/en\/wp-json\/wp\/v2\/product_cat?post=39510"},{"taxonomy":"product_tag","embeddable":true,"href":"https:\/\/librairie7l.com\/en\/wp-json\/wp\/v2\/product_tag?post=39510"}],"curies":[{"name":"wp","href":"https:\/\/api.w.org\/{rel}","templated":true}]}}