{"id":39514,"date":"2024-06-26T12:11:33","date_gmt":"2024-06-26T10:11:33","guid":{"rendered":"https:\/\/librairie7l.com\/?post_type=product&#038;p=39514"},"modified":"2026-04-11T10:50:54","modified_gmt":"2026-04-11T08:50:54","slug":"histoire-de-lart-2","status":"publish","type":"product","link":"https:\/\/librairie7l.com\/en\/produit\/histoire-de-lart-2\/","title":{"rendered":"HISTOIRE DE L&#8217;ART"},"content":{"rendered":"<p>La r\u00e9f\u00e9rence sur l&#8217;histoire de l&#8217;art dans un nouveau format de poche, avec une nouvelle pr\u00e9face de la petite-fille de l&#8217;auteur.<\/p>\n<p>Histoire de l&#8217;art est un best-seller dans le monde entier depuis plus de soixante-dix ans. Attir\u00e9s par la simplicit\u00e9 et la clart\u00e9 de son propos, les lecteurs de tous \u00e2ges et de tous horizons ont trouv\u00e9 dans le professeur Gombrich un ma\u00eetre qui allie savoir, sagesse et un don pour transmettre sa passion pour le sujet. Remis au go\u00fbt du jour, avec une nouvelle couverture et une pr\u00e9face de Leonie, la petite-fille du professeur Gombrich, ce format de poche confirme le succ\u00e8s de cette oeuvre classique aupr\u00e8s des amateurs d&#8217;art et va devenir un ouvrage de r\u00e9f\u00e9rence pour les g\u00e9n\u00e9rations futures.<\/p>\n","protected":false},"excerpt":{"rendered":"<p>La r\u00e9f\u00e9rence sur l&#8217;histoire de l&#8217;art dans un nouveau format de poche, avec une nouvelle pr\u00e9face de la petite-fille de l&#8217;auteur. Histoire de l&#8217;art est un best-seller dans le monde entier depuis plus de soixante-dix ans. Attir\u00e9s par la simplicit\u00e9 et la clart\u00e9 de son propos, les lecteurs de tous \u00e2ges et de tous horizons [&hellip;]<\/p>\n","protected":false},"featured_media":39512,"template":"","meta":[],"product_cat":[2948,2953],"product_tag":[],"acf":[],"yoast_head":"<!-- This site is optimized with the Yoast SEO plugin v20.11 - https:\/\/yoast.com\/wordpress\/plugins\/seo\/ -->\n<title>Histoire de l&#039;art - Librairie 7L<\/title>\n<meta name=\"robots\" content=\"index, follow, max-snippet:-1, max-image-preview:large, max-video-preview:-1\" \/>\n<link rel=\"canonical\" href=\"https:\/\/librairie7l.com\/en\/produit\/histoire-de-lart-2\/\" \/>\n<meta property=\"og:locale\" content=\"en_US\" \/>\n<meta property=\"og:type\" content=\"article\" \/>\n<meta property=\"og:title\" content=\"Histoire de l&#039;art - Librairie 7L\" \/>\n<meta property=\"og:description\" content=\"La r\u00e9f\u00e9rence sur l&#8217;histoire de l&#8217;art dans un nouveau format de poche, avec une nouvelle pr\u00e9face de la petite-fille de l&#8217;auteur. Histoire de l&#8217;art est un best-seller dans le monde entier depuis plus de soixante-dix ans. Attir\u00e9s par la simplicit\u00e9 et la clart\u00e9 de son propos, les lecteurs de tous \u00e2ges et de tous horizons [&hellip;]\" \/>\n<meta property=\"og:url\" content=\"https:\/\/librairie7l.com\/en\/produit\/histoire-de-lart-2\/\" \/>\n<meta property=\"og:site_name\" content=\"Librairie 7L\" \/>\n<meta property=\"article:modified_time\" content=\"2026-04-11T08:50:54+00:00\" \/>\n<meta property=\"og:image\" content=\"https:\/\/librairie7l.com\/wp-content\/uploads\/2022\/11\/9781838666699_1_75.jpg\" \/>\n\t<meta property=\"og:image:width\" content=\"476\" \/>\n\t<meta property=\"og:image:height\" content=\"800\" \/>\n\t<meta property=\"og:image:type\" content=\"image\/jpeg\" \/>\n<meta name=\"twitter:card\" content=\"summary_large_image\" \/>\n<meta name=\"twitter:label1\" content=\"Est. reading time\" \/>\n\t<meta name=\"twitter:data1\" content=\"1 minute\" \/>\n<script type=\"application\/ld+json\" class=\"yoast-schema-graph\">{\"@context\":\"https:\/\/schema.org\",\"@graph\":[{\"@type\":\"WebPage\",\"@id\":\"https:\/\/librairie7l.com\/en\/produit\/histoire-de-lart-2\/\",\"url\":\"https:\/\/librairie7l.com\/en\/produit\/histoire-de-lart-2\/\",\"name\":\"Histoire de l'art - Librairie 7L\",\"isPartOf\":{\"@id\":\"https:\/\/librairie7l.com\/en\/#website\"},\"datePublished\":\"2024-06-26T10:11:33+00:00\",\"dateModified\":\"2026-04-11T08:50:54+00:00\",\"breadcrumb\":{\"@id\":\"https:\/\/librairie7l.com\/en\/produit\/histoire-de-lart-2\/#breadcrumb\"},\"inLanguage\":\"en-US\",\"potentialAction\":[{\"@type\":\"ReadAction\",\"target\":[\"https:\/\/librairie7l.com\/en\/produit\/histoire-de-lart-2\/\"]}]},{\"@type\":\"BreadcrumbList\",\"@id\":\"https:\/\/librairie7l.com\/en\/produit\/histoire-de-lart-2\/#breadcrumb\",\"itemListElement\":[{\"@type\":\"ListItem\",\"position\":1,\"name\":\"Accueil\",\"item\":\"https:\/\/librairie7l.com\/en\/\"},{\"@type\":\"ListItem\",\"position\":2,\"name\":\"Shop\",\"item\":\"https:\/\/librairie7l.com\/en\/shop\/\"},{\"@type\":\"ListItem\",\"position\":3,\"name\":\"HISTOIRE DE L&#8217;ART\"}]},{\"@type\":\"WebSite\",\"@id\":\"https:\/\/librairie7l.com\/en\/#website\",\"url\":\"https:\/\/librairie7l.com\/en\/\",\"name\":\"Librairie 7L\",\"description\":\"Librairie fond\u00e9e en 1999 par Karl Lagerfeld \u00e0 Paris\",\"publisher\":{\"@id\":\"https:\/\/librairie7l.com\/en\/#organization\"},\"potentialAction\":[{\"@type\":\"SearchAction\",\"target\":{\"@type\":\"EntryPoint\",\"urlTemplate\":\"https:\/\/librairie7l.com\/en\/?s={search_term_string}\"},\"query-input\":\"required name=search_term_string\"}],\"inLanguage\":\"en-US\"},{\"@type\":\"Organization\",\"@id\":\"https:\/\/librairie7l.com\/en\/#organization\",\"name\":\"Librairie 7L\",\"url\":\"https:\/\/librairie7l.com\/en\/\",\"logo\":{\"@type\":\"ImageObject\",\"inLanguage\":\"en-US\",\"@id\":\"https:\/\/librairie7l.com\/en\/#\/schema\/logo\/image\/\",\"url\":\"https:\/\/librairie7l.com\/wp-content\/uploads\/2022\/08\/logo-1.png\",\"contentUrl\":\"https:\/\/librairie7l.com\/wp-content\/uploads\/2022\/08\/logo-1.png\",\"width\":227,\"height\":301,\"caption\":\"Librairie 7L\"},\"image\":{\"@id\":\"https:\/\/librairie7l.com\/en\/#\/schema\/logo\/image\/\"}}]}<\/script>\n<!-- \/ Yoast SEO plugin. -->","yoast_head_json":{"title":"Histoire de l'art - Librairie 7L","robots":{"index":"index","follow":"follow","max-snippet":"max-snippet:-1","max-image-preview":"max-image-preview:large","max-video-preview":"max-video-preview:-1"},"canonical":"https:\/\/librairie7l.com\/en\/produit\/histoire-de-lart-2\/","og_locale":"en_US","og_type":"article","og_title":"Histoire de l'art - Librairie 7L","og_description":"La r\u00e9f\u00e9rence sur l&#8217;histoire de l&#8217;art dans un nouveau format de poche, avec une nouvelle pr\u00e9face de la petite-fille de l&#8217;auteur. Histoire de l&#8217;art est un best-seller dans le monde entier depuis plus de soixante-dix ans. Attir\u00e9s par la simplicit\u00e9 et la clart\u00e9 de son propos, les lecteurs de tous \u00e2ges et de tous horizons [&hellip;]","og_url":"https:\/\/librairie7l.com\/en\/produit\/histoire-de-lart-2\/","og_site_name":"Librairie 7L","article_modified_time":"2026-04-11T08:50:54+00:00","og_image":[{"width":476,"height":800,"url":"https:\/\/librairie7l.com\/wp-content\/uploads\/2022\/11\/9781838666699_1_75.jpg","type":"image\/jpeg"}],"twitter_card":"summary_large_image","twitter_misc":{"Est. reading time":"1 minute"},"schema":{"@context":"https:\/\/schema.org","@graph":[{"@type":"WebPage","@id":"https:\/\/librairie7l.com\/en\/produit\/histoire-de-lart-2\/","url":"https:\/\/librairie7l.com\/en\/produit\/histoire-de-lart-2\/","name":"Histoire de l'art - Librairie 7L","isPartOf":{"@id":"https:\/\/librairie7l.com\/en\/#website"},"datePublished":"2024-06-26T10:11:33+00:00","dateModified":"2026-04-11T08:50:54+00:00","breadcrumb":{"@id":"https:\/\/librairie7l.com\/en\/produit\/histoire-de-lart-2\/#breadcrumb"},"inLanguage":"en-US","potentialAction":[{"@type":"ReadAction","target":["https:\/\/librairie7l.com\/en\/produit\/histoire-de-lart-2\/"]}]},{"@type":"BreadcrumbList","@id":"https:\/\/librairie7l.com\/en\/produit\/histoire-de-lart-2\/#breadcrumb","itemListElement":[{"@type":"ListItem","position":1,"name":"Accueil","item":"https:\/\/librairie7l.com\/en\/"},{"@type":"ListItem","position":2,"name":"Shop","item":"https:\/\/librairie7l.com\/en\/shop\/"},{"@type":"ListItem","position":3,"name":"HISTOIRE DE L&#8217;ART"}]},{"@type":"WebSite","@id":"https:\/\/librairie7l.com\/en\/#website","url":"https:\/\/librairie7l.com\/en\/","name":"Librairie 7L","description":"Librairie fond\u00e9e en 1999 par Karl Lagerfeld \u00e0 Paris","publisher":{"@id":"https:\/\/librairie7l.com\/en\/#organization"},"potentialAction":[{"@type":"SearchAction","target":{"@type":"EntryPoint","urlTemplate":"https:\/\/librairie7l.com\/en\/?s={search_term_string}"},"query-input":"required name=search_term_string"}],"inLanguage":"en-US"},{"@type":"Organization","@id":"https:\/\/librairie7l.com\/en\/#organization","name":"Librairie 7L","url":"https:\/\/librairie7l.com\/en\/","logo":{"@type":"ImageObject","inLanguage":"en-US","@id":"https:\/\/librairie7l.com\/en\/#\/schema\/logo\/image\/","url":"https:\/\/librairie7l.com\/wp-content\/uploads\/2022\/08\/logo-1.png","contentUrl":"https:\/\/librairie7l.com\/wp-content\/uploads\/2022\/08\/logo-1.png","width":227,"height":301,"caption":"Librairie 7L"},"image":{"@id":"https:\/\/librairie7l.com\/en\/#\/schema\/logo\/image\/"}}]}},"_links":{"self":[{"href":"https:\/\/librairie7l.com\/en\/wp-json\/wp\/v2\/product\/39514"}],"collection":[{"href":"https:\/\/librairie7l.com\/en\/wp-json\/wp\/v2\/product"}],"about":[{"href":"https:\/\/librairie7l.com\/en\/wp-json\/wp\/v2\/types\/product"}],"wp:featuredmedia":[{"embeddable":true,"href":"https:\/\/librairie7l.com\/en\/wp-json\/wp\/v2\/media\/39512"}],"wp:attachment":[{"href":"https:\/\/librairie7l.com\/en\/wp-json\/wp\/v2\/media?parent=39514"}],"wp:term":[{"taxonomy":"product_cat","embeddable":true,"href":"https:\/\/librairie7l.com\/en\/wp-json\/wp\/v2\/product_cat?post=39514"},{"taxonomy":"product_tag","embeddable":true,"href":"https:\/\/librairie7l.com\/en\/wp-json\/wp\/v2\/product_tag?post=39514"}],"curies":[{"name":"wp","href":"https:\/\/api.w.org\/{rel}","templated":true}]}}